{"id":163,"date":"2019-04-24T14:04:37","date_gmt":"2019-04-24T17:04:37","guid":{"rendered":"https:\/\/www.ufsm.br\/cursos\/pos-graduacao\/santa-maria\/posgeomatica\/?page_id=163"},"modified":"2019-04-24T14:05:00","modified_gmt":"2019-04-24T17:05:00","slug":"formas-de-ingresso","status":"publish","type":"page","link":"https:\/\/www.ufsm.br\/cursos\/pos-graduacao\/santa-maria\/posgeomatica\/formas-de-ingresso","title":{"rendered":"Formas de Ingresso"},"content":{"rendered":"\n<p style=\"text-align: left\">Para ingressarem no curso, os candidatos dever\u00e3o ter conclu\u00eddo algum curso de gradua\u00e7\u00e3o, bacharelado ou tecnol\u00f3gico, na \u00e1rea de geoprocessamento ou afins, tais como Tecnologia em Geoprocessamento, Geografia, Engenharia Florestal, Agronomia, Tecnologia em Gest\u00e3o Ambiental, Engenharia Ambiental, Engenharia Civil, Arquitetura. Ou ter conclu\u00eddo Gradua\u00e7\u00e3o e comprovar que atua profissionalmente na \u00e1rea da Geom\u00e1tica.Para ingressarem no curso, os candidatos dever\u00e3o ter conclu\u00eddo algum curso de gradua\u00e7\u00e3o, bacharelado ou tecnol\u00f3gico, na \u00e1rea de geoprocessamento ou afins, tais como Tecnologia em Geoprocessamento, Geografia, Engenharia Florestal, Agronomia, Tecnologia em Gest\u00e3o Ambiental, Engenharia Ambiental, Engenharia Civil, Arquitetura. Ou ter conclu\u00eddo Gradua\u00e7\u00e3o e comprovar que atua profissionalmente na \u00e1rea da Geom\u00e1tica.<\/p>\n<p style=\"text-align: left\">\u00a0 \u00a0 \u00a0 O ingresso no curso dar-se-\u00e1 mediante processo de sele\u00e7\u00e3o p\u00fablica, cujas normas, prazos, programas, crit\u00e9rios de classifica\u00e7\u00e3o e desempate, condi\u00e7\u00f5es para matr\u00edcula e demais informa\u00e7\u00f5es necess\u00e1rias s\u00e3o publicados em edital espec\u00edfico da Pr\u00f3-reitoria de P\u00f3s-gradua\u00e7\u00e3o e Pesquisa (PRPGP) da Universidade Federal de Santa Maria.<\/p>\n<p style=\"text-align: left\">\u2022N\u00famero de turmas para ingresso: uma turma no primeiro semestre letivo do ano.<br \/>\u2022N\u00famero de vagas: ser\u00e3o oferecidas no m\u00ednimo 12 vagas e no m\u00e1ximo 18 vagas.<\/p>\n","protected":false},"excerpt":{"rendered":"<p>Para ingressarem no curso, os candidatos dever\u00e3o ter conclu\u00eddo algum curso de gradua\u00e7\u00e3o, bacharelado ou tecnol\u00f3gico, na \u00e1rea de geoprocessamento ou afins, tais como Tecnologia em Geoprocessamento, Geografia, Engenharia Florestal, Agronomia, Tecnologia em Gest\u00e3o Ambiental, Engenharia Ambiental, Engenharia Civil, Arquitetura. Ou ter conclu\u00eddo Gradua\u00e7\u00e3o e comprovar que atua profissionalmente na \u00e1rea da Geom\u00e1tica.Para ingressarem no [&hellip;]<\/p>\n","protected":false},"author":772,"featured_media":0,"parent":0,"menu_order":0,"comment_status":"closed","ping_status":"closed","template":"","meta":{"footnotes":""},"categories":[],"tags":[],"class_list":["post-163","page","type-page","status-publish","hentry"],"acf":[],"_links":{"self":[{"href":"https:\/\/www.ufsm.br\/cursos\/pos-graduacao\/santa-maria\/posgeomatica\/wp-json\/wp\/v2\/pages\/163","targetHints":{"allow":["GET"]}}],"collection":[{"href":"https:\/\/www.ufsm.br\/cursos\/pos-graduacao\/santa-maria\/posgeomatica\/wp-json\/wp\/v2\/pages"}],"about":[{"href":"https:\/\/www.ufsm.br\/cursos\/pos-graduacao\/santa-maria\/posgeomatica\/wp-json\/wp\/v2\/types\/page"}],"author":[{"embeddable":true,"href":"https:\/\/www.ufsm.br\/cursos\/pos-graduacao\/santa-maria\/posgeomatica\/wp-json\/wp\/v2\/users\/772"}],"replies":[{"embeddable":true,"href":"https:\/\/www.ufsm.br\/cursos\/pos-graduacao\/santa-maria\/posgeomatica\/wp-json\/wp\/v2\/comments?post=163"}],"version-history":[{"count":0,"href":"https:\/\/www.ufsm.br\/cursos\/pos-graduacao\/santa-maria\/posgeomatica\/wp-json\/wp\/v2\/pages\/163\/revisions"}],"wp:attachment":[{"href":"https:\/\/www.ufsm.br\/cursos\/pos-graduacao\/santa-maria\/posgeomatica\/wp-json\/wp\/v2\/media?parent=163"}],"wp:term":[{"taxonomy":"category","embeddable":true,"href":"https:\/\/www.ufsm.br\/cursos\/pos-graduacao\/santa-maria\/posgeomatica\/wp-json\/wp\/v2\/categories?post=163"},{"taxonomy":"post_tag","embeddable":true,"href":"https:\/\/www.ufsm.br\/cursos\/pos-graduacao\/santa-maria\/posgeomatica\/wp-json\/wp\/v2\/tags?post=163"}],"curies":[{"name":"wp","href":"https:\/\/api.w.org\/{rel}","templated":true}]}}