{"id":164,"date":"2019-04-24T14:06:14","date_gmt":"2019-04-24T17:06:14","guid":{"rendered":"https:\/\/www.ufsm.br\/cursos\/pos-graduacao\/santa-maria\/posgeomatica\/?page_id=164"},"modified":"2019-04-24T14:06:16","modified_gmt":"2019-04-24T17:06:16","slug":"perfil-profissional-desejado","status":"publish","type":"page","link":"https:\/\/www.ufsm.br\/cursos\/pos-graduacao\/santa-maria\/posgeomatica\/perfil-profissional-desejado","title":{"rendered":"Perfil Profissional Desejado"},"content":{"rendered":"\n<p>O Especialista em Geom\u00e1tica caracteriza-se como profissional comprometido com o desenvolvimento social e econ\u00f4mico, respeitando valores \u00e9ticos, morais, culturais, sociais e com compet\u00eancias profissionais para utilizar a informa\u00e7\u00e3o espacial de maneira eficaz e para o benef\u00edcio da sociedade. Para tanto, qualificar\u00e1 o aluno nas seguintes fun\u00e7\u00f5es:O Especialista em Geom\u00e1tica caracteriza-se como profissional comprometido com o desenvolvimento social e econ\u00f4mico, respeitando valores \u00e9ticos, morais, culturais, sociais e com compet\u00eancias profissionais para utilizar a informa\u00e7\u00e3o espacial de maneira eficaz e para o benef\u00edcio da sociedade. Para tanto, qualificar\u00e1 o aluno nas seguintes fun\u00e7\u00f5es:<\/p>\n<p><br \/>1. Coleta, processamento e an\u00e1lise de informa\u00e7\u00f5es em sistemas georreferenciados, no intuito de fornecer subs\u00eddio adequado \u00e0s a\u00e7\u00f5es de planejamento e ordenamento;<br \/>2. Resolu\u00e7\u00e3o de quest\u00f5es acerca da espacializa\u00e7\u00e3o adequada de fen\u00f4menos naturais e antr\u00f3picos, no intuito de fornecer subs\u00eddio \u00e0s pol\u00edticas p\u00fablicas;<br \/>3. An\u00e1lise e interpreta\u00e7\u00e3o de imagens para extra\u00e7\u00e3o de informa\u00e7\u00f5es sobre a superf\u00edcie terrestre, nos \u00e2mbitos rural e urbano;<br \/>4. Inova\u00e7\u00e3o tecnol\u00f3gica no que concerne ao desenvolvimento de aplicativos e ferramentais como aporte a gest\u00e3o rural e urbana.<\/p>\n","protected":false},"excerpt":{"rendered":"<p>O Especialista em Geom\u00e1tica caracteriza-se como profissional comprometido com o desenvolvimento social e econ\u00f4mico, respeitando valores \u00e9ticos, morais, culturais, sociais e com compet\u00eancias profissionais para utilizar a informa\u00e7\u00e3o espacial de maneira eficaz e para o benef\u00edcio da sociedade. Para tanto, qualificar\u00e1 o aluno nas seguintes fun\u00e7\u00f5es:O Especialista em Geom\u00e1tica caracteriza-se como profissional comprometido com o [&hellip;]<\/p>\n","protected":false},"author":772,"featured_media":0,"parent":0,"menu_order":0,"comment_status":"closed","ping_status":"closed","template":"","meta":{"footnotes":""},"categories":[],"tags":[],"class_list":["post-164","page","type-page","status-publish","hentry"],"acf":[],"_links":{"self":[{"href":"https:\/\/www.ufsm.br\/cursos\/pos-graduacao\/santa-maria\/posgeomatica\/wp-json\/wp\/v2\/pages\/164","targetHints":{"allow":["GET"]}}],"collection":[{"href":"https:\/\/www.ufsm.br\/cursos\/pos-graduacao\/santa-maria\/posgeomatica\/wp-json\/wp\/v2\/pages"}],"about":[{"href":"https:\/\/www.ufsm.br\/cursos\/pos-graduacao\/santa-maria\/posgeomatica\/wp-json\/wp\/v2\/types\/page"}],"author":[{"embeddable":true,"href":"https:\/\/www.ufsm.br\/cursos\/pos-graduacao\/santa-maria\/posgeomatica\/wp-json\/wp\/v2\/users\/772"}],"replies":[{"embeddable":true,"href":"https:\/\/www.ufsm.br\/cursos\/pos-graduacao\/santa-maria\/posgeomatica\/wp-json\/wp\/v2\/comments?post=164"}],"version-history":[{"count":0,"href":"https:\/\/www.ufsm.br\/cursos\/pos-graduacao\/santa-maria\/posgeomatica\/wp-json\/wp\/v2\/pages\/164\/revisions"}],"wp:attachment":[{"href":"https:\/\/www.ufsm.br\/cursos\/pos-graduacao\/santa-maria\/posgeomatica\/wp-json\/wp\/v2\/media?parent=164"}],"wp:term":[{"taxonomy":"category","embeddable":true,"href":"https:\/\/www.ufsm.br\/cursos\/pos-graduacao\/santa-maria\/posgeomatica\/wp-json\/wp\/v2\/categories?post=164"},{"taxonomy":"post_tag","embeddable":true,"href":"https:\/\/www.ufsm.br\/cursos\/pos-graduacao\/santa-maria\/posgeomatica\/wp-json\/wp\/v2\/tags?post=164"}],"curies":[{"name":"wp","href":"https:\/\/api.w.org\/{rel}","templated":true}]}}