{"id":166,"date":"2019-04-24T14:07:26","date_gmt":"2019-04-24T17:07:26","guid":{"rendered":"https:\/\/www.ufsm.br\/cursos\/pos-graduacao\/santa-maria\/posgeomatica\/?page_id=166"},"modified":"2019-04-24T14:07:27","modified_gmt":"2019-04-24T17:07:27","slug":"requisitos-para-participacao","status":"publish","type":"page","link":"https:\/\/www.ufsm.br\/cursos\/pos-graduacao\/santa-maria\/posgeomatica\/requisitos-para-participacao","title":{"rendered":"Requisitos para Participa\u00e7\u00e3o"},"content":{"rendered":"\n<p>1. Para participar do curso, os alunos dever\u00e3o ter conclu\u00eddo algum curso de gradua\u00e7\u00e3o, bacharelado ou tecnol\u00f3gico, como Tecnologia em Geoprocessamento, Geografia, Engenharia Florestal, Agronomia, Tecnologia em Gest\u00e3o Ambiental, Engenharia Ambiental, Engenharia Civil, Arquitetura, ou ter conclu\u00eddo Gradua\u00e7\u00e3o e comprovar que atua profissionalmente na \u00e1rea de geoprocessamento;Para participar do curso, os alunos dever\u00e3o ter conclu\u00eddo algum curso de gradua\u00e7\u00e3o, bacharelado ou tecnol\u00f3gico, como Tecnologia em Geoprocessamento, Geografia, Engenharia Florestal, Agronomia, Tecnologia em Gest\u00e3o Ambiental, Engenharia Ambiental, Engenharia Civil, Arquitetura, ou ter conclu\u00eddo Gradua\u00e7\u00e3o e comprovar que atua profissionalmente na \u00e1rea de geoprocessamento;<\/p>\n<p>2. Ter disponibilidade para participar das aulas presenciais no per\u00edodo noturno da Universidade Federal de Santa Maria nos hor\u00e1rios em que forem ofertadas as disciplinas obrigat\u00f3rias, no primeiro semestre letivo, bem como nos hor\u00e1rios em que forem ofertadas as disciplinas optativas, no primeiro e segundo semestres letivos;<\/p>\n<p>3. Ter acesso a Internet, assim como saber utilizar recursos computacionais;<\/p>\n<p>4. Dispor de endere\u00e7o de correio eletr\u00f4nico e acess\u00e1-lo regularmente.<\/p>\n","protected":false},"excerpt":{"rendered":"<p>1. Para participar do curso, os alunos dever\u00e3o ter conclu\u00eddo algum curso de gradua\u00e7\u00e3o, bacharelado ou tecnol\u00f3gico, como Tecnologia em Geoprocessamento, Geografia, Engenharia Florestal, Agronomia, Tecnologia em Gest\u00e3o Ambiental, Engenharia Ambiental, Engenharia Civil, Arquitetura, ou ter conclu\u00eddo Gradua\u00e7\u00e3o e comprovar que atua profissionalmente na \u00e1rea de geoprocessamento;Para participar do curso, os alunos dever\u00e3o ter conclu\u00eddo [&hellip;]<\/p>\n","protected":false},"author":772,"featured_media":0,"parent":0,"menu_order":0,"comment_status":"closed","ping_status":"closed","template":"","meta":{"footnotes":""},"categories":[],"tags":[],"class_list":["post-166","page","type-page","status-publish","hentry"],"acf":[],"_links":{"self":[{"href":"https:\/\/www.ufsm.br\/cursos\/pos-graduacao\/santa-maria\/posgeomatica\/wp-json\/wp\/v2\/pages\/166","targetHints":{"allow":["GET"]}}],"collection":[{"href":"https:\/\/www.ufsm.br\/cursos\/pos-graduacao\/santa-maria\/posgeomatica\/wp-json\/wp\/v2\/pages"}],"about":[{"href":"https:\/\/www.ufsm.br\/cursos\/pos-graduacao\/santa-maria\/posgeomatica\/wp-json\/wp\/v2\/types\/page"}],"author":[{"embeddable":true,"href":"https:\/\/www.ufsm.br\/cursos\/pos-graduacao\/santa-maria\/posgeomatica\/wp-json\/wp\/v2\/users\/772"}],"replies":[{"embeddable":true,"href":"https:\/\/www.ufsm.br\/cursos\/pos-graduacao\/santa-maria\/posgeomatica\/wp-json\/wp\/v2\/comments?post=166"}],"version-history":[{"count":0,"href":"https:\/\/www.ufsm.br\/cursos\/pos-graduacao\/santa-maria\/posgeomatica\/wp-json\/wp\/v2\/pages\/166\/revisions"}],"wp:attachment":[{"href":"https:\/\/www.ufsm.br\/cursos\/pos-graduacao\/santa-maria\/posgeomatica\/wp-json\/wp\/v2\/media?parent=166"}],"wp:term":[{"taxonomy":"category","embeddable":true,"href":"https:\/\/www.ufsm.br\/cursos\/pos-graduacao\/santa-maria\/posgeomatica\/wp-json\/wp\/v2\/categories?post=166"},{"taxonomy":"post_tag","embeddable":true,"href":"https:\/\/www.ufsm.br\/cursos\/pos-graduacao\/santa-maria\/posgeomatica\/wp-json\/wp\/v2\/tags?post=166"}],"curies":[{"name":"wp","href":"https:\/\/api.w.org\/{rel}","templated":true}]}}