{"id":193,"date":"2019-04-24T14:30:23","date_gmt":"2019-04-24T17:30:23","guid":{"rendered":"https:\/\/www.ufsm.br\/cursos\/pos-graduacao\/santa-maria\/posgeomatica\/?page_id=193"},"modified":"2022-11-29T17:12:59","modified_gmt":"2022-11-29T20:12:59","slug":"docentes","status":"publish","type":"page","link":"https:\/\/www.ufsm.br\/cursos\/pos-graduacao\/santa-maria\/posgeomatica\/docentes","title":{"rendered":"Docentes"},"content":{"rendered":"\n<div class=\"wp-block-media-text alignwide is-stacked-on-mobile\" style=\"grid-template-columns:15% auto\"><figure class=\"wp-block-media-text__media\"><img fetchpriority=\"high\" decoding=\"async\" width=\"282\" height=\"300\" src=\"https:\/\/www.ufsm.br\/app\/uploads\/sites\/611\/2019\/04\/alessandro-282x300.jpg\" alt=\"\" class=\"wp-image-194 size-medium\" srcset=\"https:\/\/www.ufsm.br\/app\/uploads\/sites\/611\/2019\/04\/alessandro-282x300.jpg 282w, https:\/\/www.ufsm.br\/app\/uploads\/sites\/611\/2019\/04\/alessandro.jpg 684w\" sizes=\"(max-width: 282px) 100vw, 282px\" \/><\/figure><div class=\"wp-block-media-text__content\">\n<p><strong>Prof. Dr.&nbsp;Alessandro Carvalho Miola<\/strong><\/p>\n\n\n\n<p><a href=\"https:\/\/ufsmpublica.ufsm.br\/docente\/14884\" target=\"_blank\" rel=\"noreferrer noopener\">UFSM Publica<\/a> &#8211; <a href=\"http:\/\/lattes.cnpq.br\/6330335959668033\" target=\"_blank\" rel=\"noreferrer noopener\">Curr\u00edculo Lattes<\/a><\/p>\n<\/div><\/div>\n\n\n\n<div style=\"height:25px\" aria-hidden=\"true\" class=\"wp-block-spacer\"><\/div>\n\n\n\n<div class=\"wp-block-media-text alignwide\" style=\"grid-template-columns:15% auto\"><figure class=\"wp-block-media-text__media\"><img decoding=\"async\" width=\"260\" height=\"300\" src=\"https:\/\/www.ufsm.br\/app\/uploads\/sites\/611\/2019\/04\/ana_JPG-260x300.jpg\" alt=\"\" class=\"wp-image-196 size-medium\" srcset=\"https:\/\/www.ufsm.br\/app\/uploads\/sites\/611\/2019\/04\/ana_JPG-260x300.jpg 260w, https:\/\/www.ufsm.br\/app\/uploads\/sites\/611\/2019\/04\/ana_JPG-768x885.jpg 768w, https:\/\/www.ufsm.br\/app\/uploads\/sites\/611\/2019\/04\/ana_JPG-888x1024.jpg 888w, https:\/\/www.ufsm.br\/app\/uploads\/sites\/611\/2019\/04\/ana_JPG.jpg 1676w\" sizes=\"(max-width: 260px) 100vw, 260px\" \/><\/figure><div class=\"wp-block-media-text__content\">\n<p><strong>Prof\u00aa. Dra.&nbsp;Ana Caroline Paim Benedetti<\/strong><\/p>\n\n\n\n<p><a href=\"https:\/\/ufsmpublica.ufsm.br\/docente\/16273\" target=\"_blank\" rel=\"noreferrer noopener\">UFSM Publica<\/a> &#8211; <a href=\"http:\/\/lattes.cnpq.br\/7071806814420938\" target=\"_blank\" rel=\"noreferrer noopener\">Curr\u00edculo Lattes<\/a><\/p>\n<\/div><\/div>\n\n\n\n<div style=\"height:25px\" aria-hidden=\"true\" class=\"wp-block-spacer\"><\/div>\n\n\n\n<div class=\"wp-block-media-text alignwide is-stacked-on-mobile\" style=\"grid-template-columns:15% auto\"><figure class=\"wp-block-media-text__media\"><img decoding=\"async\" width=\"238\" height=\"300\" src=\"https:\/\/www.ufsm.br\/app\/uploads\/sites\/611\/2019\/04\/claire_JPG-238x300.jpg\" alt=\"\" class=\"wp-image-199 size-medium\" srcset=\"https:\/\/www.ufsm.br\/app\/uploads\/sites\/611\/2019\/04\/claire_JPG-238x300.jpg 238w, https:\/\/www.ufsm.br\/app\/uploads\/sites\/611\/2019\/04\/claire_JPG.jpg 325w\" sizes=\"(max-width: 238px) 100vw, 238px\" \/><\/figure><div class=\"wp-block-media-text__content\">\n<p><strong>Prof\u00aa. Dra. Claire Delfini Viana Cardoso<\/strong><\/p>\n\n\n\n<p><a href=\"https:\/\/ufsmpublica.ufsm.br\/docente\/14697\" target=\"_blank\" rel=\"noreferrer noopener\">UFSM Publica<\/a> &#8211; <a href=\"http:\/\/lattes.cnpq.br\/4489154182912581\" target=\"_blank\" rel=\"noreferrer noopener\">Curr\u00edculo Lattes<\/a><\/p>\n<\/div><\/div>\n\n\n\n<div style=\"height:25px\" aria-hidden=\"true\" class=\"wp-block-spacer\"><\/div>\n\n\n\n<div class=\"wp-block-media-text alignwide is-stacked-on-mobile\" style=\"grid-template-columns:15% auto\"><figure class=\"wp-block-media-text__media\"><img loading=\"lazy\" decoding=\"async\" width=\"264\" height=\"300\" src=\"https:\/\/www.ufsm.br\/app\/uploads\/sites\/611\/2019\/04\/diogo_JPG-264x300.jpg\" alt=\"\" class=\"wp-image-200 size-medium\" srcset=\"https:\/\/www.ufsm.br\/app\/uploads\/sites\/611\/2019\/04\/diogo_JPG-264x300.jpg 264w, https:\/\/www.ufsm.br\/app\/uploads\/sites\/611\/2019\/04\/diogo_JPG.jpg 480w\" sizes=\"(max-width: 264px) 100vw, 264px\" \/><\/figure><div class=\"wp-block-media-text__content\">\n<p><strong>Prof. Dr. Diogo Belmonte Lippert<\/strong><\/p>\n\n\n\n<p><a href=\"https:\/\/ufsmpublica.ufsm.br\/docente\/16967\" target=\"_blank\" rel=\"noreferrer noopener\">UFSM Publica<\/a> &#8211; <a href=\"http:\/\/lattes.cnpq.br\/3766376123033776\" target=\"_blank\" rel=\"noreferrer noopener\">Curr\u00edculo Lattes<\/a><\/p>\n<\/div><\/div>\n\n\n\n<div style=\"height:25px\" aria-hidden=\"true\" class=\"wp-block-spacer\"><\/div>\n\n\n\n<div class=\"wp-block-media-text alignwide is-stacked-on-mobile\" style=\"grid-template-columns:15% auto\"><figure class=\"wp-block-media-text__media\"><img loading=\"lazy\" decoding=\"async\" width=\"260\" height=\"300\" src=\"https:\/\/www.ufsm.br\/app\/uploads\/sites\/611\/2019\/04\/enio_JPG-260x300.jpg\" alt=\"\" class=\"wp-image-201 size-medium\" srcset=\"https:\/\/www.ufsm.br\/app\/uploads\/sites\/611\/2019\/04\/enio_JPG-260x300.jpg 260w, https:\/\/www.ufsm.br\/app\/uploads\/sites\/611\/2019\/04\/enio_JPG.jpg 354w\" sizes=\"(max-width: 260px) 100vw, 260px\" \/><\/figure><div class=\"wp-block-media-text__content\">\n<p><strong>Prof. Dr. Enio Giotto<\/strong><\/p>\n\n\n\n<p><a href=\"https:\/\/ufsmpublica.ufsm.br\/docente\/8290\" target=\"_blank\" rel=\"noreferrer noopener\">UFSM Publica<\/a> &#8211; <a href=\"http:\/\/lattes.cnpq.br\/0619523016722374\" target=\"_blank\" rel=\"noreferrer noopener\">Curr\u00edculo Lattes<\/a><\/p>\n<\/div><\/div>\n\n\n\n<div style=\"height:25px\" aria-hidden=\"true\" class=\"wp-block-spacer\"><\/div>\n\n\n\n<div class=\"wp-block-media-text alignwide is-stacked-on-mobile\" style=\"grid-template-columns:15% auto\"><figure class=\"wp-block-media-text__media\"><img loading=\"lazy\" decoding=\"async\" width=\"556\" height=\"738\" src=\"https:\/\/www.ufsm.br\/app\/uploads\/sites\/611\/2019\/04\/jos\u00e9_JPG.jpg\" alt=\"\" class=\"wp-image-202 size-full\" srcset=\"https:\/\/www.ufsm.br\/app\/uploads\/sites\/611\/2019\/04\/jos\u00e9_JPG.jpg 556w, https:\/\/www.ufsm.br\/app\/uploads\/sites\/611\/2019\/04\/jos\u00e9_JPG-226x300.jpg 226w\" sizes=\"(max-width: 556px) 100vw, 556px\" \/><\/figure><div class=\"wp-block-media-text__content\">\n<p><strong>Prof. Dr. Jos\u00e9 Am\u00e9rico de Mello Filho<\/strong><\/p>\n\n\n\n<p><a href=\"https:\/\/ufsmpublica.ufsm.br\/docente\/11041\" target=\"_blank\" rel=\"noreferrer noopener\">UFSM Publica<\/a> &#8211; <a href=\"http:\/\/lattes.cnpq.br\/1846519270888528\" target=\"_blank\" rel=\"noreferrer noopener\">Curr\u00edculo Lattes<\/a><\/p>\n<\/div><\/div>\n\n\n\n<div style=\"height:25px\" aria-hidden=\"true\" class=\"wp-block-spacer\"><\/div>\n\n\n\n<div class=\"wp-block-media-text alignwide is-stacked-on-mobile\" style=\"grid-template-columns:15% auto\"><figure class=\"wp-block-media-text__media\"><img loading=\"lazy\" decoding=\"async\" width=\"261\" height=\"332\" src=\"https:\/\/www.ufsm.br\/app\/uploads\/sites\/611\/2019\/04\/valmir_JPG.jpg\" alt=\"\" class=\"wp-image-203 size-full\" srcset=\"https:\/\/www.ufsm.br\/app\/uploads\/sites\/611\/2019\/04\/valmir_JPG.jpg 261w, https:\/\/www.ufsm.br\/app\/uploads\/sites\/611\/2019\/04\/valmir_JPG-236x300.jpg 236w\" sizes=\"(max-width: 261px) 100vw, 261px\" \/><\/figure><div class=\"wp-block-media-text__content\">\n<p><strong>Prof. Dr. Valmir Viera<\/strong><\/p>\n\n\n\n<p><a href=\"https:\/\/ufsmpublica.ufsm.br\/docente\/16552\" target=\"_blank\" rel=\"noreferrer noopener\">UFSM Publica<\/a> &#8211; <a href=\"http:\/\/lattes.cnpq.br\/7427729017318794\" target=\"_blank\" rel=\"noreferrer noopener\">Curr\u00edculo Lattes<\/a><\/p>\n<\/div><\/div>\n\n\n\n<div style=\"height:25px\" aria-hidden=\"true\" class=\"wp-block-spacer\"><\/div>\n\n\n\n<div class=\"wp-block-media-text alignwide is-stacked-on-mobile\" style=\"grid-template-columns:15% auto\"><figure class=\"wp-block-media-text__media\"><img loading=\"lazy\" decoding=\"async\" width=\"433\" height=\"578\" src=\"https:\/\/www.ufsm.br\/app\/uploads\/sites\/611\/2022\/11\/waterloo-3x4-1.jpg\" alt=\"\" class=\"wp-image-262 size-full\" srcset=\"https:\/\/www.ufsm.br\/app\/uploads\/sites\/611\/2022\/11\/waterloo-3x4-1.jpg 433w, https:\/\/www.ufsm.br\/app\/uploads\/sites\/611\/2022\/11\/waterloo-3x4-1-225x300.jpg 225w\" sizes=\"(max-width: 433px) 100vw, 433px\" \/><\/figure><div class=\"wp-block-media-text__content\">\n<p><strong>Prof. Dr. Waterloo Pereira Filho<\/strong><\/p>\n\n\n\n<p><a href=\"https:\/\/ufsmpublica.ufsm.br\/docente\/4204\" target=\"_blank\" rel=\"noreferrer noopener\">UFSM Publica<\/a> &#8211; <a href=\"http:\/\/lattes.cnpq.br\/0357112879415627\" target=\"_blank\" rel=\"noreferrer noopener\">Curr\u00edculo Lattes<\/a><\/p>\n<\/div><\/div>\n","protected":false},"excerpt":{"rendered":"<p>Prof. Dr.&nbsp;Alessandro Carvalho Miola UFSM Publica &#8211; Curr\u00edculo Lattes Prof\u00aa. Dra.&nbsp;Ana Caroline Paim Benedetti UFSM Publica &#8211; Curr\u00edculo Lattes Prof\u00aa. Dra. Claire Delfini Viana Cardoso UFSM Publica &#8211; Curr\u00edculo Lattes Prof. Dr. Diogo Belmonte Lippert UFSM Publica &#8211; Curr\u00edculo Lattes Prof. Dr. Enio Giotto UFSM Publica &#8211; Curr\u00edculo Lattes Prof. Dr. Jos\u00e9 Am\u00e9rico de Mello [&hellip;]<\/p>\n","protected":false},"author":275,"featured_media":0,"parent":0,"menu_order":0,"comment_status":"closed","ping_status":"closed","template":"","meta":{"footnotes":""},"categories":[],"tags":[],"class_list":["post-193","page","type-page","status-publish","hentry"],"acf":[],"_links":{"self":[{"href":"https:\/\/www.ufsm.br\/cursos\/pos-graduacao\/santa-maria\/posgeomatica\/wp-json\/wp\/v2\/pages\/193","targetHints":{"allow":["GET"]}}],"collection":[{"href":"https:\/\/www.ufsm.br\/cursos\/pos-graduacao\/santa-maria\/posgeomatica\/wp-json\/wp\/v2\/pages"}],"about":[{"href":"https:\/\/www.ufsm.br\/cursos\/pos-graduacao\/santa-maria\/posgeomatica\/wp-json\/wp\/v2\/types\/page"}],"author":[{"embeddable":true,"href":"https:\/\/www.ufsm.br\/cursos\/pos-graduacao\/santa-maria\/posgeomatica\/wp-json\/wp\/v2\/users\/275"}],"replies":[{"embeddable":true,"href":"https:\/\/www.ufsm.br\/cursos\/pos-graduacao\/santa-maria\/posgeomatica\/wp-json\/wp\/v2\/comments?post=193"}],"version-history":[{"count":0,"href":"https:\/\/www.ufsm.br\/cursos\/pos-graduacao\/santa-maria\/posgeomatica\/wp-json\/wp\/v2\/pages\/193\/revisions"}],"wp:attachment":[{"href":"https:\/\/www.ufsm.br\/cursos\/pos-graduacao\/santa-maria\/posgeomatica\/wp-json\/wp\/v2\/media?parent=193"}],"wp:term":[{"taxonomy":"category","embeddable":true,"href":"https:\/\/www.ufsm.br\/cursos\/pos-graduacao\/santa-maria\/posgeomatica\/wp-json\/wp\/v2\/categories?post=193"},{"taxonomy":"post_tag","embeddable":true,"href":"https:\/\/www.ufsm.br\/cursos\/pos-graduacao\/santa-maria\/posgeomatica\/wp-json\/wp\/v2\/tags?post=193"}],"curies":[{"name":"wp","href":"https:\/\/api.w.org\/{rel}","templated":true}]}}