{"id":1016,"date":"2023-02-01T11:38:42","date_gmt":"2023-02-01T14:38:42","guid":{"rendered":"https:\/\/www.ufsm.br\/cursos\/pos-graduacao\/santa-maria\/ppga\/?page_id=1016"},"modified":"2023-02-01T17:12:10","modified_gmt":"2023-02-01T20:12:10","slug":"gestao-de-pessoas-e-comportamento-organizacional","status":"publish","type":"page","link":"https:\/\/www.ufsm.br\/cursos\/pos-graduacao\/santa-maria\/ppga\/gestao-de-pessoas-e-comportamento-organizacional","title":{"rendered":"Gest\u00e3o de Pessoas e Comportamento Organizacional"},"content":{"rendered":"\t\t<div data-elementor-type=\"wp-page\" data-elementor-id=\"1016\" class=\"elementor elementor-1016\">\n\t\t\t\t\t\t<section class=\"elementor-section elementor-top-section elementor-element elementor-element-1e5344e elementor-section-boxed elementor-section-height-default elementor-section-height-default\" data-id=\"1e5344e\" data-element_type=\"section\">\n\t\t\t\t\t\t<div class=\"elementor-container elementor-column-gap-default\">\n\t\t\t\t\t<div class=\"elementor-column elementor-col-100 elementor-top-column elementor-element elementor-element-21fb1c0f\" data-id=\"21fb1c0f\" data-element_type=\"column\">\n\t\t\t<div class=\"elementor-widget-wrap elementor-element-populated\">\n\t\t\t\t\t\t<div class=\"elementor-element elementor-element-c716dd5 elementor-widget elementor-widget-text-editor\" data-id=\"c716dd5\" data-element_type=\"widget\" data-widget_type=\"text-editor.default\">\n\t\t\t\t<div class=\"elementor-widget-container\">\n\t\t\t\t\t\t\t<!-- wp:tadv\/classic-paragraph -->\n<p>\u00a0<\/p>\n<p style=\"text-align: center\"><strong>Linha de Pesquisa: Gest\u00e3o de Pessoas e Comportamento Organizacional<\/strong><\/p>\n<p>\u00a0<\/p>\n<p style=\"text-align: justify\">A linha de pesquisa <strong>Gest\u00e3o de Pessoas e Comportamento Organizacional<\/strong> tem seu foco de estudos nas rela\u00e7\u00f5es entre indiv\u00edduos, organiza\u00e7\u00f5es e a sociedade. Assim, preocupa-se com temas relacionados ao comportamento de cidadania organizacional, aprendizagem organizacional, cultura, mudan\u00e7a, v\u00ednculos organizacionais, sa\u00fade e doen\u00e7as comportamentais no trabalho. Busca, assim, a discuss\u00e3o cr\u00edtica e cientifica nestes campos de estudo como forma de promover a amplia\u00e7\u00e3o do conhecimento te\u00f3rico e dos fatores que impactam nos modelos e nas pr\u00e1ticas de gest\u00e3o nas organiza\u00e7\u00f5es. Procura efetivar e sistematizar pesquisas direcionadas \u00e0 dimens\u00e3o humana e \u00e0 dimens\u00e3o organizacional por meio de novas metodologias espec\u00edficas e in\u00e9ditas \u00e0 luz do contexto ambiental mut\u00e1vel em que atuam as organiza\u00e7\u00f5es.<\/p>\n<p><strong>Lideran\u00e7a: <\/strong>Professora Tais de Andrade<\/p>\n<p>\u00a0<\/p>\n<!-- \/wp:tadv\/classic-paragraph -->\t\t\t\t\t\t<\/div>\n\t\t\t\t<\/div>\n\t\t\t\t\t<\/div>\n\t\t<\/div>\n\t\t\t\t\t<\/div>\n\t\t<\/section>\n\t\t\t\t<section class=\"elementor-section elementor-top-section elementor-element elementor-element-a440be0 elementor-section-boxed elementor-section-height-default elementor-section-height-default\" data-id=\"a440be0\" data-element_type=\"section\">\n\t\t\t\t\t\t<div class=\"elementor-container elementor-column-gap-default\">\n\t\t\t\t\t<div class=\"elementor-column elementor-col-100 elementor-top-column elementor-element elementor-element-d3f88ec\" data-id=\"d3f88ec\" data-element_type=\"column\">\n\t\t\t<div class=\"elementor-widget-wrap elementor-element-populated\">\n\t\t\t\t\t\t<div class=\"elementor-element elementor-element-3dac687 elementor-widget elementor-widget-heading\" data-id=\"3dac687\" data-element_type=\"widget\" data-widget_type=\"heading.default\">\n\t\t\t\t<div class=\"elementor-widget-container\">\n\t\t\t<h5 class=\"elementor-heading-title elementor-size-default\">Docentes atuantes na Linha de Pesquisa e Grupos de Pesquisa em que atuam:<\/h5>\t\t<\/div>\n\t\t\t\t<\/div>\n\t\t\t\t<div class=\"elementor-element elementor-element-13509d0 elementor-widget elementor-widget-text-editor\" data-id=\"13509d0\" data-element_type=\"widget\" data-widget_type=\"text-editor.default\">\n\t\t\t\t<div class=\"elementor-widget-container\">\n\t\t\t\t\t\t\t<table style=\"width: 100%;border-collapse: collapse;border-color: #000000\">\n<tbody>\n<tr>\n<td style=\"width: 33.6659%;border-color: #000000;text-align: center\"><strong>Docente<\/strong><\/td>\n<td style=\"width: 37.3268%;border-color: #000000;text-align: center\"><strong>Linha de Pesquisa<\/strong><\/td>\n<td style=\"width: 29.0072%;border-color: #000000;text-align: center\"><strong>Grupo de Pesquisa<\/strong><\/td>\n<\/tr>\n<tr>\n<td style=\"width: 33.6659%;border-color: #000000\"><a href=\"https:\/\/ufsmpublica.ufsm.br\/docente\/14813\" target=\"_blank\" rel=\"noopener\">Prof. Dr. Gilnei Luiz de Moura<\/a><\/td>\n<td style=\"width: 37.3268%;border-color: #000000;text-align: center\">Gest\u00e3o de Pessoas e Comportamento Organizacional<\/td>\n<td style=\"width: 29.0072%;border-color: #000000;text-align: center\"><a href=\"http:\/\/dgp.cnpq.br\/dgp\/espelhogrupo\/6456665343362917\" target=\"_blank\" rel=\"noopener\">Grupo de Pesquisa em Mudan\u00e7as Organizacionais, Inova\u00e7\u00e3o e Comportamento Organizacional &#8211; MUTARE<\/a><\/td>\n<\/tr>\n<tr>\n<td style=\"width: 33.6659%;border-color: #000000\"><a href=\"https:\/\/ufsmpublica.ufsm.br\/docente\/15308\" target=\"_blank\" rel=\"noopener\">Prof.\u00aa Dr.\u00aa Luciana Davi Traverso<\/a><\/td>\n<td style=\"width: 37.3268%;border-color: #000000;text-align: center\">Gest\u00e3o de Pessoas e Comportamento Organizacional<\/td>\n<td style=\"width: 29.0072%;border-color: #000000;text-align: center\">&#8211; &#8211; &#8211;<\/td>\n<\/tr>\n<tr>\n<td style=\"width: 33.6659%;border-color: #000000\"><a href=\"https:\/\/ufsmpublica.ufsm.br\/docente\/10193\" target=\"_blank\" rel=\"noopener\">Prof. Dr. Luis Felipe Dias Lopes<\/a><\/td>\n<td style=\"width: 37.3268%;border-color: #000000;text-align: center\">Gest\u00e3o de Pessoas e Comportamento Organizacional<\/td>\n<td style=\"width: 29.0072%;border-color: #000000;text-align: center\"><a href=\"http:\/\/dgp.cnpq.br\/dgp\/espelhogrupo\/9505180397355532\" target=\"_blank\" rel=\"noopener\">Grupo de Pesquisa em Comportamento, Estresse e Trabalho &#8211; GPCET<\/a><\/td>\n<\/tr>\n<tr>\n<td style=\"width: 33.6659%;border-color: #000000\"><a href=\"https:\/\/ufsmpublica.ufsm.br\/docente\/13943\" target=\"_blank\" rel=\"noopener\">Prof. Dr. Marcelo Trevisan<\/a><\/td>\n<td style=\"width: 37.3268%;border-color: #000000;text-align: center\">Gest\u00e3o de Pessoas e Comportamento Organizacional<\/td>\n<td style=\"width: 29.0072%;border-color: #000000;text-align: center\">\n<p><a href=\"http:\/\/dgp.cnpq.br\/dgp\/espelhogrupo\/7970523373214113\" target=\"_blank\" rel=\"noopener\">Governan\u00e7a e Sustentabilidade Organizacional<\/a><\/p>\n<p>Pesquisas em Inova\u00e7\u00e3o e Sustentabilidade Organizacional<\/p>\n<\/td>\n<\/tr>\n<tr>\n<td style=\"width: 33.6659%;border-color: #000000\"><a href=\"https:\/\/ufsmpublica.ufsm.br\/docente\/18401\" target=\"_blank\" rel=\"noopener\">Prof.\u00aa Dr.\u00aa Simone Alves Pacheco de Campos<\/a><\/td>\n<td style=\"width: 37.3268%;border-color: #000000;text-align: center\">Gest\u00e3o de Pessoas e Comportamento Organizacional<\/td>\n<td style=\"width: 29.0072%;border-color: #000000;text-align: center\"><a href=\"http:\/\/dgp.cnpq.br\/dgp\/espelhogrupo\/245177\" target=\"_blank\" rel=\"noopener\">N\u00facleo de Estudos em Organiza\u00e7\u00f5es, Pessoas e Sociedade &#8211; NOS<\/a><\/td>\n<\/tr>\n<tr>\n<td style=\"width: 33.6659%;border-color: #000000\"><a href=\"https:\/\/ufsmpublica.ufsm.br\/docente\/17251\" target=\"_blank\" rel=\"noopener\">Prof.\u00aa Dr.\u00aa Ta\u00eds de Andrade<\/a><\/td>\n<td style=\"width: 37.3268%;border-color: #000000;text-align: center\">Gest\u00e3o de Pessoas e Comportamento Organizacional<\/td>\n<td style=\"width: 29.0072%;border-color: #000000;text-align: center\"><a href=\"http:\/\/dgp.cnpq.br\/dgp\/espelhogrupo\/1448145963604971\" target=\"_blank\" rel=\"noopener\">Comportamento Organizacional, Empreendedorismo Social e Inova\u00e7\u00e3o Social &#8211; COESIS<\/a><\/td>\n<\/tr>\n<tr>\n<td style=\"width: 33.6659%;border-color: #000000\"><a href=\"https:\/\/ufsmpublica.ufsm.br\/docente\/24650\" target=\"_blank\" rel=\"noopener\">Prof.\u00aa Dr.\u00aa V\u00e2nia de F\u00e1tima Barros Estivalete<\/a><\/td>\n<td style=\"width: 37.3268%;border-color: #000000;text-align: center\">Gest\u00e3o de Pessoas e Comportamento Organizacional<\/td>\n<td style=\"width: 29.0072%;border-color: #000000;text-align: center\"><a href=\"http:\/\/dgp.cnpq.br\/dgp\/espelhogrupo\/1448145963604971\" target=\"_blank\" rel=\"noopener\">Comportamento Organizacional, Empreendedorismo Social e Inova\u00e7\u00e3o Social &#8211; COESIS<\/a><\/td>\n<\/tr>\n<tr>\n<td style=\"width: 33.6659%;border-color: #000000\"><a href=\"https:\/\/ufsmpublica.ufsm.br\/docente\/11240\" target=\"_blank\" rel=\"noopener\">Prof.\u00aa Dr.\u00aa V\u00e2nia Medianeira Flores Costa<\/a><\/td>\n<td style=\"width: 37.3268%;border-color: #000000;text-align: center\">Gest\u00e3o de Pessoas e Comportamento Organizacional<\/td>\n<td style=\"width: 29.0072%;border-color: #000000;text-align: center\">&#8211; &#8211; &#8211;<\/td>\n<\/tr>\n<\/tbody>\n<\/table>\t\t\t\t\t\t<\/div>\n\t\t\t\t<\/div>\n\t\t\t\t\t<\/div>\n\t\t<\/div>\n\t\t\t\t\t<\/div>\n\t\t<\/section>\n\t\t\t\t<\/div>\n\t\t","protected":false},"excerpt":{"rendered":"<p>\u00a0 Linha de Pesquisa: Gest\u00e3o de Pessoas e Comportamento Organizacional \u00a0 A linha de pesquisa Gest\u00e3o de Pessoas e Comportamento Organizacional tem seu foco de estudos nas rela\u00e7\u00f5es entre indiv\u00edduos, organiza\u00e7\u00f5es e a sociedade. Assim, preocupa-se com temas relacionados ao comportamento de cidadania organizacional, aprendizagem organizacional, cultura, mudan\u00e7a, v\u00ednculos organizacionais, sa\u00fade e doen\u00e7as comportamentais no [&hellip;]<\/p>\n","protected":false},"author":586,"featured_media":0,"parent":0,"menu_order":0,"comment_status":"closed","ping_status":"closed","template":"","meta":{"footnotes":""},"categories":[],"tags":[],"class_list":["post-1016","page","type-page","status-publish","hentry"],"acf":[],"_links":{"self":[{"href":"https:\/\/www.ufsm.br\/cursos\/pos-graduacao\/santa-maria\/ppga\/wp-json\/wp\/v2\/pages\/1016","targetHints":{"allow":["GET"]}}],"collection":[{"href":"https:\/\/www.ufsm.br\/cursos\/pos-graduacao\/santa-maria\/ppga\/wp-json\/wp\/v2\/pages"}],"about":[{"href":"https:\/\/www.ufsm.br\/cursos\/pos-graduacao\/santa-maria\/ppga\/wp-json\/wp\/v2\/types\/page"}],"author":[{"embeddable":true,"href":"https:\/\/www.ufsm.br\/cursos\/pos-graduacao\/santa-maria\/ppga\/wp-json\/wp\/v2\/users\/586"}],"replies":[{"embeddable":true,"href":"https:\/\/www.ufsm.br\/cursos\/pos-graduacao\/santa-maria\/ppga\/wp-json\/wp\/v2\/comments?post=1016"}],"version-history":[{"count":0,"href":"https:\/\/www.ufsm.br\/cursos\/pos-graduacao\/santa-maria\/ppga\/wp-json\/wp\/v2\/pages\/1016\/revisions"}],"wp:attachment":[{"href":"https:\/\/www.ufsm.br\/cursos\/pos-graduacao\/santa-maria\/ppga\/wp-json\/wp\/v2\/media?parent=1016"}],"wp:term":[{"taxonomy":"category","embeddable":true,"href":"https:\/\/www.ufsm.br\/cursos\/pos-graduacao\/santa-maria\/ppga\/wp-json\/wp\/v2\/categories?post=1016"},{"taxonomy":"post_tag","embeddable":true,"href":"https:\/\/www.ufsm.br\/cursos\/pos-graduacao\/santa-maria\/ppga\/wp-json\/wp\/v2\/tags?post=1016"}],"curies":[{"name":"wp","href":"https:\/\/api.w.org\/{rel}","templated":true}]}}