{"id":1477,"date":"2024-07-12T14:00:49","date_gmt":"2024-07-12T17:00:49","guid":{"rendered":"https:\/\/www.ufsm.br\/cursos\/pos-graduacao\/santa-maria\/ppga\/?page_id=1477"},"modified":"2025-09-03T07:49:35","modified_gmt":"2025-09-03T10:49:35","slug":"instrucoes-defesa-de-qualificacao-mestrado-e-doutorado","status":"publish","type":"page","link":"https:\/\/www.ufsm.br\/cursos\/pos-graduacao\/santa-maria\/ppga\/instrucoes-defesa-de-qualificacao-mestrado-e-doutorado","title":{"rendered":"Instru\u00e7\u00f5es: Defesa de Qualifica\u00e7\u00e3o &#8211; Mestrado \/ Doutorado"},"content":{"rendered":"\n\n<table style=\"border-collapse: collapse;width: 100%\">\n<tbody>\n<tr>\n<td style=\"width: 100%;background-color: #e3dede\">\n<h2 style=\"text-align: justify\">Fus\u00e3o dos PPGs em Administra\u00e7\u00e3o e Ci\u00eancias Cont\u00e1beis\u00a0 = PPGACC<\/h2>\n<\/td>\n<\/tr>\n<\/tbody>\n<\/table>\n<p class=\"entry-title text-start text-primary\" style=\"text-align: justify\">(Aprovada pela Capes) \u2013 A fus\u00e3o resulta na cria\u00e7\u00e3o do Programa de P\u00f3s-Gradua\u00e7\u00e3o em Administra\u00e7\u00e3o e Ci\u00eancias Cont\u00e1beis da UFSM &#8211;\u00a0Resolu\u00e7\u00e3o que regula as mudan\u00e7as nas Coordena\u00e7\u00f5es do PPGA, PPGCC e PPGACC (A Resolu\u00e7\u00e3o que estingue os dois Programas, e cria o PPGACC):<\/p>\n<p style=\"font-weight: 400\"><a href=\"https:\/\/portal.ufsm.br\/documentos\/download.html?action=componente&amp;download=false&amp;id=5517975\" data-saferedirecturl=\"https:\/\/www.google.com\/url?q=https:\/\/portal.ufsm.br\/documentos\/download.html?action%3Dcomponente%26download%3Dfalse%26id%3D5517975&amp;source=gmail&amp;ust=1751624558214000&amp;usg=AOvVaw37iq0xDJIGi_CZtwlVA8ls\">https:\/\/portal.ufsm.br\/documentos\/download.html?action=componente&amp;download=false&amp;id=5517975<\/a><\/p>\n<p><b>Coordena\u00e7\u00e3o do PPGACC<br \/><\/b>E-mail:<strong><a class=\"notranslate\" href=\"mailto:ppgacc@ufsm.br\">\u00a0ppgacc@ufsm.br<\/a><\/strong><\/p>\n<p><strong>\u00a0Coordenadora: Profa. Dra. Simone Alves Pacheco de Campos<\/strong><\/p>\n<p><strong>Coordenador Substituto: Prof. Dr. Vin\u00edcius Costa da Silva Zonatto<\/strong><\/p>\n<p><strong>Obs.:<\/strong>\u00a0\u00a0<span style=\"background-color: #ffff00\"><strong>PPGA (existe no SIE \u201csubordinado\/dentro\u201d do registro do PPGACC at\u00e9 o \u00faltimo aluno se formar)<\/strong><\/span><\/p>\n<h3><span style=\"color: #000080\">Qualifica\u00e7\u00e3o e defesa de MDT<\/span><\/h3>\n<p>A abertura do processo de qualifica\u00e7\u00e3o de mestrado e doutorado seguem orienta\u00e7\u00f5es distintas, conforme as orienta\u00e7\u00f5es dispon\u00edveis.<\/p>\n<h4><span style=\"color: #000080\">QUALIFICA\u00c7\u00c3O DE MESTRADO:<\/span><\/h4>\n<h4><strong>Fluxo para o processo de qualifica\u00e7\u00e3o de mestrado &#8211; Estabelecido pela PRPGP\/UFSM:<\/strong><\/h4>\n<h5 dir=\"ltr\" style=\"text-align: justify\"><span style=\"color: #ff0000\"><strong>[1]<\/strong><\/span>\u00a0discente (abertura do processo)\u00a0<span style=\"color: #ff0000\">\u2192<\/span>\u00a0<span style=\"color: #ff0000\"><strong>[2]<\/strong>\u00a0<\/span>orientador\/a\u00a0<span style=\"color: #ff0000\">\u2192\u00a0<strong>[3]<\/strong><\/span>\u00a0coordena\u00e7\u00e3o\/Colegiado do PPG\u00a0<span style=\"color: #ff0000\">\u2192\u00a0<strong>[4]<\/strong><\/span>\u00a0comiss\u00e3o examinadora\u00a0<span style=\"color: #ff0000\">\u2192<\/span>\u00a0<span style=\"color: #ff0000\"><strong>[5]<\/strong><\/span>\u00a0coordena\u00e7\u00e3o do PPG\u00a0<span style=\"color: #ff0000\">\u2192<\/span>\u00a0<span style=\"color: #ff0000\"><strong>[6]<\/strong>\u00a0<\/span>arquivo.<\/h5>\n<p dir=\"ltr\" style=\"text-align: justify\"><a href=\"https:\/\/www.ufsm.br\/app\/uploads\/sites\/512\/2025\/09\/Fluxo-para-o-processo-de-qualificacao-de-mestrado-PRPGP-SIPOS.pdf\"><span style=\"color: #607fdb\"><strong>Fluxo para o processo de qualifica\u00e7\u00e3o de mestrado &#8211; PRPGP-SIPOS<\/strong><\/span><\/a><\/p>\n<h4><span style=\"color: #000080\">QUALIFICA\u00c7\u00c3O DE DOUTORADO:<\/span><\/h4>\n<p style=\"text-align: justify\">Qualifica\u00e7\u00f5es de doutorado devem ser solicitadas via processo no PEN SIE mesmo procedimento para defesa final <a href=\"https:\/\/www.ufsm.br\/app\/uploads\/sites\/512\/2024\/07\/Qualificacao-de-Doutorado-Procedimento.pdf\">Qualifica\u00e7\u00e3o de Doutorado Procedimento<\/a><span style=\"color: #607fdb\"><a style=\"color: #607fdb\" href=\"https:\/\/www.ufsm.br\/app\/uploads\/sites\/513\/2024\/07\/Qualificacao-de-Doutorado-Procedimento-2.pdf\">\u00a0<\/a>&#8211; <a style=\"color: #607fdb\" href=\"https:\/\/www.ufsm.br\/app\/uploads\/sites\/345\/2018\/08\/3.3-processo-de-defesa.pdf\">Tutorial PRPGP<\/a>.<\/span><\/p>\n<p><a href=\"https:\/\/www.ufsm.br\/app\/uploads\/sites\/512\/2024\/07\/Formulario-Banca-de-Defesa.docx\">Formul\u00e1rio Banca de Defesa<\/a><\/p>","protected":false},"excerpt":{"rendered":"<p>Fus\u00e3o dos PPGs em Administra\u00e7\u00e3o e Ci\u00eancias Cont\u00e1beis\u00a0 = PPGACC (Aprovada pela Capes) \u2013 A fus\u00e3o resulta na cria\u00e7\u00e3o do Programa de P\u00f3s-Gradua\u00e7\u00e3o em Administra\u00e7\u00e3o e Ci\u00eancias Cont\u00e1beis da UFSM &#8211;\u00a0Resolu\u00e7\u00e3o que regula as mudan\u00e7as nas Coordena\u00e7\u00f5es do PPGA, PPGCC e PPGACC (A Resolu\u00e7\u00e3o que estingue os dois Programas, e cria o PPGACC): https:\/\/portal.ufsm.br\/documentos\/download.html?action=componente&amp;download=false&amp;id=5517975 Coordena\u00e7\u00e3o [&hellip;]<\/p>\n","protected":false},"author":905,"featured_media":0,"parent":0,"menu_order":0,"comment_status":"closed","ping_status":"closed","template":"","meta":{"footnotes":""},"categories":[],"tags":[],"class_list":["post-1477","page","type-page","status-publish","hentry"],"acf":[],"_links":{"self":[{"href":"https:\/\/www.ufsm.br\/cursos\/pos-graduacao\/santa-maria\/ppga\/wp-json\/wp\/v2\/pages\/1477","targetHints":{"allow":["GET"]}}],"collection":[{"href":"https:\/\/www.ufsm.br\/cursos\/pos-graduacao\/santa-maria\/ppga\/wp-json\/wp\/v2\/pages"}],"about":[{"href":"https:\/\/www.ufsm.br\/cursos\/pos-graduacao\/santa-maria\/ppga\/wp-json\/wp\/v2\/types\/page"}],"author":[{"embeddable":true,"href":"https:\/\/www.ufsm.br\/cursos\/pos-graduacao\/santa-maria\/ppga\/wp-json\/wp\/v2\/users\/905"}],"replies":[{"embeddable":true,"href":"https:\/\/www.ufsm.br\/cursos\/pos-graduacao\/santa-maria\/ppga\/wp-json\/wp\/v2\/comments?post=1477"}],"version-history":[{"count":0,"href":"https:\/\/www.ufsm.br\/cursos\/pos-graduacao\/santa-maria\/ppga\/wp-json\/wp\/v2\/pages\/1477\/revisions"}],"wp:attachment":[{"href":"https:\/\/www.ufsm.br\/cursos\/pos-graduacao\/santa-maria\/ppga\/wp-json\/wp\/v2\/media?parent=1477"}],"wp:term":[{"taxonomy":"category","embeddable":true,"href":"https:\/\/www.ufsm.br\/cursos\/pos-graduacao\/santa-maria\/ppga\/wp-json\/wp\/v2\/categories?post=1477"},{"taxonomy":"post_tag","embeddable":true,"href":"https:\/\/www.ufsm.br\/cursos\/pos-graduacao\/santa-maria\/ppga\/wp-json\/wp\/v2\/tags?post=1477"}],"curies":[{"name":"wp","href":"https:\/\/api.w.org\/{rel}","templated":true}]}}