{"id":1481,"date":"2024-07-12T14:05:50","date_gmt":"2024-07-12T17:05:50","guid":{"rendered":"https:\/\/www.ufsm.br\/cursos\/pos-graduacao\/santa-maria\/ppga\/?page_id=1481"},"modified":"2025-07-03T09:19:07","modified_gmt":"2025-07-03T12:19:07","slug":"instrucao-defesa-final-mestrado-e-doutorado","status":"publish","type":"page","link":"https:\/\/www.ufsm.br\/cursos\/pos-graduacao\/santa-maria\/ppga\/instrucao-defesa-final-mestrado-e-doutorado","title":{"rendered":"Instru\u00e7\u00e3o: Defesa Final &#8211; Mestrado \/ Doutorado"},"content":{"rendered":"\n<p style=\"text-align: justify\">A abertura do processo de defesa final de mestrado e de doutorado deve ser realizada via processo eletr\u00f4nico no PEN SIE, conforme <a href=\"https:\/\/www.ufsm.br\/app\/uploads\/sites\/512\/2024\/07\/Defesa-final-Mestrado-e-Doutorado-Tutorial.pdf\">Defesa final Mestrado e Doutorado &#8211; Tutorial<\/a><a href=\"https:\/\/www.ufsm.br\/app\/uploads\/sites\/513\/2024\/07\/Defesa-final-Mestrado-e-Doutorado-Tutorial.pdf\">\u00a0<\/a>\u00a0e <a href=\"https:\/\/www.ufsm.br\/app\/uploads\/sites\/513\/2022\/08\/TUTORIAL-PROCESSO-DE-DEFESA.pdf\" target=\"_blank\" rel=\"noopener\">tutoriais PRPGP<\/a>.<\/p>\n<table style=\"border-collapse: collapse;width: 100%\">\n<tbody>\n<tr>\n<td style=\"width: 100%;background-color: #d9d4d4\">\n<h2>Fus\u00e3o dos PPGs em Administra\u00e7\u00e3o e Ci\u00eancias Cont\u00e1beis\u00a0 = PPGACC<\/h2>\n<\/td>\n<\/tr>\n<\/tbody>\n<\/table>\n<p class=\"entry-title text-start text-primary\">(Aprovada pela Capes) \u2013 A fus\u00e3o resulta na cria\u00e7\u00e3o do Programa de P\u00f3s-Gradua\u00e7\u00e3o em Administra\u00e7\u00e3o e Ci\u00eancias Cont\u00e1beis da UFSM \u2013\u00a0Resolu\u00e7\u00e3o que regula as mudan\u00e7as nas Coordena\u00e7\u00f5es do PPGA, PPGCC e PPGACC (A Resolu\u00e7\u00e3o que estingue os dois Programas, e cria o PPGACC):<\/p>\n<p><a href=\"https:\/\/portal.ufsm.br\/documentos\/download.html?action=componente&amp;download=false&amp;id=5517975\" data-saferedirecturl=\"https:\/\/www.google.com\/url?q=https:\/\/portal.ufsm.br\/documentos\/download.html?action%3Dcomponente%26download%3Dfalse%26id%3D5517975&amp;source=gmail&amp;ust=1751624558214000&amp;usg=AOvVaw37iq0xDJIGi_CZtwlVA8ls\">https:\/\/portal.ufsm.br\/documentos\/download.html?action=componente&amp;download=false&amp;id=5517975<\/a><\/p>\n<p><b>Coordena\u00e7\u00e3o do PPGACC<br \/><\/b>E-mail:\u00a0<a class=\"notranslate\" href=\"mailto:ppgacc@ufsm.br\">ppgacc@ufsm.br<\/a><\/p>\n<p><strong>Coordenadora: Profa. Dra. Simone Alves Pacheco de Campos<\/strong><\/p>\n<p><strong>Coordenador Substituto: Prof. Dr. Vin\u00edcius Costa da Silva Zonatto<\/strong><\/p>\n<p><strong>Obs.:<\/strong> <span style=\"background-color: #ffff00\"><strong>\u00a0PPGA (existe no SIE \u201csubordinado\/dentro\u201d do registro do PPGACC at\u00e9 o \u00faltimo aluno se formar)<\/strong><\/span><\/p>\n<p style=\"text-align: justify\"><a href=\"https:\/\/www.ufsm.br\/app\/uploads\/sites\/513\/2024\/07\/Formulario-Banca-de-Defesa.docx\">Formul\u00e1rio Banca de Defesa<\/a><\/p>\n<h4 style=\"text-align: justify\"><a href=\"https:\/\/www.ufsm.br\/pro-reitorias\/prpgp\/servicos\/prorrogacao-de-prazo-para-defesa\" target=\"_blank\" rel=\"noopener\">Prorroga\u00e7\u00e3o de prazo para defesa<\/a><\/h4>\n<p style=\"text-align: justify\">A solicita\u00e7\u00e3o de prorroga\u00e7\u00e3o de prazo para defesa deve ser aberta pelo discente interessado, em processo eletr\u00f4nico no PEN SIE, conforme as instru\u00e7\u00f5es da PRPGP.<\/p>\n<h2>Entrega de MDT e diploma<\/h2>\n<h4><a href=\"https:\/\/www.ufsm.br\/pro-reitorias\/prpgp\/servicos\/ato-de-entrega-de-mdt-tutorial\" target=\"_blank\" rel=\"noopener\">Entrega de Disserta\u00e7\u00e3o e Tese<\/a><\/h4>\n<p style=\"text-align: justify\">Ap\u00f3s a defesa e ajustes do trabalho de mestrado e doutorado, a vers\u00e3o final da disserta\u00e7\u00e3o e tese deve ser entregue via processo eletr\u00f4nico no PEN SIE, conforme tutorial da PRPGP.<\/p>\n<h4><a href=\"https:\/\/www.ufsm.br\/pro-reitorias\/prpgp\/servicos\/urgencia-para-emissao-de-diploma-da-pos-graduacao\" target=\"_blank\" rel=\"noopener\">Urg\u00eancia para emiss\u00e3o do diploma<\/a><\/h4>\n<p style=\"text-align: justify\">Havendo necessidade em\u00a0acelerar o processo de emiss\u00e3o de Diploma\/Certificado, o discente pode solicitar urg\u00eancia, conforme as orienta\u00e7\u00f5es da PRPGP.<\/p>\n","protected":false},"excerpt":{"rendered":"<p>A abertura do processo de defesa final de mestrado e de doutorado deve ser realizada via processo eletr\u00f4nico no PEN SIE, conforme Defesa final Mestrado e Doutorado &#8211; Tutorial\u00a0\u00a0e tutoriais PRPGP. Fus\u00e3o dos PPGs em Administra\u00e7\u00e3o e Ci\u00eancias Cont\u00e1beis\u00a0 = PPGACC (Aprovada pela Capes) \u2013 A fus\u00e3o resulta na cria\u00e7\u00e3o do Programa de P\u00f3s-Gradua\u00e7\u00e3o em [&hellip;]<\/p>\n","protected":false},"author":905,"featured_media":0,"parent":0,"menu_order":0,"comment_status":"closed","ping_status":"closed","template":"","meta":{"footnotes":""},"categories":[],"tags":[],"class_list":["post-1481","page","type-page","status-publish","hentry"],"acf":[],"_links":{"self":[{"href":"https:\/\/www.ufsm.br\/cursos\/pos-graduacao\/santa-maria\/ppga\/wp-json\/wp\/v2\/pages\/1481","targetHints":{"allow":["GET"]}}],"collection":[{"href":"https:\/\/www.ufsm.br\/cursos\/pos-graduacao\/santa-maria\/ppga\/wp-json\/wp\/v2\/pages"}],"about":[{"href":"https:\/\/www.ufsm.br\/cursos\/pos-graduacao\/santa-maria\/ppga\/wp-json\/wp\/v2\/types\/page"}],"author":[{"embeddable":true,"href":"https:\/\/www.ufsm.br\/cursos\/pos-graduacao\/santa-maria\/ppga\/wp-json\/wp\/v2\/users\/905"}],"replies":[{"embeddable":true,"href":"https:\/\/www.ufsm.br\/cursos\/pos-graduacao\/santa-maria\/ppga\/wp-json\/wp\/v2\/comments?post=1481"}],"version-history":[{"count":0,"href":"https:\/\/www.ufsm.br\/cursos\/pos-graduacao\/santa-maria\/ppga\/wp-json\/wp\/v2\/pages\/1481\/revisions"}],"wp:attachment":[{"href":"https:\/\/www.ufsm.br\/cursos\/pos-graduacao\/santa-maria\/ppga\/wp-json\/wp\/v2\/media?parent=1481"}],"wp:term":[{"taxonomy":"category","embeddable":true,"href":"https:\/\/www.ufsm.br\/cursos\/pos-graduacao\/santa-maria\/ppga\/wp-json\/wp\/v2\/categories?post=1481"},{"taxonomy":"post_tag","embeddable":true,"href":"https:\/\/www.ufsm.br\/cursos\/pos-graduacao\/santa-maria\/ppga\/wp-json\/wp\/v2\/tags?post=1481"}],"curies":[{"name":"wp","href":"https:\/\/api.w.org\/{rel}","templated":true}]}}