{"id":1539,"date":"2024-07-24T16:17:09","date_gmt":"2024-07-24T19:17:09","guid":{"rendered":"https:\/\/www.ufsm.br\/cursos\/pos-graduacao\/santa-maria\/ppga\/?page_id=1539"},"modified":"2025-03-06T13:03:38","modified_gmt":"2025-03-06T16:03:38","slug":"cooperacao-interinstitucional","status":"publish","type":"page","link":"https:\/\/www.ufsm.br\/cursos\/pos-graduacao\/santa-maria\/ppga\/cooperacao-interinstitucional","title":{"rendered":"Coopera\u00e7\u00e3o Interinstitucional"},"content":{"rendered":"\n<p style=\"text-align: justify\">Os acordos de coopera\u00e7\u00e3o e\/ou parcerias s\u00e3o instrumentos formais estabelecidos entre duas ou mais institui\u00e7\u00f5es com o objetivo de promover a colabora\u00e7\u00e3o acad\u00eamica, cient\u00edfica, tecnol\u00f3gica e cultural; visando fortalecer a troca de conhecimento, a realiza\u00e7\u00e3o conjunta de pesquisas, a mobilidade de estudantes e docentes, al\u00e9m do desenvolvimento de projetos de interesse comum. Ent\u00e3o, os principais objetivos incluem:<\/p>\n<p style=\"text-align: justify\">a) Interc\u00e2mbio acad\u00eamico: permite a mobilidade de estudantes, professores e pesquisadores entre as institui\u00e7\u00f5es parceiras, promovendo o compartilhamento de experi\u00eancias e conhecimentos;<\/p>\n<p style=\"text-align: justify\"><span style=\"font-size: revert;color: initial\">b) Pesquisa conjunta: fomenta a realiza\u00e7\u00e3o de estudos e projetos colaborativos em diversas \u00e1reas do conhecimento;<\/span><\/p>\n<p style=\"text-align: justify\">c) Capacita\u00e7\u00e3o e treinamento: possibilita a oferta de cursos, workshops e programas de forma\u00e7\u00e3o para estudantes e profissionais das institui\u00e7\u00f5es envolvidas;<\/p>\n<p style=\"text-align: justify\">d) Compartilhamento de infraestrutura: facilita o uso compartilhado de laborat\u00f3rios, bibliotecas e outros recursos essenciais para o desenvolvimento acad\u00eamico e cient\u00edfico.<\/p>\n<p style=\"text-align: justify\">e) Inova\u00e7\u00e3o e desenvolvimento tecnol\u00f3gico: incentiva parcerias para o desenvolvimento de solu\u00e7\u00f5es inovadoras, incluindo a coopera\u00e7\u00e3o com setores produtivos e governamentais.<\/p>\n<p style=\"text-align: justify\">Esses acordos podem ser estabelecidos em diferentes formatos, como conv\u00eanios, protocolos de inten\u00e7\u00f5es, memorandos de entendimento e contratos espec\u00edficos, sendo fundamentais para o fortalecimento das institui\u00e7\u00f5es envolvidas e para a promo\u00e7\u00e3o da<br \/>excel\u00eancia acad\u00eamica e cient\u00edfica. Neste sentido, podemos destacar os seguintes acordos firmados entre a UFSM, por meio do PPGA, e demais institui\u00e7\u00f5es:<\/p>\n<p style=\"text-align: justify\"><strong>1) ACORDO DE COOPERA\u00c7\u00c3O INTERNACIONAL ENTRE A UNIVERSIDADE FEDERAL DE SANTA MARIA, BRASIL E HOCHSCHULE F\u00dcR ANGEWANDTE WISSENSCHAFTEN HAMBURG (HAMBURG UNIVERSITY OF APPLIED SCIENCES), ALEMANHA:<\/strong><\/p>\n<p style=\"text-align: justify\">A coopera\u00e7\u00e3o incluir\u00e1 a transfer\u00eancia de conhecimentos e experi\u00eancias e\/ou qualquer outra atividade de interesse comum relacionada a ensino, pesquisa, administra\u00e7\u00e3o universit\u00e1ria e capacita\u00e7\u00e3o de recursos humanos, incluindo o interc\u00e2mbio de docentes, alunos e t\u00e9cnico-administrativos. A coopera\u00e7\u00e3o empreendida em decorr\u00eancia do presente Acordo ser\u00e1 baseada na participa\u00e7\u00e3o conjunta das duas institui\u00e7\u00f5es e com base na reciprocidade e na equival\u00eancia de a\u00e7\u00f5es, com o prop\u00f3sito de acelerar e assegurar a expans\u00e3o qualitativa e quantitativa no ensino superior. As a\u00e7\u00f5es poder\u00e3o incluir:<\/p>\n<p style=\"text-align: justify\">(a) Interc\u00e2mbio de Professores: com a apresenta\u00e7\u00e3o por escrito de credenciais, atividades propostas e uma carta convite;<\/p>\n<p style=\"text-align: justify\">(b) Interc\u00e2mbio de Alunos: com a apresenta\u00e7\u00e3o por escrito de credenciais, formul\u00e1rios adequadamente preenchidos e uma carta de aceita\u00e7\u00e3o da institui\u00e7\u00e3o de destino;<\/p>\n<p style=\"text-align: justify\">(c) Interc\u00e2mbio de Pessoal T\u00e9cnico-administrativo: com a apresenta\u00e7\u00e3o por escrito de credenciais, atividades propostas e uma carta convite;<\/p>\n<p style=\"text-align: justify\">(d) Pesquisa Conjunta: com base em proposta(s) espec\u00edfica(s), qualifica\u00e7\u00e3o dos docentes participantes, aprova\u00e7\u00e3o das duas institui\u00e7\u00f5es e apoio de outras fontes financiadoras;<\/p>\n<p style=\"text-align: justify\">(e) Uso de Instala\u00e7\u00f5es: uso de laborat\u00f3rios, equipamentos e acervo bibliogr\u00e1fico, envolvendo programas estabelecidos em fun\u00e7\u00e3o de interesses comuns;<\/p>\n<p style=\"text-align: justify\">(f) Outras A\u00e7\u00f5es em Coopera\u00e7\u00e3o: a\u00e7\u00f5es n\u00e3o expressas aqui, entretanto, consideradas relevantes no futuro por ambas as institui\u00e7\u00f5es envolvidas; e, (g) programas detalhados para a realiza\u00e7\u00e3o dessas atividades ser\u00e3o negociados e firmados em documentos adicionais consoante com este Acordo.<\/p>\n<p style=\"text-align: justify\"><strong>2) ACORDO DE COOPERA\u00c7\u00c3O QUE ENTRE SI CELEBRAM A UNIVERSIDADE FEDERAL DE SANTA MARIA (UFSM), POR SEU PROGRAMA DE P\u00d3S-GRADUA\u00c7\u00c3O EM ADMINISTRA\u00c7\u00c3O (PPGA &#8211; UFSM), E A UNIVERSIDADE FEDERAL DO RIO GRANDE DO SUL, <\/strong><strong>ATRAV\u00c9S DO PROGRAMA DE P\u00d3S- GRADUA\u00c7\u00c3O EM ADMINISTRA\u00c7\u00c3O (PPGA\/EA\/UFRGS): <\/strong><\/p>\n<p style=\"text-align: justify\">Por meio do processo eletr\u00f4nico nacional N. 23081.093789\/2021-10; o objeto do presente acordo se refere a coopera\u00e7\u00e3o entre os programas de p\u00f3s- gradua\u00e7\u00e3o em Administra\u00e7\u00e3o stricto sensu (Mestrado e Doutorado) das duas Universidades supracitadas, mais<br \/>especificamente entre o Programa de P\u00f3s-Gradua\u00e7\u00e3o em Administra\u00e7\u00e3o da Universidade Federal de Santa Maria \u2013 PPGA-UFSM, representado por sua Coordenadora Prof\u00aa. Simone Alves Pacheco de Campos, e o Programa de P\u00f3s-Gradua\u00e7\u00e3o da Escola de Administra\u00e7\u00e3o da Universidade Federal do Rio Grande do Sul \u2013 PPGA\/EA\/UFRGS, representado por seu Coordenador Prof. Luciano<br \/>Ferreira. Nesse sentido, a coopera\u00e7\u00e3o empreendida em decorr\u00eancia do presente Acordo ser\u00e1 baseada na participa\u00e7\u00e3o conjunta das duas Institui\u00e7\u00f5es com base na reciprocidade e na equival\u00eancia de a\u00e7\u00f5es; com o prop\u00f3sito de acelerar e assegurar a expans\u00e3o qualitativa e quantitativa no ensino superior. As a\u00e7\u00f5es poder\u00e3o incluir:<\/p>\n<p style=\"text-align: justify\">(a) Interc\u00e2mbio de docentes e pesquisadores;<\/p>\n<p style=\"text-align: justify\">(b) Interc\u00e2mbio de estudantes;<\/p>\n<p style=\"text-align: justify\">(c) Implementa\u00e7\u00e3o de projetos conjuntos de pesquisa, ensino e extens\u00e3o com base em proposta(s) espec\u00edfica(s), qualifica\u00e7\u00e3o dos docentes participantes e aprova\u00e7\u00e3o das duas institui\u00e7\u00f5es;<\/p>\n<p style=\"text-align: justify\">(d) Interc\u00e2mbio de disciplinas (p\u00f3s-gradua\u00e7\u00e3o) dado pela possibilidade dos alunos cursarem disciplinas, mediante solicita\u00e7\u00e3o, avalia\u00e7\u00e3o e aprova\u00e7\u00e3o dos programas;<\/p>\n<p style=\"text-align: justify\">(e) Promo\u00e7\u00e3o de eventos cient\u00edficos e culturais; Interc\u00e2mbio de informa\u00e7\u00f5es e publica\u00e7\u00f5es acad\u00eamicas; Co-orienta\u00e7\u00e3o de alunos de Mestrado e\/ou Doutorado;<\/p>\n<p style=\"text-align: justify\">(f) Uso de Instala\u00e7\u00f5es: uso de laborat\u00f3rios, equipamentos e acervo bibliogr\u00e1fico, envolvendo programas estabelecidos em fun\u00e7\u00e3o\u00a0 e interesses comuns;<\/p>\n<p style=\"text-align: justify\">(g) Outras a\u00e7\u00f5es de coopera\u00e7\u00e3o: a\u00e7\u00f5es n\u00e3o expressas aqui, entretanto, consideradas relevantes no futuro por ambas as institui\u00e7\u00f5es envolvidas; e,<\/p>\n<p style=\"text-align: justify\">(h) Programas detalhados para a realiza\u00e7\u00e3o dessas atividades ser\u00e3o negociados e firmados em documentos adicionais consoante com este Acordo.<\/p>\n<p style=\"text-align: justify\"><strong>3) ACORDO DE PARCERIA A SER FIRMADO ENTRE A UFSM, A FUNDEP E A PBH ATIVOS S.A.: por meio do processo eletr\u00f4nico nacional N. 23081.036342\/2021-43, para execu\u00e7\u00e3o do projeto \u201cModelagem computacional para apoio ao processo decis\u00f3rio da concess\u00e3o administrativa dos servi\u00e7os de limpeza urbana para o Munic\u00edpio Belo Horizonte\u201d.<\/strong><\/p>\n<p style=\"text-align: justify\">Esta parceria tem o objetivo de conceber, modelar e desenvolver modelos computacionais de apoio a decis\u00e3o para a avalia\u00e7\u00e3o de investimentos e gastos operacionais para a Concess\u00e3o Administrativa dos Servi\u00e7os de Limpeza Urbana do Munic\u00edpio de Belo Horizonte (PPP da Limpeza Urbana). Tal acordo de parceria \u00e9 coordenado na UFSM pelo professor Eugenio de Oliveira Simonetto e ter\u00e1 um prazo de vig\u00eancia de doze meses.<\/p>\n","protected":false},"excerpt":{"rendered":"<p>Os acordos de coopera\u00e7\u00e3o e\/ou parcerias s\u00e3o instrumentos formais estabelecidos entre duas ou mais institui\u00e7\u00f5es com o objetivo de promover a colabora\u00e7\u00e3o acad\u00eamica, cient\u00edfica, tecnol\u00f3gica e cultural; visando fortalecer a troca de conhecimento, a realiza\u00e7\u00e3o conjunta de pesquisas, a mobilidade de estudantes e docentes, al\u00e9m do desenvolvimento de projetos de interesse comum. Ent\u00e3o, os principais [&hellip;]<\/p>\n","protected":false},"author":905,"featured_media":0,"parent":0,"menu_order":0,"comment_status":"closed","ping_status":"closed","template":"","meta":{"footnotes":""},"categories":[],"tags":[],"class_list":["post-1539","page","type-page","status-publish","hentry"],"acf":[],"_links":{"self":[{"href":"https:\/\/www.ufsm.br\/cursos\/pos-graduacao\/santa-maria\/ppga\/wp-json\/wp\/v2\/pages\/1539","targetHints":{"allow":["GET"]}}],"collection":[{"href":"https:\/\/www.ufsm.br\/cursos\/pos-graduacao\/santa-maria\/ppga\/wp-json\/wp\/v2\/pages"}],"about":[{"href":"https:\/\/www.ufsm.br\/cursos\/pos-graduacao\/santa-maria\/ppga\/wp-json\/wp\/v2\/types\/page"}],"author":[{"embeddable":true,"href":"https:\/\/www.ufsm.br\/cursos\/pos-graduacao\/santa-maria\/ppga\/wp-json\/wp\/v2\/users\/905"}],"replies":[{"embeddable":true,"href":"https:\/\/www.ufsm.br\/cursos\/pos-graduacao\/santa-maria\/ppga\/wp-json\/wp\/v2\/comments?post=1539"}],"version-history":[{"count":0,"href":"https:\/\/www.ufsm.br\/cursos\/pos-graduacao\/santa-maria\/ppga\/wp-json\/wp\/v2\/pages\/1539\/revisions"}],"wp:attachment":[{"href":"https:\/\/www.ufsm.br\/cursos\/pos-graduacao\/santa-maria\/ppga\/wp-json\/wp\/v2\/media?parent=1539"}],"wp:term":[{"taxonomy":"category","embeddable":true,"href":"https:\/\/www.ufsm.br\/cursos\/pos-graduacao\/santa-maria\/ppga\/wp-json\/wp\/v2\/categories?post=1539"},{"taxonomy":"post_tag","embeddable":true,"href":"https:\/\/www.ufsm.br\/cursos\/pos-graduacao\/santa-maria\/ppga\/wp-json\/wp\/v2\/tags?post=1539"}],"curies":[{"name":"wp","href":"https:\/\/api.w.org\/{rel}","templated":true}]}}