{"id":154,"date":"2019-01-17T12:10:37","date_gmt":"2019-01-17T14:10:37","guid":{"rendered":"https:\/\/www.ufsm.br\/cursos\/pos-graduacao\/santa-maria\/ppga\/?page_id=154"},"modified":"2025-07-03T07:55:31","modified_gmt":"2025-07-03T10:55:31","slug":"doutorado-academico","status":"publish","type":"page","link":"https:\/\/www.ufsm.br\/cursos\/pos-graduacao\/santa-maria\/ppga\/doutorado-academico","title":{"rendered":"Doutorado"},"content":{"rendered":"\n<figure class=\"wp-block-image size-full\"><img fetchpriority=\"high\" decoding=\"async\" width=\"1024\" height=\"270\" src=\"https:\/\/www.ufsm.br\/app\/uploads\/sites\/512\/2023\/05\/PPGA-3.jpg\" alt=\"\" class=\"wp-image-1233\" srcset=\"https:\/\/www.ufsm.br\/app\/uploads\/sites\/512\/2023\/05\/PPGA-3.jpg 1024w, https:\/\/www.ufsm.br\/app\/uploads\/sites\/512\/2023\/05\/PPGA-3-300x79.jpg 300w, https:\/\/www.ufsm.br\/app\/uploads\/sites\/512\/2023\/05\/PPGA-3-768x203.jpg 768w\" sizes=\"(max-width: 1024px) 100vw, 1024px\" \/><\/figure>\n\n\n\n<h2>Fus\u00e3o dos PPGs em Administra\u00e7\u00e3o e Ci\u00eancias Cont\u00e1beis\u00a0 = PPGACC<\/h2>\n<h3 class=\"entry-title text-start text-primary\" style=\"text-align: justify\">(Aprovada pela Capes) \u2013 A fus\u00e3o resulta na cria\u00e7\u00e3o do Programa de P\u00f3s-Gradua\u00e7\u00e3o em Administra\u00e7\u00e3o e Ci\u00eancias Cont\u00e1beis da UFSM<\/h3>\n<p><b>Coordena\u00e7\u00e3o do PPGACC<br \/><\/b>E-mail:<strong><a class=\"notranslate\" href=\"mailto:ppgacc@ufsm.br\">\u00a0ppgacc@ufsm.br<\/a><\/strong><\/p>\n<p><strong>Atual Coordenadora: Profa. Dra. Simone Alves Pacheco de Campos<\/strong><\/p>\n<p><strong>Atual Coordenador Substituto: Prof. Dr. Vin\u00edcius Costa da Silva Zonatto<\/strong><\/p>\n<p><strong>Obs.:<\/strong>\u00a0\u00a0<span style=\"background-color: #ffff00\"><strong>PPGA (existe no SIE \u201csubordinado\/dentro\u201d do registro do PPGACC at\u00e9 o \u00faltimo aluno se formar)<\/strong><\/span><\/p>\n<p style=\"text-align: justify\">O curso de\u00a0<b>P\u00f3s-Gradua\u00e7\u00e3o em Administra\u00e7\u00e3o<\/b>\u00a0est\u00e1 localizado em\u00a0<b>Campus Camobi \u2013 UFSM<\/b>\u00a0na modalidade\u00a0<b>Doutorado \u2013 Presencial<\/b>\u00a0sendo\u00a0<b>Matutino<\/b>\u00a0o seu turno de funcionamento. A \u00e1rea de conhecimento do curso \u00e9 classificada como\u00a0<b>CI\u00caNCIAS SOCIAIS APLICADAS<\/b>. Atualmente, a coordena\u00e7\u00e3o \u00e9 de responsabilidade de\u00a0<b>SIMONE ALVES PACHECO DE CAMPOS<\/b>, a coordena\u00e7\u00e3o substituta de <b>VIN\u00cdCIUS COSTA DA SILVA ZONATTO<\/b> e a secretaria de <b>RUBE AFONSO RODRIGUES NETO<\/b>.<\/p>\n<p>O curso \u00e9 ofertado em per\u00edodo\u00a0<b>Semestral<\/b>, sendo\u00a0<b>8<\/b>\u00a0o n\u00famero de per\u00edodos indicados para sua conclus\u00e3o.<\/p>\n<p class=\"mt-3\">Reconhecido pelo Minist\u00e9rio da Educa\u00e7\u00e3o \u2013 Portaria n. 609\/2019<\/p>\n<p style=\"text-align: justify\">\u00a0 \u00a0 \u00a0 \u00a0 \u00a0 \u00a0 O Curso de Doutorado ser\u00e1 ofertado em regime semestral e ter\u00e1 a dura\u00e7\u00e3o m\u00e1xima de quarenta e oito (48) meses para a conclus\u00e3o, incluindo disciplinas e tese, sendo poss\u00edvel uma prorroga\u00e7\u00e3o de at\u00e9 seis (6) meses em car\u00e1ter excepcional, a crit\u00e9rio do Colegiado do Programa.<\/p>\n<p style=\"text-align: justify\">\u00a0 \u00a0 \u00a0 \u00a0 \u00a0 \u00a0 A Estrutura Curricular do Curso, concebida em regime semestral, possibilita ao discente a obten\u00e7\u00e3o da totalidade dos cr\u00e9ditos nos primeiros dezoito meses (18) meses do curso e a elabora\u00e7\u00e3o da Tese a partir do d\u00e9cimo nono (19\u00ba) m\u00eas, sendo composto de: oito (8) cr\u00e9ditos em Disciplinas Obrigat\u00f3rias da \u00c1rea de Concentra\u00e7\u00e3o; 4 (quatro) cr\u00e9ditos em Disciplina Obrigat\u00f3ria da Linha de Pesquisa; at\u00e9 vinte e quatro (24) cr\u00e9ditos em Disciplinas Optativas e at\u00e9 oito (8) cr\u00e9ditos de aproveitamento em Produ\u00e7\u00e3o Acad\u00eamico Cient\u00edfica, devendo totalizar no m\u00ednimo trinta e seis (36) cr\u00e9ditos para integraliza\u00e7\u00e3o curricular.<\/p>\n<p><strong>Para conclus\u00e3o do Curso, o discente dever\u00e1 obter, no m\u00ednimo:<\/strong><\/p>\n<p style=\"text-align: justify\">\u2022 Quinhentas e quarenta (540) horas-aula, equivalentes a trinta e seis (36) cr\u00e9ditos, sendo, pelo menos, quatro (4) cr\u00e9ditos em Semin\u00e1rios de Produ\u00e7\u00e3o Acad\u00eamico Cient\u00edfica;\u00a0<br \/>\u2022 Profici\u00eancia em L\u00edngua Estrangeira, tendo como primeira l\u00edngua obrigatoriamente o ingl\u00eas e, a segunda l\u00edngua, de livre escolha do discente, de acordo com as regulamenta\u00e7\u00f5es definidas em legisla\u00e7\u00e3o vigente na UFSM;<br \/>\u2022 Elabora\u00e7\u00e3o, apresenta\u00e7\u00e3o e aprova\u00e7\u00e3o de uma Tese, diante de uma Comiss\u00e3o Examinadora de Docentes Doutores<\/p>\n<p><strong>Disciplinas obrigat\u00f3rias da \u00e1rea de concentra\u00e7\u00e3o<\/strong><\/p>\n<p>Estudos Organizacionais &#8211; 60 horas\/aula &#8211; 04 Cr\u00e9ditos<\/p>\n<p>Epistemologia e Pesquisa em Administra\u00e7\u00e3o &#8211; 60 horas\/aula &#8211; 04 Cr\u00e9ditos<\/p>\n<p><strong>Produ\u00e7\u00e3o acad\u00eamica<\/strong><\/p>\n<p style=\"text-align: justify\">\u00a0 \u00a0 \u00a0 \u00a0 \u00a0 Os cr\u00e9ditos em Produ\u00e7\u00e3o Acad\u00eamica ser\u00e3o efetivados na Disciplina de Semin\u00e1rios de Produ\u00e7\u00e3o Acad\u00eamico Cient\u00edfica, com quatro (4) cr\u00e9ditos, podendo o discente matricular-se em dois (2) semestres.<\/p>\n<p style=\"text-align: justify\">\u00a0 \u00a0 \u00a0 \u00a0 \u00a0 O aproveitamento da produ\u00e7\u00e3o acad\u00eamica pode ser solicitado ao colegiado pelo discente do curso de doutorado, com anu\u00eancia do orientador, que tenha efetuado publica\u00e7\u00e3o de artigo (s) relacionado (s) \u00e0 linha de pesquisa de seu trabalho de Tese, durante o per\u00edodo regular de Curso e em revistas indexadas da \u00e1rea. A contabiliza\u00e7\u00e3o varia de 0,5 (meio) a 4 (quatro) cr\u00e9ditos por artigo, de acordo com a classifica\u00e7\u00e3o da publica\u00e7\u00e3o, avaliada pelo Qualis da \u00e1rea de Administra\u00e7\u00e3o, Ci\u00eancias Cont\u00e1beis e Turismo, conforme tabela abaixo:<\/p>\n<table border=\"1\" cellspacing=\"0\" cellpadding=\"0\">\n<tbody>\n<tr>\n<td valign=\"top\" width=\"102\"><strong>Qualis<\/strong><\/td>\n<td valign=\"top\" width=\"94\"><strong>Cr\u00e9ditos<\/strong><\/td>\n<\/tr>\n<tr>\n<td valign=\"top\" width=\"102\">A1<\/td>\n<td valign=\"top\" width=\"94\">4,0<\/td>\n<\/tr>\n<tr>\n<td valign=\"top\" width=\"102\">A2<\/td>\n<td valign=\"top\" width=\"94\">3,5<\/td>\n<\/tr>\n<tr>\n<td valign=\"top\" width=\"102\">B1<\/td>\n<td valign=\"top\" width=\"94\">3,0<\/td>\n<\/tr>\n<tr>\n<td valign=\"top\" width=\"102\">B2<\/td>\n<td valign=\"top\" width=\"94\">2,5<\/td>\n<\/tr>\n<tr>\n<td valign=\"top\" width=\"102\">B3<\/td>\n<td valign=\"top\" width=\"94\">2,0<\/td>\n<\/tr>\n<tr>\n<td valign=\"top\" width=\"102\">B4<\/td>\n<td valign=\"top\" width=\"94\">1,0<\/td>\n<\/tr>\n<tr>\n<td valign=\"top\" width=\"102\">B5<\/td>\n<td valign=\"top\" width=\"94\">0,5<\/td>\n<\/tr>\n<\/tbody>\n<\/table>\n<p>\u00a0A atribui\u00e7\u00e3o de cr\u00e9ditos \u00e9 determinada pelo colegiado do programa. Ap\u00f3s a aprova\u00e7\u00e3o pelo colegiado do programa, os cr\u00e9ditos obtidos em publica\u00e7\u00f5es s\u00e3o registrados no Hist\u00f3rico escolar e s\u00e3o computados nos cr\u00e9ditos m\u00ednimos para a integraliza\u00e7\u00e3o do curso.<\/p>\n\n\n","protected":false},"excerpt":{"rendered":"<p>Fus\u00e3o dos PPGs em Administra\u00e7\u00e3o e Ci\u00eancias Cont\u00e1beis\u00a0 = PPGACC (Aprovada pela Capes) \u2013 A fus\u00e3o resulta na cria\u00e7\u00e3o do Programa de P\u00f3s-Gradua\u00e7\u00e3o em Administra\u00e7\u00e3o e Ci\u00eancias Cont\u00e1beis da UFSM Coordena\u00e7\u00e3o do PPGACCE-mail:\u00a0ppgacc@ufsm.br Atual Coordenadora: Profa. Dra. Simone Alves Pacheco de Campos Atual Coordenador Substituto: Prof. Dr. Vin\u00edcius Costa da Silva Zonatto Obs.:\u00a0\u00a0PPGA (existe no [&hellip;]<\/p>\n","protected":false},"author":117,"featured_media":0,"parent":0,"menu_order":0,"comment_status":"closed","ping_status":"closed","template":"","meta":{"footnotes":""},"categories":[],"tags":[],"class_list":["post-154","page","type-page","status-publish","hentry"],"acf":[],"_links":{"self":[{"href":"https:\/\/www.ufsm.br\/cursos\/pos-graduacao\/santa-maria\/ppga\/wp-json\/wp\/v2\/pages\/154","targetHints":{"allow":["GET"]}}],"collection":[{"href":"https:\/\/www.ufsm.br\/cursos\/pos-graduacao\/santa-maria\/ppga\/wp-json\/wp\/v2\/pages"}],"about":[{"href":"https:\/\/www.ufsm.br\/cursos\/pos-graduacao\/santa-maria\/ppga\/wp-json\/wp\/v2\/types\/page"}],"author":[{"embeddable":true,"href":"https:\/\/www.ufsm.br\/cursos\/pos-graduacao\/santa-maria\/ppga\/wp-json\/wp\/v2\/users\/117"}],"replies":[{"embeddable":true,"href":"https:\/\/www.ufsm.br\/cursos\/pos-graduacao\/santa-maria\/ppga\/wp-json\/wp\/v2\/comments?post=154"}],"version-history":[{"count":0,"href":"https:\/\/www.ufsm.br\/cursos\/pos-graduacao\/santa-maria\/ppga\/wp-json\/wp\/v2\/pages\/154\/revisions"}],"wp:attachment":[{"href":"https:\/\/www.ufsm.br\/cursos\/pos-graduacao\/santa-maria\/ppga\/wp-json\/wp\/v2\/media?parent=154"}],"wp:term":[{"taxonomy":"category","embeddable":true,"href":"https:\/\/www.ufsm.br\/cursos\/pos-graduacao\/santa-maria\/ppga\/wp-json\/wp\/v2\/categories?post=154"},{"taxonomy":"post_tag","embeddable":true,"href":"https:\/\/www.ufsm.br\/cursos\/pos-graduacao\/santa-maria\/ppga\/wp-json\/wp\/v2\/tags?post=154"}],"curies":[{"name":"wp","href":"https:\/\/api.w.org\/{rel}","templated":true}]}}