{"id":1543,"date":"2024-07-24T16:22:26","date_gmt":"2024-07-24T19:22:26","guid":{"rendered":"https:\/\/www.ufsm.br\/cursos\/pos-graduacao\/santa-maria\/ppga\/?page_id=1543"},"modified":"2025-03-07T10:18:58","modified_gmt":"2025-03-07T13:18:58","slug":"politica-de-avaliacao-do-programa","status":"publish","type":"page","link":"https:\/\/www.ufsm.br\/cursos\/pos-graduacao\/santa-maria\/ppga\/politica-de-avaliacao-do-programa","title":{"rendered":"Pol\u00edtica de Avalia\u00e7\u00e3o do Programa"},"content":{"rendered":"\n<p><strong>AUTOAVALIA\u00c7\u00c3O DO PPGA<\/strong><\/p>\n<p><strong>\u00a0<\/strong><\/p>\n<p style=\"text-align: justify\">O Programa de P\u00f3s-Gradua\u00e7\u00e3o em Administra\u00e7\u00e3o da UFSM (PPGA-UFSM), ciente da necessidade de autoavalia\u00e7\u00e3o peri\u00f3dica e defini\u00e7\u00f5es de monitoramento de suas a\u00e7\u00f5es, definiu um conjunto de diretrizes, pol\u00edticas, estrat\u00e9gias e instrumentos que comp\u00f5em a Autoavalia\u00e7\u00e3o do PPGA. Tais mecanismos e controles de autoavalia\u00e7\u00e3o s\u00e3o definidas pelo Grupo de Trabalho de Autoavalia\u00e7\u00e3o e Monitoramento do PPGA, composto pelos membros do colegiado de tal Programa.<\/p>\n<p style=\"text-align: justify\">O processo de Autoavalia\u00e7\u00e3o utilizado segue as recomenda\u00e7\u00f5es da Capes que, no relat\u00f3rio do grupo de trabalho CAPES sobre Autoavalia\u00e7\u00e3o de Programas de P\u00f3s-Gradua\u00e7\u00e3o, prev\u00ea o monitoramento da qualidade do programa, seu processo formativo, produ\u00e7\u00e3o de conhecimento, atua\u00e7\u00e3o e impacto pol\u00edtico, educacional, econ\u00f4mico e social; bem como, o foco na forma\u00e7\u00e3o discente na perspectiva da inser\u00e7\u00e3o social e\/ou cientifica e\/ou tecnol\u00f3gica e\/ou profissional, presencial e\/ou a dist\u00e2ncia do programa.<\/p>\n<p style=\"text-align: justify\">Sendo que, a Autoavalia\u00e7\u00e3o visa produzir conhecimento sobre o PPGA-UFSM, a partir de suas dimens\u00f5es regional, social, cient\u00edfica e cultural, ampliando suas rela\u00e7\u00f5es com a comunidade, e fornecendo um diagn\u00f3stico estrat\u00e9gico, utilizado como guia para a\u00e7\u00f5es futuras.<\/p>\n<p style=\"text-align: justify\">\u00a0<\/p>\n<p style=\"text-align: justify\"><strong>Equipe de Trabalho<\/strong>: Corpo docente e discente do PPGA-UFSM.<\/p>\n<p style=\"text-align: justify\">\u00a0<\/p>\n<p style=\"text-align: justify\"><strong>Descri\u00e7\u00e3o<\/strong>: O GT de Autovalia\u00e7\u00e3o e Monitoramento do PPGA, composto pelos membros do colegiado do referido Programa, \u00e9 respons\u00e1vel por implementar e conduzir o processo de autoavalia\u00e7\u00e3o cont\u00ednua do Programa, analisando seu desempenho em diversas dimens\u00f5es, como ensino, pesquisa, extens\u00e3o e gest\u00e3o acad\u00eamica. O grupo visa identificar pontos fortes e pass\u00edveis de melhorias, assegurando que o PPGA esteja em constante aperfei\u00e7oamento, adaptando-se \u00e0s mudan\u00e7as e respondendo proativamente \u00e0s demandas internas e externas.<\/p>\n<p style=\"text-align: justify\">\u00a0<\/p>\n<p style=\"text-align: justify\"><strong>Objetivos<\/strong>:<\/p>\n<ul style=\"text-align: justify\">\n<li>Desenvolver e aplicar um sistema de autoavalia\u00e7\u00e3o eficaz, com \u00eanfase no aprimoramento da qualidade acad\u00eamica e administrativa do Programa;<\/li>\n<li>Utilizar os resultados para embasar a\u00e7\u00f5es corretivas e aprimorar os processos institucionais, preparando periodicamente relat\u00f3rios de autoavalia\u00e7\u00e3o que destacam os avan\u00e7os alcan\u00e7ados, as metas cumpridas e os desafios identificados; e,<\/li>\n<li>Incentivar a cultura de autoavalia\u00e7\u00e3o cont\u00ednua entre todos os membros do Programa, promovendo reuni\u00f5es de <em>feedback<\/em> com docentes, discentes, egressos e colaboradores, oportunizando a conscientiza\u00e7\u00e3o acerca da import\u00e2ncia do processo para a melhoria constante e a excel\u00eancia acad\u00eamica.<\/li>\n<\/ul>\n<p style=\"text-align: justify\">\u00a0<\/p>\n<p>LINK\u00a0 &#8211;<strong>\u00a0<a href=\"https:\/\/www.ufsm.br\/app\/uploads\/sites\/512\/2024\/11\/Relatorio-de-Autoavaliacao-2021.pdf\">Relatorio de Autoavalia\u00e7\u00e3o 2021<\/a>\u00a0<\/strong><\/p>\n<p>LINK &#8211; <strong><a href=\"https:\/\/www.ufsm.br\/app\/uploads\/sites\/512\/2025\/03\/Relatorio-de-Autoavaliacao-2022-a-2024.pdf\">Relatorio de Autoavalia\u00e7\u00e3o 2022 a 2024<\/a><\/strong><\/p>\n<p>\u00a0<\/p>\n<p>\u00a0<\/p>\n<p><strong>Planejamento Estrat\u00e9gico<\/strong><\/p>\n","protected":false},"excerpt":{"rendered":"<p>AUTOAVALIA\u00c7\u00c3O DO PPGA \u00a0 O Programa de P\u00f3s-Gradua\u00e7\u00e3o em Administra\u00e7\u00e3o da UFSM (PPGA-UFSM), ciente da necessidade de autoavalia\u00e7\u00e3o peri\u00f3dica e defini\u00e7\u00f5es de monitoramento de suas a\u00e7\u00f5es, definiu um conjunto de diretrizes, pol\u00edticas, estrat\u00e9gias e instrumentos que comp\u00f5em a Autoavalia\u00e7\u00e3o do PPGA. Tais mecanismos e controles de autoavalia\u00e7\u00e3o s\u00e3o definidas pelo Grupo de Trabalho de Autoavalia\u00e7\u00e3o [&hellip;]<\/p>\n","protected":false},"author":905,"featured_media":0,"parent":0,"menu_order":0,"comment_status":"closed","ping_status":"closed","template":"","meta":{"footnotes":""},"categories":[],"tags":[],"class_list":["post-1543","page","type-page","status-publish","hentry"],"acf":[],"_links":{"self":[{"href":"https:\/\/www.ufsm.br\/cursos\/pos-graduacao\/santa-maria\/ppga\/wp-json\/wp\/v2\/pages\/1543","targetHints":{"allow":["GET"]}}],"collection":[{"href":"https:\/\/www.ufsm.br\/cursos\/pos-graduacao\/santa-maria\/ppga\/wp-json\/wp\/v2\/pages"}],"about":[{"href":"https:\/\/www.ufsm.br\/cursos\/pos-graduacao\/santa-maria\/ppga\/wp-json\/wp\/v2\/types\/page"}],"author":[{"embeddable":true,"href":"https:\/\/www.ufsm.br\/cursos\/pos-graduacao\/santa-maria\/ppga\/wp-json\/wp\/v2\/users\/905"}],"replies":[{"embeddable":true,"href":"https:\/\/www.ufsm.br\/cursos\/pos-graduacao\/santa-maria\/ppga\/wp-json\/wp\/v2\/comments?post=1543"}],"version-history":[{"count":0,"href":"https:\/\/www.ufsm.br\/cursos\/pos-graduacao\/santa-maria\/ppga\/wp-json\/wp\/v2\/pages\/1543\/revisions"}],"wp:attachment":[{"href":"https:\/\/www.ufsm.br\/cursos\/pos-graduacao\/santa-maria\/ppga\/wp-json\/wp\/v2\/media?parent=1543"}],"wp:term":[{"taxonomy":"category","embeddable":true,"href":"https:\/\/www.ufsm.br\/cursos\/pos-graduacao\/santa-maria\/ppga\/wp-json\/wp\/v2\/categories?post=1543"},{"taxonomy":"post_tag","embeddable":true,"href":"https:\/\/www.ufsm.br\/cursos\/pos-graduacao\/santa-maria\/ppga\/wp-json\/wp\/v2\/tags?post=1543"}],"curies":[{"name":"wp","href":"https:\/\/api.w.org\/{rel}","templated":true}]}}