{"id":1546,"date":"2024-07-29T08:20:26","date_gmt":"2024-07-29T11:20:26","guid":{"rendered":"https:\/\/www.ufsm.br\/cursos\/pos-graduacao\/santa-maria\/ppga\/?page_id=1546"},"modified":"2024-09-26T08:26:15","modified_gmt":"2024-09-26T11:26:15","slug":"missao-e-valeres-do-ppg-em-administracao","status":"publish","type":"page","link":"https:\/\/www.ufsm.br\/cursos\/pos-graduacao\/santa-maria\/ppga\/missao-e-valeres-do-ppg-em-administracao","title":{"rendered":"Miss\u00e3o, Vis\u00e3o, Valeres e Objetivos do PPG em Administra\u00e7\u00e3o"},"content":{"rendered":"\n<p>Em edi\u00e7\u00e3o<\/p>\n<table style=\"width: 100%;border-collapse: collapse;border-style: solid;border-color: #0a0101;height: 115px\">\n<tbody>\n<tr style=\"height: 23px\">\n<td style=\"width: 13.1088%;border-style: solid;border-color: #080101;height: 23px\"><img decoding=\"async\" class=\"wp-image-1569 size-thumbnail alignleft\" src=\"https:\/\/www.ufsm.br\/app\/uploads\/sites\/512\/2024\/09\/PGA-Fundo-Transparente-1-150x150.png\" alt=\"\" width=\"150\" height=\"150\" srcset=\"https:\/\/www.ufsm.br\/app\/uploads\/sites\/512\/2024\/09\/PGA-Fundo-Transparente-1-150x150.png 150w, https:\/\/www.ufsm.br\/app\/uploads\/sites\/512\/2024\/09\/PGA-Fundo-Transparente-1-300x300.png 300w, https:\/\/www.ufsm.br\/app\/uploads\/sites\/512\/2024\/09\/PGA-Fundo-Transparente-1.png 500w\" sizes=\"(max-width: 150px) 100vw, 150px\" \/><\/td>\n<td style=\"width: 86.8912%;border-style: solid;border-color: #080101;height: 23px;background-color: #4070cf\">\n<h2 style=\"text-align: center\">PROGRAMA DE P\u00d3S-GRADUA\u00c7\u00c3O EM ADMINISTRA\u00c7\u00c3O<\/h2>\n<\/td>\n<\/tr>\n<tr style=\"height: 23px\">\n<td style=\"width: 13.1088%;border-style: solid;border-color: #080101;height: 23px;background-color: #7fcceb;text-align: center\">\n<h2>MISS\u00c3O<\/h2>\n<\/td>\n<td style=\"width: 86.8912%;border-style: solid;border-color: #080101;height: 23px;background-color: #d5edf7\">\n<p style=\"text-align: justify\">\u00a0 \u00a0Ser um Programa de excel\u00eancia em ensino, pesquisa e extens\u00e3o em Administra\u00e7\u00e3o, com padr\u00e3o internacional, formando profissionais\/pesquisadores inovadores e \u00e9ticos, que contribuam para o desenvolvimento mundial sustent\u00e1vel. Tem como compet\u00eancia central a produ\u00e7\u00e3o do conhecimento, tecnologia e inova\u00e7\u00e3o e como objetivo principal a forma\u00e7\u00e3o de recursos humanos com amplo dom\u00ednio da Administra\u00e7\u00e3o para o exerc\u00edcio do ensino, pesquisa e extens\u00e3o bem como de outras atividades profissionais.<\/p>\n<\/td>\n<\/tr>\n<tr style=\"height: 23px\">\n<td style=\"width: 13.1088%;border-style: solid;border-color: #080101;height: 23px;background-color: #0d82bd;text-align: center\">\n<h2>VIS\u00c3O<\/h2>\n<\/td>\n<td style=\"width: 86.8912%;border-style: solid;border-color: #080101;height: 23px;text-align: justify\">\n<p>\u00a0 \u00a0 \u00a0 \u00a0Ser reconhecido como um programa de p\u00f3s-gradua\u00e7\u00e3o em Administra\u00e7\u00e3o de refer\u00eancia no \u00e2mbito das institui\u00e7\u00f5es federais, promovendo excel\u00eancia em sua atua\u00e7\u00e3o em favor de toda comunidade acad\u00eamica e da sociedade em geral, comprometido com o produ\u00e7\u00e3o de conhecimento, desenvolvimento do pensamento cr\u00edtico de refer\u00eancia nacional e internacional.<\/p>\n<\/td>\n<\/tr>\n<tr style=\"height: 23px\">\n<td style=\"width: 13.1088%;border-style: solid;border-color: #080101;height: 23px;background-color: #05bbf7;text-align: center\">\n<h2>VALORES<\/h2>\n<\/td>\n<td style=\"width: 86.8912%;border-style: solid;border-color: #080101;height: 23px;background-color: #dfeef7\">\n<p style=\"text-align: justify\">\u00a0 \u00a0 \u00a0 O PPG em\u00a0 Administra\u00e7\u00e3o norteia-se por valores democr\u00e1ticos alicer\u00e7ados no respeito aos direitos fundamentais e reconhece o papel social que deve ser desempenhado pela academia, sobretudo pela universidade p\u00fablica, gratuita e de qualidade, comprometida com o respeito \u00e0 identidade e diversidade e com forte compromisso social, como \u00e9 o caso da Universidade Federal de Santa Maria.<\/p>\n<ul>\n<li>\u00c9tica<\/li>\n<li>Transpar\u00eancia;<\/li>\n<li>Legalidade;<\/li>\n<li>Impessoalidade;<\/li>\n<li>Comprometimento;<\/li>\n<li>Justi\u00e7a;<\/li>\n<li>Seguran\u00e7a;<\/li>\n<li>Respeito;<\/li>\n<li>Colabora\u00e7\u00e3o.<\/li>\n<\/ul>\n<\/td>\n<\/tr>\n<tr style=\"height: 23px\">\n<td style=\"width: 13.1088%;border-style: solid;border-color: #080101;height: 23px;background-color: #0585f5;text-align: center\" rowspan=\"2\">\n<h2>OBJETIVOS<\/h2>\n<\/td>\n<td style=\"width: 86.8912%;border-style: solid;border-color: #080101;height: 23px;text-align: justify\">\n<p><strong>\u00a0 Objetivo Geral:<\/strong> forma\u00e7\u00e3o de profissionais e pesquisadores de alto n\u00edvel que respondam \u00e0s demandas sociais da \u00e1rea de Administra\u00e7\u00e3o. N\u00e3o obstante, articula essa miss\u00e3o espec\u00edfica do escopo universit\u00e1rio ao compromisso pol\u00edtico-social de qualificar profissionais em n\u00edvel de excel\u00eancia para atuar nas estruturas da Administra\u00e7\u00e3o, as quais requerem reiteradamente a eleva\u00e7\u00e3o do patamar de qualifica\u00e7\u00e3o de seus quadros, subsidiados por referenciais epistemol\u00f3gicos, \u00e9ticos, te\u00f3rico-pr\u00e1ticos e metodol\u00f3gicos condizentes com paradigmas que possam contemplar as quest\u00f5es contempor\u00e2neas.<\/p>\n<\/td>\n<\/tr>\n<tr>\n<td style=\"width: 86.8912%;border-style: solid;border-color: #080101\">\n<p><strong>\u00a0 Objetivos espec\u00edficos:<\/strong><\/p>\n<ul>\n<li style=\"text-align: justify\">\u00a0I \u2013 gerenciar, coordenar e incentivar atividades de ensino de p\u00f3s-gradua\u00e7\u00e3o, de pesquisa e de extens\u00e3o na \u00e1rea de Administra\u00e7\u00e3o e Gest\u00e3o;<\/li>\n<li style=\"text-align: justify\">\u00a0II \u2013 qualificar profissionais em alto n\u00edvel para o exerc\u00edcio das atividades de ensino, pesquisa e extens\u00e3o na \u00e1rea de Administra\u00e7\u00e3o;<\/li>\n<li style=\"text-align: justify\">\u00a0III \u2013 estimular a integra\u00e7\u00e3o entre a Gradua\u00e7\u00e3o e a P\u00f3s-Gradua\u00e7\u00e3o por meio da participa\u00e7\u00e3o de estudantes em atividades de inicia\u00e7\u00e3o cient\u00edfica nos projetos de pesquisa;<\/li>\n<li style=\"text-align: justify\">\u00a0IV \u2013 promover a difus\u00e3o do conhecimento com o incentivo \u00e0 publica\u00e7\u00e3o da produ\u00e7\u00e3o resultante do esfor\u00e7o de pesquisa da comunidade acad\u00eamica da \u00e1rea em peri\u00f3dicos cient\u00edficos nacionais e internacionais;<\/li>\n<li style=\"text-align: justify\">\u00a0V \u2013 incentivar e qualificar a produ\u00e7\u00e3o do conhecimento por meio da busca e amplia\u00e7\u00e3o de fontes de financiamento de ag\u00eancias de fomento;<\/li>\n<li style=\"text-align: justify\">\u00a0VI \u2013 estimular a mobilidade docente e discente por meio do est\u00edmulo e apoio ao interc\u00e2mbio acad\u00eamico e cient\u00edfico, desenvolvendo equipes de coopera\u00e7\u00e3o e de intera\u00e7\u00e3o com outras IES do Brasil e do exterior;<\/li>\n<li style=\"text-align: justify\">\u00a0VII \u2013 promover a busca do conhecimento e de apoio \u00e0s a\u00e7\u00f5es de desenvolvimento de demandas da sociedade no \u00e2mbito da sua compet\u00eancia;<\/li>\n<li style=\"text-align: justify\">\u00a0VIII \u2013 desenvolver a\u00e7\u00f5es de apoio \u00e0 nuclea\u00e7\u00e3o de programas de p\u00f3sgradua\u00e7\u00e3o em institui\u00e7\u00f5es com potencial de desenvolvimento na Regi\u00e3o e no Pa\u00eds.<\/li>\n<\/ul>\n<p>\u00a0<\/p>\n<\/td>\n<\/tr>\n<\/tbody>\n<\/table>\n\n\n","protected":false},"excerpt":{"rendered":"<p>Em edi\u00e7\u00e3o PROGRAMA DE P\u00d3S-GRADUA\u00c7\u00c3O EM ADMINISTRA\u00c7\u00c3O MISS\u00c3O \u00a0 \u00a0Ser um Programa de excel\u00eancia em ensino, pesquisa e extens\u00e3o em Administra\u00e7\u00e3o, com padr\u00e3o internacional, formando profissionais\/pesquisadores inovadores e \u00e9ticos, que contribuam para o desenvolvimento mundial sustent\u00e1vel. Tem como compet\u00eancia central a produ\u00e7\u00e3o do conhecimento, tecnologia e inova\u00e7\u00e3o e como objetivo principal a forma\u00e7\u00e3o de recursos [&hellip;]<\/p>\n","protected":false},"author":905,"featured_media":0,"parent":0,"menu_order":0,"comment_status":"closed","ping_status":"closed","template":"","meta":{"footnotes":""},"categories":[],"tags":[],"class_list":["post-1546","page","type-page","status-publish","hentry"],"acf":[],"_links":{"self":[{"href":"https:\/\/www.ufsm.br\/cursos\/pos-graduacao\/santa-maria\/ppga\/wp-json\/wp\/v2\/pages\/1546","targetHints":{"allow":["GET"]}}],"collection":[{"href":"https:\/\/www.ufsm.br\/cursos\/pos-graduacao\/santa-maria\/ppga\/wp-json\/wp\/v2\/pages"}],"about":[{"href":"https:\/\/www.ufsm.br\/cursos\/pos-graduacao\/santa-maria\/ppga\/wp-json\/wp\/v2\/types\/page"}],"author":[{"embeddable":true,"href":"https:\/\/www.ufsm.br\/cursos\/pos-graduacao\/santa-maria\/ppga\/wp-json\/wp\/v2\/users\/905"}],"replies":[{"embeddable":true,"href":"https:\/\/www.ufsm.br\/cursos\/pos-graduacao\/santa-maria\/ppga\/wp-json\/wp\/v2\/comments?post=1546"}],"version-history":[{"count":0,"href":"https:\/\/www.ufsm.br\/cursos\/pos-graduacao\/santa-maria\/ppga\/wp-json\/wp\/v2\/pages\/1546\/revisions"}],"wp:attachment":[{"href":"https:\/\/www.ufsm.br\/cursos\/pos-graduacao\/santa-maria\/ppga\/wp-json\/wp\/v2\/media?parent=1546"}],"wp:term":[{"taxonomy":"category","embeddable":true,"href":"https:\/\/www.ufsm.br\/cursos\/pos-graduacao\/santa-maria\/ppga\/wp-json\/wp\/v2\/categories?post=1546"},{"taxonomy":"post_tag","embeddable":true,"href":"https:\/\/www.ufsm.br\/cursos\/pos-graduacao\/santa-maria\/ppga\/wp-json\/wp\/v2\/tags?post=1546"}],"curies":[{"name":"wp","href":"https:\/\/api.w.org\/{rel}","templated":true}]}}