{"id":157,"date":"2019-01-17T12:13:32","date_gmt":"2019-01-17T14:13:32","guid":{"rendered":"https:\/\/www.ufsm.br\/cursos\/pos-graduacao\/santa-maria\/ppga\/?page_id=157"},"modified":"2022-07-21T14:37:02","modified_gmt":"2022-07-21T17:37:02","slug":"internacionalizacao","status":"publish","type":"page","link":"https:\/\/www.ufsm.br\/cursos\/pos-graduacao\/santa-maria\/ppga\/internacionalizacao","title":{"rendered":"Internacionaliza\u00e7\u00e3o"},"content":{"rendered":"\n<div class=\"item-page\">\n<p style=\"text-align: justify\">\u00a0 \u00a0 \u00a0 \u00a0 \u00a0 \u00a0 \u00a0A busca do incremento no processo de internacionaliza\u00e7\u00e3o tornou-se uma das principais metas do PPGA\/UFSM para o quadri\u00eanio (2013-2016). Esse processo tem sido constru\u00eddo ao longo do desenvolvimento do Programa. Com a cria\u00e7\u00e3o do Curso de Doutorado em 2012 (em 2016 foi conclu\u00edda a primeira turma), a potencializa\u00e7\u00e3o desse processo passou a ser mais consistente. As principais a\u00e7\u00f5es desenvolvidas ao longo do quadri\u00eanio s\u00e3o a seguir apresentadas.<\/p>\n<p style=\"text-align: justify\">\u00a0 \u00a0 \u00a0 \u00a0 \u00a0 \u00a0 \u00a0 \u00a0 <strong>\u00a0a)<\/strong> Realiza\u00e7\u00e3o de curso de P\u00f3s-doutorado de docentes no exterior. Ao longo do quadri\u00eanio 03 docentes realizaram curso de p\u00f3s-doutorado no exterior (15% do quadro docente permanente) e em 2017 est\u00e1 prevista a sa\u00edda de 01 doente para realizar o seu curso.<br \/>\u2022 Entre 2014 e 2015, 02 docentes do PPGA realizaram p\u00f3s-doutorado: Vania de F\u00e1tima Barros Estivalete (de agosto de 2014 a julho de 2015), na Universidade de Lisboa, em Portugal, e Felipe Martins M\u00fcller (de julho de 2014 a agosto de 2015) na DMU &#8211; De Montfort University, Inglaterra Inglaterra.\u00a0<br \/>\u2022 Em 2016 o docente Eug\u00eanio Simonetto realizou seu p\u00f3s-doutoramento na Universidade de Minho, em Portugal.<\/p>\n<p style=\"text-align: justify\">\u00a0 \u00a0 \u00a0 \u00a0 \u00a0 \u00a0 \u00a0 <strong>\u00a0b)<\/strong> Participa\u00e7\u00e3o de docentes em eventos internacionais. Ao longo quadri\u00eanio v\u00e1rios docentes do PPGA participaram de eventos de impacto na \u00e1rea de administra\u00e7\u00e3o (cerca de 70% do quadro docente permanente).\u00a0<br \/>\u2022 Em 2013, participaram de eventos no exterior, os docentes: Clandia Maffini Gomes, apresentando trabalhos na 24\u00aa Production and Operation Management Society, nos EUA, Vania Medianeira Flores Costa, no Panam\u00e1, Portugal e Argentina, Clandia Maffini Gomes na ALTEC Conference, em Portugal.\u00a0<br \/>\u2022 Em 2014, participaram de eventos no exterior, os docentes: Clandia Maffini Gomes e Fl\u00e1via Luciane Scherer, apresentando trabalhos na 25\u00aa Production and Operation Management Society, nos EUA, Clandia Maffini Gomes e L\u00facia Rejane da Rosa Gama Madruga 3\u00aa CIEM, em Pontevedra, Espanha; Luis Felipe Dias Lopes no XVII Latin-Iberian-American Conference on Operations Research, em Monterrey, M\u00e9xico; Vania Medianeira Flores Costa, na Management Studies International Conference, em Algarve, Portugal; V\u00e2nia de F\u00e1tima Barros Estivalete, 3\u00ba Congresso Ibero-Americano de Responsabilidade Social &#8211; CRIARS, Lisboa, Portugal e na 49\u00aa Asamblea Anual Cladea, em Barcelona, Espanha.<br \/>\u00a0 \u00a0 \u00a0 \u00a0 \u00a0 \u00a0 \u00a0 Em 2015, participaram de eventos no exterior, os docentes: Clandia Maffini Gomes, apresentando trabalho cient\u00edfico no PICMET \u2013 Portland International Conference for Management, Engineering and Tecnology, em Portland, EUA e V\u00e2nia de F\u00e1tima Barros Estivalete, na ISEC 2015 Lisboa, Portugal e da 8 th Conderencia Inclusive and Supportive Education Congress 26th \u2013 29th July 2015, Organization: Pro-Inclusion (Portugal), NASEN (UK), Lisboa, Portugal.<br \/>\u2022 Em 2016, participaram de eventos no exterior, os docentes: Clandia Maffini Gomes, apresentando trabalho cient\u00edfico no PICMET \u2013 Portland International Conference for Management, Engineering and Tecnology, em Portland, EUA; Eug\u00eanio Simoneto na \u2018Semana da Gest\u00e3o Industrial &#8211; Passado, Presente e Futuro com Industry 4.0\u2019, Universidade do Minho, Campus Azur\u00e9m, Guimar\u00e3es, Portugal e na Sixth International Conference on Business Sustainability, P\u00f3voa de Varzim, Portugal; L\u00facia Rejane da Rosa Gama Madruga e V\u00e2nia de F\u00e1tima Barros Estivalete, apresentado trabalhos na 5\u00aa CIEM, 27 a 29 de outubro, em La Corun\u00e3, , na Espanha; Marcelo Trevisan participando da 22nd International Sustainable Development Research Society Conference e do 1\u00ba Simp\u00f3sio Luso-Brasileiro sobre Modelos e Pr\u00e1ticas de Sustentabilidade, 11 e 15 de julho, na Universidade Nova de Lisboa, em Lisboa, Portugal, V\u00e2nia Medianeira Flores Costa participando do XVI CIGU &#8211; Col\u00f3quio Internacional de Gest\u00e3o Universit\u00e1ria, Arequipa &#8211; Peru. 2016 e da confer\u00eancia Interfaces &#8211; Universidade de Palermo, Argentina, Buenos Aires.<\/p>\n<p style=\"text-align: justify\">\u00a0 \u00a0 \u00a0 \u00a0 \u00a0 \u00a0 \u00a0<strong> c)<\/strong> Realiza\u00e7\u00e3o de Est\u00e1gio discente de doutorado no exterior. Ao longo quadri\u00eanio 07 discentes do PPGA efetuaram est\u00e1gio discente de doutorado no exterior (05 com bolsa CAPES).\u00a0<br \/>\u00a0 \u00a0 \u00a0 \u00a0 \u00a0 \u00a0 \u00a0 \u00a0 \u2022 Em 2013 foi enviado o primeiro discente do PPGA para a realiza\u00e7\u00e3o do est\u00e1gio sandu\u00edche atrav\u00e9s do Programa de Doutorado Sandu\u00edche no Exterior (PDSE): Leander Luiz Klein (University of Arizona), sendo orientado pelo professor Brinton Milward (bolsa CAPES).\u00a0<br \/>\u00a0 \u00a0 \u00a0 \u00a0 \u00a0 \u00a0 \u00a0 \u00a0\u2022 Em 2014 foram enviados 03 discentes para a realiza\u00e7\u00e3o do est\u00e1gio sandu\u00edche: Tiago Beuron (Universidade de Coimbra) orientado pelo professor Filipe Jorge Ribeiro (bolsa CAPES); Juliano Alves (University of Turky), na Finl\u00e2ndia, orientado pela professora Aino Halinon-Kaila; Alet\u00e9ia Carpes (Universit\u00e1 Degli Studi Di Udine), It\u00e1lia, orientada pela professora Maria Chiarvesio (bolsa CAPES).\u00a0<br \/>Em 2015 foram enviados 02 discentes para a realiza\u00e7\u00e3o do est\u00e1gio sandu\u00edche: a discente Jordana Marques Kneipp (Universidade de Vigo, Espanha) orientada pelo professor Carlos Maria J\u00e1rdon (Espanha) e Clandia Maffini Gomes (PPGA\/UFSM) no per\u00edodo de 01\/09\/2015 a 30\/11\/2015 (Bolsa Capes); e o discente La\u00e9rcio Juarez Melz (Universidade Christian-Albrechts-Universit\u00e4t &#8211; Kiel \u2013 Alemanha) orientado pela Dra. Birgit Schulze-Ehlers e pelo Prof. Dr. Pascoal Marion Filho no per\u00edodo de 01\/07\/2015 a 31\/12\/2015 (sem bolsa) e a discente Ivanete Schneider Hahn orientada pelo Prof. Carlos Rufin e pela Profa Fl\u00e1via Luciane Scherer na Universidade da Bentley University &#8211; Wikipedia, Boston, EUA (sem bolsa).<br \/>\u00a0 \u00a0 \u00a0 \u00a0 \u00a0 \u00a0 \u00a0 \u00a0 \u00a0 \u2022 EM 2017 est\u00e1 sendo realizado o est\u00e1gio de doutorado no exterior da discente Jana\u00edna Otonelli que ser\u00e1 realizado no Illinois Institute of Technology, em Chicago, EUA, de abril de 2017 a fevereiro de 2018 (bolsa Capes).<\/p>\n<p style=\"text-align: justify\">\u00a0 \u00a0 \u00a0 \u00a0 \u00a0 \u00a0 \u00a0<strong> d)<\/strong> Participa\u00e7\u00e3o de discentes em eventos internacionais. Ao longo do quadri\u00eanio 05 discentes participaram de eventos no exterior para apresenta\u00e7\u00e3o de trabalhos.\u00a0<br \/>\u00a0 \u00a0 \u00a0 \u00a0 \u00a0 \u00a0 \u00a0 \u00a0\u2022 Em 2013, o discente de doutorado Roberto Bichueti participou da Confer\u00eancia da European International Business Academy (EIBA), na cidade de Bremen, Alemanha;<br \/>\u00a0 \u00a0 \u00a0 \u00a0 \u00a0 \u00a0 \u2022 Em 2014, a discente de doutorado Jordana Marques Kneipp participou da IV Confer\u00eancia Iberoamericana de Empreendedorismo, em Pontevedra, na Espanha;<br \/>\u00a0 \u00a0 \u00a0 \u00a0 \u00a0 \u00a0 \u2022 Em 2015, a discente de doutorado Luciana Barbieri participou da 26\u00aa Production and Operations Management &#8211; POMS Conference em Boston, EUA, Jordana Marques Kneipp participou da V Confer\u00eancia Iberoamericana de Empreendedorismo, em Portugal e Anni Caroline Potrich participou da IV World Finance Conference, em Buenos Aires, na Argentina.<br \/>\u00a0 \u00a0 \u00a0 \u00a0 \u00a0 \u00a0 \u00a0 \u00a0\u2022 Em 2016, a discente de mestrado Kamila Frizzo participou da 5\u00aa Confer\u00eancia CIEM, em La Corun\u00e3, na Espanha.<\/p>\n<p style=\"text-align: justify\">\u00a0 \u00a0 \u00a0 \u00a0 \u00a0 \u00a0 \u00a0 <strong>\u00a0e)<\/strong> <strong>Realiza\u00e7\u00e3o de Semin\u00e1rio no Curso de Doutorado com a vinda de professores estrangeiros.<\/strong><br \/>\u00a0 \u00a0 \u00a0 \u00a0 \u00a0 \u00a0 \u2022 Em 2014 foi realizado no \u00e2mbito do PPGA o semin\u00e1rio com o tema \u2018Poder, Racionalidade e Burocracia\u2019 ministrado pelo Prof. Dr. Alexandre Guilherme Barroso de Matos Franco de S\u00e1 da Universidade de Coimbra, Portugal.<br \/>\u00a0 \u00a0 \u00a0 \u00a0 \u00a0 \u00a0\u2022 Em 2015 foram realizados no \u00e2mbito do PPGA, o semin\u00e1rio com o tema \u2018Implementando a Sustentabilidade em Universidades: Experi\u00eancias Internacionais&#8221;, ministrado pelo Prof. Dr. Walter Leal Filho da Hamburg University of Applied Sciences, na Alemenha e o workshop com a Prof. Maria Carolina da Universidade de Extremadura, na Espanha e o workshop \u00cdnova\u00e7ao Frugal\u2019 com o Prof. Luc. Quoniam, da Aix Marseille Universit\u00e9, Fran\u00e7a.<br \/>\u00a0 \u00a0 \u00a0 \u00a0 \u00a0 \u00a0 \u00a0 \u2022 Em 2016 foram realizados no \u00e2mbito do PPGA, semin\u00e1rios com os professores Dr. M\u00e1rio Fernando Carrilho Negas \u2013 Universidade Aberta (Portugal) e Vice-Presidente da Empreend, (Orienta\u00e7\u00e3o para o mercado e inova\u00e7\u00e3o em Pequenas e Microempresas (PME&#8217;s)); Prof. Dra. Maria Isabel Sanchez Hernandez \u2013 Universidade de Extremadura (Espanha) (Sustentabilidade e Responsabilidade Social na Administra\u00e7\u00e3o P\u00fablica) e Prof. Dr. Guilherme Lob\u00e3o &#8211; Escola Superior N\u00e1utica Infante D. Henrique (As Boas Pr\u00e1ticas Ambientais nas For\u00e7as Armadas Portuguesas &#8211; Desenvolvimento Sustent\u00e1vel e Inova\u00e7\u00e3o Ambiental \u2013 Pr\u00eamio Defesa Nacional e Ambiente (PDNA)). Al\u00e9m de atividade pr\u00e1tica \u2018Atividade Dan\u00e7a de Sal\u00e3o Jive\u2019 com Maria Carolina Rodrigues, Universidade de Extremadura, Espanha, CIEO, Empreend e Maria de F\u00e1tima Morais Lob\u00e3o, Empreend, Portugal.<\/p>\n<p style=\"text-align: justify\">\u00a0 \u00a0 \u00a0 \u00a0 \u00a0 \u00a0 \u00a0 <strong>f) Interc\u00e2mbio de discentes estrangeiros no PPGA\/UFSM.\u00a0<\/strong><br \/>Em 2014, no segundo semestre, foi realizado o est\u00e1gio do discente Marcel Jacobs, do Mestrado em &#8216;Science International Bussiness Studies&#8217; da Universit\u00e4t Paderborn, da Alemanha.<\/p>\n<p style=\"text-align: justify\">\u00a0 \u00a0 \u00a0 \u00a0 \u00a0 \u00a0 \u00a0 <strong>g) Projetos de coopera\u00e7\u00e3o internacional.<\/strong><br \/>As intera\u00e7\u00f5es desenvolvidas com pesquisadores do exterior, a participa\u00e7\u00e3o em eventos organizados pelos grupos de pesquisa da USP, UFSM e UFRGS permitiu a elabora\u00e7\u00e3o de projetos de coopera\u00e7\u00e3o internacional, assim como a forma\u00e7\u00e3o de uma rede de coopera\u00e7\u00e3o nacional e internacional. Dentre as propostas j\u00e1 submetidas e, em processo de submiss\u00e3o, ao financiamento da Capes, CNPq e Fapesp, cabe citar:<br \/>\u00a0 \u00a0 \u00a0 \u00a0 \u00a0\u2022 Projeto \u201cPr\u00e9-requisitos para a sustentabilidade dos munic\u00edpios do Rio Grande do Sul, Brasil\u201d. Projeto financiado pela CAPES\/2014 e liderado pelos Professores Eug\u00eanio \u00c1vila Pedrozo, T\u00e2nia Nunes da Silva e Luis Felipe do Nascimento da UFRGS, Eug\u00eanio Simonetto e Marcelo Trevisan da UFSM, e a Luciana Londero Brandli da Universidade de Passo Fundo, no Brasil, em parceria com o Professor Walter Leal Filho da Universidade de Hamburgo, na Alemanha. O projeto tem a dura\u00e7\u00e3o de 24 meses (2014-2016).\u00a0<br \/>\u00a0 \u00a0 \u00a0 \u00a0 \u00a0 \u00a0\u2022 Projeto \u201cIntegra\u00e7\u00e3o da inova\u00e7\u00e3o para a sustentabilidade ao modelo de neg\u00f3cios e sua rela\u00e7\u00e3o com a postura estrat\u00e9gica e o desempenho empresarial\u201d. Projeto financiado pelo CNPq Edital Universal e \u00e9 liderado pelas Professoras Clandia Maffini Gomes, Fl\u00e1via Luciane Scherer, L\u00facia Rejane da Rosa Gama Madruga e Marta Ol\u00edvia Rovedder da UFSM, em parceria com Prof. Isak Kruglianskas, USP, no Brasil, e com o Prof. Carlos Maria J\u00e1rdon da Universidade de Vigo, na Espanha. O projeto tem a dura\u00e7\u00e3o de 36 meses (2014-2017).\u00a0<br \/>\u00a0 \u00a0 \u00a0 \u00a0 \u00a0 \u2022 Projeto \u201cDesafios da inova\u00e7\u00e3o tecnol\u00f3gica sustent\u00e1vel em setores estrat\u00e9gicos em uma economia global e p\u00f3s-industrial. Projeto financiado pelo CNPq Edital Universal \/2014 e liderado pelos Professores Isak Kruglianskas e Fl\u00e1vio Hourneaux da USP em parceria com Prof\u00aa Clandia Maffini Gomes da UFSM, no Brasil, e com o Prof. Breno Nunes da Universidade de Aston, na Inglaterra. O projeto tem a dura\u00e7\u00e3o de 36 meses (2014-2017).<br \/>\u00a0 \u00a0 \u00a0 \u00a0 \u00a0 \u00a0\u2022 Projeto \u201cAmbientes de inova\u00e7\u00e3o e a vis\u00e3o baseada em recursos uma an\u00e1lise dos ativos estrat\u00e9gicos em incubadoras de empresas e parques tecnol\u00f3gicos no estado de S\u00e3o Paulo\u201d. Projeto financiado pelo CNPq Edital Sociais e Humanas\/2014 e liderado pelo Prof. Moacir Miranda, Coordenador do PPGA da USP e conta com a participa\u00e7\u00e3o da Prof\u00aa Clandia Maffini Gomes, coordenadora do PPGA da UFSM e com pesquisadores da USP Ribeir\u00e3o Preto e da Universidade Federal de S\u00e3o Carlos, no Brasil, em parceria com o professor Robson Rocha da Aaarhus University, Dinamarca. O projeto tem a dura\u00e7\u00e3o de 36 meses (2014-2017).<br \/>\u00a0 \u00a0 \u00a0 \u00a0 \u00a0 \u2022 Projeto \u201cIndicadores de Sustentabilidade Organizacional: A Abordagem Triple Bottom Line e o Desempenho em Empresas Brasileiras e Espanholas. Projeto liderado pela USP em parceria com Universidade Federal de Santa Maria, sob a coordena\u00e7\u00e3o do Prof. Dr. Fl\u00e1vio Hourneaux e do Prof. Dr. Isak Kruglianskas com a Profa. Dra. Clandia Maffini Gomes da UFSM, no Brasil e da Mar\u00eda Isabel S\u00e1nchez Hern\u00e1ndez e de Dolores Gallardo-V\u00e1zquez da Universidade de Extremadura, na Espanha. O projeto \u00e9 financiado pelo CNPq Universal \u2013 MCTI\/CNPq N\u00ba 14\/2014 tem a dura\u00e7\u00e3o de 36 meses (2014-2017).<br \/>\u00a0 \u00a0 \u00a0 \u00a0 \u00a0\u2022 Projeto \u2018Caracter\u00edsticas de sustentabilidade e funcionamento de empreendimentos sociais da economia criativa: uma aplica\u00e7\u00e3o em projetos sociais de m\u00fasica cl\u00e1ssica\u2019. Projeto inserido no eixo tem\u00e1tico da Capacita\u00e7\u00e3o t\u00e9cnica e gerencial de profissionais e de empreendimentos criativos, submetido e financiado pela Chamada CNPq\/MinC\/SEC N.\u00ba 80\/2013. O projeto com dura\u00e7\u00e3o de 12 meses foi liderado pelas docente L\u00facia Rejane da Rosa Gama Madruga e foi desenvolvido em 2014, gerando uma bolsa de mestrado para o PPGA. O objetivo geral do estudo consistiu em promover a capacita\u00e7\u00e3o gerencial de projetos sociais de m\u00fasica cl\u00e1ssica, a partir do conhecimento de suas caracter\u00edsticas da identifica\u00e7\u00e3o dos fatores cr\u00edticos que garantem o seu desenvolvimento e sustentabilidade futuros. As unidades de investiga\u00e7\u00e3o pesquisadas foram: Instituto Baccarelli (S\u00e3o Paulo); N\u00facleos Estaduais de Orquestras Juvenis e Infantis da Bahia (Neojib\u00e1) (Bahia); A\u00e7\u00e3o social pela M\u00fasica (Rio de Janeiro); Orquestra Villa-Lobos (RS); Orquestra Jovem do Rio Grande do Sul (RS), Programa Orchestrarium (RS); Projeto Guri (SP) e Projeto Gera\u00e7\u00e3o (Lisboa, Portugal).\u00a0<br \/>\u00a0 \u00a0 \u00a0 \u00a0 \u00a0\u2022 Projeto \u201cMudan\u00e7a Tecnol\u00f3gica e Gest\u00e3o da Inova\u00e7\u00e3o na Cadeia de Valor do Setor Aeron\u00e1utico\u201d. Projeto liderado pela Faculdade de Economia, Administra\u00e7\u00e3o e Contabilidade da USP em parceria com Universidade Federal de Santa Maria, sob a coordena\u00e7\u00e3o do Prof. Dr. Roberto Sbragia com a participa\u00e7\u00e3o Profa. Dra. Claudia Maffini Gomes, do Prof. Dr. Isak Kruglianskas e do Prof. Dr. Paulo Tromboni de Souza Nascimento em colabora\u00e7\u00e3o com o Dr. Manuel Valsassina Heitor do Instituto Superior T\u00e9cnico, Lisboa, Portugal.\u00a0<br \/>\u00a0 \u00a0 \u00a0 \u00a0 \u2022 Internationalisation and Sustainability: Opportunities and Challenges for UK Companies with Business Interests in Brazil International Partnership and Mobility Scheme O projeto ser\u00e1 desenvolvido em parceria com a Universidade de S\u00e3o Paulo, Liverpool Business School e a Universidade Federal de Santa Maria e ser\u00e1 financiamento pela British Academy, na Inglaterra. Os docentes envolvidos no projeto s\u00e3o Fl\u00e1vio Houneaux Jr. (PPGA\/USP), Adam Frost (Liverpool Business School) e Clandia Maffini Gomes (PPGA\/USP).<br \/>\u00a0 \u00a0 \u00a0 \u00a0 \u2022 Confer\u00eancia Internacional de Sustentabilidade e Inova\u00e7\u00e3o \u2013 CISI. O evento \u00e9 realizado de uma parceria entre Brasil, Portugal e Espanha e a Red Empreend teve sua primeira edi\u00e7\u00e3o em 2016. Com base nos sucessos alcan\u00e7ados com as Confer\u00eancias Ib\u00e9ricas de Empreendedorismo (CIEM) desde 2011, e da pertin\u00eancia das pr\u00e1ticas de sustentabilidade foi criada a CISI 2016 \u2013 1\u00aa Confer\u00eancia Internacional de Sustentabilidade e Inova\u00e7\u00e3o, que se realizou na Universidade de Santa Maria \u2013 Santa Maria \u2013 RS.<\/p>\n<p style=\"text-align: justify\">\u00a0 \u00a0 \u00a0 \u00a0 \u00a0<strong>h) Publica\u00e7\u00f5es internacionais:<\/strong> a participa\u00e7\u00e3o de docentes e de discentes em eventos internacionais e em interc\u00e2mbios em IES estrangeiras tem ampliado as publica\u00e7\u00f5es em peri\u00f3dicos internacionais.\u00a0<br \/>\u00a0 \u00a0 \u00a0 \u00a0 \u00a0 \u2022 Em 2013 foram publicados por docentes e discentes 14 artigos em peri\u00f3dicos nos extratos A, sendo 03 em peri\u00f3dico A1 e 11 em peri\u00f3dicos A2.\u00a0<br \/>\u00a0 \u00a0 \u00a0 \u2022 Em 2014 foram publicados 19 artigos em peri\u00f3dicos nos extratos A, sendo 02 em peri\u00f3dicos A1 e 17 em peri\u00f3dicos A2, revelando uma tend\u00eancia de crescimento, no quadri\u00eanio, em publica\u00e7\u00f5es de elevado impacto.<br \/>\u00a0 \u00a0 \u00a0 \u00a0\u2022 Em 2015 foram publicados 17 artigos em peri\u00f3dicos nos extratos A, sendo 05 em peri\u00f3dicos A1 e 12 em peri\u00f3dicos A2, revelando uma tend\u00eancia de crescimento, no quadri\u00eanio, em publica\u00e7\u00f5es de elevado impacto.<br \/>\u00a0 \u00a0 \u00a0 \u00a0 \u00a0 \u00a0\u2022 Em 2016 foram publicados 8 artigos em peri\u00f3dicos nos extratos A, sendo 08 em peri\u00f3dicos A2.<\/p>\n<p style=\"text-align: justify\">\u00a0 \u00a0 \u00a0 \u00a0<strong>i) Conv\u00eanios e acordos de coopera\u00e7\u00e3o.<\/strong> A UFSM possui acordos e conv\u00eanios internacionais com v\u00e1rios pa\u00edses e institui\u00e7\u00f5es de ensino e de pesquisa com os seguintes pa\u00edses: Alemanha; Angola; Arg\u00e9lia; Argentina; \u00c1ustria; B\u00e9lgica; Cabo Verde; Canad\u00e1; Chile; Col\u00f4mbia; Cuba; Espanha; Estados Unidos; Fran\u00e7a; Holanda; Honduras; It\u00e1lia; Jap\u00e3o; M\u00e9xico; Mo\u00e7ambique; Nig\u00e9ria; Paraguai; Pol\u00f4nia; Portugal; Reino Unido; Su\u00e9cia; Tail\u00e2ndia; Uruguai e Venezuela.<br \/>Cabe citar ainda algumas a\u00e7\u00f5es projetadas para a implanta\u00e7\u00e3o ao longo do quadri\u00eanio:<br \/>\u00a0 \u00a0 \u00a0 \u00a0\u2022 Amplia\u00e7\u00e3o de parcerias com grupos de pesquisa no exterior. A realiza\u00e7\u00e3o de est\u00e1gios de p\u00f3s-doutorado dos docentes (03 ao longo do quadri\u00eanio) e do doutorado sandu\u00edche dos discentes (07 ao longo do quadri\u00eanio), assim como a realiza\u00e7\u00e3o dos projetos de coopera\u00e7\u00e3o em andamentos, devem potencializar o estabelecimento de parcerias entre grupos de pesquisa do PPGA\/UFSM com grupos de pesquisa no exterior citados anteriormente (Alemanha, Dinamarca, EUA, Espanha, Finl\u00e2ndia, Fran\u00e7a, Inglaterra, It\u00e1lia e Portugal. Al\u00e9m disso, dever\u00e3o ser aproveitadas as parcerias internacionais j\u00e1 desenvolvidas com as IES nacionais parceiras, como \u00e9 o caso da USP e da UFRGS, cujos docentes do PPGA participam efetivamente dos grupos de pesquisa, em uma rede de colabora\u00e7\u00e3o.<br \/>\u00a0 \u00a0 \u00a0 \u00a0\u2022 Potencializa\u00e7\u00e3o de publica\u00e7\u00f5es internacionais: a participa\u00e7\u00e3o de docentes e de discentes em eventos internacionais e em interc\u00e2mbios em IES estrangeiras potencializou substancialmente as publica\u00e7\u00f5es internacionais (nos estratos A1 e A2 com elevado fator de impacto).\u00a0<br \/>\u00a0 \u00a0 \u00a0 \u00a0 \u2022 Interc\u00e2mbio de docentes do exterior para a realiza\u00e7\u00e3o de atividades de pesquisa e ensino no PPGA\/UFSM tamb\u00e9m foi ampliada de forma significativa durante o quadri\u00eanio.<br \/>\u00a0 \u00a0 \u00a0 \u00a0 \u00a0 \u00a0\u2022 Interc\u00e2mbio de discentes e de docentes ao exterior, atrav\u00e9s da elabora\u00e7\u00e3o de projetos conjuntos financiados por ag\u00eancias de fomento.<\/p>\n<\/div>\n","protected":false},"excerpt":{"rendered":"<p>\u00a0 \u00a0 \u00a0 \u00a0 \u00a0 \u00a0 \u00a0A busca do incremento no processo de internacionaliza\u00e7\u00e3o tornou-se uma das principais metas do PPGA\/UFSM para o quadri\u00eanio (2013-2016). Esse processo tem sido constru\u00eddo ao longo do desenvolvimento do Programa. Com a cria\u00e7\u00e3o do Curso de Doutorado em 2012 (em 2016 foi conclu\u00edda a primeira turma), a potencializa\u00e7\u00e3o desse [&hellip;]<\/p>\n","protected":false},"author":117,"featured_media":0,"parent":0,"menu_order":0,"comment_status":"closed","ping_status":"closed","template":"","meta":{"footnotes":""},"categories":[],"tags":[],"class_list":["post-157","page","type-page","status-publish","hentry"],"acf":[],"_links":{"self":[{"href":"https:\/\/www.ufsm.br\/cursos\/pos-graduacao\/santa-maria\/ppga\/wp-json\/wp\/v2\/pages\/157","targetHints":{"allow":["GET"]}}],"collection":[{"href":"https:\/\/www.ufsm.br\/cursos\/pos-graduacao\/santa-maria\/ppga\/wp-json\/wp\/v2\/pages"}],"about":[{"href":"https:\/\/www.ufsm.br\/cursos\/pos-graduacao\/santa-maria\/ppga\/wp-json\/wp\/v2\/types\/page"}],"author":[{"embeddable":true,"href":"https:\/\/www.ufsm.br\/cursos\/pos-graduacao\/santa-maria\/ppga\/wp-json\/wp\/v2\/users\/117"}],"replies":[{"embeddable":true,"href":"https:\/\/www.ufsm.br\/cursos\/pos-graduacao\/santa-maria\/ppga\/wp-json\/wp\/v2\/comments?post=157"}],"version-history":[{"count":0,"href":"https:\/\/www.ufsm.br\/cursos\/pos-graduacao\/santa-maria\/ppga\/wp-json\/wp\/v2\/pages\/157\/revisions"}],"wp:attachment":[{"href":"https:\/\/www.ufsm.br\/cursos\/pos-graduacao\/santa-maria\/ppga\/wp-json\/wp\/v2\/media?parent=157"}],"wp:term":[{"taxonomy":"category","embeddable":true,"href":"https:\/\/www.ufsm.br\/cursos\/pos-graduacao\/santa-maria\/ppga\/wp-json\/wp\/v2\/categories?post=157"},{"taxonomy":"post_tag","embeddable":true,"href":"https:\/\/www.ufsm.br\/cursos\/pos-graduacao\/santa-maria\/ppga\/wp-json\/wp\/v2\/tags?post=157"}],"curies":[{"name":"wp","href":"https:\/\/api.w.org\/{rel}","templated":true}]}}