{"id":158,"date":"2019-01-17T12:14:19","date_gmt":"2019-01-17T14:14:19","guid":{"rendered":"https:\/\/www.ufsm.br\/cursos\/pos-graduacao\/santa-maria\/ppga\/?page_id=158"},"modified":"2025-07-03T09:21:19","modified_gmt":"2025-07-03T12:21:19","slug":"infraestrutura","status":"publish","type":"page","link":"https:\/\/www.ufsm.br\/cursos\/pos-graduacao\/santa-maria\/ppga\/infraestrutura","title":{"rendered":"Infraestrutura"},"content":{"rendered":"\n<p><strong>Laborat\u00f3rios:<\/strong><\/p>\n<p style=\"text-align: justify\">A infraestrutura do Programa de P\u00f3s-Gradua\u00e7\u00e3o em Administra\u00e7\u00e3o conta com tr\u00eas laborat\u00f3rios de inform\u00e1tica do Centro de Ci\u00eancias Sociais e Humanas al\u00e9m dos tr\u00eas laborat\u00f3rios de pesquisa do Programa. Todos os laborat\u00f3rios (inform\u00e1tica e pesquisa), s\u00e3o utilizados por professores, alunos de p\u00f3s-gradua\u00e7\u00e3o e alunos de gradua\u00e7\u00e3o (alunos de inicia\u00e7\u00e3o cientifica) do PPGA. Os laborat\u00f3rios de inform\u00e1tica s\u00e3o utilizados tanto pelos professores em suas aulas, quanto pelos alunos para trabalhos individuais. Os laborat\u00f3rios de pesquisa s\u00e3o ambientes preparados para que os grupos de pesquisa tenham as condi\u00e7\u00f5es necess\u00e1rias para o desenvolvimento de suas atividades. Os tr\u00eas Laborat\u00f3rios de Pesquisa do PPGA podem ser assim descritos:<\/p>\n<p style=\"text-align: justify\">&#8211; Laborat\u00f3rio de Tecnologia em Gest\u00e3o da Inova\u00e7\u00e3o e da Sustentabilidade (LABGIS) Linha Estrat\u00e9gia em Organiza\u00e7\u00f5es: A preocupa\u00e7\u00e3o com os n\u00edveis de competitividade tem orientado as organiza\u00e7\u00f5es atuais na busca de qualidade, de maiores n\u00edveis de produtividade, de redu\u00e7\u00e3o de custos pela ado\u00e7\u00e3o de estrat\u00e9gias inovadoras, como forma de enfrentar a competi\u00e7\u00e3o no mercado interno e capacitar-se para disputar parcelas do mercado externo. Assim, do ponto de vista da discuss\u00e3o e das investiga\u00e7\u00f5es acerca da conforma\u00e7\u00e3o das intera\u00e7\u00f5es propostas busca-se a articula\u00e7\u00e3o entre estruturas de governan\u00e7a, inova\u00e7\u00e3o tecnol\u00f3gica, sustentabilidade e relacionamentos colaborativos, a ideia norteadora \u00e9 que tais rela\u00e7\u00f5es poder\u00e3o ser avaliadas e aprimoradas para melhorar o desempenho das empresas em diferentes regi\u00f5es do mundo.<\/p>\n<p style=\"text-align: justify\">&#8211; Laborat\u00f3rio de Sistemas, Estruturas e Pessoas (SEP): O laborat\u00f3rio de Sistemas, Estruturas e Pessoas visa de uma maneira espec\u00edfica, estudar, discutir, gerar e divulgar conhecimentos sobre e para as organiza\u00e7\u00f5es, tendo com enfoque as fun\u00e7\u00f5es administrativas de organizar, dirigir e comandar. De uma maneira mais geral, procura-se discutir a articula\u00e7\u00e3o entre indiv\u00edduo, a organiza\u00e7\u00e3o e a sociedade. Essas escolhas permitem que se trabalhe na interface de diversos temas, a maioria multidimensional e de car\u00e1ter interdisciplinar, relacionados a seguir, dentre outros: complexidade (epistemologia, metodologia e aplica\u00e7\u00e3o), relacionamentos interorganizacionais, comportamento organizacional, implanta\u00e7\u00e3o e articula\u00e7\u00e3o dos sistemas de informa\u00e7\u00e3o dentro das organiza\u00e7\u00f5es, coopera\u00e7\u00e3o, cultura, mudan\u00e7a organizacional, conhecimento e aprendizagem gerencial.<\/p>\n<p style=\"text-align: justify\">&#8211; Laborat\u00f3rio de Finan\u00e7as, Economia e Controle (FINECO): O laborat\u00f3rio tem como foco central a an\u00e1lise e aplica\u00e7\u00e3o de um conjunto de t\u00e9cnicas, modelos e ferramentas \u00e0 solu\u00e7\u00e3o de problemas e temas relacionados \u00e0 gest\u00e3o, principalmente os associados \u00e0 previs\u00e3o e ao controle. Os temas principais s\u00e3o: mercado de capitais (liquidez, volatilidade; modelos de precifica\u00e7\u00e3o) finan\u00e7as corporativas (estrutura de capital, pol\u00edtica de dividendos, gest\u00e3o do capital de giro), pol\u00edticas governamentais e seus efeitos macroecon\u00f4micos, transmiss\u00e3o de pre\u00e7os entre mercados, crises e finan\u00e7as comportamentais. Com um enfoque eminentemente quantitativo, busca a partir do dom\u00ednio de conhecimentos de m\u00e9todos e t\u00e9cnicas quantitativas (regress\u00f5es, s\u00e9ries temporais, an\u00e1lise em painel, pesquisa operacional, an\u00e1lise fatorial, simula\u00e7\u00f5es, equa\u00e7\u00f5es estruturais, entre outros) analisar problemas econ\u00f4micos e financeiros.<\/p>\n<p style=\"text-align: justify\"><strong>Recursos de Inform\u00e1tica<\/strong><\/p>\n<p style=\"text-align: justify\">Todos os laborat\u00f3rios do PPGA contam com rede conectada \u00e0 internet e o pr\u00e9dio possui rede sem fio ou wireless. Os Laborat\u00f3rios de inform\u00e1tica do PPGA s\u00e3o de acesso restrito aos alunos do programa e possuem computadores novos, com acesso \u00e0 internet, rede wireless, aplicativos necess\u00e1rios para o desenvolvimento das atividades do corpo docente e discente (programas estat\u00edsticos como SPSS, Estat\u00edstica e Sphinx, AMOS e Outros). Em 2013 foi adquirido o software de an\u00e1lise quantitativa textual e audiovisual, o software NVIVO.<\/p>\n<p style=\"text-align: justify\"><strong>O 74 C<\/strong><\/p>\n<p style=\"text-align: justify\">O pr\u00e9dio onde se localiza o PPGA conta ainda com nove salas de aula, com capacidade para em torno de 50 alunos cada uma, e um audit\u00f3rio de 200 lugares. O programa, al\u00e9m dos tr\u00eas laborat\u00f3rios, e al\u00e9m da possibilidade de uso das nove salas de aula, conta com duas salas de aula com capacidade em torno de 15 lugares, as quais s\u00e3o utilizadas, prioritariamente, para as disciplinas obrigat\u00f3rias do Doutorado e defesas. Todas as salas de aula contam com os recursos multimidia b\u00e1sicos (datashow, computador, rede wireless e ar condicionado). A estrutura administrativa possui uma secretaria, um almoxarifado, uma cozinha e duas salas de coordena\u00e7\u00e3o (acad\u00eamico e profissional), al\u00e9m de uma recep\u00e7\u00e3o.<\/p>\n<p style=\"text-align: justify\"><strong>Biblioteca<\/strong><\/p>\n<p style=\"text-align: justify\">A UFSM possui um sistema integrado de bibliotecas formado por uma Biblioteca Central e onze bibliotecas setoriais localizadas nos Centros de Ensino da UFSM, a \u00fanica que funciona no centro da cidade \u00e9 a Biblioteca Setorial do CCSH que \u00e9 a que atende o PPGA, que em breve estar\u00e1 localizada ao lado do pr\u00e9dio 74 C em moderna estrutura. O acervo \u00e9 composto por livros, teses, peri\u00f3dicos, cds, folhetos, fitas de v\u00eddeos que est\u00e3o cadastrados no sistema informatizado da UFSM (SIE), desenvolvido pela Central de Processamento de Dados (CPD). A consulta ao acervo pode ser realizada diretamente nas bibliotecas ou atrav\u00e9s da internet, na p\u00e1gina da universidade (www.ufsm.br). O Sistema de bibliotecas da UFSM possui 40.765 exemplares de livros relacionados \u00e0 \u00e1rea de ci\u00eancias sociais aplicadas sendo que desses, 9.013 livros s\u00e3o espec\u00edficos da \u00e1rea de Administra\u00e7\u00e3o.<\/p>\n<p style=\"text-align: justify\">Com rela\u00e7\u00e3o ao n\u00famero de peri\u00f3dicos assinados, a UFSM conta com um total de 654 peri\u00f3dicos na \u00e1rea de ci\u00eancias sociais aplicadas dos quais, 22 s\u00e3o relacionados especificamente a \u00e1rea de Administra\u00e7\u00e3o. Conta com acesso integral ao Portal Capes que disponibiliza mais de 500 bases de dados.<\/p>\n<p style=\"text-align: justify\">Quanto a sistem\u00e1tica de aquisi\u00e7\u00e3o de novos t\u00edtulos consiste no encaminhamento anual de um of\u00edcio circular aoscoordenadores de curso e chefes de departamento, solicitando bibliografia a ser adquirida para fundamentar as atividades deensino e pesquisa, com defini\u00e7\u00e3o de prioridades. Ap\u00f3s recebimento, \u00e9 feito a confer\u00eancia da exist\u00eancia ou n\u00e3o do material nosistema, caso exista, a an\u00e1lise concentra-se no uso para decidir sobre a aquisi\u00e7\u00e3o ou n\u00e3o de mais exemplares. Para os livros selecionados a partir das sugest\u00f5es \u00e9 providenciado o processo de compra de acordo com a Lei de Licita\u00e7\u00f5es.<\/p>\n<p style=\"text-align: justify\">\u00a0A Biblioteca Central da UFSM possui um espa\u00e7o f\u00edsico de 6.770 metros quadrados de \u00e1rea, com 3 andares bem iluminados earejados com sistema antifurto e extintores. Possui acesso especial aos portadores de defici\u00eancias e cabines para estudo individual e em grupo, uma sala de v\u00eddeo, com 2 televisores, e aparelho de DVD. Disponibiliza 11 terminais para consulta dosusu\u00e1rios, sendo 5 para uso exclusivo do Portal de Peri\u00f3dicos CAPES. A Biblioteca Central possui um total de 615 t\u00edtulos de peri\u00f3dicos e 21.504 obras e 44.126 volumes de Administra\u00e7\u00e3o e \u00e1reas afins. Seu hor\u00e1rio de funcionamento \u00e9: de segunda asexta-feira, das 7h e 30min \u00e0s 21h e aos s\u00e1bados das 08 \u00e0s 11:45min. Quanto ao pessoal de apoio a Biblioteca Central contacom 10 bibliotec\u00e1rias, 1 t\u00e9cnico em assuntos educacionais &#8211; TAE, 5 vigilantes, 12 assistentes em administra\u00e7\u00e3o, 5 auxiliares administrativos, 7 recepcionistas, 1 porteiro e 22 bolsistas.<\/p>\n<p style=\"text-align: justify\">\u00a0A Biblioteca Setorial do Centro de Ci\u00eancias Sociais e Humanas funciona de segunda \u00e0 sexta-feira das 07:30 \u00e0s 21:30 horas,possui 318 metros quadrados e se encontra no andar t\u00e9rreo do pr\u00e9dio da antiga reitoria no Centro da cidade de Santa Maria. O local \u00e9 bem iluminado, arejado, possui arcondicionado, sistema antifurto e extintores. Atualmente, todas as atividades est\u00e3o informatizadas com o acervo dispon\u00edvel naInternet, disponibilizando 3 terminais de consulta dentro da Biblioteca com um total de 315 t\u00edtulos de peri\u00f3dicos e 11.292 obras e19.720 volumes. No ano de 2012 foram recebidos 180 exemplares, relacionados \u00e0s linhas de pesquisa do programa. Osrecursos de multim\u00eddia da Biblioteca Setorial do CCSH s\u00e3o formados por: 24 exemplares de fitas de v\u00eddeos e 162 Cd-Rom. OsJornais de circula\u00e7\u00e3o di\u00e1ria assinados s\u00e3o: Di\u00e1rio de Santa Maria e Jornal a Raz\u00e3o (local), Zero Hora e Correio do Povo(regional), Folha de S\u00e3o Paulo e Gazeta Mercantil (nacional). Quanto ao pessoal de apoio a Biblioteca Setorial conta com duasbibliotec\u00e1rias, 2 auxiliares de biblioteca e 2 bolsistas.<\/p>\n<p style=\"text-align: justify\">A biblioteca oferece v\u00e1rios servi\u00e7os que servem de suporte \u00e0s atividades de ensino, pesquisa e extens\u00e3o do PPGA\/UFSM, entre os quais:<\/p>\n<p style=\"text-align: justify\">\u00a0Informa\u00e7\u00e3o bibliogr\u00e1fica &#8211; proporciona orienta\u00e7\u00e3o sobre a organiza\u00e7\u00e3o e funcionamento da biblioteca, uso do cat\u00e1logoa utomatizado, utiliza\u00e7\u00e3o das obras de refer\u00eancia e de outras fontes de informa\u00e7\u00e3o bibliogr\u00e1fica.<\/p>\n<p style=\"text-align: justify\">\u00a0Livre acesso ao acervo &#8211; livros, teses\/disserta\u00e7\u00f5es, obras de refer\u00eancia, revistas especializadas, anu\u00e1rios estat\u00edsticos, etc.<\/p>\n<p style=\"text-align: justify\">\u00a0Acesso \u00e0 base de dados on-line.<\/p>\n<p style=\"text-align: justify\">\u00a0Acesso \u00e0 Internet apenas com a finalidade de realiza\u00e7\u00e3o de pesquisa acad\u00eamica.<\/p>\n<p style=\"text-align: justify\">\u00a0Empr\u00e9stimo domiciliar. O empr\u00e9stimo \u00e9 pessoal e ocorre mediante apresenta\u00e7\u00e3o do cart\u00e3o do leitor, sendo poss\u00edvel a consultae renova\u00e7\u00e3o do material bibliogr\u00e1fico atrav\u00e9s da internet. O servi\u00e7o de empr\u00e9stimo est\u00e1 sujeito a normas do Regulamento, que estabelece prazos, n\u00famero de materiais, penalidades, etc..<\/p>\n<p style=\"text-align: justify\">\u00a0Obten\u00e7\u00e3o de material bibliogr\u00e1fico de outras bibliotecas. Este servi\u00e7o oferece aos usu\u00e1rios a possibilidade de solicitar documentos n\u00e3o localizados no acervo da biblioteca em outras bibliotecas nacionais.<\/p>\n<p style=\"text-align: justify\">\u00a0Forma\u00e7\u00e3o de usu\u00e1rios diversos treinamentos de integra\u00e7\u00e3o e capacita\u00e7\u00e3o para uso dos recursos e servi\u00e7os disponibilizados \u00e0comunidade usu\u00e1ria, tais como: Pesquisa em bases de dados, Portal de Peri\u00f3dicos CAPES e Biblioteca Digital de Teses e Disserta\u00e7\u00f5es do IBICT.<\/p>\n<p style=\"text-align: justify\">\u00a0Normaliza\u00e7\u00e3o Bibliogr\u00e1fica normaliza\u00e7\u00e3o de refer\u00eancias bibliogr\u00e1ficas e orienta\u00e7\u00e3o sobre apresenta\u00e7\u00e3o de trabalhos cient\u00edficos.<\/p>\n<p style=\"text-align: justify\">\u00a0Reprografia &#8211; em sistema terceirizado.<\/p>\n<p style=\"text-align: justify\">\u00a0Bases de dados nacionais e internacionais, que podem ser consultadas na pr\u00f3pria biblioteca ou na resid\u00eancia do usu\u00e1rio, via internet.<\/p>\n<p style=\"text-align: justify\">J\u00e1 est\u00e1 sendo constru\u00edda a nova biblioteca do CCSH, denominada Biblioteca de Humanidades. Um pr\u00e9dio com 1.555,48 metros quadrados situado ao lado do Pr\u00e9dio 74 C do CCSH no Campus Universit\u00e1rio da UFSM, praticamente em frente \u00e0s novas depend\u00eancias do PPGA. Esse pr\u00e9dio \u00e9 constitu\u00eddo de 3 andares, sendo cada um deles descritos assim: 1\u00ba Andar: Denominado Sub solo possui \u00e1rea total de 202 m\u00b2 e conter\u00e1 dois banheiros (um masculino e outro feminino), uma recep\u00e7\u00e3o, a dire\u00e7\u00e3o dabiblioteca, uma \u00e1rea de processos t\u00e9cnicos e uma \u00e1rea de armazenamento de materiais. Esse andar ser\u00e1 reservado a parte administrativa da biblioteca; 2\u00ba Andar: O andar t\u00e9rreo. Ter\u00e1 uma \u00e1rea de 835,48 m\u00b2 e ser\u00e1 composto pelo setor de empr\u00e9stimos, acervo, sagu\u00e3o de exposi\u00e7\u00f5es art\u00edsticas, \u00e1rea de caf\u00e9, mesas para leituras individuais e em grupos e sanit\u00e1rios; 3\u00ba Andar: O piso denominado Mezanino possui uma \u00e1rea total de 518 m\u00b2 ser\u00e1 composto pelo laborat\u00f3rio de Humanidades e o Laborat\u00f3rio de Ci\u00eancias Sociais Aplicadas, al\u00e9m de salas de estudos em grupos, espa\u00e7o web e acervo. A obra \u00e9 financiada com recursos do CT INFRA CAPES 2009 e sua conclus\u00e3o est\u00e1 prevista para o primeiro semestre de 2015. A inaugura\u00e7\u00e3o da nova biblioteca dever\u00e1 garantir novos e excepcionais espa\u00e7os para estudos e de conviv\u00eancia adequados para o desenvolvimento das atividades acad\u00eamicas e de socializa\u00e7\u00e3o dos docentes e discentes em n\u00edvel de gradua\u00e7\u00e3o e de p\u00f3s-gradua\u00e7\u00e3o.<\/p>\n","protected":false},"excerpt":{"rendered":"<p>Laborat\u00f3rios: A infraestrutura do Programa de P\u00f3s-Gradua\u00e7\u00e3o em Administra\u00e7\u00e3o conta com tr\u00eas laborat\u00f3rios de inform\u00e1tica do Centro de Ci\u00eancias Sociais e Humanas al\u00e9m dos tr\u00eas laborat\u00f3rios de pesquisa do Programa. Todos os laborat\u00f3rios (inform\u00e1tica e pesquisa), s\u00e3o utilizados por professores, alunos de p\u00f3s-gradua\u00e7\u00e3o e alunos de gradua\u00e7\u00e3o (alunos de inicia\u00e7\u00e3o cientifica) do PPGA. Os laborat\u00f3rios [&hellip;]<\/p>\n","protected":false},"author":117,"featured_media":0,"parent":0,"menu_order":0,"comment_status":"closed","ping_status":"closed","template":"","meta":{"footnotes":""},"categories":[],"tags":[],"class_list":["post-158","page","type-page","status-publish","hentry"],"acf":[],"_links":{"self":[{"href":"https:\/\/www.ufsm.br\/cursos\/pos-graduacao\/santa-maria\/ppga\/wp-json\/wp\/v2\/pages\/158","targetHints":{"allow":["GET"]}}],"collection":[{"href":"https:\/\/www.ufsm.br\/cursos\/pos-graduacao\/santa-maria\/ppga\/wp-json\/wp\/v2\/pages"}],"about":[{"href":"https:\/\/www.ufsm.br\/cursos\/pos-graduacao\/santa-maria\/ppga\/wp-json\/wp\/v2\/types\/page"}],"author":[{"embeddable":true,"href":"https:\/\/www.ufsm.br\/cursos\/pos-graduacao\/santa-maria\/ppga\/wp-json\/wp\/v2\/users\/117"}],"replies":[{"embeddable":true,"href":"https:\/\/www.ufsm.br\/cursos\/pos-graduacao\/santa-maria\/ppga\/wp-json\/wp\/v2\/comments?post=158"}],"version-history":[{"count":0,"href":"https:\/\/www.ufsm.br\/cursos\/pos-graduacao\/santa-maria\/ppga\/wp-json\/wp\/v2\/pages\/158\/revisions"}],"wp:attachment":[{"href":"https:\/\/www.ufsm.br\/cursos\/pos-graduacao\/santa-maria\/ppga\/wp-json\/wp\/v2\/media?parent=158"}],"wp:term":[{"taxonomy":"category","embeddable":true,"href":"https:\/\/www.ufsm.br\/cursos\/pos-graduacao\/santa-maria\/ppga\/wp-json\/wp\/v2\/categories?post=158"},{"taxonomy":"post_tag","embeddable":true,"href":"https:\/\/www.ufsm.br\/cursos\/pos-graduacao\/santa-maria\/ppga\/wp-json\/wp\/v2\/tags?post=158"}],"curies":[{"name":"wp","href":"https:\/\/api.w.org\/{rel}","templated":true}]}}