{"id":168,"date":"2019-01-17T12:37:06","date_gmt":"2019-01-17T14:37:06","guid":{"rendered":"https:\/\/www.ufsm.br\/cursos\/pos-graduacao\/santa-maria\/ppga\/?page_id=168"},"modified":"2024-09-26T08:42:20","modified_gmt":"2024-09-26T11:42:20","slug":"revistas-cientificas","status":"publish","type":"page","link":"https:\/\/www.ufsm.br\/cursos\/pos-graduacao\/santa-maria\/ppga\/revistas-cientificas","title":{"rendered":"Revistas Cient\u00edficas"},"content":{"rendered":"<h5>ReA &#8211; UFSM<\/h5>\n<p><strong><img fetchpriority=\"high\" decoding=\"async\" src=\"http:\/\/coral.ufsm.br\/ppga\/images\/eventos\/ReA.png\" alt=\"ReA\" width=\"640\" height=\"180\" \/>\u00a0\u00a0<\/strong><\/p>\n<p><img decoding=\"async\" src=\"http:\/\/coral.ufsm.br\/ppga\/images\/eventos\/ReA%20UFSM.png\" alt=\"ReA UFSM\" width=\"351\" height=\"498\" \/><\/p>\n<p style=\"text-align: justify\">\u00a0A Revista de Administra\u00e7\u00e3o da Universidade Federal de Santa Maria &#8211; Brazilian Journal of Management (eISSN 1983-4659) consiste em um peri\u00f3dico acad\u00eamico-cient\u00edfico, em formato on-line, da \u00e1rea de Administra\u00e7\u00e3o, classificado no Qualis\/CAPES no extrato B2 nesta \u00e1rea do conhecimento (Avalia\u00e7\u00e3o 2016). O peri\u00f3dico eletr\u00f4nico, criado em 2008, \u00e9 publicado pelo Programa de P\u00f3s-Gradua\u00e7\u00e3o em Administra\u00e7\u00e3o e Departamento de Ci\u00eancias Administrativas do Centro de Ci\u00eancias Sociais e Humanas da Universidade Federal de Santa Maria. O peri\u00f3dico est\u00e1 aberto\u00a0ao envio de ensaios te\u00f3ricos e emp\u00edricos de origem nacional e internacional, visando a promover o debate acad\u00eamico e a apresentar pr\u00e1ticas de gest\u00e3o relevantes e aplicadas \u00e0 realidade organizacional.<\/p>\n<h3><strong>\u00a0Acesse o site do peri\u00f3dico:\u00a0<\/strong><a style=\"font-family: Arial, Helvetica, sans-serif;color: #1155cc;font-size: small;background-color: #ffffff\" href=\"https:\/\/periodicos.ufsm.br\/reaufsm\" target=\"_blank\" rel=\"noopener noreferrer\" data-saferedirecturl=\"https:\/\/www.google.com\/url?q=https:\/\/periodicos.ufsm.br\/reaufsm&amp;source=gmail&amp;ust=1559918902448000&amp;usg=AFQjCNEWXfJ1H7wrIoWwfjq0ozuu9ZyTeQ\">https:\/\/periodicos.ufsm.br\/reaufsm<\/a><\/h3>\n<h5>Sociais e Humanas<\/h5>\n<p><strong><img decoding=\"async\" src=\"http:\/\/coral.ufsm.br\/ppga\/images\/Untitled.png\" alt=\"Untitled\" width=\"585\" height=\"79\" \/><\/strong><\/p>\n<p style=\"text-align: justify\">A Revista Sociais e Humanas \u00e9 um peri\u00f3dico quadrimestral do Centro de Ci\u00eancias Sociais e Humanas da Universidade Federal de Santa Maria (CCSH-UFSM), e est\u00e1 aberta \u00e0 colabora\u00e7\u00e3o de pesquisadores nacionais e internacionais. Sua linha editorial busca dar espa\u00e7o para a discuss\u00e3o dos temas atuais da sociedade brasileira, por meio de um debate que promova constante di\u00e1logo com \u00e1reas de conhecimento afins como a Administra\u00e7\u00e3o, Arquivologia\/Antropologia, Ci\u00eancias Cont\u00e1beis, Comunica\u00e7\u00e3o, Direito, Economia, Filosofia, Hist\u00f3ria, Psicologia e Sociologia, n\u00e3o se caracterizando, portanto, como uma revista departamental.<\/p>\n<p><strong>Acesse o site do peri\u00f3dico:\u00a0<\/strong><strong><a href=\"http:\/\/www.ufsm.br\/sociaisegumanas\">www.ufsm.br\/sociaisegumanas<\/a><\/strong><\/p>\n","protected":false},"excerpt":{"rendered":"<p>ReA &#8211; UFSM \u00a0\u00a0 \u00a0A Revista de Administra\u00e7\u00e3o da Universidade Federal de Santa Maria &#8211; Brazilian Journal of Management (eISSN 1983-4659) consiste em um peri\u00f3dico acad\u00eamico-cient\u00edfico, em formato on-line, da \u00e1rea de Administra\u00e7\u00e3o, classificado no Qualis\/CAPES no extrato B2 nesta \u00e1rea do conhecimento (Avalia\u00e7\u00e3o 2016). O peri\u00f3dico eletr\u00f4nico, criado em 2008, \u00e9 publicado pelo Programa [&hellip;]<\/p>\n","protected":false},"author":117,"featured_media":0,"parent":0,"menu_order":0,"comment_status":"closed","ping_status":"closed","template":"","meta":{"footnotes":""},"categories":[],"tags":[],"class_list":["post-168","page","type-page","status-publish","hentry"],"acf":[],"_links":{"self":[{"href":"https:\/\/www.ufsm.br\/cursos\/pos-graduacao\/santa-maria\/ppga\/wp-json\/wp\/v2\/pages\/168","targetHints":{"allow":["GET"]}}],"collection":[{"href":"https:\/\/www.ufsm.br\/cursos\/pos-graduacao\/santa-maria\/ppga\/wp-json\/wp\/v2\/pages"}],"about":[{"href":"https:\/\/www.ufsm.br\/cursos\/pos-graduacao\/santa-maria\/ppga\/wp-json\/wp\/v2\/types\/page"}],"author":[{"embeddable":true,"href":"https:\/\/www.ufsm.br\/cursos\/pos-graduacao\/santa-maria\/ppga\/wp-json\/wp\/v2\/users\/117"}],"replies":[{"embeddable":true,"href":"https:\/\/www.ufsm.br\/cursos\/pos-graduacao\/santa-maria\/ppga\/wp-json\/wp\/v2\/comments?post=168"}],"version-history":[{"count":0,"href":"https:\/\/www.ufsm.br\/cursos\/pos-graduacao\/santa-maria\/ppga\/wp-json\/wp\/v2\/pages\/168\/revisions"}],"wp:attachment":[{"href":"https:\/\/www.ufsm.br\/cursos\/pos-graduacao\/santa-maria\/ppga\/wp-json\/wp\/v2\/media?parent=168"}],"wp:term":[{"taxonomy":"category","embeddable":true,"href":"https:\/\/www.ufsm.br\/cursos\/pos-graduacao\/santa-maria\/ppga\/wp-json\/wp\/v2\/categories?post=168"},{"taxonomy":"post_tag","embeddable":true,"href":"https:\/\/www.ufsm.br\/cursos\/pos-graduacao\/santa-maria\/ppga\/wp-json\/wp\/v2\/tags?post=168"}],"curies":[{"name":"wp","href":"https:\/\/api.w.org\/{rel}","templated":true}]}}