{"id":769,"date":"2022-10-16T22:42:31","date_gmt":"2022-10-17T01:42:31","guid":{"rendered":"https:\/\/www.ufsm.br\/cursos\/pos-graduacao\/santa-maria\/ppga\/?page_id=769"},"modified":"2023-02-02T15:35:39","modified_gmt":"2023-02-02T18:35:39","slug":"areas-de-concentracao-e-linha-de-pesquisa","status":"publish","type":"page","link":"https:\/\/www.ufsm.br\/cursos\/pos-graduacao\/santa-maria\/ppga\/areas-de-concentracao-e-linha-de-pesquisa","title":{"rendered":"\u00c1rea de Concentra\u00e7\u00e3o"},"content":{"rendered":"\n<div dir=\"auto\">\u00a0<\/div>\n<div dir=\"auto\">\u00a0<\/div>\n<div dir=\"auto\" style=\"text-align: center\"><strong>\u00c1rea de Concentra\u00e7\u00e3o do PPGA: Gest\u00e3o Organizacional\u00a0<\/strong><\/div>\n<div dir=\"auto\">\u00a0<\/div>\n<div dir=\"auto\">\u00a0<\/div>\n<div dir=\"auto\" style=\"text-align: justify\">Por gest\u00e3o organizacional entende-se a capacidade que a organiza\u00e7\u00e3o tem para empreender a\u00e7\u00f5es para solucionar problemas do mercado e da sociedade. A palavra Gest\u00e3o representa a\u00e7\u00e3o ou efeito de gerir; ger\u00eancia; administra\u00e7\u00e3o.<\/div>\n<div dir=\"auto\">\u00a0<\/div>\n<div dir=\"auto\" style=\"text-align: justify\">Congrega, assim, o desenvolvimento de estudos e pesquisa de alta relev\u00e2ncia te\u00f3rica e pr\u00e1tica ao campo da gest\u00e3o nos mais diversos tipos organizacionais (empresas privadas, organiza\u00e7\u00f5es p\u00fablicas, terceiro setor e formas organizacionais emergentes) e suas contribui\u00e7\u00f5es \u00e0 sociedade como um todo. Os estudos desenvolvidos no \u00e2mbito do Programa de P\u00f3s-Gradua\u00e7\u00e3o em Administra\u00e7\u00e3o da UFSM buscam, assim, suporte ao estudo da gest\u00e3o, das intera\u00e7\u00f5es entre organiza\u00e7\u00f5es e sociedade, dos indiv\u00edduos nos mais distintos contextos organizacionais e \u00e0s diferentes tecnologias e ferramentas gerenciais.<\/div>\n<div dir=\"auto\">\u00a0<\/div>\n<div dir=\"auto\" style=\"text-align: justify\">Sendo assim, abrange quatro linhas de pesquisa: <a href=\"https:\/\/www.ufsm.br\/cursos\/pos-graduacao\/santa-maria\/ppga\/estrategia-em-organizacoes\" target=\"_blank\" rel=\"noopener\">Estrat\u00e9gia em Organiza\u00e7\u00f5es<\/a>; <a href=\"https:\/\/www.ufsm.br\/cursos\/pos-graduacao\/santa-maria\/ppga\/financas-economia-e-controle\" target=\"_blank\" rel=\"noopener\">Finan\u00e7as, Economia e Controle<\/a>; <a href=\"https:\/\/www.ufsm.br\/cursos\/pos-graduacao\/santa-maria\/ppga\/gestao-de-pessoas-e-comportamento-organizacional\" target=\"_blank\" rel=\"noopener\">Gest\u00e3o de Pessoas e Comportamento Organizacional<\/a>; <a href=\"https:\/\/www.ufsm.br\/cursos\/pos-graduacao\/santa-maria\/ppga\/tecnologia-da-informacao-e-decisao\" target=\"_blank\" rel=\"noopener\">Tecnologia da Informa\u00e7\u00e3o e da Decis\u00e3o<\/a>.<\/div>\n<div dir=\"auto\">\u00a0<\/div>\n<div dir=\"auto\">\u00a0<\/div>\n","protected":false},"excerpt":{"rendered":"<p>\u00a0 \u00a0 \u00c1rea de Concentra\u00e7\u00e3o do PPGA: Gest\u00e3o Organizacional\u00a0 \u00a0 \u00a0 Por gest\u00e3o organizacional entende-se a capacidade que a organiza\u00e7\u00e3o tem para empreender a\u00e7\u00f5es para solucionar problemas do mercado e da sociedade. A palavra Gest\u00e3o representa a\u00e7\u00e3o ou efeito de gerir; ger\u00eancia; administra\u00e7\u00e3o. \u00a0 Congrega, assim, o desenvolvimento de estudos e pesquisa de alta relev\u00e2ncia [&hellip;]<\/p>\n","protected":false},"author":50,"featured_media":0,"parent":0,"menu_order":0,"comment_status":"closed","ping_status":"closed","template":"","meta":{"footnotes":""},"categories":[],"tags":[],"class_list":["post-769","page","type-page","status-publish","hentry"],"acf":[],"_links":{"self":[{"href":"https:\/\/www.ufsm.br\/cursos\/pos-graduacao\/santa-maria\/ppga\/wp-json\/wp\/v2\/pages\/769","targetHints":{"allow":["GET"]}}],"collection":[{"href":"https:\/\/www.ufsm.br\/cursos\/pos-graduacao\/santa-maria\/ppga\/wp-json\/wp\/v2\/pages"}],"about":[{"href":"https:\/\/www.ufsm.br\/cursos\/pos-graduacao\/santa-maria\/ppga\/wp-json\/wp\/v2\/types\/page"}],"author":[{"embeddable":true,"href":"https:\/\/www.ufsm.br\/cursos\/pos-graduacao\/santa-maria\/ppga\/wp-json\/wp\/v2\/users\/50"}],"replies":[{"embeddable":true,"href":"https:\/\/www.ufsm.br\/cursos\/pos-graduacao\/santa-maria\/ppga\/wp-json\/wp\/v2\/comments?post=769"}],"version-history":[{"count":0,"href":"https:\/\/www.ufsm.br\/cursos\/pos-graduacao\/santa-maria\/ppga\/wp-json\/wp\/v2\/pages\/769\/revisions"}],"wp:attachment":[{"href":"https:\/\/www.ufsm.br\/cursos\/pos-graduacao\/santa-maria\/ppga\/wp-json\/wp\/v2\/media?parent=769"}],"wp:term":[{"taxonomy":"category","embeddable":true,"href":"https:\/\/www.ufsm.br\/cursos\/pos-graduacao\/santa-maria\/ppga\/wp-json\/wp\/v2\/categories?post=769"},{"taxonomy":"post_tag","embeddable":true,"href":"https:\/\/www.ufsm.br\/cursos\/pos-graduacao\/santa-maria\/ppga\/wp-json\/wp\/v2\/tags?post=769"}],"curies":[{"name":"wp","href":"https:\/\/api.w.org\/{rel}","templated":true}]}}