{"id":917,"date":"2022-10-18T16:30:03","date_gmt":"2022-10-18T19:30:03","guid":{"rendered":"https:\/\/www.ufsm.br\/cursos\/pos-graduacao\/santa-maria\/ppga\/?page_id=917"},"modified":"2025-08-12T08:54:29","modified_gmt":"2025-08-12T11:54:29","slug":"instrucoes-dispensa-aproveitamento-suficiencia","status":"publish","type":"page","link":"https:\/\/www.ufsm.br\/cursos\/pos-graduacao\/santa-maria\/ppga\/instrucoes-dispensa-aproveitamento-suficiencia","title":{"rendered":"Instru\u00e7\u00f5es para Dispensa \/ Aproveitamento \/ Sufici\u00eancia"},"content":{"rendered":"<table style=\"border-collapse: collapse;width: 100%;height: 23px\">\n<tbody>\n<tr style=\"height: 23px\">\n<td style=\"width: 100%;height: 23px;background-color: #e6e3e3\">\n<h2>Fus\u00e3o dos PPGs em Administra\u00e7\u00e3o e Ci\u00eancias Cont\u00e1beis\u00a0 = PPGACC<\/h2>\n<\/td>\n<\/tr>\n<\/tbody>\n<\/table>\n(aprovada pela Capes) \u2013 A fus\u00e3o resulta na cria\u00e7\u00e3o do Programa de P\u00f3s-Gradua\u00e7\u00e3o em Administra\u00e7\u00e3o e Ci\u00eancias Cont\u00e1beis da UFSM &#8211;\u00a0Resolu\u00e7\u00e3o que regula as mudan\u00e7as nas Coordena\u00e7\u00f5es do PPGA, PPGCC e PPGACC (A Resolu\u00e7\u00e3o que estingue os dois Programas, e cria o PPGACC):\n<p style=\"font-weight: 400\"><a href=\"https:\/\/portal.ufsm.br\/documentos\/download.html?action=componente&amp;download=false&amp;id=5517975\" data-saferedirecturl=\"https:\/\/www.google.com\/url?q=https:\/\/portal.ufsm.br\/documentos\/download.html?action%3Dcomponente%26download%3Dfalse%26id%3D5517975&amp;source=gmail&amp;ust=1751624558214000&amp;usg=AOvVaw37iq0xDJIGi_CZtwlVA8ls\">https:\/\/portal.ufsm.br\/documentos\/download.html?action=componente&amp;download=false&amp;id=5517975<\/a><\/p>\n<b>Coordena\u00e7\u00e3o do PPGACC\n<\/b>E-mail:<strong><a href=\"mailto:ppgacc@ufsm.br\">\u00a0ppgacc@ufsm.br<\/a><\/strong>\n\n<strong>Coordenadora: Profa. Dra. Simone Alves Pacheco de Campos<\/strong>\n\n<strong>Coordenador Substituto: Prof. Dr. Vin\u00edcius Costa da Silva Zonatto<\/strong>\n\n<strong>Obs.:<\/strong>\u00a0\u00a0<span style=\"background-color: #ffff00\"><strong>PPGA (existe no SIE \u201csubordinado\/dentro\u201d do registro do PPGACC at\u00e9 o \u00faltimo aluno se formar)<\/strong><\/span>\n<h3 style=\"text-align: justify\"><strong>&#8211; Requerimento de Dispensa ou Aproveitamento de Disciplina e Sufici\u00eancia em L\u00edngua Estrangeira<\/strong><\/h3>\n<p style=\"text-align: justify\"><strong>ATEN\u00c7\u00c3O: At\u00e9 08 cr\u00e9ditos em disciplinas optativas poder\u00e3o ser cursados em outros programas de P\u00f3s-Gradua\u00e7\u00e3o stricto sensu no Brasil ou no Exterior e at\u00e9 08 (oito) cr\u00e9ditos poder\u00e3o ser creditadas a partir do aproveitamento de disciplinas cursadas no Mestrado do PPGA.<\/strong><\/p>\n<p style=\"text-align: justify\">Conforme o Art. 53\u00ba do Regimento Interno do PPGA, o aluno que houver cursado disciplinas, em n\u00edvel de p\u00f3s-gradua\u00e7\u00e3o stricto sensu, em qualquer estabelecimento de ensino superior, poder\u00e1 solicitar o aproveitamento dos cr\u00e9ditos correspondentes, a crit\u00e9rio do Colegiado do Programa.<\/p>\n<p style=\"text-align: justify\">O aluno que desejar solicitar aproveitamento de disciplinas e\/ou de l\u00edngua estrangeira dever\u00e1 realizar o procedimento atrav\u00e9s do Portal de Documentos da UFSM (<a href=\"https:\/\/portal.ufsm.br\/documentos\/mainMenu.html\">LINK PARA ACESSO AO PORTAL DE DOCUMENTOS<\/a>).<\/p>\n<p style=\"text-align: justify\">Segue tutorial para abertura do processo:\u00a0<a href=\"https:\/\/www.ufsm.br\/app\/uploads\/sites\/416\/2020\/05\/tutorial-de-abertura-pensie.pdf\">https:\/\/www.ufsm.br\/app\/uploads\/sites\/416\/2020\/05\/tutorial-de-abertura-pensie.pdf<\/a><\/p>\n<p style=\"text-align: justify\">Segue link com informa\u00e7\u00f5es sobre o processo do aproveitamento e o fluxograma at\u00e9 o lan\u00e7amento no seu hist\u00f3rico:\u00a0 <a href=\"http:\/\/w3.ufsm.br\/proplan\/pp\/DERCA_WEB\/DERCA_CMCE_NCPG_Dispensa_Aproveitamento_Disciplina_pos\/#diagram\/0aced0c5-2e36-4698-bba3-ee182ec4e2c6\">http:\/\/w3.ufsm.br\/proplan\/pp\/DERCA_WEB\/DERCA_CMCE_NCPG_Dispensa_Aproveitamento_Disciplina_pos\/#diagram\/0aced0c5-2e36-4698-bba3-ee182ec4e2c6<\/a><\/p>\n<p style=\"text-align: justify\">Para o aproveitamento de disciplinas \u00e9 necess\u00e1rio anexar o hist\u00f3rico escolar que conste a aprova\u00e7\u00e3o da disciplina.<\/p>\n<p style=\"text-align: justify\">Para o aproveitamento do teste de sufici\u00eancia \u00e9 necess\u00e1rio anexar o certificado que conste a aprova\u00e7\u00e3o no teste.<\/p>\n<p style=\"text-align: justify\">Tutorial para aproveitamento de disciplinas:\u00a0 <a href=\"https:\/\/www.ufsm.br\/app\/uploads\/sites\/512\/2021\/05\/Tutorial-para-Aproveitamento-de-Disciplinas.pdf\">https:\/\/www.ufsm.br\/app\/uploads\/sites\/512\/2021\/05\/Tutorial-para-Aproveitamento-de-Disciplinas.pdf<\/a><\/p>\n<p style=\"text-align: justify\">Tutorial para aproveitamento do teste:\u00a0<a href=\"https:\/\/www.ufsm.br\/app\/uploads\/sites\/512\/2021\/05\/Tutorial-para-Aproveitamento-de-Lingua-Estrangeira.pdf\">https:\/\/www.ufsm.br\/app\/uploads\/sites\/512\/2021\/05\/Tutorial-para-Aproveitamento-de-Lingua-Estrangeira.pdf<\/a><\/p>\n<p style=\"text-align: justify\">O c\u00f3digo para destino do processo ao PPGA \u00e9:\u00a0CURSO-PROGRAMA PG EM ADMINISTRA\u00c7\u00c3O &#8211; 06.10.34.00.0.0 (Unidade administrativa).<\/p>\n\n<table style=\"border-collapse: collapse;width: 100%\">\n<tbody>\n<tr>\n<td style=\"width: 100%;background-color: #daeaf5\">\n<h2 style=\"text-align: justify\"><strong>Link para os formul\u00e1rios &#8211; Via Controle Acad\u00eamico da PRPGP:<\/strong><\/h2>\n<\/td>\n<\/tr>\n<tr>\n<td style=\"width: 100%\">\n<ul>\n \t<li style=\"text-align: justify\"><strong>Link <a href=\"https:\/\/www.ufsm.br\/pro-reitorias\/prpgp\/servicos\/dispensa-aproveitamento-de-disciplinas-de-pos-graduacao\">Dispensa\/Aproveitamento disciplina<\/a><\/strong><\/li>\n \t<li><strong>Link <a href=\"https:\/\/www.ufsm.br\/pro-reitorias\/prpgp\/servicos\/comprovacao-de-suficiencia-em-lingua-estrangeira\">Sufici\u00eancia em l\u00edngua estrangeira<\/a><\/strong><\/li>\n<\/ul>\n<\/td>\n<\/tr>\n<\/tbody>\n<\/table>\n<p style=\"text-align: justify\">Informa\u00e7\u00f5es sobre abertura de processos no PEN e demais d\u00favidas em rela\u00e7\u00e3o ao Portal de Documentos podem ser sanadas no site do PEN\u00a0<a href=\"https:\/\/www.ufsm.br\/orgaos-suplementares\/dag\/pen\/\">https:\/\/www.ufsm.br\/orgaos-suplementares\/dag\/pen\/<\/a>\u00a0na aba\u00a0<a href=\"https:\/\/www.ufsm.br\/orgaos-suplementares\/dag\/pen\/apoio-ao-usuario\/\" target=\"_blank\" rel=\"noopener\"><strong><u>Apoio ao Usu\u00e1rio<\/u><\/strong><\/a>. L\u00e1 est\u00e3o dispon\u00edveis todos os tutoriais referentes aos processos administrativos eletr\u00f4nicos.<\/p>\n<strong>&#8211; Requerimento de Registro de Produ\u00e7\u00e3o Acad\u00eamica\n<\/strong>\n\nPara fins de reconhecimento de cr\u00e9ditos com a publica\u00e7\u00e3o de artigos, o aluno poder\u00e1 solicitar o lan\u00e7amento no Hist\u00f3rico Escolar de uma das seguintes disciplinas:\n<ul>\n \t<li style=\"text-align: justify\">APG 23736 \u2013 Publica\u00e7\u00f5es em peri\u00f3dicos (4 cr\u00e9ditos);<\/li>\n \t<li style=\"text-align: justify\">APG 1878 \u2013 Publica\u00e7\u00f5es em peri\u00f3dicos (6 cr\u00e9ditos);<\/li>\n \t<li style=\"text-align: justify\">APG 2502 \u2013 Publica\u00e7\u00f5es em peri\u00f3dicos (8 cr\u00e9ditos).<\/li>\n<\/ul>\n<p style=\"text-align: justify\">A contabiliza\u00e7\u00e3o dos cr\u00e9ditos ser\u00e1 realizada conforme disposto na Orienta\u00e7\u00e3o Interna 003 (<a href=\"https:\/\/www.ufsm.br\/app\/uploads\/sites\/512\/2022\/10\/Orientacao-Interna-003-Aproveitmaento-Producao-academica-Cientifica.pdf\" target=\"_blank\" rel=\"noopener\">https:\/\/www.ufsm.br\/app\/uploads\/sites\/512\/2022\/10\/Orientacao-Interna-003-Aproveitmaento-Producao-academica-Cientifica.pdf<\/a>)<\/p>\n<p style=\"text-align: justify\">O aluno que desejar solicitar\u00a0Requerimento de Registro de Produ\u00e7\u00e3o Acad\u00eamica<b>\u00a0<\/b>dever\u00e1 realizar o procedimento atrav\u00e9s do <a href=\"https:\/\/portal.ufsm.br\/documentos\/mainMenu.html\" target=\"_blank\" rel=\"noopener\">Portal de Documentos da UFSM<\/a>.<\/p>\n<p style=\"text-align: justify\">Segue tutorial para abertura do processo:\u00a0<a href=\"https:\/\/www.ufsm.br\/app\/uploads\/sites\/416\/2020\/05\/tutorial-de-abertura-pensie.pdf\" target=\"_blank\" rel=\"noopener\" data-saferedirecturl=\"https:\/\/www.google.com\/url?q=https:\/\/www.ufsm.br\/app\/uploads\/sites\/416\/2020\/05\/tutorial-de-abertura-pensie.pdf&amp;source=gmail&amp;ust=1648228874099000&amp;usg=AOvVaw2i9S8G9oyhPX10jD7OIu7G\">https:\/\/www.ufsm.br\/app\/uploads\/sites\/416\/2020\/05\/tutorial-de-abertura-pensie.pdf<\/a><\/p>\n\n<div class=\"gmail_default\">Para solicitar o registro de produ\u00e7\u00e3o acad\u00eamica (aproveitamento), deve-se incluir no processo a ser aberto no\u00a0<a href=\"https:\/\/portal.ufsm.br\/documentos\/mainMenu.html\" target=\"_blank\" rel=\"noopener\" data-saferedirecturl=\"https:\/\/www.google.com\/url?q=https:\/\/portal.ufsm.br\/documentos\/mainMenu.html&amp;source=gmail&amp;ust=1755085252710000&amp;usg=AOvVaw3jTlHQeLf0v596ri2JglBz\">PEN\/SIE<\/a>, no tipo documental \u201cSolicita\u00e7\u00e3o de aproveitamento de disciplina de mestrado\/doutorado\u201d, os seguintes documentos:<\/div>\n<div class=\"gmail_default\"><\/div>\n<div class=\"gmail_default\">\n<ul>\n \t<li><a href=\"https:\/\/www.ufsm.br\/app\/uploads\/sites\/512\/2020\/10\/Modelo-Registro-de-producao-academica-1.doc\" target=\"_blank\" rel=\"noopener\" data-saferedirecturl=\"https:\/\/www.google.com\/url?q=https:\/\/www.ufsm.br\/app\/uploads\/sites\/512\/2020\/10\/Modelo-Registro-de-producao-academica-1.doc&amp;source=gmail&amp;ust=1755085252710000&amp;usg=AOvVaw1SC3MVXvO6r2peHj4yrcTc\">Modelo de Requerimento de Registro de Produ\u00e7\u00e3o Acad\u00eamica;<\/a><\/li>\n \t<li>C\u00f3pia da primeira p\u00e1gina dos artigos;<\/li>\n \t<li>Em caso de artigos aceitos, carta de aceite para publica\u00e7\u00e3o.<\/li>\n \t<li><a href=\"https:\/\/www.ufsm.br\/app\/uploads\/sites\/345\/2022\/02\/Requerimento_de_Aproveitamento_de_Disciplinas-NCAPG-Copia.docx\" target=\"_blank\" rel=\"noopener\" data-saferedirecturl=\"https:\/\/www.google.com\/url?q=https:\/\/www.ufsm.br\/app\/uploads\/sites\/345\/2022\/02\/Requerimento_de_Aproveitamento_de_Disciplinas-NCAPG-Copia.docx&amp;source=gmail&amp;ust=1755085252710000&amp;usg=AOvVaw1Iyygithtg-TvVR0HansLY\">Formul\u00e1rio da PRPGP<\/a><\/li>\n<\/ul>\n<\/div>\n<strong>Observa\u00e7\u00f5es importantes<\/strong>\n<table style=\"border-collapse: collapse;width: 100%\">\n<tbody>\n<tr>\n<td style=\"width: 100%;border-style: solid;background-color: #dcedf5\">\n<ul>\n \t<li>Deve ser tramitado ao\u00a0\u00a0CURSO-PROGRAMA PG EM ADMINISTRA\u00c7\u00c3O E CI\u00caNCIAS CONT\u00c1BEIS \u2013 06.10.43.00.0.0 (Unidade administrativa)<\/li>\n<\/ul>\n<\/td>\n<\/tr>\n<\/tbody>\n<\/table>\n<ul>\n \t<li>A data de publica\u00e7\u00e3o do artigo dever\u00e1 ser posterior \u00e0 data de ingresso no Curso de Doutorado;<\/li>\n \t<li style=\"text-align: justify\">O aluno dever\u00e1 ser autor ou coautor do artigo;<\/li>\n \t<li style=\"text-align: justify\">Todos os artigos dever\u00e3o ser em coautoria com pelo menos um docente do PPGA &#8211; UFSM;<\/li>\n \t<li style=\"text-align: justify\">Pelo menos um dos artigos dever\u00e1 ter o(a) orientador(a) como coautor(a);<\/li>\n \t<li style=\"text-align: justify\">O peri\u00f3dico de publica\u00e7\u00e3o dever\u00e1 estar classificado no Qualis da \u00e1rea de Administra\u00e7\u00e3o, Ci\u00eancias Cont\u00e1beis e Turismo;<\/li>\n \t<li style=\"text-align: justify\">A atribui\u00e7\u00e3o de cr\u00e9ditos levar\u00e1 em considera\u00e7\u00e3o o Qualis da revista que foi publicado o artigo, de acordo com a seguinte tabela:<\/li>\n<\/ul>\n<p style=\"text-align: center\"><img fetchpriority=\"high\" decoding=\"async\" src=\"https:\/\/www.ufsm.br\/app\/uploads\/sites\/512\/2022\/10\/Tabela-PPGA.png\" alt=\"\" width=\"292\" height=\"248\" \/><\/p>\n\n<ul>\n \t<li>Artigos em coautoria com discentes do Curso de Doutorado do PPGA ter\u00e3o a pontua\u00e7\u00e3o estabelecida na tabela acima dividida proporcionalmente entre os coautores. independentemente da ordem de autoria.<\/li>\n<\/ul>\n<!-- \/wp:post-content -->","protected":false},"excerpt":{"rendered":"<p>Fus\u00e3o dos PPGs em Administra\u00e7\u00e3o e Ci\u00eancias Cont\u00e1beis\u00a0 = PPGACC (aprovada pela Capes) \u2013 A fus\u00e3o resulta na cria\u00e7\u00e3o do Programa de P\u00f3s-Gradua\u00e7\u00e3o em Administra\u00e7\u00e3o e Ci\u00eancias Cont\u00e1beis da UFSM &#8211;\u00a0Resolu\u00e7\u00e3o que regula as mudan\u00e7as nas Coordena\u00e7\u00f5es do PPGA, PPGCC e PPGACC (A Resolu\u00e7\u00e3o que estingue os dois Programas, e cria o PPGACC): https:\/\/portal.ufsm.br\/documentos\/download.html?action=componente&amp;download=false&amp;id=5517975 Coordena\u00e7\u00e3o [&hellip;]<\/p>\n","protected":false},"author":586,"featured_media":0,"parent":0,"menu_order":0,"comment_status":"closed","ping_status":"closed","template":"","meta":{"footnotes":""},"categories":[],"tags":[],"class_list":["post-917","page","type-page","status-publish","hentry"],"acf":[],"_links":{"self":[{"href":"https:\/\/www.ufsm.br\/cursos\/pos-graduacao\/santa-maria\/ppga\/wp-json\/wp\/v2\/pages\/917","targetHints":{"allow":["GET"]}}],"collection":[{"href":"https:\/\/www.ufsm.br\/cursos\/pos-graduacao\/santa-maria\/ppga\/wp-json\/wp\/v2\/pages"}],"about":[{"href":"https:\/\/www.ufsm.br\/cursos\/pos-graduacao\/santa-maria\/ppga\/wp-json\/wp\/v2\/types\/page"}],"author":[{"embeddable":true,"href":"https:\/\/www.ufsm.br\/cursos\/pos-graduacao\/santa-maria\/ppga\/wp-json\/wp\/v2\/users\/586"}],"replies":[{"embeddable":true,"href":"https:\/\/www.ufsm.br\/cursos\/pos-graduacao\/santa-maria\/ppga\/wp-json\/wp\/v2\/comments?post=917"}],"version-history":[{"count":0,"href":"https:\/\/www.ufsm.br\/cursos\/pos-graduacao\/santa-maria\/ppga\/wp-json\/wp\/v2\/pages\/917\/revisions"}],"wp:attachment":[{"href":"https:\/\/www.ufsm.br\/cursos\/pos-graduacao\/santa-maria\/ppga\/wp-json\/wp\/v2\/media?parent=917"}],"wp:term":[{"taxonomy":"category","embeddable":true,"href":"https:\/\/www.ufsm.br\/cursos\/pos-graduacao\/santa-maria\/ppga\/wp-json\/wp\/v2\/categories?post=917"},{"taxonomy":"post_tag","embeddable":true,"href":"https:\/\/www.ufsm.br\/cursos\/pos-graduacao\/santa-maria\/ppga\/wp-json\/wp\/v2\/tags?post=917"}],"curies":[{"name":"wp","href":"https:\/\/api.w.org\/{rel}","templated":true}]}}