{"id":166,"date":"2025-05-16T15:13:33","date_gmt":"2025-05-16T18:13:33","guid":{"rendered":"https:\/\/www.ufsm.br\/cursos\/pos-graduacao\/santa-maria\/ppgacc\/?page_id=166"},"modified":"2025-05-21T09:08:31","modified_gmt":"2025-05-21T12:08:31","slug":"apresentacao-do-programa","status":"publish","type":"page","link":"https:\/\/www.ufsm.br\/cursos\/pos-graduacao\/santa-maria\/ppgacc\/apresentacao-do-programa","title":{"rendered":"Apresenta\u00e7\u00e3o do Programa"},"content":{"rendered":"\n<p>\u00a0<\/p>\n<table style=\"border-collapse: collapse;width: 100%\">\n<tbody>\n<tr>\n<td style=\"width: 100%;background-color: #d6cece\">\n<p style=\"text-align: center\"><strong>Programa de P\u00f3s-Gradua\u00e7\u00e3o em Administra\u00e7\u00e3o e Ci\u00eancias Cont\u00e1beis (PPGACC)<\/strong><\/p>\n<\/td>\n<\/tr>\n<tr>\n<td style=\"width: 100%\">\n<p style=\"text-align: justify\">\u00a0 \u00a0 \u00a0 O Programa de P\u00f3s-Gradua\u00e7\u00e3o em Administra\u00e7\u00e3o e Ci\u00eancias Cont\u00e1beis (PPGACC) da Universidade Federal de Santa Maria (UFSM) est\u00e1 estruturado com uma \u00fanica \u00e1rea de concentra\u00e7\u00e3o, denominada de \u201cGest\u00e3o Organizacional\u201d, e duas linhas de pesquisa, denominadas, respectivamente, de \u201cOrganiza\u00e7\u00f5es, Estrat\u00e9gia e Sustentabilidade\u201d e \u201cControladoria, Contabilidade e Governan\u00e7a\u201d.<\/p>\n<p style=\"text-align: justify\">\u00a0 \u00a0 \u00a0 Os curso nas modalidades de <strong>Mestrado e Doutorado Acad\u00eamico<\/strong> s\u00e3o presencial, sendo diurno o seus turnos de funcionamento, com ingresso anual. Os cursos s\u00e3o ofertados em per\u00edodo semestral, sendo 4 o n\u00famero de per\u00edodos indicados para sua conclus\u00e3o para o mestrado e 8 o n\u00famero de per\u00edodos indicados para a conclus\u00e3o do Doutorado.<\/p>\n<p style=\"text-align: justify\">\u00a0 \u00a0 \u00a0 \u00a0A \u00e1rea de conhecimento do programa \u00e9 classificada pela CAPES como Administra\u00e7\u00e3o P\u00fablica e de Empresas, Ci\u00eancias Cont\u00e1beis e Turismo.\u00a0<\/p>\n<p style=\"text-align: justify\">\u00a0 \u00a0O PPGACC \u00e9 constitu\u00eddo pela \u00e1rea de concentra\u00e7\u00e3o \u201c<strong>Gest\u00e3o Organizacional<\/strong>\u201d e duas linhas de pesquisa, sendo essas: \u201c<strong>Organiza\u00e7\u00f5es, Estrat\u00e9gia e Sustentabilidade<\/strong>\u201d e \u201c<strong>Controladoria, Contabilidade e Governan\u00e7a<\/strong>\u201d.<\/p>\n<\/td>\n<\/tr>\n<\/tbody>\n<\/table>\n<p>\u00a0<\/p>\n<table style=\"border-collapse: collapse;width: 100%\">\n<tbody>\n<tr>\n<td style=\"width: 100%;background-color: #ccc8c8\">\n<p style=\"text-align: center\"><strong>\u00c1rea de Concentra\u00e7\u00e3o \u201cGest\u00e3o Organizacional\u201d <\/strong><\/p>\n<\/td>\n<\/tr>\n<tr>\n<td style=\"width: 100%\">\n<p style=\"text-align: justify\">\u00a0 \u00a0 \u00a0 A \u00e1rea de concentra\u00e7\u00e3o \u201cGest\u00e3o Organizacional\u201d tem por objetivo a forma\u00e7\u00e3o de jovens pesquisadores altamente qualificados com um pensamento cr\u00edtico e compet\u00eancias cient\u00edficas para transcender as fronteiras do conhecimento nas \u00e1reas de Administra\u00e7\u00e3o e Ci\u00eancias Cont\u00e1beis.\u00a0<\/p>\n<p style=\"text-align: justify\">\u00a0 \u00a0 \u00a0 Por gest\u00e3o organizacional entende-se a capacidade que a organiza\u00e7\u00e3o tem para empreender a\u00e7\u00f5es para solucionar problemas do mercado e da sociedade. A palavra \u201cGest\u00e3o\u201d representa a\u00e7\u00e3o ou efeito de gerir; ger\u00eancia; administra\u00e7\u00e3o. Congrega, assim, o desenvolvimento de estudos e pesquisas de alta relev\u00e2ncia te\u00f3rica e pr\u00e1tica ao campo da gest\u00e3o nos mais diversos tipos organizacionais (empresas privadas, organiza\u00e7\u00f5es p\u00fablicas, terceiro setor e formas organizacionais emergentes) e suas contribui\u00e7\u00f5es \u00e0 sociedade como um todo.\u00a0<\/p>\n<p style=\"text-align: justify\">\u00a0 \u00a0 \u00a0Os estudos desenvolvidos no \u00e2mbito do Programa de P\u00f3s-Gradua\u00e7\u00e3o em Administra\u00e7\u00e3o e Ci\u00eancias Cont\u00e1beis da UFSM buscam, assim, suporte ao estudo da gest\u00e3o, das intera\u00e7\u00f5es entre organiza\u00e7\u00f5es e sociedade, dos indiv\u00edduos nos mais distintos contextos organizacionais, da aplica\u00e7\u00e3o e uso das diferentes tecnologias de informa\u00e7\u00e3o e apoio a tomada de decis\u00e3o, e os instrumentos de controles gerenciais. Abrange duas linhas de pesquisa: Organiza\u00e7\u00f5es, Estrat\u00e9gia e Sustentabilidade; e, Controladoria, Contabilidade e Governan\u00e7a.\u00a0<\/p>\n<p style=\"text-align: justify\">\u00a0 \u00a0 \u00a0Assim, a proposta central do Programa de P\u00f3s-gradua\u00e7\u00e3o em Administra\u00e7\u00e3o e Ci\u00eancias Cont\u00e1beis da UFSM consiste na forma\u00e7\u00e3o de pessoas qualificadas, cient\u00edfica e tecnicamente, com s\u00f3lida capacidade te\u00f3rica, cr\u00edtica e reflexiva para o exerc\u00edcio de atividades profissionais de ensino e de pesquisa na \u00e1rea de Administra\u00e7\u00e3o e Ci\u00eancias Cont\u00e1beis, comprometidas com o desenvolvimento da sociedade, de modo inovador e sustent\u00e1vel.<\/p>\n<\/td>\n<\/tr>\n<\/tbody>\n<\/table>\n<p>\u00a0<\/p>\n<table style=\"border-collapse: collapse;width: 100%\">\n<tbody>\n<tr>\n<td style=\"width: 100%;background-color: #ccc8c8\">\n<p><strong>\u00a0 \u00a0Objetivos <\/strong><\/p>\n<\/td>\n<\/tr>\n<tr>\n<td style=\"width: 100%\">\n<p style=\"text-align: justify\">\u00a0 \u00a0 \u00a0 O Programa de P\u00f3s-Gradua\u00e7\u00e3o em Administra\u00e7\u00e3o Ci\u00eancias Cont\u00e1beis (PPGACC) da Universidade Federal de Santa Maria (UFSM) tem por objetivo a forma\u00e7\u00e3o de pessoas qualificadas, cient\u00edfica e tecnicamente, com s\u00f3lida capacidade te\u00f3rica, cr\u00edtica e reflexiva para o exerc\u00edcio de atividades profissionais de ensino e de pesquisa na \u00e1rea de Administra\u00e7\u00e3o e Ci\u00eancias Cont\u00e1beis, comprometidas com o desenvolvimento da sociedade, de modo inovador e sustent\u00e1vel.<\/p>\n<p style=\"text-align: justify\">\u00a0 \u00a0 \u00a0A fim de atender \u00e0s diferentes demandas da Universidade, organiza\u00e7\u00f5es e da sociedade, como objetivos espec\u00edficos do Programa se estabelece:<\/p>\n<p style=\"text-align: justify\">\u00a0 \u00a0 \u00a0I \u2013 Promover a qualifica\u00e7\u00e3o de alto n\u00edvel de profissionais para o exerc\u00edcio das atividades de ensino, de pesquisa e de extens\u00e3o na \u00e1rea de Administra\u00e7\u00e3o e Ci\u00eancias Cont\u00e1beis;<\/p>\n<p style=\"text-align: justify\">\u00a0 \u00a0 \u00a0 II \u2013 Capacitar docentes e pesquisadores para atua\u00e7\u00e3o em pesquisa em cursos de gradua\u00e7\u00e3o e p\u00f3s-gradua\u00e7\u00e3o em Administra\u00e7\u00e3o e Ci\u00eancias Cont\u00e1beis;<\/p>\n<p style=\"text-align: justify\">\u00a0 \u00a0 III \u2013 Proporcionar experi\u00eancias em pesquisa e em ensino, capacitando o egresso para a amplia\u00e7\u00e3o qualitativa da produ\u00e7\u00e3o cient\u00edfica e desenvolvimento do ensino superior e das compet\u00eancias da gest\u00e3o organizacional;<\/p>\n<p style=\"text-align: justify\">\u00a0 \u00a0 IV \u2013 Estabelecer redes de pesquisadores, que incluam docentes, discentes e egressos para o estudo de temas priorit\u00e1rios e pertinentes para os contextos regional, nacional e internacional;<\/p>\n<p style=\"text-align: justify\">\u00a0 \u00a0 \u00a0V \u2013 Fomentar a coopera\u00e7\u00e3o entre equipes de pesquisadores, em n\u00edvel nacional e internacional, por meio da intera\u00e7\u00e3o com grupos de pesquisa estrangeiros para maximizar o processo de transfer\u00eancia de conhecimento;<\/p>\n<p style=\"text-align: justify\">\u00a0 \u00a0 VI \u2013 Promover a intera\u00e7\u00e3o entre universidades, grupos de pesquisa e Programas de P\u00f3sGradua\u00e7\u00e3o consolidados e em processo de desenvolvimento, visando a fortalecer o ensino e a pesquisa;<\/p>\n<p style=\"text-align: justify\">\u00a0 \u00a0VII \u2013 Contribuir para o avan\u00e7o do conhecimento em Administra\u00e7\u00e3o e Ci\u00eancias Cont\u00e1beis, a partir dos resultados de projetos e estudos desenvolvidos, apresentando recomenda\u00e7\u00f5es para executivos atuantes na \u00e1rea de gest\u00e3o organizacional, visando a amplia\u00e7\u00e3o da competitividade e da inser\u00e7\u00e3o econ\u00f4mica empresarial;<\/p>\n<p style=\"text-align: justify\">\u00a0 \u00a0VIII \u2013 Estimular a integra\u00e7\u00e3o entre as atividades de Gradua\u00e7\u00e3o e de P\u00f3s-Gradua\u00e7\u00e3o, atrav\u00e9s da participa\u00e7\u00e3o em projetos de pesquisa desenvolvidos de forma conjunta e colaborativa;<\/p>\n<p style=\"text-align: justify\">\u00a0 \u00a0 \u00a0IX \u2013 Estimular o interc\u00e2mbio acad\u00eamico e cient\u00edfico, a partir do desenvolvimento de equipes de coopera\u00e7\u00e3o com outras IES do Brasil e do exterior; e,<\/p>\n<p style=\"text-align: justify\">\u00a0 \u00a0X \u2013 Cooperar, de forma solid\u00e1ria, no \u00e2mbito da Gradua\u00e7\u00e3o e da P\u00f3s-Gradua\u00e7\u00e3o em Administra\u00e7\u00e3o e Ci\u00eancias Cont\u00e1beis com institui\u00e7\u00f5es com potencial de desenvolvimento na regi\u00e3o, no pa\u00eds e no exterior .<\/p>\n<\/td>\n<\/tr>\n<\/tbody>\n<\/table>\n<p>\u00a0<\/p>\n<table style=\"border-collapse: collapse;width: 100%\">\n<tbody>\n<tr>\n<td style=\"width: 100%;background-color: #c7c1c1\"><strong>\u00a0 \u00a0 Perfil do Egresso <\/strong><\/td>\n<\/tr>\n<tr>\n<td style=\"width: 100%\">\n<p style=\"text-align: justify\">Espera-se que o egresso deste curso seja um profissional qualificado, cient\u00edfica e tecnicamente, com s\u00f3lida capacidade te\u00f3rica, cr\u00edtica e reflexiva, com vis\u00e3o global, humanista e sustent\u00e1vel, atento \u00e0s demandas da sociedade e do ambiente, para o exerc\u00edcio de atividades profissionais de ensino e de pesquisa nas \u00e1reas de Administra\u00e7\u00e3o e Ci\u00eancias Cont\u00e1beis, capaz de promover a difus\u00e3o de conhecimentos a professores e profissionais que atuam nesta \u00e1rea, sendo agente de mudan\u00e7a na sociedade e nas institui\u00e7\u00f5es nas quais vir\u00e1 a atuar.<\/p>\n<p style=\"text-align: justify\">Pretende-se contribuir para a forma\u00e7\u00e3o de profissionais que possuam s\u00f3lida forma\u00e7\u00e3o te\u00f3rica, cr\u00edtica e reflexiva nas \u00e1reas de Administra\u00e7\u00e3o e Ci\u00eancias Cont\u00e1beis, com compet\u00eancia para atuar na doc\u00eancia, na pesquisa ou em organiza\u00e7\u00f5es privadas e p\u00fablicas, com\u00a0ou sem fins lucrativos, aptos a sistematizar, organizar e aplicar conhecimentos capazes de contribuir para a qualifica\u00e7\u00e3o dos processos de gest\u00e3o organizacional, a gera\u00e7\u00e3o e o reporte de informa\u00e7\u00f5es, e a tomada de decis\u00f5es em busca da sustentabilidade dos neg\u00f3cios.<\/p>\n<\/td>\n<\/tr>\n<\/tbody>\n<\/table>\n<p>\u00a0<\/p>\n<table style=\"border-collapse: collapse;width: 100%;height: 953px\">\n<tbody>\n<tr style=\"height: 68px\">\n<td style=\"width: 100%;background-color: #c4c4c4;height: 68px\">\n<p><strong>\u00a0 \u00a0&#8211; Miss\u00e3o, Vis\u00e3o e Valores <\/strong><\/p>\n<\/td>\n<\/tr>\n<tr style=\"height: 100px\">\n<td style=\"width: 100%;text-align: justify;height: 100px\">\n<p>\u00a0 \u00a0Para a defini\u00e7\u00e3o da Miss\u00e3o, Vis\u00e3o e Valores do Programa de P\u00f3s-Gradua\u00e7\u00e3o em Administra\u00e7\u00e3o e Ci\u00eancias Cont\u00e1beis (PPGACC), \u00e9 necess\u00e1rio compreender a Miss\u00e3o e a Vis\u00e3o institucional da Universidade Federal de Santa Maria (UFSM).<\/p>\n<\/td>\n<\/tr>\n<tr style=\"height: 100px\">\n<td style=\"width: 100%;text-align: justify;height: 100px\">\n<p><strong>\u00a0 \u00a0Miss\u00e3o Institucional:<\/strong> A Universidade Federal de Santa Maria (UFSM) tem como Miss\u00e3o \u201cconstruir e difundir conhecimento, comprometida com a forma\u00e7\u00e3o de pessoas capazes de inovar e contribuir com o desenvolvimento da sociedade, de modo sustent\u00e1vel\u201d.<\/p>\n<\/td>\n<\/tr>\n<tr style=\"height: 100px\">\n<td style=\"width: 100%;text-align: justify;height: 100px\">\n<p><strong>\u00a0 \u00a0Vis\u00e3o Inst<\/strong><strong>itucional:<\/strong> A UFSM tem como Vis\u00e3o \u201cser reconhecida como uma institui\u00e7\u00e3o de excel\u00eancia na constru\u00e7\u00e3o e difus\u00e3o do conhecimento, comprometida com o desenvolvimento da sociedade, de modo inovador e sustent\u00e1vel\u201d.<\/p>\n<\/td>\n<\/tr>\n<tr style=\"height: 100px\">\n<td style=\"width: 100%;text-align: justify;height: 100px\">\n<p>\u00a0 \u00a0A cria\u00e7\u00e3o do Programa de P\u00f3s-Gradua\u00e7\u00e3o em Administra\u00e7\u00e3o e Ci\u00eancias Cont\u00e1beis (PPGACC) est\u00e1 alinhada ao Plano de Desenvolvimento Institucional da UFSM e atende \u00e0 demanda regional existente, contribuindo para a consolida\u00e7\u00e3o da Miss\u00e3o e Vis\u00e3o institucional da Universidade.<\/p>\n<\/td>\n<\/tr>\n<tr style=\"height: 183px\">\n<td style=\"width: 100%;text-align: justify;height: 183px\">\n<p><span style=\"color: #000000;background-color: #999999\"><strong>\u00a0 &#8211; Miss\u00e3o do Programa: <\/strong><\/span><\/p>\n<p>A Miss\u00e3o do Programa de P\u00f3s-Gradua\u00e7\u00e3o em Administra\u00e7\u00e3o e Ci\u00eancias Cont\u00e1beis (PPGACC) da UFSM \u00e9 \u201cformar Mestres e Doutores em Administra\u00e7\u00e3o e Ci\u00eancias Cont\u00e1beis com s\u00f3lida capacidade te\u00f3rica, cr\u00edtica e reflexiva para o exerc\u00edcio de atividades profissionais de ensino e de pesquisa nas \u00e1reas de Administra\u00e7\u00e3o e Ci\u00eancias Cont\u00e1beis, comprometidos com o desenvolvimento da sociedade, de modo inovador e sustent\u00e1vel\u201d.<\/p>\n<\/td>\n<\/tr>\n<tr style=\"height: 151px\">\n<td style=\"width: 100%;text-align: justify;height: 151px\">\n<p><span style=\"background-color: #999999\"><strong>\u00a0 \u00a0 &#8211; Vis\u00e3o do Programa:<\/strong><\/span><\/p>\n<p>A Vis\u00e3o do Programa de P\u00f3s-Gradua\u00e7\u00e3o em Administra\u00e7\u00e3o e Ci\u00eancias Cont\u00e1beis (PPGACC) da UFSM \u00e9 \u201cser um Programa de P\u00f3s-gradua\u00e7\u00e3o de excel\u00eancia na constru\u00e7\u00e3o e difus\u00e3o do conhecimento nas \u00e1reas de Administra\u00e7\u00e3o e Ci\u00eancias Cont\u00e1beis e na forma\u00e7\u00e3o de profissionais comprometidos com o desenvolvimento da sociedade, de modo inovador e sustent\u00e1vel\u201d.\u00a0<\/p>\n<\/td>\n<\/tr>\n<tr style=\"height: 151px\">\n<td style=\"width: 100%;text-align: justify;height: 151px\">\n<p><span style=\"background-color: #999999\"><strong>\u00a0 \u00a0 &#8211; Valores do Programa:<\/strong><\/span><\/p>\n<p>O Programa de P\u00f3s-Gradua\u00e7\u00e3o em Administra\u00e7\u00e3o e Ci\u00eancias Cont\u00e1beis (PPGACC) da UFSM compromete-se com a educa\u00e7\u00e3o e com o conhecimento, pautado nos seguintes Valores: \u00e9tica, excel\u00eancia, inclus\u00e3o, compromisso social, colabora\u00e7\u00e3o, inova\u00e7\u00e3o e responsabilidade.<strong><br \/><\/strong><\/p>\n<\/td>\n<\/tr>\n<\/tbody>\n<\/table>\n<p>\u00a0<\/p>\n<table style=\"border-collapse: collapse;width: 100%\">\n<tbody>\n<tr>\n<td style=\"width: 100%;background-color: #dbdbdb\">\n<h2 class=\"entry-title text-start text-primary\" style=\"text-align: center\">Fus\u00e3o dos PPGs em Administra\u00e7\u00e3o e Ci\u00eancias Cont\u00e1beis\u00a0 = PPGACC (aprovada pela Capes)<\/h2>\n<\/td>\n<\/tr>\n<tr>\n<td style=\"width: 100%\">\n<h2 class=\"text-start text-muted text-break h4 mb-0\" style=\"text-align: center\">A fus\u00e3o resulta na cria\u00e7\u00e3o do Programa de P\u00f3s-Gradua\u00e7\u00e3o em Administra\u00e7\u00e3o e Ci\u00eancias Cont\u00e1beis da UFSM<\/h2>\n<\/td>\n<\/tr>\n<tr>\n<td style=\"width: 100%\">\n<p><img fetchpriority=\"high\" decoding=\"async\" class=\" wp-image-264 alignleft\" src=\"https:\/\/www.ufsm.br\/app\/uploads\/sites\/962\/2025\/05\/Card_Aprov_Fusao_PPGA_PPGCC.jpg\" alt=\"\" width=\"714\" height=\"714\" srcset=\"https:\/\/www.ufsm.br\/app\/uploads\/sites\/962\/2025\/05\/Card_Aprov_Fusao_PPGA_PPGCC.jpg 1080w, https:\/\/www.ufsm.br\/app\/uploads\/sites\/962\/2025\/05\/Card_Aprov_Fusao_PPGA_PPGCC-300x300.jpg 300w, https:\/\/www.ufsm.br\/app\/uploads\/sites\/962\/2025\/05\/Card_Aprov_Fusao_PPGA_PPGCC-1024x1024.jpg 1024w, https:\/\/www.ufsm.br\/app\/uploads\/sites\/962\/2025\/05\/Card_Aprov_Fusao_PPGA_PPGCC-150x150.jpg 150w, https:\/\/www.ufsm.br\/app\/uploads\/sites\/962\/2025\/05\/Card_Aprov_Fusao_PPGA_PPGCC-768x768.jpg 768w\" sizes=\"(max-width: 714px) 100vw, 714px\" \/><\/p>\n<p>\u00a0<\/p>\n<p style=\"text-align: justify\">Na sexta-feira (21) de junho de 2024, a Diretoria de Avalia\u00e7\u00e3o da Coordena\u00e7\u00e3o de Aperfei\u00e7oamento de Pessoal de N\u00edvel Superior (Capes) comunicou a UFSM da aprova\u00e7\u00e3o do pedido de fus\u00e3o dos Programas de P\u00f3s-Gradua\u00e7\u00e3o em Administra\u00e7\u00e3o (PPGA) e Ci\u00eancias Cont\u00e1beis (PPGCC), vinculados ao Centro de Ci\u00eancias Sociais e Humanas (CCSH).<\/p>\n<p style=\"text-align: justify\">A solicita\u00e7\u00e3o de fus\u00e3o busca oferecer aos discentes uma forma\u00e7\u00e3o s\u00f3lida e consistente, preparando-os para os desafios do mercado de trabalho, pesquisa cient\u00edfica e academia, seguindo a \u00e1rea de avalia\u00e7\u00e3o da pr\u00f3pria Capes, denominada Administra\u00e7\u00e3o P\u00fablica e de Empresas, Ci\u00eancias Cont\u00e1beis e Turismo.<\/p>\n<p style=\"text-align: justify\">Com esse passo, os PPGs apenas aguardam a homologa\u00e7\u00e3o pela presid\u00eancia da Capes, para que o novo programa passe a ser denominado PPGACC \u2013 Programa de P\u00f3s-Gradua\u00e7\u00e3o em Administra\u00e7\u00e3o e Ci\u00eancias Cont\u00e1beis. O novo programa passa a oferecer cursos de Mestrado e Doutorado em Administra\u00e7\u00e3o e Ci\u00eancias Cont\u00e1beis. \u00c9 o primeiro programa com esta forma\u00e7\u00e3o no estado do Rio Grande do Sul.<\/p>\n<p style=\"text-align: justify\">A \u00e1rea de concentra\u00e7\u00e3o \u00e9 denominada \u201cGest\u00e3o Organizacional\u201d, e as linhas de pesquisa s\u00e3o \u201cOrganiza\u00e7\u00f5es, Estrat\u00e9gia e Sustentabilidade\u201d e \u201cControladoria, Contabilidade e Governan\u00e7a\u201d.<\/p>\n<p style=\"text-align: justify\">Os t\u00edtulos concedidos pelo PPGACC ser\u00e3o os de \u201cMestre em Administra\u00e7\u00e3o e Ci\u00eancias Cont\u00e1beis\u201d e \u201cDoutor em Administra\u00e7\u00e3o e Ci\u00eancias Cont\u00e1beis\u201d.<\/p>\n<p style=\"text-align: justify\">De acordo com a professora Simone Alves Pacheco de Campos, coordenadora do PPGA, essa \u00e9 uma grande conquista. \u201cAp\u00f3s um processo de trabalho intenso e s\u00e9rio, nosso pedido foi aprovado sem altera\u00e7\u00f5es, demonstrando a qualidade e a consist\u00eancia do nosso projeto. Agora, aguardamos a homologa\u00e7\u00e3o pela presidente da Capes para sabermos quando a fus\u00e3o entrar\u00e1 em vigor, se no 2\u00ba semestre de 2024 ou no 1\u00ba semestre de 2025. Este novo programa ser\u00e1 um marco, unindo for\u00e7as para oferecer uma forma\u00e7\u00e3o s\u00f3lida e consistente aos nossos alunos, preparando-os ainda melhor para os desafios do mercado.\u201d<\/p>\n<p style=\"text-align: justify\">Para o professor Vin\u00edcius Costa da Silva Zonatto, coordenador do PPGCC, a fus\u00e3o representa uma inova\u00e7\u00e3o na forma\u00e7\u00e3o acad\u00eamica e profissional nas \u00e1reas de Administra\u00e7\u00e3o e Ci\u00eancias Cont\u00e1beis. \u201cCom a fus\u00e3o dos Programas de P\u00f3s-Gradua\u00e7\u00e3o em Administra\u00e7\u00e3o e Ci\u00eancias Cont\u00e1beis em um \u00fanico programa, denominado Programa de P\u00f3s-Gradua\u00e7\u00e3o em Administra\u00e7\u00e3o e Ci\u00eancias Cont\u00e1beis, ser\u00e1 poss\u00edvel a integra\u00e7\u00e3o de conhecimentos e compet\u00eancias, proporcionando uma vis\u00e3o mais ampla e abrangente dos desafios enfrentados pelos profissionais que atuam nas \u00e1reas de Administra\u00e7\u00e3o e Ci\u00eancias Cont\u00e1beis. Isso trar\u00e1 benef\u00edcios n\u00e3o s\u00f3 para a forma\u00e7\u00e3o dos egressos, mas tamb\u00e9m para a produ\u00e7\u00e3o cient\u00edfica e tecnol\u00f3gica desenvolvida pelo novo programa.\u201d<\/p>\n<p style=\"text-align: justify\">A partir da homologa\u00e7\u00e3o do resultado pela presidente da Capes, ser\u00e3o divulgadas novas informa\u00e7\u00f5es sobre o lan\u00e7amento do primeiro edital de sele\u00e7\u00e3o, para ingresso no 1\u00ba semestre de 2025 no PPGACC.<\/p>\n<\/td>\n<\/tr>\n<\/tbody>\n<\/table>\n<p>\u00a0<\/p>\n","protected":false},"excerpt":{"rendered":"<p>\u00a0 Programa de P\u00f3s-Gradua\u00e7\u00e3o em Administra\u00e7\u00e3o e Ci\u00eancias Cont\u00e1beis (PPGACC) \u00a0 \u00a0 \u00a0 O Programa de P\u00f3s-Gradua\u00e7\u00e3o em Administra\u00e7\u00e3o e Ci\u00eancias Cont\u00e1beis (PPGACC) da Universidade Federal de Santa Maria (UFSM) est\u00e1 estruturado com uma \u00fanica \u00e1rea de concentra\u00e7\u00e3o, denominada de \u201cGest\u00e3o Organizacional\u201d, e duas linhas de pesquisa, denominadas, respectivamente, de \u201cOrganiza\u00e7\u00f5es, Estrat\u00e9gia e Sustentabilidade\u201d e [&hellip;]<\/p>\n","protected":false},"author":905,"featured_media":0,"parent":0,"menu_order":0,"comment_status":"closed","ping_status":"closed","template":"","meta":{"footnotes":""},"categories":[],"tags":[],"class_list":["post-166","page","type-page","status-publish","hentry"],"acf":[],"_links":{"self":[{"href":"https:\/\/www.ufsm.br\/cursos\/pos-graduacao\/santa-maria\/ppgacc\/wp-json\/wp\/v2\/pages\/166","targetHints":{"allow":["GET"]}}],"collection":[{"href":"https:\/\/www.ufsm.br\/cursos\/pos-graduacao\/santa-maria\/ppgacc\/wp-json\/wp\/v2\/pages"}],"about":[{"href":"https:\/\/www.ufsm.br\/cursos\/pos-graduacao\/santa-maria\/ppgacc\/wp-json\/wp\/v2\/types\/page"}],"author":[{"embeddable":true,"href":"https:\/\/www.ufsm.br\/cursos\/pos-graduacao\/santa-maria\/ppgacc\/wp-json\/wp\/v2\/users\/905"}],"replies":[{"embeddable":true,"href":"https:\/\/www.ufsm.br\/cursos\/pos-graduacao\/santa-maria\/ppgacc\/wp-json\/wp\/v2\/comments?post=166"}],"version-history":[{"count":0,"href":"https:\/\/www.ufsm.br\/cursos\/pos-graduacao\/santa-maria\/ppgacc\/wp-json\/wp\/v2\/pages\/166\/revisions"}],"wp:attachment":[{"href":"https:\/\/www.ufsm.br\/cursos\/pos-graduacao\/santa-maria\/ppgacc\/wp-json\/wp\/v2\/media?parent=166"}],"wp:term":[{"taxonomy":"category","embeddable":true,"href":"https:\/\/www.ufsm.br\/cursos\/pos-graduacao\/santa-maria\/ppgacc\/wp-json\/wp\/v2\/categories?post=166"},{"taxonomy":"post_tag","embeddable":true,"href":"https:\/\/www.ufsm.br\/cursos\/pos-graduacao\/santa-maria\/ppgacc\/wp-json\/wp\/v2\/tags?post=166"}],"curies":[{"name":"wp","href":"https:\/\/api.w.org\/{rel}","templated":true}]}}