{"id":159,"date":"2019-02-12T11:43:45","date_gmt":"2019-02-12T13:43:45","guid":{"rendered":"https:\/\/www.ufsm.br\/cursos\/pos-graduacao\/santa-maria\/ppgagro\/?page_id=159"},"modified":"2025-12-17T13:30:21","modified_gmt":"2025-12-17T16:30:21","slug":"linhas-de-pesquisa-e-projetos","status":"publish","type":"page","link":"https:\/\/www.ufsm.br\/cursos\/pos-graduacao\/santa-maria\/ppgagro\/linhas-de-pesquisa-e-projetos","title":{"rendered":"Linhas de Pesquisa e Projetos"},"content":{"rendered":"\t\t<div data-elementor-type=\"wp-page\" data-elementor-id=\"159\" class=\"elementor elementor-159\">\n\t\t\t\t\t\t<section class=\"elementor-section elementor-top-section elementor-element elementor-element-13941ca9 elementor-section-boxed elementor-section-height-default elementor-section-height-default\" data-id=\"13941ca9\" data-element_type=\"section\">\n\t\t\t\t\t\t<div class=\"elementor-container elementor-column-gap-default\">\n\t\t\t\t\t<div class=\"elementor-column elementor-col-100 elementor-top-column elementor-element elementor-element-5fa2bbb6\" data-id=\"5fa2bbb6\" data-element_type=\"column\">\n\t\t\t<div class=\"elementor-widget-wrap elementor-element-populated\">\n\t\t\t\t\t\t<div class=\"elementor-element elementor-element-4adaf377 elementor-widget elementor-widget-text-editor\" data-id=\"4adaf377\" data-element_type=\"widget\" data-widget_type=\"text-editor.default\">\n\t\t\t\t<div class=\"elementor-widget-container\">\n\t\t\t\t\t\t\t<!-- wp:tadv\/classic-paragraph -->\n<p><strong>Linha 1: AGROCLIMATOLOGIA APLICADA \u00c0 PRODUTIVIDADE VEGETAL<\/strong>\u00a0&#8211; Caracteriza\u00e7\u00e3o dos elementos do ambiente, suas modifica\u00e7\u00f5es e de seus reflexos sobre o crescimento e o desenvolvimento das plantas. Desenvolvimento e avalia\u00e7\u00e3o de estruturas e\/ou instala\u00e7\u00f5es para o cultivo de plantas em ambiente controlado.<\/p>\n<ul style=\"list-style-type: disc\">\n<li>Projeto 1.1. Crescimento, desenvolvimento e modelagem de culturas hort\u00edcolas &#8211; respons\u00e1vel: <strong>Lilian Osmari Uhlmann<\/strong><\/li>\n<li>Projeto 1.2. Ecofisiologia de esp\u00e9cies agr\u00edcolas, ornamentais, medicinais e arom\u00e1ticas &#8211; respons\u00e1vel: <strong>Isabel Lago<\/strong><\/li>\n<li>Projeto 1.3. Modelagem de processos de crescimento e de desenvolvimento de plantas &#8211; respons\u00e1vel: <strong>Sandro Luis Petter Medeiros<\/strong><\/li>\n<li>Projeto 1.4. Mudan\u00e7as ambientais e clim\u00e1ticas e seu impacto na produtividade vegetal &#8211; respons\u00e1vel: <strong>Nereu Augusto Streck<\/strong><\/li>\n<li>Projeto 1.5. Sistemas de acompanhamento e previs\u00e3o do desempenho de agroecossistemas &#8211; respons\u00e1vel: <strong>Arno Bernardo Heldwein<\/strong><\/li>\n<li>Projeto 1.6. T\u00e9cnicas experimentais em produ\u00e7\u00e3o vegetal &#8211; respons\u00e1vel: <strong>Alessandro Dal\u2019Col L\u00facio<\/strong><\/li>\n<li>Projeto 1.7. Tomada de decis\u00f5es em Biossistemas focados nas rela\u00e7\u00f5es clima-planta &#8211; respons\u00e1vel: <strong>Astor Henrique Nied<\/strong><\/li>\n<\/ul>\n<p><strong>\u00a0<\/strong><\/p>\n<p><strong>Linha 2: BIOECOLOGIA E MANEJO DE ORGANISMOS EM SISTEMAS AGR\u00cdCOLAS<\/strong>\u00a0&#8211; Identifica\u00e7\u00e3o e caracteriza\u00e7\u00e3o de agentes bi\u00f3ticos com risco potencial de danos ao crescimento e ao desenvolvimento de plantas cultivadas. Levantamento, identifica\u00e7\u00e3o, biologia e ecologia de pragas, pat\u00f3genos e agentes biol\u00f3gicos de controle.<\/p>\n<ul style=\"list-style-type: disc\">\n<li>Projeto 2.1. Bases para o manejo da resist\u00eancia a inseticidas e toxinas de <em>Bacillus thuringiensis berliner<\/em> em alguns insetos-praga no Brasil &#8211; respons\u00e1vel: <strong>Oderlei Bernardi<\/strong><\/li>\n<li>Projeto 2.2. Controle biol\u00f3gico de doen\u00e7as de plantas de import\u00e2ncia agr\u00edcola- respons\u00e1vel: <strong>J\u00falio Carlos Pereira Silva<\/strong><\/li>\n<li>Projeto 2.3. Controle biol\u00f3gico de pat\u00f3genos em cultivos agr\u00edcolas e hort\u00edcolas &#8211; respons\u00e1vel: <strong>Marlove F\u00e1tima Bri\u00e3o Muniz<\/strong><\/li>\n<li>Projeto 2.4. Identifica\u00e7\u00e3o, desenvolvimento de marcadores moleculares, distribui\u00e7\u00e3o geogr\u00e1fica e gen\u00e9tica de popula\u00e7\u00f5es de pragas invasivas no Brasil &#8211; respons\u00e1vel: <strong>Jonas Andr\u00e9 Arnemann<\/strong><\/li>\n<li>Projeto 2.5. Interfer\u00eancia e manejo integrado de plantas daninhas &#8211; respons\u00e1vel: <strong>Andr\u00e9 da Rosa Ulguim<\/strong><\/li>\n<li>Projeto 2.6. Manejo de pragas em cultivos agr\u00edcolas &#8211; respons\u00e1vel: <strong>Jerson Vanderlei Carus Guedes<\/strong><\/li>\n<li>Projeto 2.7. M\u00e9todos de controle de fitopat\u00f3genos e tecnologia de aplica\u00e7\u00e3o de fungicidas &#8211; respons\u00e1vel: <strong>Ivan Francisco Dressler da Costa<\/strong><\/li>\n<\/ul>\n<p>\u00a0<\/p>\n<p><strong>Linha 3: DESENVOLVIMENTO, AVALIA\u00c7\u00c3O E MULTIPLICA\u00c7\u00c3O DE GEN\u00d3TIPOS SUPERIORES<\/strong>\u00a0&#8211; Manipula\u00e7\u00e3o gen\u00e9tica das plantas por m\u00e9todos convencionais e biotecnol\u00f3gicos para incrementar o rendimento e a qualidade da produ\u00e7\u00e3o, dentro de um enfoque de sustentabilidade.<\/p>\n<ul style=\"list-style-type: disc\">\n<li>Projeto 3.1. Impacto de modifica\u00e7\u00f5es ambientais na express\u00e3o g\u00eanica de plantas &#8211; respons\u00e1vel: <strong>Solange Bosio Tedesco<\/strong><\/li>\n<li>Projeto 3.2. Melhoramento gen\u00e9tico de plantas &#8211; respons\u00e1vel: <strong>Nerin\u00e9ia Dalfollo Ribeiro<\/strong><\/li>\n<li>Projeto 3.3. Modelos biom\u00e9tricos aplicados ao melhoramento de plantas &#8211; respons\u00e1vel: <strong>Alberto Cargnelutti Filho<\/strong><\/li>\n<li>Projeto 3.4. Processos e t\u00e9cnicas de controle da qualidade f\u00edsica e fisiol\u00f3gica de sementes de plantas cultivadas &#8211; respons\u00e1vel: <strong>Ubirajara Russi Nunes<\/strong><\/li>\n<li>Projeto 3.5. Sele\u00e7\u00e3o e multiplica\u00e7\u00e3o de clones de esp\u00e9cies hort\u00edcolas &#8211; respons\u00e1vel: <strong>Dilson Ant\u00f4nio Bisognin<\/strong><\/li>\n<\/ul>\n<p>\u00a0<\/p>\n<p><strong>Linha 4: FISIOLOGIA E MANEJO DE CULTURAS AGR\u00cdCOLAS<\/strong>\u00a0&#8211; Determina\u00e7\u00e3o de possibilidades de interferir sobre os processos fisiol\u00f3gicos que controlam o crescimento e o desenvolvimento das plantas e uso de modelos para estimar o impacto destas modifica\u00e7\u00f5es sobre a efici\u00eancia de produ\u00e7\u00e3o das culturas.<\/p>\n<ul style=\"list-style-type: disc\">\n<li>Projeto 4.1. Controle da qualidade dos experimentos de culturas agr\u00edcolas &#8211; respons\u00e1vel: <strong>Sidinei Jos\u00e9 Lopes<\/strong><\/li>\n<li>Projeto 4.2. Fisiologia de produtos hort\u00edcolas e sua rela\u00e7\u00e3o com a qualidade na colheita e p\u00f3s-colheita &#8211; respons\u00e1vel: <strong>Vanderlei Both<\/strong><\/li>\n<li>Projeto 4.3. Manejo da produ\u00e7\u00e3o no agroecossistema coxilha &#8211; respons\u00e1vel: <strong>Thomas Newton Martin<\/strong><\/li>\n<li>Projeto 4.4. Modifica\u00e7\u00f5es ambientais para o controle dos processos fisiol\u00f3gicos e fatores bi\u00f3ticos na conserva\u00e7\u00e3o p\u00f3s-colheita de produtos vegetais &#8211; respons\u00e1vel: <strong>Auri Brackmann<\/strong><\/li>\n<li>Projeto 4.5. Potencial e lacunas de produtividade de culturas agr\u00edcolas e efici\u00eancia no uso de recursos &#8211; respons\u00e1vel: <strong>Alencar Junior Zanon<\/strong><\/li>\n<li>Projeto 4.6. Processos determinantes da produtividade, desenvolvimento e aplica\u00e7\u00e3o de modelos biom\u00e9tricos em agroecossistemas de culturas agr\u00edcolas &#8211; respons\u00e1vel: <strong>Diego Nicolau Follmann<\/strong><\/li>\n<li>Projeto 4.7. Reguladores e biorreguladores de crescimento no manejo, produtividade e qualidade pr\u00e9 e p\u00f3s-colheita de hortali\u00e7as &#8211; respons\u00e1vel: <strong>Fabio Rodrigo Thewes<\/strong><\/li>\n<li>Projeto 4.8. Respostas de culturas agr\u00edcolas \u00e0 aplica\u00e7\u00e3o de bioinsumos em ambientes de produ\u00e7\u00e3o &#8211; respons\u00e1vel: <strong>Anderson Cesar Ramos Marques<\/strong><\/li>\n<\/ul>\n<!-- \/wp:tadv\/classic-paragraph -->\t\t\t\t\t\t<\/div>\n\t\t\t\t<\/div>\n\t\t\t\t\t<\/div>\n\t\t<\/div>\n\t\t\t\t\t<\/div>\n\t\t<\/section>\n\t\t\t\t<\/div>\n\t\t","protected":false},"excerpt":{"rendered":"<p>Linha 1: AGROCLIMATOLOGIA APLICADA \u00c0 PRODUTIVIDADE VEGETAL\u00a0&#8211; Caracteriza\u00e7\u00e3o dos elementos do ambiente, suas modifica\u00e7\u00f5es e de seus reflexos sobre o crescimento e o desenvolvimento das plantas. Desenvolvimento e avalia\u00e7\u00e3o de estruturas e\/ou instala\u00e7\u00f5es para o cultivo de plantas em ambiente controlado. Projeto 1.1. Crescimento, desenvolvimento e modelagem de culturas hort\u00edcolas &#8211; respons\u00e1vel: Lilian Osmari Uhlmann [&hellip;]<\/p>\n","protected":false},"author":1593,"featured_media":0,"parent":0,"menu_order":0,"comment_status":"closed","ping_status":"closed","template":"","meta":{"footnotes":""},"categories":[],"tags":[],"class_list":["post-159","page","type-page","status-publish","hentry"],"acf":[],"_links":{"self":[{"href":"https:\/\/www.ufsm.br\/cursos\/pos-graduacao\/santa-maria\/ppgagro\/wp-json\/wp\/v2\/pages\/159","targetHints":{"allow":["GET"]}}],"collection":[{"href":"https:\/\/www.ufsm.br\/cursos\/pos-graduacao\/santa-maria\/ppgagro\/wp-json\/wp\/v2\/pages"}],"about":[{"href":"https:\/\/www.ufsm.br\/cursos\/pos-graduacao\/santa-maria\/ppgagro\/wp-json\/wp\/v2\/types\/page"}],"author":[{"embeddable":true,"href":"https:\/\/www.ufsm.br\/cursos\/pos-graduacao\/santa-maria\/ppgagro\/wp-json\/wp\/v2\/users\/1593"}],"replies":[{"embeddable":true,"href":"https:\/\/www.ufsm.br\/cursos\/pos-graduacao\/santa-maria\/ppgagro\/wp-json\/wp\/v2\/comments?post=159"}],"version-history":[{"count":0,"href":"https:\/\/www.ufsm.br\/cursos\/pos-graduacao\/santa-maria\/ppgagro\/wp-json\/wp\/v2\/pages\/159\/revisions"}],"wp:attachment":[{"href":"https:\/\/www.ufsm.br\/cursos\/pos-graduacao\/santa-maria\/ppgagro\/wp-json\/wp\/v2\/media?parent=159"}],"wp:term":[{"taxonomy":"category","embeddable":true,"href":"https:\/\/www.ufsm.br\/cursos\/pos-graduacao\/santa-maria\/ppgagro\/wp-json\/wp\/v2\/categories?post=159"},{"taxonomy":"post_tag","embeddable":true,"href":"https:\/\/www.ufsm.br\/cursos\/pos-graduacao\/santa-maria\/ppgagro\/wp-json\/wp\/v2\/tags?post=159"}],"curies":[{"name":"wp","href":"https:\/\/api.w.org\/{rel}","templated":true}]}}