{"id":205,"date":"2019-02-12T12:23:04","date_gmt":"2019-02-12T14:23:04","guid":{"rendered":"https:\/\/www.ufsm.br\/cursos\/pos-graduacao\/santa-maria\/ppgagro\/?page_id=205"},"modified":"2021-06-01T16:48:06","modified_gmt":"2021-06-01T19:48:06","slug":"intercambio","status":"publish","type":"page","link":"https:\/\/www.ufsm.br\/cursos\/pos-graduacao\/santa-maria\/ppgagro\/intercambio","title":{"rendered":"Interc\u00e2mbio"},"content":{"rendered":"\t\t<div data-elementor-type=\"wp-page\" data-elementor-id=\"205\" class=\"elementor elementor-205\">\n\t\t\t\t\t\t<section class=\"elementor-section elementor-top-section elementor-element elementor-element-a604cd5 elementor-section-boxed elementor-section-height-default elementor-section-height-default\" data-id=\"a604cd5\" data-element_type=\"section\">\n\t\t\t\t\t\t<div class=\"elementor-container elementor-column-gap-default\">\n\t\t\t\t\t<div class=\"elementor-column elementor-col-100 elementor-top-column elementor-element elementor-element-6b95390\" data-id=\"6b95390\" data-element_type=\"column\">\n\t\t\t<div class=\"elementor-widget-wrap elementor-element-populated\">\n\t\t\t\t\t\t<div class=\"elementor-element elementor-element-52f6f93 elementor-widget elementor-widget-image-carousel\" data-id=\"52f6f93\" data-element_type=\"widget\" data-settings=\"{&quot;navigation&quot;:&quot;none&quot;,&quot;autoplay&quot;:&quot;yes&quot;,&quot;pause_on_hover&quot;:&quot;yes&quot;,&quot;pause_on_interaction&quot;:&quot;yes&quot;,&quot;autoplay_speed&quot;:5000,&quot;infinite&quot;:&quot;yes&quot;,&quot;speed&quot;:500}\" data-widget_type=\"image-carousel.default\">\n\t\t\t\t<div class=\"elementor-widget-container\">\n\t\t\t\t\t<div class=\"elementor-image-carousel-wrapper swiper\" dir=\"ltr\">\n\t\t\t<div class=\"elementor-image-carousel swiper-wrapper swiper-image-stretch\" aria-live=\"off\">\n\t\t\t\t\t\t\t\t<div class=\"swiper-slide\" role=\"group\" aria-roledescription=\"slide\" aria-label=\"1 of 3\"><figure class=\"swiper-slide-inner\"><img decoding=\"async\" class=\"swiper-slide-image\" src=\"https:\/\/www.ufsm.br\/app\/uploads\/sites\/519\/2018\/06\/Imagem-de-Capa-150x150.jpg\" alt=\"Imagem de Capa\" \/><\/figure><\/div><div class=\"swiper-slide\" role=\"group\" aria-roledescription=\"slide\" aria-label=\"2 of 3\"><figure class=\"swiper-slide-inner\"><img decoding=\"async\" class=\"swiper-slide-image\" src=\"https:\/\/www.ufsm.br\/app\/uploads\/sites\/519\/2019\/10\/700x450-crop-90-images_galeria_xdiacampo_foto-area-x-dia-de-campo-150x150.jpg\" alt=\"700x450-crop-90-images_galeria_xdiacampo_foto-area-x-dia-de-campo\" \/><\/figure><\/div><div class=\"swiper-slide\" role=\"group\" aria-roledescription=\"slide\" aria-label=\"3 of 3\"><figure class=\"swiper-slide-inner\"><img decoding=\"async\" class=\"swiper-slide-image\" src=\"https:\/\/www.ufsm.br\/app\/uploads\/sites\/519\/2018\/05\/img02_22.04.17-150x150.jpg\" alt=\"img02 22.04.17\" \/><\/figure><\/div>\t\t\t<\/div>\n\t\t\t\t\t\t\t\n\t\t\t\t\t\t\t\t\t<\/div>\n\t\t\t\t<\/div>\n\t\t\t\t<\/div>\n\t\t\t\t\t<\/div>\n\t\t<\/div>\n\t\t\t\t\t<\/div>\n\t\t<\/section>\n\t\t\t\t<section class=\"elementor-section elementor-top-section elementor-element elementor-element-94a47be elementor-section-boxed elementor-section-height-default elementor-section-height-default\" data-id=\"94a47be\" data-element_type=\"section\">\n\t\t\t\t\t\t<div class=\"elementor-container elementor-column-gap-default\">\n\t\t\t\t\t<div class=\"elementor-column elementor-col-100 elementor-top-column elementor-element elementor-element-6eacb4e\" data-id=\"6eacb4e\" data-element_type=\"column\">\n\t\t\t<div class=\"elementor-widget-wrap elementor-element-populated\">\n\t\t\t\t\t\t<div class=\"elementor-element elementor-element-3f21a3b elementor-widget elementor-widget-text-editor\" data-id=\"3f21a3b\" data-element_type=\"widget\" data-widget_type=\"text-editor.default\">\n\t\t\t\t<div class=\"elementor-widget-container\">\n\t\t\t\t\t\t\t<p><strong>Conv\u00eanios<\/strong><\/p>\n<p>O Prof. Alessandro Dal\u2019Col L\u00facio \u00e9 coordenador institucional do conv\u00eanio de mobilidade internacional entre a Universidade Federal de Santa Maria &#8211; Brasil e o Instituto Polit\u00e9cnico de Bragan\u00e7a; e do conv\u00eanio de mobilidade internacional entre a Universidade Federal de Santa Maria &#8211; Brasil e o Instituto Polit\u00e9cnico de Set\u00fabal \u2013 Portugal.<\/p>\n<p>O Prof. Dilson Ant\u00f4nio Bisognin firmou um termo Aditivo ao Acordo de Coopera\u00e7\u00e3o Internacional com a Universidade de Zambeze, Mo\u00e7ambique, para promover a capacita\u00e7\u00e3o de recursos humanos por meio da oferta de Programa de Doutorado.<\/p>\n<p>O Prof. Nereu Augusto Streck coordena o conv\u00eanio com a University of Nebraska-Lincoln (UNL), Lincoln, USA, com a finalidade de interc\u00e2mbio para a realiza\u00e7\u00e3o de est\u00e1gio sandu\u00edche de doutorado e continuidade da coopera\u00e7\u00e3o cient\u00edfica desde novembro de 2005. Tamb\u00e9m coordena a coopera\u00e7\u00e3o com o Instituto Nacional de Investigaci\u00f3n Agropecu\u00e1ria, com a finalidade: Projeto de calibra\u00e7\u00e3o das cultivares INIA Olimar, El Paso 144 e INIA Mirim no modelo SimulArroz e interc\u00e2mbio de alunos.<\/p>\n<p>Em 2017 os Profs Alessandro Dal\u2019Col L\u00facio e Sidinei Jos\u00e9 Lopes participaram de Miss\u00e3o de Trabalho no Projeto de Coopera\u00e7\u00e3o Internacional Capes\/FCT \u2013 Portugal &#8211; Processo 99999008627\/2014-02. Nesta miss\u00e3o foram visitados o Instituto Polit\u00e9cnico de Bragan\u00e7a e a Escola Superior de Tecnologia, Instituto Polit\u00e9cnico de Set\u00fabal. Durante a miss\u00e3o foi poss\u00edvel a participa\u00e7\u00e3o em dois eventos cient\u00edficos, o XXIII Congresso da Sociedade Portuguesa de Estat\u00edstica e o I Congresso Luso-Brasileiro de Horticultura, ambos ocorridos nas depend\u00eancias do ISCTE em Lisboa, com apresenta\u00e7\u00f5es de trabalhos realizados no PPGA e troca de experi\u00eancias entre os pesquisadores. Al\u00e9m desta participa\u00e7\u00e3o nos eventos, o Prof. Alessandro Dal\u2019Col L\u00facio apresentou a Universidade Federal de Santa Maria e as a\u00e7\u00f5es desenvolvidas pelo PPGA e pelo Grupo de Pesquisa &#8220;Experimenta\u00e7\u00e3o&#8221;, que faz parte do Diret\u00f3rio de Grupos de Pesquisa do CNPq. Tamb\u00e9m foi realizada a apresenta\u00e7\u00e3o dos cursos de Licenciatura e P\u00f3s-Gradua\u00e7\u00e3o da ESB\/IPS por parte de seus respectivos coordenadores e tratou-se, ainda de um conv\u00eanio de acordo bilateral entre a UFSM e o IPS.<\/p>\n<p>Em 2018, o Professor Jerson Vanderlei Car\u00fas Guedes esteve na University of Pennsylvania, EUA; o Professor Dilson Ant\u00f4nio Bisognin fez viagem t\u00e9cnica para visitar o Programa de Melhoramento Participativo e de Conserva\u00e7\u00e3o in situ da Diversidade Gen\u00e9tica de Batata em Cusco, Per\u00fa; o Professor Ivan Francisco Dressler da Costa, visitou a CORTEVA em Indianapolis, EUA; a Professora Marlove Fatima Bri\u00e3o Muniz, participou de Miss\u00e3o de Trabalho no Projeto de Coopera\u00e7\u00e3o Internacional Capes\/FCT \u2013 Portugal &#8211; Processo 99999008627\/2014-02, proferiu Palestras na Escola Superior de Tecnologia, Instituto Polit\u00e9cnico de Set\u00fabal, Portugal e na Escola Superior Agr\u00e1ria, Lisboa, participou no 8\u00ba Meeting of the IOBC- Integrated Protection of Olive Crops, em Floren\u00e7a- It\u00e1lia; e no 15\u00ba Workshop Trichoderma and Glyocladiumde em Salamanca na\u00a0 Espanha; e o Professor Alencar Junior Zanon proferiu confer\u00eancia \u201cEcofisiologia do Arroz Visando Altas Produtividades\u201d, em espanhol, no Semin\u00e1rio T\u00e9cnico do INIA, Tacuaremb\u00f3, Uruguai e confer\u00eancia \u201cEcofisiologia do Arroz Visando Altas Produtividades\u201d, em espanhol, no Semin\u00e1rio T\u00e9cnico do INIA, em Artigas, Uruguai.<\/p>\n<p>O Prof. Diego Nicolau Follmann coordena pela UFSM o Conv\u00eanio de Coopera\u00e7\u00e3o para Fortalecimento de Programa de P\u00f3s-Gradua\u00e7\u00e3o entre a EMBRAPA-Trigo de Passo Fundo e a UFSM. Processo\u00a0Administrativo 23081.041976\/2019-01 registrado na UFSM.<\/p>\n<p>O professor Astor Henrique Nied \u00e9 respons\u00e1vel pelo Contrato de comodato de ben(s) m\u00f3vel entre EMBRAPA e UFSM\u00a0 como parte do Acordo de Coopera\u00e7\u00e3o T\u00e9cnica entre as Institui\u00e7\u00f5es plano de trabalho: \u201cPesquisa e Gera\u00e7\u00e3o de Conhecimento para Canola\u201d no per\u00edodo de 2014 a 2020 (Respons\u00e1vel Arno Bernardo Heldwein).\u00a0 Finalidade: atender na execu\u00e7\u00e3o de atividades de pesquisa e experimenta\u00e7\u00e3o agropecu\u00e1ria em conson\u00e2ncia com o Projeto 02.14.01.027.00.00 \u2013 \u201cEstrat\u00e9gias de manejo associadas a respostas ecofisiol\u00f3gicas da canola em lavouras brasileiras\u201d, al\u00e9m do acordo de Coopera\u00e7\u00e3o T\u00e9cnica Cod. Embrapa 21100.16\/0009-8<\/p>\n<p>\u00a0<\/p>\t\t\t\t\t\t<\/div>\n\t\t\t\t<\/div>\n\t\t\t\t\t<\/div>\n\t\t<\/div>\n\t\t\t\t\t<\/div>\n\t\t<\/section>\n\t\t\t\t<\/div>\n\t\t","protected":false},"excerpt":{"rendered":"<p>Conv\u00eanios O Prof. Alessandro Dal\u2019Col L\u00facio \u00e9 coordenador institucional do conv\u00eanio de mobilidade internacional entre a Universidade Federal de Santa Maria &#8211; Brasil e o Instituto Polit\u00e9cnico de Bragan\u00e7a; e do conv\u00eanio de mobilidade internacional entre a Universidade Federal de Santa Maria &#8211; Brasil e o Instituto Polit\u00e9cnico de Set\u00fabal \u2013 Portugal. O Prof. Dilson [&hellip;]<\/p>\n","protected":false},"author":117,"featured_media":0,"parent":0,"menu_order":0,"comment_status":"closed","ping_status":"closed","template":"","meta":{"footnotes":""},"categories":[],"tags":[],"class_list":["post-205","page","type-page","status-publish","hentry"],"acf":[],"_links":{"self":[{"href":"https:\/\/www.ufsm.br\/cursos\/pos-graduacao\/santa-maria\/ppgagro\/wp-json\/wp\/v2\/pages\/205","targetHints":{"allow":["GET"]}}],"collection":[{"href":"https:\/\/www.ufsm.br\/cursos\/pos-graduacao\/santa-maria\/ppgagro\/wp-json\/wp\/v2\/pages"}],"about":[{"href":"https:\/\/www.ufsm.br\/cursos\/pos-graduacao\/santa-maria\/ppgagro\/wp-json\/wp\/v2\/types\/page"}],"author":[{"embeddable":true,"href":"https:\/\/www.ufsm.br\/cursos\/pos-graduacao\/santa-maria\/ppgagro\/wp-json\/wp\/v2\/users\/117"}],"replies":[{"embeddable":true,"href":"https:\/\/www.ufsm.br\/cursos\/pos-graduacao\/santa-maria\/ppgagro\/wp-json\/wp\/v2\/comments?post=205"}],"version-history":[{"count":0,"href":"https:\/\/www.ufsm.br\/cursos\/pos-graduacao\/santa-maria\/ppgagro\/wp-json\/wp\/v2\/pages\/205\/revisions"}],"wp:attachment":[{"href":"https:\/\/www.ufsm.br\/cursos\/pos-graduacao\/santa-maria\/ppgagro\/wp-json\/wp\/v2\/media?parent=205"}],"wp:term":[{"taxonomy":"category","embeddable":true,"href":"https:\/\/www.ufsm.br\/cursos\/pos-graduacao\/santa-maria\/ppgagro\/wp-json\/wp\/v2\/categories?post=205"},{"taxonomy":"post_tag","embeddable":true,"href":"https:\/\/www.ufsm.br\/cursos\/pos-graduacao\/santa-maria\/ppgagro\/wp-json\/wp\/v2\/tags?post=205"}],"curies":[{"name":"wp","href":"https:\/\/api.w.org\/{rel}","templated":true}]}}