{"id":582,"date":"2019-10-14T11:10:20","date_gmt":"2019-10-14T14:10:20","guid":{"rendered":"https:\/\/www.ufsm.br\/cursos\/pos-graduacao\/santa-maria\/ppgagro\/?page_id=582"},"modified":"2019-10-14T11:28:04","modified_gmt":"2019-10-14T14:28:04","slug":"agroecologia-e-desenvolvimento-rural-sustentavel","status":"publish","type":"page","link":"https:\/\/www.ufsm.br\/cursos\/pos-graduacao\/santa-maria\/ppgagro\/agroecologia-e-desenvolvimento-rural-sustentavel","title":{"rendered":"Agroecologia e Desenvolvimento Rural Sustent\u00e1vel"},"content":{"rendered":"\t\t<div data-elementor-type=\"wp-page\" data-elementor-id=\"582\" class=\"elementor elementor-582\">\n\t\t\t\t\t\t<section class=\"elementor-section elementor-top-section elementor-element elementor-element-27af3f6 elementor-section-boxed elementor-section-height-default elementor-section-height-default\" data-id=\"27af3f6\" data-element_type=\"section\">\n\t\t\t\t\t\t<div class=\"elementor-container elementor-column-gap-default\">\n\t\t\t\t\t<div class=\"elementor-column elementor-col-100 elementor-top-column elementor-element elementor-element-cac2633\" data-id=\"cac2633\" data-element_type=\"column\">\n\t\t\t<div class=\"elementor-widget-wrap elementor-element-populated\">\n\t\t\t\t\t\t<div class=\"elementor-element elementor-element-ffc23e2 elementor-widget elementor-widget-toggle\" data-id=\"ffc23e2\" data-element_type=\"widget\" data-widget_type=\"toggle.default\">\n\t\t\t\t<div class=\"elementor-widget-container\">\n\t\t\t\t\t<div class=\"elementor-toggle\">\n\t\t\t\t\t\t\t<div class=\"elementor-toggle-item\">\n\t\t\t\t\t<div id=\"elementor-tab-title-2681\" class=\"elementor-tab-title\" data-tab=\"1\" role=\"button\" aria-controls=\"elementor-tab-content-2681\" aria-expanded=\"false\">\n\t\t\t\t\t\t\t\t\t\t\t\t<span class=\"elementor-toggle-icon elementor-toggle-icon-left\" aria-hidden=\"true\">\n\t\t\t\t\t\t\t\t\t\t\t\t\t\t\t<span class=\"elementor-toggle-icon-closed\"><i class=\"fas fa-caret-right\"><\/i><\/span>\n\t\t\t\t\t\t\t\t<span class=\"elementor-toggle-icon-opened\"><i class=\"elementor-toggle-icon-opened fas fa-caret-up\"><\/i><\/span>\n\t\t\t\t\t\t\t\t\t\t\t\t\t<\/span>\n\t\t\t\t\t\t\t\t\t\t\t\t<a class=\"elementor-toggle-title\" tabindex=\"0\">Abordagens gerais<\/a>\n\t\t\t\t\t<\/div>\n\n\t\t\t\t\t<div id=\"elementor-tab-content-2681\" class=\"elementor-tab-content elementor-clearfix\" data-tab=\"1\" role=\"region\" aria-labelledby=\"elementor-tab-title-2681\"><p style=\"font-weight: 400\"><strong><a href=\"https:\/\/www.ufsm.br\/cursos\/pos-graduacao\/santa-maria\/ppgagro\/wp-content\/uploads\/sites\/519\/2019\/10\/01.pdf\">Agroecologia: Al\u00e9m de uma Ci\u00eancia, um Modo de Vida e uma Pol\u00edtica P\u00fablica.<\/a><\/strong>\u00a0<strong>BALEM, T. A.;\u00a0<\/strong>\u00a0<strong>SILVEIRA, P. R. C.\u00a0<\/strong>Trabalho apresentado no\u00a0<strong>V Simp\u00f3sio Latino-americano sobre Investiga\u00e7\u00e3o e Extens\u00e3o em Pesquisa Agropecu\u00e1ria &#8211; IESA. V Encontro da Sociedade Brasileira de Sistemas de Produ\u00e7\u00e3o &#8211; SBSP.<\/strong>\u00a02002.<\/p><p style=\"font-weight: 400\"><strong><a href=\"https:\/\/www.ufsm.br\/cursos\/pos-graduacao\/santa-maria\/ppgagro\/wp-content\/uploads\/sites\/519\/2019\/10\/31.pdf\">Agroecologia: Enfoque Cient\u00edfico e Estrat\u00e9gico.<\/a><\/strong>\u00a0<strong>CAPORAL, F.R. ; COSTABEBER, J.A.<\/strong>(Sem especifica\u00e7\u00e3o).<\/p><p style=\"font-weight: 400\"><strong><a href=\"https:\/\/www.ufsm.br\/cursos\/pos-graduacao\/santa-maria\/ppgagro\/wp-content\/uploads\/sites\/519\/2019\/10\/11.pdf\">Legisla\u00e7\u00e3o Ambiental, Desenvolvimento Rural e Pr\u00e1ticas Agr\u00edcolas.<\/a><\/strong><strong>\u00a0NEUMANN, P. S. ; LOCH, C.\u00a0<\/strong>Trabalho apresentado no\u00a0<strong>XXXVIII Congresso Brasileiro de Economia e Sociologia Rural.<\/strong>\u00a02000.<\/p><p style=\"font-weight: 400\"><strong><a href=\"https:\/\/www.ufsm.br\/cursos\/pos-graduacao\/santa-maria\/ppgagro\/wp-content\/uploads\/sites\/519\/2019\/10\/16.pdf\">As Formas de Explora\u00e7\u00e3o do Espa\u00e7o Agr\u00e1rio em Regi\u00f5es Marginais: o Desafio da Sustentabilidade.\u00a0<\/a>\u00a0SILVEIRA, P. R.; PIRES, P. J. da F.; MARIN, M. Z.\u00a0<\/strong>Trabalho apresentado no\u00a0<strong>XXXVIII Congresso Brasileiro de Economia e Sociologia Rural.<\/strong>\u00a02000.<\/p><p style=\"font-weight: 400\"><strong><a href=\"https:\/\/www.ufsm.br\/cursos\/pos-graduacao\/santa-maria\/ppgagro\/wp-content\/uploads\/sites\/519\/2019\/10\/18.pdf\">Sustentabilidade Espacial e Desenvolvimento do Espa\u00e7o Rural.<\/a>\u00a0<\/strong><strong>NEUMANN, P. S.; LOCH, C.\u00a0<\/strong>Trabalho apresentado no\u00a0<strong>IV Encontro da Sociedade Brasileira de Sistemas de Produ\u00e7\u00e3o.<\/strong>\u00a02001.<\/p><p style=\"font-weight: 400\"><strong><a href=\"https:\/\/www.ufsm.br\/cursos\/pos-graduacao\/santa-maria\/ppgagro\/wp-content\/uploads\/sites\/519\/2019\/10\/30.pdf\">Hist\u00f3ria e Psicologia &#8211; Interfaces Disciplinares no Dom\u00ednio das Ci\u00eancias Ambientais.<\/a><\/strong>\u00a0<strong>MONTEIRO, R. C.\u00a0<\/strong>Texto base para curso ministrado na Reuni\u00e3o Anual da Sociedade Brasileira de Psicologia.<\/p><p style=\"font-weight: 400\"><strong><a href=\"https:\/\/www.ufsm.br\/cursos\/pos-graduacao\/santa-maria\/ppgagro\/wp-content\/uploads\/sites\/519\/2019\/10\/26.pdf\">Cartografias S\u00f3cio-Ambientais e Redes de Comunica\u00e7\u00e3o: a (Re)Cria\u00e7\u00e3o do Sert\u00e3o da Parahyba.<\/a>\u00a0MONTEIRO, R. C.\u00a0<\/strong>Trabalho apresentado\u00a0<strong>VI Congresso Latinoamericano de los Investigadores de la Comunicacion, Bolivia<\/strong>, jun. 2002.<\/p><\/div>\n\t\t\t\t<\/div>\n\t\t\t\t\t\t\t<div class=\"elementor-toggle-item\">\n\t\t\t\t\t<div id=\"elementor-tab-title-2682\" class=\"elementor-tab-title\" data-tab=\"2\" role=\"button\" aria-controls=\"elementor-tab-content-2682\" aria-expanded=\"false\">\n\t\t\t\t\t\t\t\t\t\t\t\t<span class=\"elementor-toggle-icon elementor-toggle-icon-left\" aria-hidden=\"true\">\n\t\t\t\t\t\t\t\t\t\t\t\t\t\t\t<span class=\"elementor-toggle-icon-closed\"><i class=\"fas fa-caret-right\"><\/i><\/span>\n\t\t\t\t\t\t\t\t<span class=\"elementor-toggle-icon-opened\"><i class=\"elementor-toggle-icon-opened fas fa-caret-up\"><\/i><\/span>\n\t\t\t\t\t\t\t\t\t\t\t\t\t<\/span>\n\t\t\t\t\t\t\t\t\t\t\t\t<a class=\"elementor-toggle-title\" tabindex=\"0\">Transi\u00e7\u00e3o agroecol\u00f3gica<\/a>\n\t\t\t\t\t<\/div>\n\n\t\t\t\t\t<div id=\"elementor-tab-content-2682\" class=\"elementor-tab-content elementor-clearfix\" data-tab=\"2\" role=\"region\" aria-labelledby=\"elementor-tab-title-2682\"><p><strong><a href=\"https:\/\/www.ufsm.br\/cursos\/pos-graduacao\/santa-maria\/ppgagro\/wp-content\/uploads\/sites\/519\/2019\/10\/14.pdf\">A\u00e7\u00e3o Coletiva e Transi\u00e7\u00e3o Agroecol\u00f3gica. Uma An\u00e1lise de Experi\u00eancias Associativas em Agricultura Ecol\u00f3gica.<\/a><\/strong><strong>\u00a0COSTABEBER, J. A.; GARRIDO, F.;\u00a0 MOYANO , E.\u00a0\u00a0<\/strong>Trabalho apresentado no\u00a0<strong>XXXVIII Congresso Brasileiro de Economia e Sociologia Rural.\u00a0<\/strong>2000.<\/p><p><strong><a href=\"https:\/\/www.ufsm.br\/cursos\/pos-graduacao\/santa-maria\/ppgagro\/wp-content\/uploads\/sites\/519\/2019\/10\/agroecologia-2004-4.pdf\"><u>A Forma\u00e7\u00e3o e a Convers\u00e3o de Grupos de Agricultores Agroecol\u00f3gicos no Alto Uruguai Catarinense e Ga\u00facho.<\/u><\/a>\u00a0SCHENKEL, M. G. S.; COSTABEBER, J. A.; SILVEIRA, P. R.; SCHENKEL, C. A.\u00a0<\/strong>Trabalho apresentado no\u00a0<strong>II Congresso Brasileiro de Agroecologia. V Semin\u00e1rio Internacional sobre Agroecologia. VI Semin\u00e1rio Estadual sobre Agroecologia.<\/strong>\u00a02004.<\/p><p><strong><a href=\"https:\/\/www.ufsm.br\/cursos\/pos-graduacao\/santa-maria\/ppgagro\/wp-content\/uploads\/sites\/519\/2019\/10\/sistemas-de-producao-2004-4.pdf\">Entendendo a Transi\u00e7\u00e3o do \u201cConvencional\u201d ao \u201cAgroecol\u00f3gico\u201d em Grupos de Agricultores no Alto Uruguai Catarinense e Ga\u00facho.<\/a>\u00a0SCHENKEL, M. G. S.\u00a0<em>et al.\u00a0<\/em><\/strong>Trabalho apresentado no<strong>\u00a0VI Encontro &#8211; Sociedade Brasileira de Sistemas de Produ\u00e7\u00e3o\u00a0<\/strong>2004.<\/p><p><strong><a href=\"https:\/\/www.ufsm.br\/cursos\/pos-graduacao\/santa-maria\/ppgagro\/wp-content\/uploads\/sites\/519\/2019\/10\/sistemas-de-producao-2004-2.pdf\">Condicionantes da Implanta\u00e7\u00e3o de Sistemas Agroflorestais Junto \u00e0 Agricultores Familiares no Rebordo da Serra na Regi\u00e3o Central do RS.<\/a>\u00a0FREITAS, L. A. S.\u00a0<em>et al.\u00a0<\/em><\/strong>Trabalho apresentado no\u00a0<strong>VI Encontro &#8211; Sociedade Brasileira de Sistemas de Produ\u00e7\u00e3o\u00a0<\/strong>2004.<\/p><p><strong><a href=\"https:\/\/www.ufsm.br\/cursos\/pos-graduacao\/santa-maria\/ppgagro\/wp-content\/uploads\/sites\/519\/2019\/10\/relatoriorodrigoquoos.pdf\">Desenvolvimento Rural Sustent\u00e1vel na Regi\u00e3o de Ouro Preto do Oeste-RO: Desafios da ATER Agroecol\u00f3gica.<\/a>\u00a0QUOOS, R. D. Relat\u00f3rio de est\u00e1gio<\/strong>\u00a0apresentado ao Curso de Engenharia Florestal<strong>\u00a0<\/strong>da UFSM,\u00a0 Santa Maria, RS.\u00a0 2007.<strong><br \/>\u00a0<\/strong><\/p><\/div>\n\t\t\t\t<\/div>\n\t\t\t\t\t\t\t<div class=\"elementor-toggle-item\">\n\t\t\t\t\t<div id=\"elementor-tab-title-2683\" class=\"elementor-tab-title\" data-tab=\"3\" role=\"button\" aria-controls=\"elementor-tab-content-2683\" aria-expanded=\"false\">\n\t\t\t\t\t\t\t\t\t\t\t\t<span class=\"elementor-toggle-icon elementor-toggle-icon-left\" aria-hidden=\"true\">\n\t\t\t\t\t\t\t\t\t\t\t\t\t\t\t<span class=\"elementor-toggle-icon-closed\"><i class=\"fas fa-caret-right\"><\/i><\/span>\n\t\t\t\t\t\t\t\t<span class=\"elementor-toggle-icon-opened\"><i class=\"elementor-toggle-icon-opened fas fa-caret-up\"><\/i><\/span>\n\t\t\t\t\t\t\t\t\t\t\t\t\t<\/span>\n\t\t\t\t\t\t\t\t\t\t\t\t<a class=\"elementor-toggle-title\" tabindex=\"0\">Sustentabilidade em assentamentos rurais<\/a>\n\t\t\t\t\t<\/div>\n\n\t\t\t\t\t<div id=\"elementor-tab-content-2683\" class=\"elementor-tab-content elementor-clearfix\" data-tab=\"3\" role=\"region\" aria-labelledby=\"elementor-tab-title-2683\"><p style=\"font-weight: 400\"><strong><a href=\"https:\/\/www.ufsm.br\/cursos\/pos-graduacao\/santa-maria\/ppgagro\/wp-content\/uploads\/sites\/519\/2019\/10\/15.pdf\">Dimens\u00f5es Sociais da Sustentabilidade em Assentamentos Rurais no Brasil: um Enfoque Te\u00f3rico-metodol\u00f3gico.<\/a><\/strong><strong>\u00a0COSTA NETO, C.; ANJOS, M. B.\u00a0<\/strong>Trabalho apresentado no\u00a0<strong>XXXVIII Congresso Brasileiro de Economia e Sociologia Rural<\/strong>. 2000.<\/p><p style=\"font-weight: 400\"><strong><a href=\"https:\/\/www.ufsm.br\/cursos\/pos-graduacao\/santa-maria\/ppgagro\/wp-content\/uploads\/sites\/519\/2019\/10\/44.pdf\">Agroecologia nos Assentamentos de Reforma Agr\u00e1ria &#8211; O Caso do Assentamento Alvorada\/RS.<\/a><\/strong><strong>\u00a0GOMES, E.; SILVEIRA, P. R. C.\u00a0<\/strong>Trabalho apresentado no\u00a0<strong>XL Congresso Brasileiro de Economia e Sociologia Rural<\/strong>. 2002.<\/p><p style=\"font-weight: 400\"><strong><a href=\"https:\/\/www.ufsm.br\/cursos\/pos-graduacao\/santa-maria\/ppgagro\/wp-content\/uploads\/sites\/519\/2019\/10\/34.pdf\">Reforma Agr\u00e1ria Agroecol\u00f3gica em Assentamentos Rurais Sustent\u00e1veis: Uma Vis\u00e3o Comparativa.<\/a><\/strong>\u00a0<strong>COSTA NETO, C.\u00a0<\/strong>(Sem especifica\u00e7\u00e3o).<\/p><p style=\"font-weight: 400\"><strong><a href=\"https:\/\/www.ufsm.br\/cursos\/pos-graduacao\/santa-maria\/ppgagro\/wp-content\/uploads\/sites\/519\/2019\/10\/33.pdf\">Reforma Agr\u00e1ria no Brasil: a Interven\u00e7\u00e3o do MST e a Atualidade do Programa de Transi\u00e7\u00e3o.<\/a>\u00a0COSTA NETO, C.\u00a0<\/strong>(Sem especifica\u00e7\u00e3o).<\/p><\/div>\n\t\t\t\t<\/div>\n\t\t\t\t\t\t\t\t<\/div>\n\t\t\t\t<\/div>\n\t\t\t\t<\/div>\n\t\t\t\t\t<\/div>\n\t\t<\/div>\n\t\t\t\t\t<\/div>\n\t\t<\/section>\n\t\t\t\t<\/div>\n\t\t","protected":false},"excerpt":{"rendered":"<p>Abordagens gerais Agroecologia: Al\u00e9m de uma Ci\u00eancia, um Modo de Vida e uma Pol\u00edtica P\u00fablica.\u00a0BALEM, T. A.;\u00a0\u00a0SILVEIRA, P. R. C.\u00a0Trabalho apresentado no\u00a0V Simp\u00f3sio Latino-americano sobre Investiga\u00e7\u00e3o e Extens\u00e3o em Pesquisa Agropecu\u00e1ria &#8211; IESA. V Encontro da Sociedade Brasileira de Sistemas de Produ\u00e7\u00e3o &#8211; SBSP.\u00a02002. Agroecologia: Enfoque Cient\u00edfico e Estrat\u00e9gico.\u00a0CAPORAL, F.R. ; COSTABEBER, J.A.(Sem especifica\u00e7\u00e3o). Legisla\u00e7\u00e3o [&hellip;]<\/p>\n","protected":false},"author":117,"featured_media":0,"parent":0,"menu_order":0,"comment_status":"closed","ping_status":"closed","template":"","meta":{"footnotes":""},"categories":[],"tags":[],"class_list":["post-582","page","type-page","status-publish","hentry"],"acf":[],"_links":{"self":[{"href":"https:\/\/www.ufsm.br\/cursos\/pos-graduacao\/santa-maria\/ppgagro\/wp-json\/wp\/v2\/pages\/582","targetHints":{"allow":["GET"]}}],"collection":[{"href":"https:\/\/www.ufsm.br\/cursos\/pos-graduacao\/santa-maria\/ppgagro\/wp-json\/wp\/v2\/pages"}],"about":[{"href":"https:\/\/www.ufsm.br\/cursos\/pos-graduacao\/santa-maria\/ppgagro\/wp-json\/wp\/v2\/types\/page"}],"author":[{"embeddable":true,"href":"https:\/\/www.ufsm.br\/cursos\/pos-graduacao\/santa-maria\/ppgagro\/wp-json\/wp\/v2\/users\/117"}],"replies":[{"embeddable":true,"href":"https:\/\/www.ufsm.br\/cursos\/pos-graduacao\/santa-maria\/ppgagro\/wp-json\/wp\/v2\/comments?post=582"}],"version-history":[{"count":0,"href":"https:\/\/www.ufsm.br\/cursos\/pos-graduacao\/santa-maria\/ppgagro\/wp-json\/wp\/v2\/pages\/582\/revisions"}],"wp:attachment":[{"href":"https:\/\/www.ufsm.br\/cursos\/pos-graduacao\/santa-maria\/ppgagro\/wp-json\/wp\/v2\/media?parent=582"}],"wp:term":[{"taxonomy":"category","embeddable":true,"href":"https:\/\/www.ufsm.br\/cursos\/pos-graduacao\/santa-maria\/ppgagro\/wp-json\/wp\/v2\/categories?post=582"},{"taxonomy":"post_tag","embeddable":true,"href":"https:\/\/www.ufsm.br\/cursos\/pos-graduacao\/santa-maria\/ppgagro\/wp-json\/wp\/v2\/tags?post=582"}],"curies":[{"name":"wp","href":"https:\/\/api.w.org\/{rel}","templated":true}]}}