{"id":292,"date":"2024-09-09T21:55:20","date_gmt":"2024-09-10T00:55:20","guid":{"rendered":"https:\/\/www.ufsm.br\/cursos\/pos-graduacao\/santa-maria\/ppgagrobio\/?page_id=292"},"modified":"2025-09-08T09:54:50","modified_gmt":"2025-09-08T12:54:50","slug":"comissao-de-bolsas","status":"publish","type":"page","link":"https:\/\/www.ufsm.br\/cursos\/pos-graduacao\/santa-maria\/ppgagrobio\/comissao-de-bolsas","title":{"rendered":"Comiss\u00e3o de bolsas"},"content":{"rendered":"\n<p>Prof. Jo\u00e3o Marcelo Santos de Oliveira (presidente)<\/p>\n\n\n\n<p>Prof. \u00c2nderson C\u00e9sar Ramos Marques<\/p>\n\n\n\n<p>Prof. Marcelo Nogueira do Amaral<\/p>\n\n\n\n<p>Acad. Yago Lu\u00eds N\u00f3brega Mendes<\/p>\n\n\n\n<p><a href=\"https:\/\/www.ufsm.br\/app\/uploads\/sites\/527\/2025\/09\/PPGAGROBIO-Portaria-209-2025-Designar-Comissao-de-Bolsas.pdf\" data-type=\"link\" data-id=\"https:\/\/www.ufsm.br\/app\/uploads\/sites\/527\/2025\/09\/PPGAGROBIO-Portaria-209-2025-Designar-Comissao-de-Bolsas.pdf\">Portaria 209, 6 de agosto de 2025<\/a><\/p>\n\n\n\n<p><\/p>\n","protected":false},"excerpt":{"rendered":"<p>Prof. Jo\u00e3o Marcelo Santos de Oliveira (presidente) Prof. \u00c2nderson C\u00e9sar Ramos Marques Prof. Marcelo Nogueira do Amaral Acad. Yago Lu\u00eds N\u00f3brega Mendes Portaria 209, 6 de agosto de 2025<\/p>\n","protected":false},"author":8022,"featured_media":0,"parent":0,"menu_order":0,"comment_status":"closed","ping_status":"closed","template":"","meta":{"footnotes":""},"categories":[],"tags":[],"class_list":["post-292","page","type-page","status-publish","hentry"],"acf":[],"_links":{"self":[{"href":"https:\/\/www.ufsm.br\/cursos\/pos-graduacao\/santa-maria\/ppgagrobio\/wp-json\/wp\/v2\/pages\/292","targetHints":{"allow":["GET"]}}],"collection":[{"href":"https:\/\/www.ufsm.br\/cursos\/pos-graduacao\/santa-maria\/ppgagrobio\/wp-json\/wp\/v2\/pages"}],"about":[{"href":"https:\/\/www.ufsm.br\/cursos\/pos-graduacao\/santa-maria\/ppgagrobio\/wp-json\/wp\/v2\/types\/page"}],"author":[{"embeddable":true,"href":"https:\/\/www.ufsm.br\/cursos\/pos-graduacao\/santa-maria\/ppgagrobio\/wp-json\/wp\/v2\/users\/8022"}],"replies":[{"embeddable":true,"href":"https:\/\/www.ufsm.br\/cursos\/pos-graduacao\/santa-maria\/ppgagrobio\/wp-json\/wp\/v2\/comments?post=292"}],"version-history":[{"count":0,"href":"https:\/\/www.ufsm.br\/cursos\/pos-graduacao\/santa-maria\/ppgagrobio\/wp-json\/wp\/v2\/pages\/292\/revisions"}],"wp:attachment":[{"href":"https:\/\/www.ufsm.br\/cursos\/pos-graduacao\/santa-maria\/ppgagrobio\/wp-json\/wp\/v2\/media?parent=292"}],"wp:term":[{"taxonomy":"category","embeddable":true,"href":"https:\/\/www.ufsm.br\/cursos\/pos-graduacao\/santa-maria\/ppgagrobio\/wp-json\/wp\/v2\/categories?post=292"},{"taxonomy":"post_tag","embeddable":true,"href":"https:\/\/www.ufsm.br\/cursos\/pos-graduacao\/santa-maria\/ppgagrobio\/wp-json\/wp\/v2\/tags?post=292"}],"curies":[{"name":"wp","href":"https:\/\/api.w.org\/{rel}","templated":true}]}}