{"id":295,"date":"2024-09-09T22:02:19","date_gmt":"2024-09-10T01:02:19","guid":{"rendered":"https:\/\/www.ufsm.br\/cursos\/pos-graduacao\/santa-maria\/ppgagrobio\/?page_id=295"},"modified":"2025-01-21T08:45:32","modified_gmt":"2025-01-21T11:45:32","slug":"comissao-de-autoavaliacao","status":"publish","type":"page","link":"https:\/\/www.ufsm.br\/cursos\/pos-graduacao\/santa-maria\/ppgagrobio\/comissao-de-autoavaliacao","title":{"rendered":"Planejamento e Autoavalia\u00e7\u00e3o PPGAGROBIO\/UFSM"},"content":{"rendered":"\t\t<div data-elementor-type=\"wp-page\" data-elementor-id=\"295\" class=\"elementor elementor-295\">\n\t\t\t\t\t\t<section class=\"elementor-section elementor-top-section elementor-element elementor-element-8afd9d4 elementor-section-boxed elementor-section-height-default elementor-section-height-default\" data-id=\"8afd9d4\" data-element_type=\"section\">\n\t\t\t\t\t\t<div class=\"elementor-container elementor-column-gap-default\">\n\t\t\t\t\t<div class=\"elementor-column elementor-col-100 elementor-top-column elementor-element elementor-element-f1d8fe6\" data-id=\"f1d8fe6\" data-element_type=\"column\">\n\t\t\t<div class=\"elementor-widget-wrap elementor-element-populated\">\n\t\t\t\t\t\t<div class=\"elementor-element elementor-element-b188c77 elementor-widget elementor-widget-heading\" data-id=\"b188c77\" data-element_type=\"widget\" data-widget_type=\"heading.default\">\n\t\t\t\t<div class=\"elementor-widget-container\">\n\t\t\t<h2 class=\"elementor-heading-title elementor-size-default\">Composi\u00e7\u00e3o da Comiss\u00e3o de Planejamento e Autoavalia\u00e7\u00e3o<\/h2>\t\t<\/div>\n\t\t\t\t<\/div>\n\t\t\t\t\t<\/div>\n\t\t<\/div>\n\t\t\t\t\t<\/div>\n\t\t<\/section>\n\t\t\t\t<section class=\"elementor-section elementor-top-section elementor-element elementor-element-7056a390 elementor-section-boxed elementor-section-height-default elementor-section-height-default\" data-id=\"7056a390\" data-element_type=\"section\">\n\t\t\t\t\t\t<div class=\"elementor-container elementor-column-gap-default\">\n\t\t\t\t\t<div class=\"elementor-column elementor-col-100 elementor-top-column elementor-element elementor-element-49c9dea\" data-id=\"49c9dea\" data-element_type=\"column\">\n\t\t\t<div class=\"elementor-widget-wrap elementor-element-populated\">\n\t\t\t\t\t\t<div class=\"elementor-element elementor-element-f7484c6 elementor-widget elementor-widget-text-editor\" data-id=\"f7484c6\" data-element_type=\"widget\" data-widget_type=\"text-editor.default\">\n\t\t\t\t<div class=\"elementor-widget-container\">\n\t\t\t\t\t\t\t<!-- wp:paragraph -->\n<p>A Comiss\u00e3o de Planejamento e Autoavalia\u00e7\u00e3o do Programa de P\u00f3s-Gradua\u00e7\u00e3o em Agrobiologia foi designada pela <a href=\"http:\/\/a Comiss\u00e3o de Planejamento e Autoavalia\u00e7\u00e3o  do Programa de P\u00f3s-Gradua\u00e7\u00e3o em Agrobiologia\" data-wplink-url-error=\"true\">Ordem de Servi\u00e7o 001\/2025<\/a> e est\u00e1 composta pelos seguintes membros:\u00a0<\/p>\n<!-- \/wp:paragraph --><!-- wp:list -->\n<ul class=\"wp-block-list\"><!-- wp:list-item -->\n<li>Prof. Jo\u00e3o Marcelo Santos de Oliveira, na categoria de docente do PPGAGROBIO;<\/li>\n<li>Prof. Anderson Cesar Ramos Marques, na categoria de docente do PPGAGROBIO;<\/li>\n<!-- \/wp:list-item --><!-- wp:list-item -->\n<li>Profa. Cleusa Ely Vogel, na categoria de docente do PPGAGROBIO;<\/li>\n<li>Profa. Luciane Almeri Tabaldi, na categoria de docente do PPGAGROBIO;<\/li>\n<li>Prof. Antonio Carlos Ferreira da Silva, na categoria de docente do PPGAGROBIO;<\/li>\n<!-- \/wp:list-item --><!-- wp:list-item -->\n<li>Servidora Carmine Aparecida Lenz Hister, na categoria de TAE;<\/li>\n<!-- \/wp:list-item --><!-- wp:list-item -->\n<li>Dra. Juliana Ferreira da Silva, na categoria de egressa do PPGAGROBIO;<\/li>\n<!-- \/wp:list-item --><!-- wp:list-item -->\n<li>Me. Ger\u00e2ne Silva Wertonge de Oliveira, na categoria de egressa do PPGAGROBIO.<\/li>\n<!-- \/wp:list-item --><\/ul>\n<!-- \/wp:list -->\t\t\t\t\t\t<\/div>\n\t\t\t\t<\/div>\n\t\t\t\t\t<\/div>\n\t\t<\/div>\n\t\t\t\t\t<\/div>\n\t\t<\/section>\n\t\t\t\t<section class=\"elementor-section elementor-top-section elementor-element elementor-element-3015d33 elementor-section-boxed elementor-section-height-default elementor-section-height-default\" data-id=\"3015d33\" data-element_type=\"section\">\n\t\t\t\t\t\t<div class=\"elementor-container elementor-column-gap-default\">\n\t\t\t\t\t<div class=\"elementor-column elementor-col-100 elementor-top-column elementor-element elementor-element-cafa19c\" data-id=\"cafa19c\" data-element_type=\"column\">\n\t\t\t<div class=\"elementor-widget-wrap elementor-element-populated\">\n\t\t\t\t\t\t<div class=\"elementor-element elementor-element-5fce5ec elementor-widget elementor-widget-heading\" data-id=\"5fce5ec\" data-element_type=\"widget\" data-widget_type=\"heading.default\">\n\t\t\t\t<div class=\"elementor-widget-container\">\n\t\t\t<h2 class=\"elementor-heading-title elementor-size-default\">I Semin\u00e1rio de Autoavalia\u00e7\u00e3o PPGAGROBIO: realizado em 28\/11\/24<\/h2>\t\t<\/div>\n\t\t\t\t<\/div>\n\t\t\t\t\t<\/div>\n\t\t<\/div>\n\t\t\t\t\t<\/div>\n\t\t<\/section>\n\t\t\t\t<section class=\"elementor-section elementor-top-section elementor-element elementor-element-781e8da elementor-section-boxed elementor-section-height-default elementor-section-height-default\" data-id=\"781e8da\" data-element_type=\"section\">\n\t\t\t\t\t\t<div class=\"elementor-container elementor-column-gap-default\">\n\t\t\t\t\t<div class=\"elementor-column elementor-col-100 elementor-top-column elementor-element elementor-element-ab95ab1\" data-id=\"ab95ab1\" data-element_type=\"column\">\n\t\t\t<div class=\"elementor-widget-wrap elementor-element-populated\">\n\t\t\t\t\t\t<div class=\"elementor-element elementor-element-4f4f954 elementor-widget elementor-widget-text-editor\" data-id=\"4f4f954\" data-element_type=\"widget\" data-widget_type=\"text-editor.default\">\n\t\t\t\t<div class=\"elementor-widget-container\">\n\t\t\t\t\t\t\t<p>O I Semin\u00e1rio de Autoavalia\u00e7\u00e3o do PPG em Agrobiologia foi conduzido pelo Coordenador, Prof. <span style=\"font-weight: 400\">Jo\u00e3o Marcelo Santos de Oliveira, com participa\u00e7\u00e3o de docentes, discentes, egressos e t\u00e9cnicos-administrativos em educa\u00e7\u00e3o da UFSM. Abaixo est\u00e3o dispon\u00edveis as apresenta\u00e7\u00f5es utilizadas para subsidiar as discuss\u00f5es de alguns dos assuntos abordados.<br \/><\/span><\/p>\n<ul>\n<li>\u00a0<a href=\"https:\/\/www.ufsm.br\/app\/uploads\/sites\/527\/2025\/01\/1o-AUTOAVALIACAO-PPG-AGROBIOLOGIA.pptx\">Introdu\u00e7\u00e3o sobre a autoavali\u00e7\u00e3o<\/a><\/li>\n<li><a href=\"https:\/\/www.ufsm.br\/app\/uploads\/sites\/527\/2025\/01\/2o-Operacionalizacao-da-Autoavaliacao.pptx\">Introdu\u00e7\u00e3o \u00e0 operacionaliza\u00e7\u00e3o da autoavalia\u00e7\u00e3o<\/a><\/li>\n<li><a href=\"https:\/\/www.ufsm.br\/app\/uploads\/sites\/527\/2025\/01\/3o-Analise-dos-instrumentos-de-autoavaliacao.pptx\">An\u00e1lise dos instrumentos de autoavalia\u00e7\u00e3o<\/a><\/li>\n<li><a href=\"https:\/\/www.ufsm.br\/app\/uploads\/sites\/527\/2025\/01\/4o-BASES-PARA-PLANEJAMENTO-ESTRATEGICO.pptx\">Bases para o Planejamento Estrat\u00e9gico<\/a><\/li>\n<\/ul>\n<p>Os principais assuntos discutidos durante o Semin\u00e1rio e as sugest\u00f5es dos participantes foram registrados em <a href=\"https:\/\/www.ufsm.br\/app\/uploads\/sites\/527\/2025\/01\/Ata-PPGAGROBIO-Seminrio-de-Autoavaliao-do-PPG-Agrobiologia-NOVEMBRO-2024-assinada.pdf\">ata<\/a>, para registro e divulga\u00e7\u00e3o.\u00a0<\/p>\t\t\t\t\t\t<\/div>\n\t\t\t\t<\/div>\n\t\t\t\t\t<\/div>\n\t\t<\/div>\n\t\t\t\t\t<\/div>\n\t\t<\/section>\n\t\t\t\t<\/div>\n\t\t","protected":false},"excerpt":{"rendered":"<p>Composi\u00e7\u00e3o da Comiss\u00e3o de Planejamento e Autoavalia\u00e7\u00e3o A Comiss\u00e3o de Planejamento e Autoavalia\u00e7\u00e3o do Programa de P\u00f3s-Gradua\u00e7\u00e3o em Agrobiologia foi designada pela Ordem de Servi\u00e7o 001\/2025 e est\u00e1 composta pelos seguintes membros:\u00a0 I Semin\u00e1rio de Autoavalia\u00e7\u00e3o PPGAGROBIO: realizado em 28\/11\/24 O I Semin\u00e1rio de Autoavalia\u00e7\u00e3o do PPG em Agrobiologia foi conduzido pelo Coordenador, Prof. Jo\u00e3o [&hellip;]<\/p>\n","protected":false},"author":8022,"featured_media":0,"parent":0,"menu_order":0,"comment_status":"closed","ping_status":"closed","template":"","meta":{"footnotes":""},"categories":[],"tags":[],"class_list":["post-295","page","type-page","status-publish","hentry"],"acf":[],"_links":{"self":[{"href":"https:\/\/www.ufsm.br\/cursos\/pos-graduacao\/santa-maria\/ppgagrobio\/wp-json\/wp\/v2\/pages\/295","targetHints":{"allow":["GET"]}}],"collection":[{"href":"https:\/\/www.ufsm.br\/cursos\/pos-graduacao\/santa-maria\/ppgagrobio\/wp-json\/wp\/v2\/pages"}],"about":[{"href":"https:\/\/www.ufsm.br\/cursos\/pos-graduacao\/santa-maria\/ppgagrobio\/wp-json\/wp\/v2\/types\/page"}],"author":[{"embeddable":true,"href":"https:\/\/www.ufsm.br\/cursos\/pos-graduacao\/santa-maria\/ppgagrobio\/wp-json\/wp\/v2\/users\/8022"}],"replies":[{"embeddable":true,"href":"https:\/\/www.ufsm.br\/cursos\/pos-graduacao\/santa-maria\/ppgagrobio\/wp-json\/wp\/v2\/comments?post=295"}],"version-history":[{"count":0,"href":"https:\/\/www.ufsm.br\/cursos\/pos-graduacao\/santa-maria\/ppgagrobio\/wp-json\/wp\/v2\/pages\/295\/revisions"}],"wp:attachment":[{"href":"https:\/\/www.ufsm.br\/cursos\/pos-graduacao\/santa-maria\/ppgagrobio\/wp-json\/wp\/v2\/media?parent=295"}],"wp:term":[{"taxonomy":"category","embeddable":true,"href":"https:\/\/www.ufsm.br\/cursos\/pos-graduacao\/santa-maria\/ppgagrobio\/wp-json\/wp\/v2\/categories?post=295"},{"taxonomy":"post_tag","embeddable":true,"href":"https:\/\/www.ufsm.br\/cursos\/pos-graduacao\/santa-maria\/ppgagrobio\/wp-json\/wp\/v2\/tags?post=295"}],"curies":[{"name":"wp","href":"https:\/\/api.w.org\/{rel}","templated":true}]}}