{"id":159,"date":"2019-01-29T12:18:03","date_gmt":"2019-01-29T14:18:03","guid":{"rendered":"https:\/\/www.ufsm.br\/cursos\/pos-graduacao\/santa-maria\/ppgap\/?page_id=159"},"modified":"2025-05-13T10:26:37","modified_gmt":"2025-05-13T13:26:37","slug":"area-linhas-e-projetos","status":"publish","type":"page","link":"https:\/\/www.ufsm.br\/cursos\/pos-graduacao\/santa-maria\/ppgap\/area-linhas-e-projetos","title":{"rendered":"\u00c1rea de Concentra\u00e7\u00e3o e Linhas de Pesquisa"},"content":{"rendered":"\n<h3><strong>\u00c1rea de Concentra\u00e7\u00e3o<\/strong><\/h3>\n<p><strong>Tecnologias em Agricultura de Precis\u00e3o<\/strong><\/p>\n<p>A tecnologia em agricultura de precis\u00e3o envolve uma gama variada de \u00e1reas de conhecimento, exigindo a participa\u00e7\u00e3o de equipes multidisciplinares. O aporte de novas tecnologias, como a tecnologia de sat\u00e9lites (geod\u00e9sicos e imageadores), assim como a intensa utiliza\u00e7\u00e3o de modernas m\u00e1quinas e insumos de \u00faltima gera\u00e7\u00e3o, a utiliza\u00e7\u00e3o de sistemas de informa\u00e7\u00f5es geogr\u00e1ficas para o apoio ao planejamento das atividades agr\u00edcolas e avalia\u00e7\u00e3o dos impactos ambientais das mesmas, trouxe a necessidade de requalificar os profissionais das ci\u00eancias agr\u00e1rias, agregando novos conhecimentos e problemas a serem resolvidos.<\/p>\n<h3>\u00a0<\/h3>\n<h3><strong>Linhas de Pesquisa<\/strong><\/h3>\n<p><strong>Geotecnologias Aplicadas \u00e0 Agricultura de Precis\u00e3o<\/strong><\/p>\n<p style=\"text-align: left\"><span style=\"font-weight: 400\">A Linha de Pesquisa em Geotecnologias Aplicadas \u00e0 Agricultura de Precis\u00e3o trata do desenvolvimento de m\u00e9todos e procedimentos para a utiliza\u00e7\u00e3o das geotecnologias na agricultura e meio ambiente, tanto na constru\u00e7\u00e3o de bases de dados espaciais, como na representa\u00e7\u00e3o e an\u00e1lise de informa\u00e7\u00f5es espaciais, incluindo o controle de qualidade dos processos e impactos ambientais. Abrange, portanto, a utiliza\u00e7\u00e3o das geotecnologias com objetivo de subsidiar os processos de gest\u00e3o agr\u00edcola avan\u00e7ada. Em suma, esta linha preocupa-se com o sensoriamento e processamento de dados georreferenciados dos sistemas de produ\u00e7\u00e3o agr\u00edcola e do meio ambiente, para a gera\u00e7\u00e3o das melhores estrat\u00e9gias de interven\u00e7\u00e3o, a partir do entendimento da variabilidade espacial e temporal da produtividade, da vegeta\u00e7\u00e3o, dos fatores que as condicionam, do uso racional dos recursos dispon\u00edveis, da redu\u00e7\u00e3o e mitiga\u00e7\u00e3o dos impactos ambientais, visando dar subs\u00eddios ao aumento da produtividade, ao retorno econ\u00f4mico e \u00e0 redu\u00e7\u00e3o dos impactos ambientais.<\/span><\/p>\n<p>\u00a0<\/p>\n<p><strong>Manejo de S\u00edtio Espec\u00edfico de Solo e Planta<\/strong><\/p>\n<p><span style=\"font-weight: 400\">A Linha de Pesquisa em Manejo de S\u00edtios Espec\u00edficos de Solo e Planta investiga a efici\u00eancia da realoca\u00e7\u00e3o de insumos baseada na variabilidade espacial e temporal de atributos do solo, atrav\u00e9s do uso da taxa vari\u00e1vel de insumos (TVI). Ainda, investiga a efici\u00eancia da TVI na produtividade dos cultivos, no retorno econ\u00f4mico e no impacto ambiental. Ainda, avalia a efici\u00eancia da taxa variada de popula\u00e7\u00e3o de sementes (TVS) e de insumo biol\u00f3gicos (TVB). Esta \u00faltima \u00e1rea de conhecimento recente, mas com grande potencial j\u00e1 que a variabilidade espacial de nemat\u00f3ides e doen\u00e7as de solo \u00e9 muito grande. A linha de pesquisa se baseia em mapas tem\u00e1ticos de atributos de solo e planta temporais e precisos como por exemplo os de componentes topogr\u00e1ficos (altitude, declividade e fluxos preferenciais de \u00e1gua) e, avaliar a intera\u00e7\u00e3o dos novos materiais gen\u00e9ticos \u00e0s zonas de produ\u00e7\u00e3o\/manejo, em fun\u00e7\u00e3o de suas demandas e caracter\u00edsticas espec\u00edficas.<\/span><\/p>\n<p>\u00a0<\/p>\n<p><strong>M\u00e1quinas Agr\u00edcolas Desenvolvidas para a Agricultura de Precis\u00e3o<\/strong><\/p>\n<p><span style=\"font-weight: 400\">A Linha de Pesquisa em M\u00e1quinas Agr\u00edcolas Desenvolvidas para Agricultura de Precis\u00e3o objetiva o estudo\/desenvolvimento de sistemas mecanizados inteligentes dotados de sensores, atuadores e rastreabilidade para aplica\u00e7\u00e3o em AP e a busca pela efici\u00eancia na utiliza\u00e7\u00e3o das m\u00e1quinas e implementos agr\u00edcolas disponibilizados pela ind\u00fastria 4.0, com o intuito de possibilitar um elevado n\u00edvel de gerenciamento da atividade agr\u00edcola e integra\u00e7\u00e3o com diferentes atores, como a revenda, ind\u00fastria e consultores. Atualmente, com a tecnologia de m\u00e1quinas conectadas \u00e9 poss\u00edvel ter a rastreabilidade de todas as m\u00e1quinas em uma Sala de Comando de Opera\u00e7\u00f5es (\u201cOperation Center\u201d) ou Sala de tecnologias. Entre outras aplica\u00e7\u00f5es destacam-se a redu\u00e7\u00e3o do tempo ocioso de m\u00e1quinas, redu\u00e7\u00e3o do consumo de diesel, aumento da efici\u00eancia de opera\u00e7\u00e3o e do n\u00edvel de gerenciamento.\u00a0<\/span><\/p>\n","protected":false},"excerpt":{"rendered":"<p>\u00c1rea de Concentra\u00e7\u00e3o Tecnologias em Agricultura de Precis\u00e3o A tecnologia em agricultura de precis\u00e3o envolve uma gama variada de \u00e1reas de conhecimento, exigindo a participa\u00e7\u00e3o de equipes multidisciplinares. O aporte de novas tecnologias, como a tecnologia de sat\u00e9lites (geod\u00e9sicos e imageadores), assim como a intensa utiliza\u00e7\u00e3o de modernas m\u00e1quinas e insumos de \u00faltima gera\u00e7\u00e3o, a [&hellip;]<\/p>\n","protected":false},"author":194,"featured_media":0,"parent":0,"menu_order":0,"comment_status":"closed","ping_status":"closed","template":"","meta":{"footnotes":""},"categories":[],"tags":[],"class_list":["post-159","page","type-page","status-publish","hentry"],"acf":[],"_links":{"self":[{"href":"https:\/\/www.ufsm.br\/cursos\/pos-graduacao\/santa-maria\/ppgap\/wp-json\/wp\/v2\/pages\/159","targetHints":{"allow":["GET"]}}],"collection":[{"href":"https:\/\/www.ufsm.br\/cursos\/pos-graduacao\/santa-maria\/ppgap\/wp-json\/wp\/v2\/pages"}],"about":[{"href":"https:\/\/www.ufsm.br\/cursos\/pos-graduacao\/santa-maria\/ppgap\/wp-json\/wp\/v2\/types\/page"}],"author":[{"embeddable":true,"href":"https:\/\/www.ufsm.br\/cursos\/pos-graduacao\/santa-maria\/ppgap\/wp-json\/wp\/v2\/users\/194"}],"replies":[{"embeddable":true,"href":"https:\/\/www.ufsm.br\/cursos\/pos-graduacao\/santa-maria\/ppgap\/wp-json\/wp\/v2\/comments?post=159"}],"version-history":[{"count":0,"href":"https:\/\/www.ufsm.br\/cursos\/pos-graduacao\/santa-maria\/ppgap\/wp-json\/wp\/v2\/pages\/159\/revisions"}],"wp:attachment":[{"href":"https:\/\/www.ufsm.br\/cursos\/pos-graduacao\/santa-maria\/ppgap\/wp-json\/wp\/v2\/media?parent=159"}],"wp:term":[{"taxonomy":"category","embeddable":true,"href":"https:\/\/www.ufsm.br\/cursos\/pos-graduacao\/santa-maria\/ppgap\/wp-json\/wp\/v2\/categories?post=159"},{"taxonomy":"post_tag","embeddable":true,"href":"https:\/\/www.ufsm.br\/cursos\/pos-graduacao\/santa-maria\/ppgap\/wp-json\/wp\/v2\/tags?post=159"}],"curies":[{"name":"wp","href":"https:\/\/api.w.org\/{rel}","templated":true}]}}