{"id":166,"date":"2019-01-29T12:29:31","date_gmt":"2019-01-29T14:29:31","guid":{"rendered":"https:\/\/www.ufsm.br\/cursos\/pos-graduacao\/santa-maria\/ppgap\/?page_id=166"},"modified":"2019-01-31T08:47:34","modified_gmt":"2019-01-31T10:47:34","slug":"links-uteis","status":"publish","type":"page","link":"https:\/\/www.ufsm.br\/cursos\/pos-graduacao\/santa-maria\/ppgap\/links-uteis","title":{"rendered":"Links \u00dateis"},"content":{"rendered":"\n<table>\n<tbody>\n<tr>\n<td>\n<p><a href=\"http:\/\/www.capes.gov.br\/\"><img decoding=\"async\" src=\"http:\/\/w3.ufsm.br\/ppgap\/images\/icones\/capes.png\" alt=\"\" width=\"100\" height=\"92\" \/><\/a><\/p>\n<\/td>\n<td>\n<p><strong>Coordena\u00e7\u00e3o de Aperfei\u00e7oamento de Pessoal de N\u00edvel Superior<\/strong><\/p>\n<\/td>\n<\/tr>\n<tr>\n<td>\n<p><a href=\"http:\/\/www.cnpq.br\/\"><img decoding=\"async\" src=\"http:\/\/w3.ufsm.br\/ppgap\/images\/icones\/cnpq.png\" alt=\"\" width=\"100\" height=\"92\" \/><\/a><\/p>\n<\/td>\n<td>\n<p><strong>Conselho Nacional de Desenvolvimento Cient\u00edfico e Tecnol\u00f3gico<\/strong><\/p>\n<\/td>\n<\/tr>\n<tr>\n<td>\n<p><a href=\"http:\/\/www.ufsm.br\/prpgp\/\"><img decoding=\"async\" src=\"http:\/\/w3.ufsm.br\/ppgap\/images\/icones\/prpgp.png\" alt=\"\" width=\"100\" height=\"92\" \/><\/a><\/p>\n<\/td>\n<td>\n<p><strong>Pr\u00f3-Reitoria de P\u00f3s-Gradua\u00e7\u00e3o e Pesquisa<\/strong><\/p>\n<\/td>\n<\/tr>\n<tr>\n<td>\n<p><a href=\"http:\/\/www.fnmp.org.br\/\"><img loading=\"lazy\" decoding=\"async\" src=\"http:\/\/w3.ufsm.br\/ppgap\/images\/icones\/fnmp.png\" alt=\"\" width=\"100\" height=\"92\" \/><\/a><\/p>\n<\/td>\n<td>\n<p><strong>F\u00f3rum Nacional de Mestrados Profissionais<\/strong><\/p>\n<\/td>\n<\/tr>\n<tr>\n<td>\n<p><a href=\"http:\/\/www.ufsm.br\/\"><img loading=\"lazy\" decoding=\"async\" src=\"http:\/\/w3.ufsm.br\/ppgap\/images\/icones\/ufsm.png\" alt=\"\" width=\"100\" height=\"92\" \/><\/a><\/p>\n<\/td>\n<td>\n<p><strong>Universidade Federal de Santa Maria<\/strong><\/p>\n<\/td>\n<\/tr>\n<tr>\n<td>\n<p><a href=\"http:\/\/www.politecnico.ufsm.br\/\"><img loading=\"lazy\" decoding=\"async\" src=\"http:\/\/w3.ufsm.br\/ppgap\/images\/icones\/politecnico.png\" alt=\"\" width=\"100\" height=\"92\" \/><\/a><\/p>\n<\/td>\n<td>\n<p><strong>Col\u00e9gio Polit\u00e9cnico da UFSM<\/strong><\/p>\n<\/td>\n<\/tr>\n<tr>\n<td>\n<p><a href=\"http:\/\/www.ufsm.br\/geoprocessamento\"><img loading=\"lazy\" decoding=\"async\" src=\"http:\/\/w3.ufsm.br\/ppgap\/images\/icones\/geopufsm.png\" alt=\"\" width=\"100\" height=\"92\" \/><\/a><\/p>\n<\/td>\n<td>\n<p><strong>\u00c1rea de Geoprocessamento do Col\u00e9gio Polit\u00e9cnico da UFSM<\/strong><\/p>\n<\/td>\n<\/tr>\n<tr>\n<td>\n<p><a href=\"http:\/\/www.crcampeiro.net\/\"><img loading=\"lazy\" decoding=\"async\" src=\"http:\/\/w3.ufsm.br\/ppgap\/images\/icones\/c7.png\" alt=\"\" width=\"100\" height=\"92\" \/><\/a><\/p>\n<\/td>\n<td>\n<p><strong>Projeto CR Campeiro<\/strong><\/p>\n<\/td>\n<\/tr>\n<tr>\n<td><a href=\"http:\/\/w3.ufsm.br\/projetoaquarius\/\"><img loading=\"lazy\" decoding=\"async\" src=\"http:\/\/w3.ufsm.br\/ppgap\/images\/icones\/aquarius.png\" alt=\"\" width=\"100\" height=\"92\" \/><\/a><\/td>\n<td>\n<p><strong>Projeto Aquarius<\/strong><\/p>\n<\/td>\n<\/tr>\n<tr>\n<td><a href=\"http:\/\/w3.ufsm.br\/projetoaquarius\/\"><img loading=\"lazy\" decoding=\"async\" src=\"http:\/\/w3.ufsm.br\/ppgap\/images\/icones\/lapsul.png\" alt=\"\" width=\"100\" height=\"92\" \/><\/a><\/td>\n<td>\n<p><strong>Laborat\u00f3rio de Agricultura de Precis\u00e3o Sul<\/strong><\/p>\n<\/td>\n<\/tr>\n<\/tbody>\n<\/table>\n<ul class=\"nav menu\" style=\"list-style-type: disc\">\n<li class=\"item-1804\"><a href=\"http:\/\/site.ufsm.br\/ufsm\/calendario-academico\"><span class=\"image-title\">CALEND\u00c1RIO ACAD\u00caMICO<\/span><\/a><\/li>\n<li>\u00a0<\/li>\n<li class=\"item-1805\"><a href=\"http:\/\/coral.ufsm.br\/derca\/index.php\"><span class=\"image-title\">DERCA<\/span><\/a><\/li>\n<li>\u00a0<\/li>\n<li class=\"item-1806\"><a href=\"https:\/\/portal.ufsm.br\/aluno\/\"><span class=\"image-title\">PORTAL DO ALUNO<\/span><\/a><\/li>\n<li>\u00a0<\/li>\n<li class=\"item-1807\"><a href=\"http:\/\/w3.ufsm.br\/biblioteca\/\"><span class=\"image-title\">BIBLIOTECA<\/span><\/a><\/li>\n<li>\u00a0<\/li>\n<li class=\"item-1808\"><a href=\"http:\/\/ru.ufsm.br\/\"><span class=\"image-title\">RESTAURANTE UNIVERSIT\u00c1RIO<\/span><\/a><\/li>\n<li>\u00a0<\/li>\n<li class=\"item-1809\"><a href=\"http:\/\/site.ufsm.br\/onibus\/\"><span class=\"image-title\">HOR\u00c1RIOS DE \u00d4NIBUS<\/span><\/a><\/li>\n<li>\u00a0<\/li>\n<li class=\"item-1810\"><a href=\"http:\/\/w3.ufsm.br\/prae\/\"><span class=\"image-title\">PRAE<\/span><\/a><\/li>\n<li>\u00a0<\/li>\n<li class=\"item-1811\"><a href=\"https:\/\/www.ufsm.br\/cursos\/pos-graduacao\/santa-maria\/ppgap\/wp-content\/uploads\/sites\/526\/2019\/01\/AP_RS.pdf\"><span class=\"image-title\">LIVRO AGRICULTURA DE PRECIS\u00c3O<\/span><\/a><\/li>\n<li>\u00a0<\/li>\n<li class=\"item-1852\"><a href=\"https:\/\/www.ufsm.br\/cursos\/pos-graduacao\/santa-maria\/ppgap\/wp-content\/uploads\/sites\/526\/2019\/01\/Livro-4-APSUL-AMERICA-com-ISBN.pdf\"><span class=\"image-title\">LIVRO 4\u00ba APSUL AM\u00c9RICA<\/span><\/a><\/li>\n<li>\u00a0<\/li>\n<li class=\"item-1853\"><a href=\"https:\/\/www.ufsm.br\/cursos\/pos-graduacao\/santa-maria\/ppgap\/wp-content\/uploads\/sites\/526\/2019\/01\/Tutorial-Solicitao-de-defesa-MDT-Julho-2017.pdf\"><span class=\"image-title\">TUTORIAL SOLICITA\u00c7\u00c3O DEFESA DE MDT<\/span><\/a><\/li>\n<li>\u00a0<\/li>\n<li class=\"item-1854\"><a href=\"https:\/\/www.ufsm.br\/cursos\/pos-graduacao\/santa-maria\/ppgap\/wp-content\/uploads\/sites\/526\/2019\/01\/TUTORIAL-PLANO-DE-ESTUDOS.pdf\"><span class=\"image-title\">TUTORIAL PLANO DE ESTUDOS<\/span><\/a><\/li>\n<\/ul>\n","protected":false},"excerpt":{"rendered":"<p>Coordena\u00e7\u00e3o de Aperfei\u00e7oamento de Pessoal de N\u00edvel Superior Conselho Nacional de Desenvolvimento Cient\u00edfico e Tecnol\u00f3gico Pr\u00f3-Reitoria de P\u00f3s-Gradua\u00e7\u00e3o e Pesquisa F\u00f3rum Nacional de Mestrados Profissionais Universidade Federal de Santa Maria Col\u00e9gio Polit\u00e9cnico da UFSM \u00c1rea de Geoprocessamento do Col\u00e9gio Polit\u00e9cnico da UFSM Projeto CR Campeiro Projeto Aquarius Laborat\u00f3rio de Agricultura de Precis\u00e3o Sul CALEND\u00c1RIO ACAD\u00caMICO [&hellip;]<\/p>\n","protected":false},"author":194,"featured_media":0,"parent":0,"menu_order":0,"comment_status":"closed","ping_status":"closed","template":"","meta":{"footnotes":""},"categories":[],"tags":[],"class_list":["post-166","page","type-page","status-publish","hentry"],"acf":[],"_links":{"self":[{"href":"https:\/\/www.ufsm.br\/cursos\/pos-graduacao\/santa-maria\/ppgap\/wp-json\/wp\/v2\/pages\/166","targetHints":{"allow":["GET"]}}],"collection":[{"href":"https:\/\/www.ufsm.br\/cursos\/pos-graduacao\/santa-maria\/ppgap\/wp-json\/wp\/v2\/pages"}],"about":[{"href":"https:\/\/www.ufsm.br\/cursos\/pos-graduacao\/santa-maria\/ppgap\/wp-json\/wp\/v2\/types\/page"}],"author":[{"embeddable":true,"href":"https:\/\/www.ufsm.br\/cursos\/pos-graduacao\/santa-maria\/ppgap\/wp-json\/wp\/v2\/users\/194"}],"replies":[{"embeddable":true,"href":"https:\/\/www.ufsm.br\/cursos\/pos-graduacao\/santa-maria\/ppgap\/wp-json\/wp\/v2\/comments?post=166"}],"version-history":[{"count":0,"href":"https:\/\/www.ufsm.br\/cursos\/pos-graduacao\/santa-maria\/ppgap\/wp-json\/wp\/v2\/pages\/166\/revisions"}],"wp:attachment":[{"href":"https:\/\/www.ufsm.br\/cursos\/pos-graduacao\/santa-maria\/ppgap\/wp-json\/wp\/v2\/media?parent=166"}],"wp:term":[{"taxonomy":"category","embeddable":true,"href":"https:\/\/www.ufsm.br\/cursos\/pos-graduacao\/santa-maria\/ppgap\/wp-json\/wp\/v2\/categories?post=166"},{"taxonomy":"post_tag","embeddable":true,"href":"https:\/\/www.ufsm.br\/cursos\/pos-graduacao\/santa-maria\/ppgap\/wp-json\/wp\/v2\/tags?post=166"}],"curies":[{"name":"wp","href":"https:\/\/api.w.org\/{rel}","templated":true}]}}