{"id":518,"date":"2025-04-25T12:07:08","date_gmt":"2025-04-25T15:07:08","guid":{"rendered":"https:\/\/www.ufsm.br\/cursos\/pos-graduacao\/santa-maria\/ppgap\/?page_id=518"},"modified":"2025-08-28T10:17:51","modified_gmt":"2025-08-28T13:17:51","slug":"comissao-de-selecao","status":"publish","type":"page","link":"https:\/\/www.ufsm.br\/cursos\/pos-graduacao\/santa-maria\/ppgap\/comissao-de-selecao","title":{"rendered":"Comiss\u00e3o de Sele\u00e7\u00e3o"},"content":{"rendered":"\n<p>Membros da Comiss\u00e3o de Sele\u00e7\u00e3o do Mestrado Profissional em Agricultura de Precis\u00e3o:<\/p>\n<ul>\n<li>Prof. Eduardo Leonel Bottega &#8211; Presidente<\/li>\n<li>Prof. Christian Bredemeier<\/li>\n<li>Profa. Claire Delfini Viana Cardoso<\/li>\n<li>Prof. Ivan Carlos Maldaner<\/li>\n<li>Profa. Zanandra Boff de Oliveira<\/li>\n<li>Prof. L\u00facio de Paula Amaral<\/li>\n<li>Prof. Luiz Patric Kayser<\/li>\n<li>Prof. Jos\u00e9 Cardoso Sobrinho<\/li>\n<li>Prof. Telmo Jorge Carneiro Amado<\/li>\n<li>TAE Filipe Venturini Bassan &#8211; Secret\u00e1rio<\/li>\n<li>TAE Marina Dias Cavalcanti &#8211; Secret\u00e1ria<\/li>\n<\/ul>\n<p><strong>Documento de designa\u00e7\u00e3o: <a href=\"https:\/\/www.ufsm.br\/app\/uploads\/sites\/526\/2025\/08\/Portaria-108-de-26-de-agosto-de-2025.-Comissao-de-Selecao-do-PPGAP.pdf\">Portaria de Pessoal Polit\u00e9cnico\/UFSM n. 108\/2025.<\/a><\/strong><\/p>\n","protected":false},"excerpt":{"rendered":"<p>Membros da Comiss\u00e3o de Sele\u00e7\u00e3o do Mestrado Profissional em Agricultura de Precis\u00e3o: Prof. Eduardo Leonel Bottega &#8211; Presidente Prof. Christian Bredemeier Profa. Claire Delfini Viana Cardoso Prof. Ivan Carlos Maldaner Profa. Zanandra Boff de Oliveira Prof. L\u00facio de Paula Amaral Prof. Luiz Patric Kayser Prof. Jos\u00e9 Cardoso Sobrinho Prof. Telmo Jorge Carneiro Amado TAE Filipe [&hellip;]<\/p>\n","protected":false},"author":5041,"featured_media":0,"parent":0,"menu_order":0,"comment_status":"closed","ping_status":"closed","template":"","meta":{"footnotes":""},"categories":[],"tags":[],"class_list":["post-518","page","type-page","status-publish","hentry"],"acf":[],"_links":{"self":[{"href":"https:\/\/www.ufsm.br\/cursos\/pos-graduacao\/santa-maria\/ppgap\/wp-json\/wp\/v2\/pages\/518","targetHints":{"allow":["GET"]}}],"collection":[{"href":"https:\/\/www.ufsm.br\/cursos\/pos-graduacao\/santa-maria\/ppgap\/wp-json\/wp\/v2\/pages"}],"about":[{"href":"https:\/\/www.ufsm.br\/cursos\/pos-graduacao\/santa-maria\/ppgap\/wp-json\/wp\/v2\/types\/page"}],"author":[{"embeddable":true,"href":"https:\/\/www.ufsm.br\/cursos\/pos-graduacao\/santa-maria\/ppgap\/wp-json\/wp\/v2\/users\/5041"}],"replies":[{"embeddable":true,"href":"https:\/\/www.ufsm.br\/cursos\/pos-graduacao\/santa-maria\/ppgap\/wp-json\/wp\/v2\/comments?post=518"}],"version-history":[{"count":0,"href":"https:\/\/www.ufsm.br\/cursos\/pos-graduacao\/santa-maria\/ppgap\/wp-json\/wp\/v2\/pages\/518\/revisions"}],"wp:attachment":[{"href":"https:\/\/www.ufsm.br\/cursos\/pos-graduacao\/santa-maria\/ppgap\/wp-json\/wp\/v2\/media?parent=518"}],"wp:term":[{"taxonomy":"category","embeddable":true,"href":"https:\/\/www.ufsm.br\/cursos\/pos-graduacao\/santa-maria\/ppgap\/wp-json\/wp\/v2\/categories?post=518"},{"taxonomy":"post_tag","embeddable":true,"href":"https:\/\/www.ufsm.br\/cursos\/pos-graduacao\/santa-maria\/ppgap\/wp-json\/wp\/v2\/tags?post=518"}],"curies":[{"name":"wp","href":"https:\/\/api.w.org\/{rel}","templated":true}]}}