{"id":1112,"date":"2023-04-12T14:37:46","date_gmt":"2023-04-12T17:37:46","guid":{"rendered":"https:\/\/www.ufsm.br\/cursos\/pos-graduacao\/santa-maria\/ppgapublica\/?page_id=1112"},"modified":"2024-08-16T15:16:27","modified_gmt":"2024-08-16T18:16:27","slug":"aproveitamento-ou-dispensa-de-disciplina","status":"publish","type":"page","link":"https:\/\/www.ufsm.br\/cursos\/pos-graduacao\/santa-maria\/ppgapublica\/aproveitamento-ou-dispensa-de-disciplina","title":{"rendered":"Aproveitamento e Dispensa"},"content":{"rendered":"\n\n<p style=\"text-align: center\"><strong>INSTRU\u00c7\u00d5ES SOBRE APROVEITAMENTO E DISPENSA DE <\/strong><strong>DISCIPLINAS <\/strong><\/p>\n<p style=\"text-align: center\"><strong>E TESTE DE SUFICI\u00caNCIA EM L\u00cdNGUA ESTRANGEIRA<br \/><\/strong><\/p>\n<p style=\"text-align: center\"><strong>Programa de P\u00f3s-Gradua\u00e7\u00e3o em Administra\u00e7\u00e3o P\u00fablica da UFSM<\/strong><\/p>\n<p style=\"text-align: justify\">\u00c9 permitido ao(\u00e0) aluno(a) que houver cursado disciplinas em n\u00edvel de p\u00f3s-gradua\u00e7\u00e3o <strong>stricto sensu<\/strong>, em qualquer institui\u00e7\u00e3o de ensino superior, solicitar o aproveitamento ou a dispensa dos cr\u00e9ditos correspondentes a essa disciplina na P\u00f3s-Gradua\u00e7\u00e3o da UFSM,<strong> a crit\u00e9rio do Colegiado do Programa<\/strong>.<\/p>\n<p style=\"text-align: justify\">De forma semelhante, alunos(as) que detenham aprova\u00e7\u00e3o em teste de sufici\u00eancia em l\u00edngua estrangeira em outra Universidade ou institui\u00e7\u00e3o poder\u00e3o solicitar a <strong>comprova\u00e7\u00e3o de sufici\u00eancia na l\u00edngua estrangeira<\/strong> em quest\u00e3o, atrav\u00e9s de requerimento pr\u00f3prio, igualmente <strong>a crit\u00e9rio do Colegiado do Programa<\/strong>.<\/p>\n<p style=\"text-align: justify\">Em qualquer caso, se faz necess\u00e1rio o encaminhamento das solicita\u00e7\u00f5es via <strong>processo eletr\u00f4nico PEN-SIE<\/strong>. Informa\u00e7\u00f5es sobre a abertura desse tipo de processo no sistema informatizado universit\u00e1rio, tutoriais de processos administrativos eletr\u00f4nicos, al\u00e9m de respostas para outras d\u00favidas relativas ao <a href=\"https:\/\/portal.ufsm.br\/documentos\/mainMenu.html\" target=\"_blank\" rel=\"noopener\">Portal de Documentos da UFSM<\/a>, podem ser encontradas no <a href=\"https:\/\/www.ufsm.br\/orgaos-suplementares\/dag\/pen\/\" target=\"_blank\" rel=\"noopener\">site do DAG\/UFSM<\/a>, aba <a href=\"https:\/\/www.ufsm.br\/orgaos-suplementares\/dag\/pen\/apoio-ao-usuario\/\" target=\"_blank\" rel=\"noopener\">Apoio ao Usu\u00e1rio<\/a>.<\/p>\n<ul>\n<li><strong>SOLICITA\u00c7\u00c3O DE APROVEITAMENTO OU DISPENSA DE DISCIPLINAS<\/strong><\/li>\n<\/ul>\n<p>O <strong>aproveitamento de disciplina<\/strong> ocorre quando o(a) estudante solicita que uma disciplina <strong>cursada em outro curso ou institui\u00e7\u00e3o<\/strong> seja considerada para obter aprova\u00e7\u00e3o em uma disciplina pertencente ao curr\u00edculo do PPGAP, sem ser necess\u00e1rio curs\u00e1-la. Nesse caso, as disciplinas t\u00eam c\u00f3digos e nomes distintos.<\/p>\n<p>A <strong>dispensa de disciplina<\/strong> pode ser requerida quando o(a) estudante j\u00e1 cursou uma disciplina da estrutura curricular do pr\u00f3prio PPGAP <strong>com aprova\u00e7\u00e3o<\/strong>, seja como aluno especial ou extracurricular, e deseja aproveit\u00e1-la ap\u00f3s tornar-se aluno regular no Programa. Nesse caso, trata-se da mesma disciplina, cursada em um momento em que o(a) discente ainda n\u00e3o realizava o mestrado no PPGAP.<\/p>\n<p>Em termos pr\u00e1ticos, se trata do mesmo procedimento, com pequenas diferen\u00e7as no momento do preenchimento do formul\u00e1rio de solicita\u00e7\u00e3o.<\/p>\n<p>Para poder aproveitar ou dispensar disciplinas cursadas como aluno especial ou em outro curso de mestrado ou doutorado, <strong>seja antes do ingresso como aluno regular no PPGAP ou durante o curso<\/strong>, o discente dever\u00e1 seguir os passos a seguir:<\/p>\n<p style=\"text-align: justify\">I \u2013 Preencher o o formul\u00e1rio <strong>link\u00a0<a href=\"https:\/\/www.ufsm.br\/pro-reitorias\/prpgp\/controle-academico-de-pos-graduacao\">aproveitamento disciplina\u00a0<\/a><\/strong>\u00a0e anexar todos os documentos que fundamentam o pedido (Ex.: hist\u00f3rico escolar, ementa e bibliografia da disciplina);<\/p>\n<p style=\"text-align: justify\">II \u2013 Realizar a abertura de um processo eletr\u00f4nico PEN-SIE no <a href=\"https:\/\/portal.ufsm.br\/documentos\/mainMenu.html\" target=\"_blank\" rel=\"noopener\">Portal de Documentos da UFSM<\/a>, no qual dever\u00e1 ser anexado o Formul\u00e1rio de Aproveitamento de Disciplina e os documentos que fundamentam a solicita\u00e7\u00e3o;<\/p>\n<p style=\"text-align: justify\">III \u2013 Ap\u00f3s a abertura do processo PEN-SIE, este dever\u00e1 ser <strong>tramitado<\/strong> para o Programa de P\u00f3s-gradua\u00e7\u00e3o em Administra\u00e7\u00e3o P\u00fablica (06.10.05.00.0.0), para que seja apreciado em reuni\u00e3o colegiada.<\/p>\n<p style=\"text-align: justify\"><strong>ATEN\u00c7\u00c3O:<\/strong> A Secretaria Integrada e\/ou Coordena\u00e7\u00e3o do Programa <strong>s\u00f3 realiza o acompanhamento <\/strong>do processo PEN-SIE, informando aos(\u00e0s) estudantes interessados sobre o estado do pedido, <strong>mediante solicita\u00e7\u00e3o<\/strong> do(a) estudante via e-mail para <a href=\"mailto:sipos.ccsh@ufsm.br\">sipos.ccsh@ufsm.br<\/a>. Por isso, se faz necess\u00e1rio que o pr\u00f3prio estudante tenha <strong>anotado o n\u00famero do processo<\/strong>, a fim de requerer informa\u00e7\u00f5es por e-mail ou realizar o acompanhamento deste no sistema do <a href=\"https:\/\/portal.ufsm.br\/documentos\/mainMenu.html\" target=\"_blank\" rel=\"noopener\">Portal de Documentos da UFSM<\/a>.<\/p>\n<p style=\"text-align: justify\">Ap\u00f3s aprovado pelo Colegiado, o requerimento de aproveitamento ser\u00e1 encaminhado para a Pr\u00f3-Reitoria de P\u00f3s-Gradua\u00e7\u00e3o e Pesquisa &#8211; PRPGP da UFSM, para lan\u00e7amento dos cr\u00e9ditos correspondentes no hist\u00f3rico escolar do(a) estudante. A <strong>confer\u00eancia<\/strong> do lan\u00e7amento da disciplina requerida no Hist\u00f3rico Escolar <strong>cabe a cada discente interessado(a)<\/strong>.<\/p>\n<p style=\"padding-left: 80px\">\u21d2\u00a0Documentos complementares de aux\u00edlio para estudantes:<\/p>\n<h2><strong>\u00a0 \u00a0 \u00a0 \u00a0 \u00a0 link\u00a0 Formul\u00e1rio PRPGP: <a href=\"https:\/\/www.ufsm.br\/pro-reitorias\/prpgp\/controle-academico-de-pos-graduacao\">aproveitamento disciplina<\/a><\/strong><\/h2>\n<p style=\"padding-left: 80px\"><a href=\"https:\/\/www.ufsm.br\/app\/uploads\/sites\/544\/2021\/05\/Tutorial-para-Aproveitamento-de-Disciplinas_OK.pdf\" target=\"_blank\" rel=\"noopener\">Tutorial para aproveitamento de disciplinas<\/a><\/p>\n<p style=\"padding-left: 80px\"><a href=\"https:\/\/www.ufsm.br\/app\/uploads\/sites\/416\/2020\/04\/Passo-a-passo-termo-assinatura-eletronica-PEN-SIE.pdf\" target=\"_blank\" rel=\"noopener\">Passo a passo para assinatura do termo de Concord\u00e2ncia Assinatura Eletr\u00f4nica<\/a><\/p>\n<ul>\n<li><strong>APROVEITAMENTO DE TESTE DE SUFICI\u00caNCIA EM L\u00cdNGUA ESTRANGEIRA<\/strong><\/li>\n<\/ul>\n<p style=\"text-align: justify\">Da mesma forma, \u00e9 poss\u00edvel solicitar o aproveitamento de teste de sufici\u00eancia em l\u00edngua estrangeira realizado em <strong>outra institui\u00e7\u00e3o de ensino superior<\/strong>, ou ent\u00e3o, quando o teste <strong>foi realizado durante o curso de Mestrado<\/strong> e o(a) estudante quer <strong>aproveit\u00e1-lo para o curso de Doutorado. <\/strong>Nesse caso, o(a) interessado(a) dever\u00e1 abrir um processo PEN-SIE de &#8220;<strong>Comprova\u00e7\u00e3o de sufici\u00eancia em l\u00edngua estrangeira<\/strong>&#8220;, no <a href=\"https:\/\/portal.ufsm.br\/documentos\/mainMenu.html\" target=\"_blank\" rel=\"noopener\">Portal de Documentos da UFSM<\/a>, seguindo os passos a seguir:<\/p>\n<p style=\"text-align: justify\">I \u2013 Preencher o\u00a0<strong>Link\u00a0<a href=\"https:\/\/www.ufsm.br\/pro-reitorias\/prpgp\/servicos\/comprovacao-de-suficiencia-em-lingua-estrangeira\">Aproveitamento\/Dispensa da sufici\u00eancia em l\u00edngua estrangeira\u00a0<\/a><\/strong>e anexar o documento que fundamenta o pedido (certificado do teste com nota);<\/p>\n<p style=\"text-align: justify\">II \u2013 Realizar a abertura de um processo eletr\u00f4nico PEN-SIE no <a href=\"https:\/\/portal.ufsm.br\/documentos\/mainMenu.html\" target=\"_blank\" rel=\"noopener\">Portal de Documentos da UFSM<\/a>, no qual dever\u00e1 ser anexado o Formul\u00e1rio de Aproveitamento de Teste de L\u00edngua Estrangeira\u00a0e o documento que fundamenta a solicita\u00e7\u00e3o;<\/p>\n<p style=\"text-align: justify\">III \u2013 Ap\u00f3s a abertura do processo PEN-SIE, este dever\u00e1 ser <strong>tramitado<\/strong> para o Programa de P\u00f3s-gradua\u00e7\u00e3o em Administra\u00e7\u00e3o P\u00fablica (06.10.05.00.0.0), para que seja apreciado em reuni\u00e3o colegiada.<\/p>\n<p style=\"padding-left: 80px\">\u21d2\u00a0Documentos complementares de aux\u00edlio para estudantes:<\/p>\n<h2><strong>\u00a0 \u00a0 \u00a0 \u00a0 \u00a0 \u00a0Link <a href=\"https:\/\/www.ufsm.br\/pro-reitorias\/prpgp\/servicos\/comprovacao-de-suficiencia-em-lingua-estrangeira\">Aproveitamento\/Dispensa da sufici\u00eancia em l\u00edngua estrangeira<\/a><\/strong><\/h2>\n<p style=\"text-align: justify;padding-left: 80px\"><a href=\"https:\/\/www.ufsm.br\/app\/uploads\/sites\/544\/2021\/05\/Tutorial-para-Aproveitamento-de-Lingua-Estrangeira_-OK.pdf\" target=\"_blank\" rel=\"noopener\">Tutorial para aproveitamento do teste de l\u00edngua estrangeira<\/a><\/p>\n<p style=\"padding-left: 80px\"><a href=\"https:\/\/www.ufsm.br\/app\/uploads\/sites\/416\/2020\/04\/Passo-a-passo-termo-assinatura-eletronica-PEN-SIE.pdf\" target=\"_blank\" rel=\"noopener\">Passo a passo para assinatura do termo de Concord\u00e2ncia Assinatura Eletr\u00f4nica<\/a><\/p>\n<p style=\"text-align: justify\">Assim como no aproveitamento de disciplinas, uma vez aprovada a solicita\u00e7\u00e3o de aproveitamento do teste em l\u00edngua estrangeira pelo Colegiado do Programa, o requerimento ser\u00e1 encaminhado para a Pr\u00f3-Reitoria de P\u00f3s-Gradua\u00e7\u00e3o e Pesquisa &#8211; PRPGP da UFSM, para homologa\u00e7\u00e3o no hist\u00f3rico escolar do(a) estudante.<strong><br \/><\/strong><\/p>\n<p style=\"text-align: justify\"><strong>\u21d2 LEMBRETE:<\/strong> O Colegiado do PPGAP <strong>n\u00e3o considera<\/strong> como pass\u00edveis de aproveitamento quaisquer certificados de <strong>cursos de l\u00edngua estrangeira<\/strong>, sejam particulares ou universit\u00e1rios. Nesse sentido, ser\u00e3o avaliados <strong>somente<\/strong> certificados de provas\/testes de sufici\u00eancia em l\u00edngua estrangeira, aplicados pela UFSM ou outra institui\u00e7\u00e3o de ensino superior (IES).<\/p>","protected":false},"excerpt":{"rendered":"<p>INSTRU\u00c7\u00d5ES SOBRE APROVEITAMENTO E DISPENSA DE DISCIPLINAS E TESTE DE SUFICI\u00caNCIA EM L\u00cdNGUA ESTRANGEIRA Programa de P\u00f3s-Gradua\u00e7\u00e3o em Administra\u00e7\u00e3o P\u00fablica da UFSM \u00c9 permitido ao(\u00e0) aluno(a) que houver cursado disciplinas em n\u00edvel de p\u00f3s-gradua\u00e7\u00e3o stricto sensu, em qualquer institui\u00e7\u00e3o de ensino superior, solicitar o aproveitamento ou a dispensa dos cr\u00e9ditos correspondentes a essa disciplina na [&hellip;]<\/p>\n","protected":false},"author":586,"featured_media":0,"parent":0,"menu_order":0,"comment_status":"closed","ping_status":"closed","template":"","meta":{"footnotes":""},"categories":[],"tags":[],"class_list":["post-1112","page","type-page","status-publish","hentry"],"acf":[],"_links":{"self":[{"href":"https:\/\/www.ufsm.br\/cursos\/pos-graduacao\/santa-maria\/ppgapublica\/wp-json\/wp\/v2\/pages\/1112","targetHints":{"allow":["GET"]}}],"collection":[{"href":"https:\/\/www.ufsm.br\/cursos\/pos-graduacao\/santa-maria\/ppgapublica\/wp-json\/wp\/v2\/pages"}],"about":[{"href":"https:\/\/www.ufsm.br\/cursos\/pos-graduacao\/santa-maria\/ppgapublica\/wp-json\/wp\/v2\/types\/page"}],"author":[{"embeddable":true,"href":"https:\/\/www.ufsm.br\/cursos\/pos-graduacao\/santa-maria\/ppgapublica\/wp-json\/wp\/v2\/users\/586"}],"replies":[{"embeddable":true,"href":"https:\/\/www.ufsm.br\/cursos\/pos-graduacao\/santa-maria\/ppgapublica\/wp-json\/wp\/v2\/comments?post=1112"}],"version-history":[{"count":0,"href":"https:\/\/www.ufsm.br\/cursos\/pos-graduacao\/santa-maria\/ppgapublica\/wp-json\/wp\/v2\/pages\/1112\/revisions"}],"wp:attachment":[{"href":"https:\/\/www.ufsm.br\/cursos\/pos-graduacao\/santa-maria\/ppgapublica\/wp-json\/wp\/v2\/media?parent=1112"}],"wp:term":[{"taxonomy":"category","embeddable":true,"href":"https:\/\/www.ufsm.br\/cursos\/pos-graduacao\/santa-maria\/ppgapublica\/wp-json\/wp\/v2\/categories?post=1112"},{"taxonomy":"post_tag","embeddable":true,"href":"https:\/\/www.ufsm.br\/cursos\/pos-graduacao\/santa-maria\/ppgapublica\/wp-json\/wp\/v2\/tags?post=1112"}],"curies":[{"name":"wp","href":"https:\/\/api.w.org\/{rel}","templated":true}]}}