{"id":1113,"date":"2023-03-31T18:03:19","date_gmt":"2023-03-31T21:03:19","guid":{"rendered":"https:\/\/www.ufsm.br\/cursos\/pos-graduacao\/santa-maria\/ppgapublica\/?page_id=1113"},"modified":"2024-10-08T16:15:56","modified_gmt":"2024-10-08T19:15:56","slug":"matricula-extracurricular","status":"publish","type":"page","link":"https:\/\/www.ufsm.br\/cursos\/pos-graduacao\/santa-maria\/ppgapublica\/matricula-extracurricular","title":{"rendered":"Matr\u00edcula Extracurricular"},"content":{"rendered":"<p style=\"text-align: center\"><strong>INSTRU\u00c7\u00d5ES PARA SOLICITA\u00c7\u00c3O DE MATR\u00cdCULAS EXTRACURRICULARES<br \/><\/strong><\/p>\n<p style=\"text-align: center\"><strong>Programa de P\u00f3s-Gradua\u00e7\u00e3o em Administra\u00e7\u00e3o P\u00fablica da UFSM<\/strong><\/p>\n<p style=\"text-align: justify\">As matr\u00edculas extracurriculares na UFSM usualmente ocorrem <strong>ap\u00f3s a primeira semana de aula<\/strong> <strong>de cada semestre letivo<\/strong> e visam possibilitar que estudantes de p\u00f3s-gradua\u00e7\u00e3o solicitem matr\u00edcula em disciplinas de <strong>outros<\/strong> Programas de P\u00f3s-Gradua\u00e7\u00e3o da UFSM, levando em conta oportunidade e conveni\u00eancia. Neste sentido, a Coordena\u00e7\u00e3o do PPG em Administra\u00e7\u00e3o P\u00fablica <strong>precisa estar ciente e em concord\u00e2ncia<\/strong> com a matr\u00edcula do(a) aluno(a) em disciplina de outro PPG, bem como <strong>deve existir saldo de vaga(s)<\/strong> <strong>na referida disciplina<\/strong>, ap\u00f3s o per\u00edodo de ajustes da primeira semana de aulas do semestre.<\/p>\n<p style=\"text-align: justify\">Caber\u00e1 ao(\u00e0) aluno(a), a cada novo semestre letivo, a confer\u00eancia no <a href=\"https:\/\/www.ufsm.br\/calendario\" target=\"_blank\" rel=\"noopener\">Calend\u00e1rio Acad\u00eamico da UFSM<\/a> das datas previstas para a realiza\u00e7\u00e3o das solicita\u00e7\u00f5es de Matr\u00edcula Extracurricular. Usualmente, a UFSM reserva os <strong>dois primeiros dias<\/strong> (segunda e ter\u00e7a-feira) da <strong>segunda semana<\/strong> <strong>de aulas<\/strong> para esse tipo de solicita\u00e7\u00e3o, sendo que solicita\u00e7\u00f5es enviadas <strong>fora do prazo <\/strong>estabelecido em calend\u00e1rio <strong>n\u00e3o ser\u00e3o atendidas<\/strong>.<\/p>\n<p style=\"text-align: justify\">O envio da solicita\u00e7\u00e3o\/requerimento de matr\u00edcula extracurricular \u00e9 de <strong>responsabilidade<\/strong> <strong>do(a) aluno(a)<\/strong>, que dever\u00e1 requerer a disciplina em outro PPG por meio do <strong>endere\u00e7o de<\/strong> <strong>e-mail<\/strong> da Coordena\u00e7\u00e3o do PPG em Administra\u00e7\u00e3o P\u00fablica (vide <strong>exce\u00e7\u00e3o<\/strong> ao final do texto).<\/p>\n<p style=\"text-align: justify\">Anteriormente, o(a) aluno(a) dever\u00e1 buscar todos os dados referentes \u00e0(s) disciplina(s) pretendida(s) no s\u00edtio eletr\u00f4nico do PPG em que a disciplina \u00e9 ofertada e, em seguida, preencher o <a href=\"https:\/\/www.ufsm.br\/cursos\/pos-graduacao\/santa-maria\/ppgapublica\/wp-content\/uploads\/sites\/544\/2019\/08\/REQUERIMENTO_DE_MATR\u00cdUCLA_EXTRACURRICULAR-1.doc\">requerimento de matr\u00edcula extracurricular<\/a>. O requerimento preenchido <strong>dever\u00e1 ser enviado em formato PDF <\/strong>para o endere\u00e7o de e-mail da Coordena\u00e7\u00e3o do PPGAP &#8211; <a href=\"mailto:ppgap@ufsm.br\" target=\"_blank\" rel=\"noopener\">ppgap@ufsm.br<\/a>.<\/p>\n<p style=\"text-align: justify\">A avalia\u00e7\u00e3o das solicita\u00e7\u00f5es dos(as) estudantes e o encaminhamento \u00e0s Coordena\u00e7\u00f5es dos Programas competentes ser\u00e3o realizados no per\u00edodo previsto pelo cronograma do <a href=\"https:\/\/www.ufsm.br\/calendario\" target=\"_blank\" rel=\"noopener\">Calend\u00e1rio Acad\u00eamico da UFSM<\/a>, sendo que estudantes poder\u00e3o consultar o comprovante de matr\u00edcula do <a href=\"https:\/\/portal.ufsm.br\/estudantil\/\" target=\"_blank\" rel=\"noopener\">Portal Estudantil<\/a> para confirmar se obtiveram a vaga pretendida. Recomenda-se a consulta somente ap\u00f3s o t\u00e9rmino do per\u00edodo previsto para distribui\u00e7\u00e3o de vagas.<\/p>\n<p style=\"text-align: justify\"><strong>ATEN\u00c7\u00c3O 1<\/strong>: Para solicitar matr\u00edcula extracurricular na disciplina <strong>APG2504 &#8211; Doc\u00eancia Orientada<\/strong> o(a) aluno(a) dever\u00e1 cumprir as <a href=\"https:\/\/www.ufsm.br\/app\/uploads\/sites\/544\/2020\/11\/CONDICOES-PARA-SOLICITAR-MATRICULA-EXTRACURRICULAR-NA-DISCIPLINA-DE-DOCENCIA-ORIENTADA-APG2504.pdf\" target=\"_blank\" rel=\"noopener\">seguintes condi\u00e7\u00f5es<\/a><a href=\"https:\/\/www.ufsm.br\/app\/uploads\/sites\/544\/2020\/11\/CONDICOES-PARA-SOLICITAR-MATRICULA-EXTRACURRICULAR-NA-DISCIPLINA-DE-DOCENCIA-ORIENTADA-APG2504.pdf\" target=\"_blank\" rel=\"noopener\">.<\/a><\/p>\n<p style=\"text-align: justify\"><strong>ATEN\u00c7\u00c3O 2<\/strong>: Em alguns Centros de Ensino da UFSM as Coordena\u00e7\u00f5es\/Secretarias realizam <strong>somente<\/strong> matr\u00edculas extracurriculares <strong>presenciais <\/strong>, caso em que o(a) estudante dever\u00e1 <strong>imprimir e preencher<\/strong> o <a href=\"https:\/\/www.ufsm.br\/cursos\/pos-graduacao\/santa-maria\/ppgapublica\/wp-content\/uploads\/sites\/544\/2019\/08\/REQUERIMENTO_DE_MATR\u00cdUCLA_EXTRACURRICULAR-1.doc\">requerimento de matr\u00edcula extracurricular<\/a>, solicitar que o(a) Coordenador(a) do PPG em Administra\u00e7\u00e3o P\u00fablica <strong>assine<\/strong> o formul\u00e1rio, e, posteriormente, <strong>entregar<\/strong> a solicita\u00e7\u00e3o na Secretaria do Programa que est\u00e1 ofertando a disciplina pretendida.<\/p>\n","protected":false},"excerpt":{"rendered":"<p>INSTRU\u00c7\u00d5ES PARA SOLICITA\u00c7\u00c3O DE MATR\u00cdCULAS EXTRACURRICULARES Programa de P\u00f3s-Gradua\u00e7\u00e3o em Administra\u00e7\u00e3o P\u00fablica da UFSM As matr\u00edculas extracurriculares na UFSM usualmente ocorrem ap\u00f3s a primeira semana de aula de cada semestre letivo e visam possibilitar que estudantes de p\u00f3s-gradua\u00e7\u00e3o solicitem matr\u00edcula em disciplinas de outros Programas de P\u00f3s-Gradua\u00e7\u00e3o da UFSM, levando em conta oportunidade e conveni\u00eancia. [&hellip;]<\/p>\n","protected":false},"author":586,"featured_media":0,"parent":0,"menu_order":0,"comment_status":"closed","ping_status":"closed","template":"","meta":{"footnotes":""},"categories":[],"tags":[],"class_list":["post-1113","page","type-page","status-publish","hentry"],"acf":[],"_links":{"self":[{"href":"https:\/\/www.ufsm.br\/cursos\/pos-graduacao\/santa-maria\/ppgapublica\/wp-json\/wp\/v2\/pages\/1113","targetHints":{"allow":["GET"]}}],"collection":[{"href":"https:\/\/www.ufsm.br\/cursos\/pos-graduacao\/santa-maria\/ppgapublica\/wp-json\/wp\/v2\/pages"}],"about":[{"href":"https:\/\/www.ufsm.br\/cursos\/pos-graduacao\/santa-maria\/ppgapublica\/wp-json\/wp\/v2\/types\/page"}],"author":[{"embeddable":true,"href":"https:\/\/www.ufsm.br\/cursos\/pos-graduacao\/santa-maria\/ppgapublica\/wp-json\/wp\/v2\/users\/586"}],"replies":[{"embeddable":true,"href":"https:\/\/www.ufsm.br\/cursos\/pos-graduacao\/santa-maria\/ppgapublica\/wp-json\/wp\/v2\/comments?post=1113"}],"version-history":[{"count":0,"href":"https:\/\/www.ufsm.br\/cursos\/pos-graduacao\/santa-maria\/ppgapublica\/wp-json\/wp\/v2\/pages\/1113\/revisions"}],"wp:attachment":[{"href":"https:\/\/www.ufsm.br\/cursos\/pos-graduacao\/santa-maria\/ppgapublica\/wp-json\/wp\/v2\/media?parent=1113"}],"wp:term":[{"taxonomy":"category","embeddable":true,"href":"https:\/\/www.ufsm.br\/cursos\/pos-graduacao\/santa-maria\/ppgapublica\/wp-json\/wp\/v2\/categories?post=1113"},{"taxonomy":"post_tag","embeddable":true,"href":"https:\/\/www.ufsm.br\/cursos\/pos-graduacao\/santa-maria\/ppgapublica\/wp-json\/wp\/v2\/tags?post=1113"}],"curies":[{"name":"wp","href":"https:\/\/api.w.org\/{rel}","templated":true}]}}