{"id":1130,"date":"2023-04-13T12:19:01","date_gmt":"2023-04-13T15:19:01","guid":{"rendered":"https:\/\/www.ufsm.br\/cursos\/pos-graduacao\/santa-maria\/ppgapublica\/?page_id=1130"},"modified":"2023-04-18T15:00:40","modified_gmt":"2023-04-18T18:00:40","slug":"prorrogacao-de-prazos-de-defesa","status":"publish","type":"page","link":"https:\/\/www.ufsm.br\/cursos\/pos-graduacao\/santa-maria\/ppgapublica\/prorrogacao-de-prazos-de-defesa","title":{"rendered":"Prorroga\u00e7\u00e3o da Qualifica\u00e7\u00e3o"},"content":{"rendered":"\t\t<div data-elementor-type=\"wp-page\" data-elementor-id=\"1130\" class=\"elementor elementor-1130\">\n\t\t\t\t\t\t<section class=\"elementor-section elementor-top-section elementor-element elementor-element-7feff59c elementor-section-boxed elementor-section-height-default elementor-section-height-default\" data-id=\"7feff59c\" data-element_type=\"section\">\n\t\t\t\t\t\t<div class=\"elementor-container elementor-column-gap-default\">\n\t\t\t\t\t<div class=\"elementor-column elementor-col-100 elementor-top-column elementor-element elementor-element-56075b5\" data-id=\"56075b5\" data-element_type=\"column\">\n\t\t\t<div class=\"elementor-widget-wrap elementor-element-populated\">\n\t\t\t\t\t\t<div class=\"elementor-element elementor-element-3481f81d elementor-widget elementor-widget-text-editor\" data-id=\"3481f81d\" data-element_type=\"widget\" data-widget_type=\"text-editor.default\">\n\t\t\t\t<div class=\"elementor-widget-container\">\n\t\t\t\t\t\t\t<!-- wp:tadv\/classic-paragraph \/--><!-- wp:tadv\/classic-paragraph -->\n<p>\u00a0<\/p>\n<p style=\"text-align: center\"><strong>INSTRU\u00c7\u00d5ES SOBRE PRORROGA\u00c7\u00c3O DO PRAZO DE DEFESA DA QUALIFICA\u00c7\u00c3O<br \/><\/strong><\/p>\n<p style=\"text-align: center\"><strong>Programa de P\u00f3s-Gradua\u00e7\u00e3o em Administra\u00e7\u00e3o P\u00fablica da UFSM<\/strong><\/p>\n<p>\u00a0<\/p>\n<p style=\"text-align: justify\">Todo(a) aluno(a) regular poder\u00e1 solicitar, em car\u00e1ter excepcional, um pedido de prorroga\u00e7\u00e3o do prazo de defesa de qualifica\u00e7\u00e3o. A concess\u00e3o da prorroga\u00e7\u00e3o de prazo para a defesa <strong>sempre ficar\u00e1 a crit\u00e9rio do Colegiado<\/strong> do PPG em Administra\u00e7\u00e3o P\u00fablica, que far\u00e1 a an\u00e1lise do pedido do(a) discente em reuni\u00e3o colegiada.<\/p>\n<p style=\"text-align: justify\">Existem <strong>dois tipos<\/strong> de solicita\u00e7\u00e3o de prorroga\u00e7\u00e3o de prazo de defesa, a saber: a) prorroga\u00e7\u00e3o do prazo de defesa de Qualifica\u00e7\u00e3o (do projeto); e, b) prorroga\u00e7\u00e3o do prazo de defesa final de Disserta\u00e7\u00e3o. <strong>Os procedimentos de solicita\u00e7\u00e3o de cada tipo de prorroga\u00e7\u00e3o s\u00e3o diversos<\/strong>, sendo o tr\u00e2mite da prorroga\u00e7\u00e3o do prazo de defesa de qualifica\u00e7\u00e3o explicado abaixo:<\/p>\n<p style=\"text-align: justify\"><strong>\u21d2 Prorroga\u00e7\u00e3o do Prazo de Defesa da Qualifica\u00e7\u00e3o:<\/strong><\/p>\n<p style=\"text-align: justify\">Para solicitar a prorroga\u00e7\u00e3o da qualifica\u00e7\u00e3o de disserta\u00e7\u00e3o, se faz necess\u00e1rio <strong>enviar e-mail<\/strong> para:<\/p>\n<ol>\n<li style=\"text-align: justify\">A Secretaria Integrada de Cursos de P\u00f3s-Gradua\u00e7\u00e3o \u2013 SIPOS, pelo endere\u00e7o eletr\u00f4nico <a class=\"notranslate\" href=\"mailto:sipos.ccsh@ufsm.br\">sipos.ccsh@ufsm.br<\/a>, <strong>e<\/strong><\/li>\n<li style=\"text-align: justify\">A Coordena\u00e7\u00e3o do PPGAP, pelo endere\u00e7o eletr\u00f4nico <a href=\"mailto:ppgap@ufsm.br\">ppgap@ufsm.br<\/a>, <strong>anexando todos os documentos relacionados abaixo.<\/strong><\/li>\n<\/ol>\n<p style=\"text-align: justify;padding-left: 40px\"><strong>Documenta\u00e7\u00e3o<\/strong> a ser anexada ao e-mail:<\/p>\n<ol>\n<li style=\"list-style-type: none\">\n<ol>\n<li style=\"text-align: justify\"><a href=\"https:\/\/www.ufsm.br\/app\/uploads\/sites\/544\/2023\/03\/Requerimento_Prorrogacao_Prazo_Qualificacao_StrictoSensu.docx\">Requerimento de Prorroga\u00e7\u00e3o do Prazo de Defesa de Qualifica\u00e7\u00e3o<\/a> (<strong>assinado pelo estudante e pelo orientador<\/strong>);<\/li>\n<li style=\"text-align: justify\">Hist\u00f3rico escolar simplificado (dispon\u00edvel no menu Relat\u00f3rios do <a href=\"https:\/\/portal.ufsm.br\/aluno\/\">Portal do Aluno<\/a>); e,<\/li>\n<li style=\"text-align: justify\">O arquivo <strong>em PDF<\/strong> da disserta\u00e7\u00e3o\/tese em andamento.<\/li>\n<\/ol>\n<\/li>\n<\/ol>\n<p>\u00a0<\/p>\n<p style=\"text-align: justify\">\u21d2 Para d\u00favidas relacionadas \u00e0 <strong>prorroga\u00e7\u00e3o do<\/strong> <strong>prazo de defesa final de disserta\u00e7\u00e3o<\/strong> do Mestrado, clique <a href=\"https:\/\/www.ufsm.br\/cursos\/pos-graduacao\/santa-maria\/ppgapublica\/prorrogacao-da-defesa-de-dissertacao\" target=\"_blank\" rel=\"noopener\">aqui<\/a>.<\/p>\n<!-- \/wp:tadv\/classic-paragraph -->\t\t\t\t\t\t<\/div>\n\t\t\t\t<\/div>\n\t\t\t\t\t<\/div>\n\t\t<\/div>\n\t\t\t\t\t<\/div>\n\t\t<\/section>\n\t\t\t\t<\/div>\n\t\t","protected":false},"excerpt":{"rendered":"<p>\u00a0 INSTRU\u00c7\u00d5ES SOBRE PRORROGA\u00c7\u00c3O DO PRAZO DE DEFESA DA QUALIFICA\u00c7\u00c3O Programa de P\u00f3s-Gradua\u00e7\u00e3o em Administra\u00e7\u00e3o P\u00fablica da UFSM \u00a0 Todo(a) aluno(a) regular poder\u00e1 solicitar, em car\u00e1ter excepcional, um pedido de prorroga\u00e7\u00e3o do prazo de defesa de qualifica\u00e7\u00e3o. A concess\u00e3o da prorroga\u00e7\u00e3o de prazo para a defesa sempre ficar\u00e1 a crit\u00e9rio do Colegiado do PPG em [&hellip;]<\/p>\n","protected":false},"author":586,"featured_media":0,"parent":0,"menu_order":0,"comment_status":"closed","ping_status":"closed","template":"","meta":{"footnotes":""},"categories":[42],"tags":[],"class_list":["post-1130","page","type-page","status-publish","hentry","category-defesa"],"acf":[],"_links":{"self":[{"href":"https:\/\/www.ufsm.br\/cursos\/pos-graduacao\/santa-maria\/ppgapublica\/wp-json\/wp\/v2\/pages\/1130","targetHints":{"allow":["GET"]}}],"collection":[{"href":"https:\/\/www.ufsm.br\/cursos\/pos-graduacao\/santa-maria\/ppgapublica\/wp-json\/wp\/v2\/pages"}],"about":[{"href":"https:\/\/www.ufsm.br\/cursos\/pos-graduacao\/santa-maria\/ppgapublica\/wp-json\/wp\/v2\/types\/page"}],"author":[{"embeddable":true,"href":"https:\/\/www.ufsm.br\/cursos\/pos-graduacao\/santa-maria\/ppgapublica\/wp-json\/wp\/v2\/users\/586"}],"replies":[{"embeddable":true,"href":"https:\/\/www.ufsm.br\/cursos\/pos-graduacao\/santa-maria\/ppgapublica\/wp-json\/wp\/v2\/comments?post=1130"}],"version-history":[{"count":0,"href":"https:\/\/www.ufsm.br\/cursos\/pos-graduacao\/santa-maria\/ppgapublica\/wp-json\/wp\/v2\/pages\/1130\/revisions"}],"wp:attachment":[{"href":"https:\/\/www.ufsm.br\/cursos\/pos-graduacao\/santa-maria\/ppgapublica\/wp-json\/wp\/v2\/media?parent=1130"}],"wp:term":[{"taxonomy":"category","embeddable":true,"href":"https:\/\/www.ufsm.br\/cursos\/pos-graduacao\/santa-maria\/ppgapublica\/wp-json\/wp\/v2\/categories?post=1130"},{"taxonomy":"post_tag","embeddable":true,"href":"https:\/\/www.ufsm.br\/cursos\/pos-graduacao\/santa-maria\/ppgapublica\/wp-json\/wp\/v2\/tags?post=1130"}],"curies":[{"name":"wp","href":"https:\/\/api.w.org\/{rel}","templated":true}]}}