{"id":1137,"date":"2023-04-18T11:00:18","date_gmt":"2023-04-18T14:00:18","guid":{"rendered":"https:\/\/www.ufsm.br\/cursos\/pos-graduacao\/santa-maria\/ppgapublica\/?page_id=1137"},"modified":"2023-04-18T11:55:41","modified_gmt":"2023-04-18T14:55:41","slug":"defesa-da-dissertacao","status":"publish","type":"page","link":"https:\/\/www.ufsm.br\/cursos\/pos-graduacao\/santa-maria\/ppgapublica\/defesa-da-dissertacao","title":{"rendered":"Defesa da Disserta\u00e7\u00e3o"},"content":{"rendered":"\t\t<div data-elementor-type=\"wp-page\" data-elementor-id=\"1137\" class=\"elementor elementor-1137\">\n\t\t\t\t\t\t<section class=\"elementor-section elementor-top-section elementor-element elementor-element-47f90153 elementor-section-boxed elementor-section-height-default elementor-section-height-default\" data-id=\"47f90153\" data-element_type=\"section\">\n\t\t\t\t\t\t<div class=\"elementor-container elementor-column-gap-default\">\n\t\t\t\t\t<div class=\"elementor-column elementor-col-100 elementor-top-column elementor-element elementor-element-545b90c1\" data-id=\"545b90c1\" data-element_type=\"column\">\n\t\t\t<div class=\"elementor-widget-wrap elementor-element-populated\">\n\t\t\t\t\t\t<div class=\"elementor-element elementor-element-428a5d3f elementor-widget elementor-widget-text-editor\" data-id=\"428a5d3f\" data-element_type=\"widget\" data-widget_type=\"text-editor.default\">\n\t\t\t\t<div class=\"elementor-widget-container\">\n\t\t\t\t\t\t\t<!-- wp:paragraph -->\n<p>\u00a0<\/p>\n<p style=\"text-align: center\"><strong>INSTRU\u00c7\u00d5ES PARA DEFESA FINAL DE DISSERTA\u00c7\u00c3O<\/strong><\/p>\n<!-- \/wp:paragraph --><!-- wp:paragraph -->\n<p style=\"text-align: center\"><strong>Programa de P\u00f3s-Gradua\u00e7\u00e3o em Administra\u00e7\u00e3o P\u00fablica da UFSM<\/strong><\/p>\n<!-- \/wp:paragraph --><!-- wp:paragraph \/--><!-- wp:paragraph -->\n<p>\u00a0<\/p>\n<!-- \/wp:paragraph --><!-- wp:paragraph -->\n<p style=\"text-align: justify\">Para solicitar a Defesa da Disserta\u00e7\u00e3o o(a) aluno(a) dever\u00e1 acessar o <a href=\"http:\/\/portal.ufsm.br\/aluno\/\" target=\"_blank\" rel=\"noreferrer noopener\">Portal do Aluno<\/a>, e clicar no \u00edcone \u201cPlano de Estudos\u201d. Para acessar o Tutorial de Solicita\u00e7\u00e3o de Defesa de MDT,\u00a0<a href=\"https:\/\/www.ufsm.br\/cursos\/pos-graduacao\/santa-maria\/ppga\/wp-content\/uploads\/sites\/512\/2019\/01\/Tutorial-Defesa-MDT-2013-1.pdf\" target=\"_blank\" rel=\"noreferrer noopener\">clique aqui<\/a>.<\/p>\n<!-- \/wp:paragraph --><!-- wp:paragraph -->\n<p style=\"text-align: justify\">Ademais, dever\u00e1 enviar via e-mail (<a href=\"mailto:sipos.ccsh@ufsm.br\">sipos.ccsh@ufsm.br<\/a>) \u00e0 Secretaria Integrada dos Cursos de P\u00f3s-Gradua\u00e7\u00e3o &#8211; SIPOS, <strong>com pelo menos <span style=\"text-decoration: underline\">25 dias de anteced\u00eancia<\/span> da data prevista para a defesa<\/strong>, os seguintes documentos:<\/p>\n<!-- \/wp:paragraph --><!-- wp:list -->\n<ul><!-- wp:list-item -->\n<li><strong><a href=\"https:\/\/www.ufsm.br\/app\/uploads\/sites\/544\/2023\/01\/Formulario-Banca-de-Defesa-ultima-versao.docx\">Formul\u00e1rio Banca de Defesa<\/a><a href=\"https:\/\/www.ufsm.br\/app\/uploads\/sites\/544\/2021\/12\/Formulario_sugestao_banca_dissertacao-PPGAP_atualizado-09.12.2021.doc\" target=\"_blank\" rel=\"noreferrer noopener\">;<\/a><\/strong><\/li>\n<!-- \/wp:list-item --><!-- wp:list-item -->\n<li><strong>Hist\u00f3rico Escolar (dispon\u00edvel no menu Relat\u00f3rios do <a href=\"https:\/\/portal.ufsm.br\/aluno\/index.html\" target=\"_blank\" rel=\"noreferrer noopener\">Portal do Aluno<\/a>);<\/strong><\/li>\n<!-- \/wp:list-item --><!-- wp:list-item -->\n<li><strong>Plano de Estudos (dispon\u00edvel no menu P\u00f3s-Gradua\u00e7\u00e3o do <a href=\"https:\/\/portal.ufsm.br\/aluno\/index.html\" target=\"_blank\" rel=\"noreferrer noopener\">Portal do Aluno<\/a>)<\/strong><\/li>\n<!-- \/wp:list-item --><\/ul>\n<!-- \/wp:list --><!-- wp:paragraph -->\n<p style=\"text-align: justify\"><strong>ATEN\u00c7\u00c3O 1:<\/strong> A Comiss\u00e3o Examinadora dever\u00e1 ser composta de tr\u00eas (3) docentes doutores como membros efetivos e um (1) suplente, sendo, no m\u00ednimo, um dos membros efetivos externo \u00e0 UFSM.<\/p>\n<!-- \/wp:paragraph --><!-- wp:paragraph -->\n<p style=\"text-align: justify\"><strong>ATEN\u00c7\u00c3O 2:<\/strong> Para orienta\u00e7\u00f5es sobre prorroga\u00e7\u00e3o dos prazos de defesa &#8211; qualifica\u00e7\u00e3o ou defesa final de disserta\u00e7\u00e3o &#8211; favor acessar a se\u00e7\u00e3o &#8220;<a href=\"https:\/\/www.ufsm.br\/cursos\/pos-graduacao\/santa-maria\/ppgapublica\/prorrogacao-de-prazos-de-defesa\" target=\"_blank\" rel=\"noreferrer noopener\">Prorroga\u00e7\u00e3o de Prazos de Defesa<\/a>&#8221; deste s\u00edtio eletr\u00f4nico.<\/p>\n<!-- \/wp:paragraph -->\t\t\t\t\t\t<\/div>\n\t\t\t\t<\/div>\n\t\t\t\t\t<\/div>\n\t\t<\/div>\n\t\t\t\t\t<\/div>\n\t\t<\/section>\n\t\t\t\t<\/div>\n\t\t","protected":false},"excerpt":{"rendered":"<p>\u00a0 INSTRU\u00c7\u00d5ES PARA DEFESA FINAL DE DISSERTA\u00c7\u00c3O Programa de P\u00f3s-Gradua\u00e7\u00e3o em Administra\u00e7\u00e3o P\u00fablica da UFSM \u00a0 Para solicitar a Defesa da Disserta\u00e7\u00e3o o(a) aluno(a) dever\u00e1 acessar o Portal do Aluno, e clicar no \u00edcone \u201cPlano de Estudos\u201d. Para acessar o Tutorial de Solicita\u00e7\u00e3o de Defesa de MDT,\u00a0clique aqui. Ademais, dever\u00e1 enviar via e-mail (sipos.ccsh@ufsm.br) \u00e0 [&hellip;]<\/p>\n","protected":false},"author":586,"featured_media":0,"parent":0,"menu_order":0,"comment_status":"closed","ping_status":"closed","template":"","meta":{"footnotes":""},"categories":[],"tags":[],"class_list":["post-1137","page","type-page","status-publish","hentry"],"acf":[],"_links":{"self":[{"href":"https:\/\/www.ufsm.br\/cursos\/pos-graduacao\/santa-maria\/ppgapublica\/wp-json\/wp\/v2\/pages\/1137","targetHints":{"allow":["GET"]}}],"collection":[{"href":"https:\/\/www.ufsm.br\/cursos\/pos-graduacao\/santa-maria\/ppgapublica\/wp-json\/wp\/v2\/pages"}],"about":[{"href":"https:\/\/www.ufsm.br\/cursos\/pos-graduacao\/santa-maria\/ppgapublica\/wp-json\/wp\/v2\/types\/page"}],"author":[{"embeddable":true,"href":"https:\/\/www.ufsm.br\/cursos\/pos-graduacao\/santa-maria\/ppgapublica\/wp-json\/wp\/v2\/users\/586"}],"replies":[{"embeddable":true,"href":"https:\/\/www.ufsm.br\/cursos\/pos-graduacao\/santa-maria\/ppgapublica\/wp-json\/wp\/v2\/comments?post=1137"}],"version-history":[{"count":0,"href":"https:\/\/www.ufsm.br\/cursos\/pos-graduacao\/santa-maria\/ppgapublica\/wp-json\/wp\/v2\/pages\/1137\/revisions"}],"wp:attachment":[{"href":"https:\/\/www.ufsm.br\/cursos\/pos-graduacao\/santa-maria\/ppgapublica\/wp-json\/wp\/v2\/media?parent=1137"}],"wp:term":[{"taxonomy":"category","embeddable":true,"href":"https:\/\/www.ufsm.br\/cursos\/pos-graduacao\/santa-maria\/ppgapublica\/wp-json\/wp\/v2\/categories?post=1137"},{"taxonomy":"post_tag","embeddable":true,"href":"https:\/\/www.ufsm.br\/cursos\/pos-graduacao\/santa-maria\/ppgapublica\/wp-json\/wp\/v2\/tags?post=1137"}],"curies":[{"name":"wp","href":"https:\/\/api.w.org\/{rel}","templated":true}]}}