{"id":1139,"date":"2023-04-18T14:31:09","date_gmt":"2023-04-18T17:31:09","guid":{"rendered":"https:\/\/www.ufsm.br\/cursos\/pos-graduacao\/santa-maria\/ppgapublica\/?page_id=1139"},"modified":"2023-04-18T14:59:59","modified_gmt":"2023-04-18T17:59:59","slug":"prorrogacao-da-defesa-de-dissertacao","status":"publish","type":"page","link":"https:\/\/www.ufsm.br\/cursos\/pos-graduacao\/santa-maria\/ppgapublica\/prorrogacao-da-defesa-de-dissertacao","title":{"rendered":"Prorroga\u00e7\u00e3o da Defesa de Disserta\u00e7\u00e3o"},"content":{"rendered":"\t\t<div data-elementor-type=\"wp-page\" data-elementor-id=\"1139\" class=\"elementor elementor-1139\">\n\t\t\t\t\t\t<section class=\"elementor-section elementor-top-section elementor-element elementor-element-0064d47 elementor-section-boxed elementor-section-height-default elementor-section-height-default\" data-id=\"0064d47\" data-element_type=\"section\">\n\t\t\t\t\t\t<div class=\"elementor-container elementor-column-gap-default\">\n\t\t\t\t\t<div class=\"elementor-column elementor-col-100 elementor-top-column elementor-element elementor-element-beda760\" data-id=\"beda760\" data-element_type=\"column\">\n\t\t\t<div class=\"elementor-widget-wrap elementor-element-populated\">\n\t\t\t\t\t\t<div class=\"elementor-element elementor-element-489ff4d elementor-widget elementor-widget-text-editor\" data-id=\"489ff4d\" data-element_type=\"widget\" data-widget_type=\"text-editor.default\">\n\t\t\t\t<div class=\"elementor-widget-container\">\n\t\t\t\t\t\t\t<p>\u00a0<\/p><p style=\"text-align: center\"><strong>INSTRU\u00c7\u00d5ES SOBRE PRORROGA\u00c7\u00c3O DO PRAZO DA DEFESA FINAL DE DISSERTA\u00c7\u00c3O<br \/><\/strong><\/p><p style=\"text-align: center\"><strong>Programa de P\u00f3s-Gradua\u00e7\u00e3o em Administra\u00e7\u00e3o P\u00fablica da UFSM<\/strong><\/p><p>\u00a0<\/p><p style=\"text-align: justify\">Todo(a) aluno(a) regular poder\u00e1 solicitar, em car\u00e1ter excepcional, um pedido de prorroga\u00e7\u00e3o do prazo de defesa final da disserta\u00e7\u00e3o de Mestrado. A concess\u00e3o da prorroga\u00e7\u00e3o de prazo para a defesa <strong>sempre ficar\u00e1 a crit\u00e9rio do Colegiado<\/strong> do PPG em Administra\u00e7\u00e3o P\u00fablica, que far\u00e1 a an\u00e1lise do pedido do(a) discente em reuni\u00e3o colegiada.<\/p><p style=\"text-align: justify\">Existem <strong>dois tipos<\/strong> de solicita\u00e7\u00e3o de prorroga\u00e7\u00e3o de prazo de defesa, a saber: a) prorroga\u00e7\u00e3o do prazo de defesa de Qualifica\u00e7\u00e3o (do projeto); e, b) prorroga\u00e7\u00e3o do prazo da defesa final da Disserta\u00e7\u00e3o. <strong>Os procedimentos de solicita\u00e7\u00e3o de cada tipo de prorroga\u00e7\u00e3o s\u00e3o diversos<\/strong>, sendo o tr\u00e2mite da prorroga\u00e7\u00e3o do prazo de defesa final da disserta\u00e7\u00e3o explicado abaixo:<\/p><p><strong>\u21d2 Prorroga\u00e7\u00e3o do Prazo da Defesa Final da Disserta\u00e7\u00e3o:<\/strong><\/p><p style=\"text-align: justify\">Para solicitar a prorroga\u00e7\u00e3o do prazo da defesa final da disserta\u00e7\u00e3o, se faz necess\u00e1rio <strong>abrir um processo eletr\u00f4nico<\/strong> pelo PEN-SIE, da seguinte maneira:<\/p><ol><li style=\"list-style-type: none\"><ol><li style=\"text-align: justify\">Acessar o <a href=\"https:\/\/portal.ufsm.br\/documentos\/mainMenu.html\">Portal de Documentos<\/a> (acessar com sua matr\u00edcula e senha);<\/li><li style=\"text-align: justify\">Clicar em \u201c<strong>Novo\u201d <\/strong>(canto superior esquerdo da p\u00e1gina);<\/li><li style=\"text-align: justify\">Clicar em <strong>\u201cProcesso\u201d<\/strong>;<\/li><li style=\"text-align: justify\">Em \u201c<strong>Tipo Documental\u201d<\/strong>, digitar: \u201c<em>Processo de prorroga\u00e7\u00e3o de prazo para defesa\u201d<\/em>;<\/li><li style=\"text-align: justify\">No campo \u201c<strong>Descri\u00e7\u00e3o\u201d<\/strong>, digitar: <em>\u201cSolicito prorroga\u00e7\u00e3o do prazo de defesa de disserta\u00e7\u00e3o ao PPG em Administra\u00e7\u00e3o P\u00fablica<\/em>\u201c;<\/li><li style=\"text-align: justify\">Clicar em <strong>\u201cSalvar\u201d<\/strong>;<\/li><li style=\"text-align: justify\"><strong>Inserir a documenta\u00e7\u00e3o listada abaixo;<\/strong><\/li><li style=\"text-align: justify\"><strong>Tramitar<\/strong> o processo para o(a) docente orientadora(a), que dever\u00e1 assinar digitalmente o <strong>requerimento<\/strong> e o <strong>plano de trabalho <\/strong>(dispon\u00edveis abaixo);<\/li><li style=\"text-align: justify\">Uma vez digitalmente assinados os dois documentos mencionados no item \u201c8.\u201d, o(a) orientador(a) precisa <strong>tramitar<\/strong> o processo para a unidade \u201c<strong>Curso-Programa PG em Administra\u00e7\u00e3o P\u00fablica<\/strong>\u201c.<\/li><\/ol><\/li><\/ol><p style=\"padding-left: 40px\"><strong>ATEN\u00c7\u00c3O:<\/strong> Documenta\u00e7\u00e3o necess\u00e1ria <strong>a ser inserida<\/strong> no processo eletr\u00f4nico (cfe. \u201citem 7.\u201d, acima):<\/p><ol><li style=\"list-style-type: none\"><ol><li style=\"list-style-type: none\"><ol><li style=\"text-align: justify\"><a href=\"https:\/\/www.ufsm.br\/app\/uploads\/sites\/544\/2023\/03\/Requerimento_Prorrogacao_Prazo_Defesa_StrictoSensu-Novo-PRPGP.docx\">Requerimento de Prorroga\u00e7\u00e3o do Prazo de Defesa de Disserta\u00e7\u00e3o<\/a>, <strong>em formato PDF<\/strong> e assinado eletronicamente no PEN\/SIE pelo <strong>estudante<\/strong> e pelo <strong>orientador<\/strong>;<\/li><li style=\"text-align: justify\"><a href=\"https:\/\/www.ufsm.br\/app\/uploads\/sites\/544\/2023\/03\/Plano-de-Trabalho-Prorrogacao-de-prazo-de-defesa.docx\">Plano de Trabalho<\/a>, <strong>em formato PDF<\/strong> e assinado eletronicamente no PEN\/SIE pelo <strong>estudante<\/strong> e pelo <strong>orientador<\/strong>;<\/li><li style=\"text-align: justify\">Hist\u00f3rico Escolar Simplificado, <strong>em formato PDF<\/strong>, dispon\u00edvel no menu \u201cRelat\u00f3rios\u201d do <a href=\"https:\/\/portal.ufsm.br\/aluno\/index.html\">Portal do Aluno<\/a>;<\/li><li style=\"text-align: justify\">O arquivo da disserta\u00e7\u00e3o em andamento, <strong>em formato PDF<\/strong>; e,<\/li><li style=\"text-align: justify\">Caso existam, <strong>outros documentos<\/strong> que comprovem a solicita\u00e7\u00e3o do(a) discente \u2013 atestados m\u00e9dicos, certid\u00f5es, etc. \u2013<strong> em formato PDF<\/strong>.<\/li><\/ol><\/li><\/ol><\/li><\/ol><p style=\"text-align: justify\">Ap\u00f3s o processo eletr\u00f4nico chegar na Coordena\u00e7\u00e3o do Programa (\u201citem 9.\u201d, acima), a solicita\u00e7\u00e3o do(a) aluno(a) ser\u00e1 analisada pelo Colegiado do PPG em Administra\u00e7\u00e3o P\u00fablica, e, uma vez aprovado o pedido, o processo ser\u00e1 tramitado para a Pr\u00f3-Reitoria de P\u00f3s-Gradua\u00e7\u00e3o e Pesquisa &#8211; PRPGP, que far\u00e1 a anota\u00e7\u00e3o da prorroga\u00e7\u00e3o no hist\u00f3rico escolar do(a) discente.<\/p><p>\u00a0<\/p><p>\u21d2 Para d\u00favidas relacionadas \u00e0 <strong>prorroga\u00e7\u00e3o do prazo de<\/strong> <strong>qualifica\u00e7\u00e3o do projeto de disserta\u00e7\u00e3o<\/strong>, clique <a href=\"https:\/\/www.ufsm.br\/cursos\/pos-graduacao\/santa-maria\/ppgapublica\/prorrogacao-de-prazos-de-defesa\" target=\"_blank\" rel=\"noopener\">aqui<\/a>.<\/p>\t\t\t\t\t\t<\/div>\n\t\t\t\t<\/div>\n\t\t\t\t\t<\/div>\n\t\t<\/div>\n\t\t\t\t\t<\/div>\n\t\t<\/section>\n\t\t\t\t<\/div>\n\t\t","protected":false},"excerpt":{"rendered":"<p>\u00a0 INSTRU\u00c7\u00d5ES SOBRE PRORROGA\u00c7\u00c3O DO PRAZO DA DEFESA FINAL DE DISSERTA\u00c7\u00c3O Programa de P\u00f3s-Gradua\u00e7\u00e3o em Administra\u00e7\u00e3o P\u00fablica da UFSM \u00a0 Todo(a) aluno(a) regular poder\u00e1 solicitar, em car\u00e1ter excepcional, um pedido de prorroga\u00e7\u00e3o do prazo de defesa final da disserta\u00e7\u00e3o de Mestrado. A concess\u00e3o da prorroga\u00e7\u00e3o de prazo para a defesa sempre ficar\u00e1 a crit\u00e9rio do [&hellip;]<\/p>\n","protected":false},"author":586,"featured_media":0,"parent":0,"menu_order":0,"comment_status":"closed","ping_status":"closed","template":"","meta":{"footnotes":""},"categories":[],"tags":[],"class_list":["post-1139","page","type-page","status-publish","hentry"],"acf":[],"_links":{"self":[{"href":"https:\/\/www.ufsm.br\/cursos\/pos-graduacao\/santa-maria\/ppgapublica\/wp-json\/wp\/v2\/pages\/1139","targetHints":{"allow":["GET"]}}],"collection":[{"href":"https:\/\/www.ufsm.br\/cursos\/pos-graduacao\/santa-maria\/ppgapublica\/wp-json\/wp\/v2\/pages"}],"about":[{"href":"https:\/\/www.ufsm.br\/cursos\/pos-graduacao\/santa-maria\/ppgapublica\/wp-json\/wp\/v2\/types\/page"}],"author":[{"embeddable":true,"href":"https:\/\/www.ufsm.br\/cursos\/pos-graduacao\/santa-maria\/ppgapublica\/wp-json\/wp\/v2\/users\/586"}],"replies":[{"embeddable":true,"href":"https:\/\/www.ufsm.br\/cursos\/pos-graduacao\/santa-maria\/ppgapublica\/wp-json\/wp\/v2\/comments?post=1139"}],"version-history":[{"count":0,"href":"https:\/\/www.ufsm.br\/cursos\/pos-graduacao\/santa-maria\/ppgapublica\/wp-json\/wp\/v2\/pages\/1139\/revisions"}],"wp:attachment":[{"href":"https:\/\/www.ufsm.br\/cursos\/pos-graduacao\/santa-maria\/ppgapublica\/wp-json\/wp\/v2\/media?parent=1139"}],"wp:term":[{"taxonomy":"category","embeddable":true,"href":"https:\/\/www.ufsm.br\/cursos\/pos-graduacao\/santa-maria\/ppgapublica\/wp-json\/wp\/v2\/categories?post=1139"},{"taxonomy":"post_tag","embeddable":true,"href":"https:\/\/www.ufsm.br\/cursos\/pos-graduacao\/santa-maria\/ppgapublica\/wp-json\/wp\/v2\/tags?post=1139"}],"curies":[{"name":"wp","href":"https:\/\/api.w.org\/{rel}","templated":true}]}}