{"id":1182,"date":"2023-06-15T15:47:50","date_gmt":"2023-06-15T18:47:50","guid":{"rendered":"https:\/\/www.ufsm.br\/cursos\/pos-graduacao\/santa-maria\/ppgapublica\/?page_id=1182"},"modified":"2023-06-27T13:59:42","modified_gmt":"2023-06-27T16:59:42","slug":"curso-especializacao-em-administracao-e-gestao-publica-ead","status":"publish","type":"page","link":"https:\/\/www.ufsm.br\/cursos\/pos-graduacao\/santa-maria\/ppgapublica\/curso-especializacao-em-administracao-e-gestao-publica-ead","title":{"rendered":"Curso Especializa\u00e7\u00e3o em Ci\u00eancias de Dados na Gest\u00e3o P\u00fablica &#8211; EAD"},"content":{"rendered":"\n<p><\/p>\n\n\n<p><img fetchpriority=\"high\" decoding=\"async\" class=\"aligncenter wp-image-1189 \" src=\"https:\/\/www.ufsm.br\/app\/uploads\/sites\/544\/2023\/06\/PPGAP-3.jpg\" alt=\"\" width=\"1419\" height=\"374\" srcset=\"https:\/\/www.ufsm.br\/app\/uploads\/sites\/544\/2023\/06\/PPGAP-3.jpg 1024w, https:\/\/www.ufsm.br\/app\/uploads\/sites\/544\/2023\/06\/PPGAP-3-300x79.jpg 300w, https:\/\/www.ufsm.br\/app\/uploads\/sites\/544\/2023\/06\/PPGAP-3-768x203.jpg 768w\" sizes=\"(max-width: 1419px) 100vw, 1419px\" \/><\/p>\n<p><strong>\u00a0 \u00a0 \u00a0Coordenadora:<\/strong><br \/>\u00a0 \u00a0 \u00a0Prof \u00aa Dr \u00aa V\u00e2nia Medianeira Flores Costa<\/p>\n<p><strong>\u00a0 \u00a0 \u00a0PROJETO PEDAG\u00d3GICO DE CURSO (PPC)<\/strong> &#8211; <strong><a href=\"https:\/\/www.ufsm.br\/app\/uploads\/sites\/544\/2023\/06\/PPC-UAB-CienciaDeDados-ABRIL-2023-14.06.pdf\">PPC-UAB-Ci\u00eanciaDeDados ABRIL 2023 14.06<\/a><\/strong><\/p>\n<p><strong>D\u00favidas:<br \/>Contato:\u00a0<br \/>E- mail: vania.costa@ufsm.br<br \/><\/strong><\/p>","protected":false},"excerpt":{"rendered":"<p>\u00a0 \u00a0 \u00a0Coordenadora:\u00a0 \u00a0 \u00a0Prof \u00aa Dr \u00aa V\u00e2nia Medianeira Flores Costa \u00a0 \u00a0 \u00a0PROJETO PEDAG\u00d3GICO DE CURSO (PPC) &#8211; PPC-UAB-Ci\u00eanciaDeDados ABRIL 2023 14.06 D\u00favidas:Contato:\u00a0E- mail: vania.costa@ufsm.br<\/p>\n","protected":false},"author":905,"featured_media":0,"parent":0,"menu_order":0,"comment_status":"closed","ping_status":"closed","template":"","meta":{"footnotes":""},"categories":[],"tags":[],"class_list":["post-1182","page","type-page","status-publish","hentry"],"acf":[],"_links":{"self":[{"href":"https:\/\/www.ufsm.br\/cursos\/pos-graduacao\/santa-maria\/ppgapublica\/wp-json\/wp\/v2\/pages\/1182","targetHints":{"allow":["GET"]}}],"collection":[{"href":"https:\/\/www.ufsm.br\/cursos\/pos-graduacao\/santa-maria\/ppgapublica\/wp-json\/wp\/v2\/pages"}],"about":[{"href":"https:\/\/www.ufsm.br\/cursos\/pos-graduacao\/santa-maria\/ppgapublica\/wp-json\/wp\/v2\/types\/page"}],"author":[{"embeddable":true,"href":"https:\/\/www.ufsm.br\/cursos\/pos-graduacao\/santa-maria\/ppgapublica\/wp-json\/wp\/v2\/users\/905"}],"replies":[{"embeddable":true,"href":"https:\/\/www.ufsm.br\/cursos\/pos-graduacao\/santa-maria\/ppgapublica\/wp-json\/wp\/v2\/comments?post=1182"}],"version-history":[{"count":0,"href":"https:\/\/www.ufsm.br\/cursos\/pos-graduacao\/santa-maria\/ppgapublica\/wp-json\/wp\/v2\/pages\/1182\/revisions"}],"wp:attachment":[{"href":"https:\/\/www.ufsm.br\/cursos\/pos-graduacao\/santa-maria\/ppgapublica\/wp-json\/wp\/v2\/media?parent=1182"}],"wp:term":[{"taxonomy":"category","embeddable":true,"href":"https:\/\/www.ufsm.br\/cursos\/pos-graduacao\/santa-maria\/ppgapublica\/wp-json\/wp\/v2\/categories?post=1182"},{"taxonomy":"post_tag","embeddable":true,"href":"https:\/\/www.ufsm.br\/cursos\/pos-graduacao\/santa-maria\/ppgapublica\/wp-json\/wp\/v2\/tags?post=1182"}],"curies":[{"name":"wp","href":"https:\/\/api.w.org\/{rel}","templated":true}]}}