{"id":1379,"date":"2025-11-25T14:57:00","date_gmt":"2025-11-25T17:57:00","guid":{"rendered":"https:\/\/www.ufsm.br\/cursos\/pos-graduacao\/santa-maria\/ppgapublica\/?page_id=1379"},"modified":"2025-12-05T10:54:52","modified_gmt":"2025-12-05T13:54:52","slug":"censo-da-pos-graduacao-2025","status":"publish","type":"page","link":"https:\/\/www.ufsm.br\/cursos\/pos-graduacao\/santa-maria\/ppgapublica\/censo-da-pos-graduacao-2025","title":{"rendered":"Censo da P\u00f3s-Gradua\u00e7\u00e3o 2025"},"content":{"rendered":"\n<p><img fetchpriority=\"high\" decoding=\"async\" class=\"alignleft  wp-image-1382\" src=\"https:\/\/www.ufsm.br\/app\/uploads\/sites\/544\/2025\/11\/Post-instagram-Participe-do-Censo-da-Pos-Graduacao-2025-.jpg\" alt=\"\" width=\"592\" height=\"592\" srcset=\"https:\/\/www.ufsm.br\/app\/uploads\/sites\/544\/2025\/11\/Post-instagram-Participe-do-Censo-da-Pos-Graduacao-2025-.jpg 1080w, https:\/\/www.ufsm.br\/app\/uploads\/sites\/544\/2025\/11\/Post-instagram-Participe-do-Censo-da-Pos-Graduacao-2025--300x300.jpg 300w, https:\/\/www.ufsm.br\/app\/uploads\/sites\/544\/2025\/11\/Post-instagram-Participe-do-Censo-da-Pos-Graduacao-2025--1024x1024.jpg 1024w, https:\/\/www.ufsm.br\/app\/uploads\/sites\/544\/2025\/11\/Post-instagram-Participe-do-Censo-da-Pos-Graduacao-2025--150x150.jpg 150w, https:\/\/www.ufsm.br\/app\/uploads\/sites\/544\/2025\/11\/Post-instagram-Participe-do-Censo-da-Pos-Graduacao-2025--768x768.jpg 768w\" sizes=\"(max-width: 592px) 100vw, 592px\" \/><\/p>\n<p style=\"text-align: justify\">O\u00a0Censo da P\u00f3s-Gradua\u00e7\u00e3o \u00e9 uma\u00a0<strong>coleta anual de dados sobre os programas de mestrado e doutorado do Brasil, realizada pela CAPES atrav\u00e9s da Plataforma Sucupira<\/strong>.\u00a0Seu objetivo \u00e9 subsidiar pol\u00edticas p\u00fablicas, planejamento estrat\u00e9gico e a avalia\u00e7\u00e3o do Sistema Nacional de P\u00f3s-Gradua\u00e7\u00e3o (SNPG).\u00a0A coleta dos dados do ano-base 2025 foi aberta em 3 de dezembro de 2025 e o prazo para preenchimento \u00e9 26 de fevereiro de 2026.\u00a0<\/p>\n<p style=\"text-align: justify\">\u00a0<\/p>\n<p style=\"text-align: justify\"><strong>Quem deve participar<\/strong><\/p>\n<p style=\"text-align: justify\">P\u00f3s-graduandos matriculados em mestrado e doutorado, Professores (permanentes e colaboradores), Pesquisadores em est\u00e1gio p\u00f3s-doutoral, Coordenadores de programas de p\u00f3s-gradua\u00e7\u00e3o (PPGs).\u00a0<\/p>\n<p style=\"text-align: justify\"><strong>Como preencher<\/strong><\/p>\n<ul style=\"text-align: justify\">\n<li>Acesse a Plataforma Sucupira e fa\u00e7a login.\u00a0<\/li>\n<li>Os coordenadores de PPGs devem garantir que o cadastro de pessoas eleg\u00edveis esteja atualizado na plataforma.\u00a0<\/li>\n<li>Os demais respondentes devem preencher o formul\u00e1rio eletr\u00f4nico at\u00e9 a data limite.\u00a0<\/li>\n<\/ul>\n<p style=\"text-align: justify\"><strong>Informa\u00e7\u00f5es importantes<\/strong><\/p>\n<ul>\n<li style=\"text-align: justify\">O Censo \u00e9 obrigat\u00f3rio e de natureza declarat\u00f3ria, mas n\u00e3o h\u00e1 san\u00e7\u00f5es diretas para indiv\u00edduos que n\u00e3o responderem.<\/li>\n<li style=\"text-align: justify\">Um m\u00ednimo de 95% de preenchimento por programa \u00e9 necess\u00e1rio para que o censo seja considerado completo.<\/li>\n<li style=\"text-align: justify\">A CAPES disponibilizar\u00e1 aos coordenadores listas nominais dos respondentes eleg\u00edveis para monitorar o preenchimento.\u00a0<\/li>\n<\/ul>\n<p>\u00a0<\/p>\n<p>\u00a0<\/p>\n<p style=\"text-align: center\"><strong>Calend\u00e1rio do Censo da P\u00f3s-Gradua\u00e7\u00e3o 2025<\/strong><\/p>\n<table>\n<tbody>\n<tr>\n<td style=\"text-align: center;background-color: #c9e9f5\" width=\"180\">\n<p><strong>Atividade<\/strong><\/p>\n<\/td>\n<td style=\"text-align: center;background-color: #c9e9f5\" width=\"308\">\n<p><strong>Descri\u00e7\u00e3o da atividade<\/strong><\/p>\n<\/td>\n<td style=\"text-align: center;background-color: #c9e9f5\" width=\"78\">\n<p><strong>Data<\/strong><\/p>\n<\/td>\n<\/tr>\n<tr>\n<td width=\"180\">\n<ul>\n<li>Registro da base cadastral da Plataforma Sucupira<\/li>\n<\/ul>\n<\/td>\n<td width=\"308\">\n<ul>\n<li>data de registro da base de dados da Plataforma Sucupira, com a consolida\u00e7\u00e3o das pessoas aptas a responder o Censo<\/li>\n<\/ul>\n<\/td>\n<td width=\"78\">\n<p><strong>27.11.2025<\/strong><\/p>\n<\/td>\n<\/tr>\n<tr>\n<td width=\"180\">\n<ul>\n<li>Abertura do Censo<\/li>\n<\/ul>\n<\/td>\n<td width=\"308\">\n<ul>\n<li>data da disponibiliza\u00e7\u00e3o do formul\u00e1rio eletr\u00f4nico para preenchimento do Censo<\/li>\n<\/ul>\n<\/td>\n<td width=\"78\">\n<p><strong>03.12.2025<\/strong><\/p>\n<\/td>\n<\/tr>\n<tr>\n<td width=\"180\">\n<ul>\n<li>Encerramento do Censo<\/li>\n<\/ul>\n<\/td>\n<td width=\"308\">\n<ul>\n<li>data limite para o preenchimento do formul\u00e1rio eletr\u00f4nico do Censo, com a consequente indisponibiliza\u00e7\u00e3o do acesso;<\/li>\n<\/ul>\n<\/td>\n<td width=\"78\">\n<p><strong>26.02.2026<\/strong><\/p>\n<\/td>\n<\/tr>\n<tr>\n<td width=\"180\">\n<ul>\n<li>Previs\u00e3o Divulga\u00e7\u00e3o dos resultados<\/li>\n<\/ul>\n<\/td>\n<td width=\"308\">\n<ul>\n<li>previs\u00e3o de publica\u00e7\u00e3o do resultado consolidado do Censo da P\u00f3s-Gradua\u00e7\u00e3o 2025<\/li>\n<\/ul>\n<\/td>\n<td width=\"78\">\n<p><strong>16.11.2026<\/strong><\/p>\n<\/td>\n<\/tr>\n<\/tbody>\n<\/table>\n<p>\u00a0<\/p>\n<p><strong>Entrar no Coleta Novo. (Sucupira individual)<\/strong><\/p>\n<p><strong><a href=\"https:\/\/sucupira.capes.gov.br\/\">https:\/\/sucupira.capes.gov.br\/<\/a><\/strong><\/p>\n<p><strong>Primeiro acesso:<\/strong><\/p>\n<p>Para o primeiro acesso \u00e0 Plataforma Sucupira,\u00a0<strong>\u00e9 necess\u00e1rio primeiro criar um cadastro no sistema da CAPES atrav\u00e9s do portal<\/strong>\u00a0meus dados.caps.gov.br. Ap\u00f3s o cadastro, acesse a plataforma em sucupira.caps.gov.br e fa\u00e7a login usando as credenciais do &#8220;meus dados&#8221;.\u00a0<\/p>\n<p><strong>Passo a passo para o primeiro acesso<\/strong><\/p>\n<ol>\n<li><strong>Crie uma conta:<\/strong>\u00a0Acesse o site meus dados.caps.gov.br.<\/li>\n<li><strong>Fa\u00e7a login:<\/strong>\u00a0Clique em &#8220;Login CAPES&#8221; e, na tela seguinte, clique em &#8220;N\u00e3o \u00e9 registrado&#8221; e em &#8220;Fa\u00e7a o seu cadastro&#8221;.<\/li>\n<li><strong>Preencha os dados:<\/strong>\u00a0Informe seu CPF para que o sistema localize ou complete seus dados pessoais. Preencha as informa\u00e7\u00f5es solicitadas e crie uma senha.<\/li>\n<li><strong>Acesse a Plataforma Sucupira:<\/strong>\u00a0Ap\u00f3s o cadastro, v\u00e1 para o site da Plataforma Sucupira em sucupira.caps.gov.br.<\/li>\n<li><strong>Fa\u00e7a o login:<\/strong>\u00a0Clique na op\u00e7\u00e3o de entrar (ou &#8220;Login CAPES&#8221;) e utilize o login e a senha que voc\u00ea acabou de criar.<\/li>\n<li><strong>Navegue:<\/strong>\u00a0As funcionalidades estar\u00e3o dispon\u00edveis conforme o seu perfil (aluno, professor, coordenador, etc.).\u00a0<\/li>\n<\/ol>\n<p><strong>Observa\u00e7\u00f5es importantes<\/strong><\/p>\n<ul>\n<li><strong>Usu\u00e1rios estrangeiros:<\/strong>\u00a0O cadastro para estrangeiros \u00e9 feito de forma diferente, via registro no CAPES usando o CPF ou ID do pa\u00eds de origem.<\/li>\n<li><strong>Acesso para apoios e discentes:<\/strong>\u00a0Coordenadores de programas de p\u00f3s-gradua\u00e7\u00e3o podem cadastrar pessoal de apoio e discentes na plataforma ap\u00f3s j\u00e1 estarem logados.<\/li>\n<li><strong>Login \u00fanico:<\/strong>\u00a0A CAPES implementou um Login \u00danico que unifica o acesso a diversos sistemas da CAPES, incluindo o portal, reduzindo a burocracia.\u00a0<\/li>\n<\/ul>\n<p><strong>Link video explicativo:<\/strong><\/p>\n<p><iframe title=\"#MinutoSucupira: 4. Como fa\u00e7o meu cadastro?\" width=\"500\" height=\"281\" src=\"https:\/\/www.youtube.com\/embed\/2CQ5UZduLpo?feature=oembed\" frameborder=\"0\" allow=\"accelerometer; autoplay; clipboard-write; encrypted-media; gyroscope; picture-in-picture; web-share\" referrerpolicy=\"strict-origin-when-cross-origin\" allowfullscreen><\/iframe><\/p>\n\n\n\n<figure class=\"wp-block-embed is-type-video is-provider-youtube wp-block-embed-youtube wp-embed-aspect-16-9 wp-has-aspect-ratio\"><div class=\"wp-block-embed__wrapper\">\n<iframe title=\"Tutorial Censo da P\u00f3s-Gradua\u00e7\u00e3o: Como responder ao question\u00e1rio\" width=\"500\" height=\"281\" src=\"https:\/\/www.youtube.com\/embed\/QNSxIy_IbKc?feature=oembed\" frameborder=\"0\" allow=\"accelerometer; autoplay; clipboard-write; encrypted-media; gyroscope; picture-in-picture; web-share\" referrerpolicy=\"strict-origin-when-cross-origin\" allowfullscreen><\/iframe>\n<\/div><\/figure>\n","protected":false},"excerpt":{"rendered":"<p>O\u00a0Censo da P\u00f3s-Gradua\u00e7\u00e3o \u00e9 uma\u00a0coleta anual de dados sobre os programas de mestrado e doutorado do Brasil, realizada pela CAPES atrav\u00e9s da Plataforma Sucupira.\u00a0Seu objetivo \u00e9 subsidiar pol\u00edticas p\u00fablicas, planejamento estrat\u00e9gico e a avalia\u00e7\u00e3o do Sistema Nacional de P\u00f3s-Gradua\u00e7\u00e3o (SNPG).\u00a0A coleta dos dados do ano-base 2025 foi aberta em 3 de dezembro de 2025 e [&hellip;]<\/p>\n","protected":false},"author":905,"featured_media":0,"parent":0,"menu_order":0,"comment_status":"closed","ping_status":"closed","template":"","meta":{"footnotes":""},"categories":[],"tags":[],"class_list":["post-1379","page","type-page","status-publish","hentry"],"acf":[],"_links":{"self":[{"href":"https:\/\/www.ufsm.br\/cursos\/pos-graduacao\/santa-maria\/ppgapublica\/wp-json\/wp\/v2\/pages\/1379","targetHints":{"allow":["GET"]}}],"collection":[{"href":"https:\/\/www.ufsm.br\/cursos\/pos-graduacao\/santa-maria\/ppgapublica\/wp-json\/wp\/v2\/pages"}],"about":[{"href":"https:\/\/www.ufsm.br\/cursos\/pos-graduacao\/santa-maria\/ppgapublica\/wp-json\/wp\/v2\/types\/page"}],"author":[{"embeddable":true,"href":"https:\/\/www.ufsm.br\/cursos\/pos-graduacao\/santa-maria\/ppgapublica\/wp-json\/wp\/v2\/users\/905"}],"replies":[{"embeddable":true,"href":"https:\/\/www.ufsm.br\/cursos\/pos-graduacao\/santa-maria\/ppgapublica\/wp-json\/wp\/v2\/comments?post=1379"}],"version-history":[{"count":0,"href":"https:\/\/www.ufsm.br\/cursos\/pos-graduacao\/santa-maria\/ppgapublica\/wp-json\/wp\/v2\/pages\/1379\/revisions"}],"wp:attachment":[{"href":"https:\/\/www.ufsm.br\/cursos\/pos-graduacao\/santa-maria\/ppgapublica\/wp-json\/wp\/v2\/media?parent=1379"}],"wp:term":[{"taxonomy":"category","embeddable":true,"href":"https:\/\/www.ufsm.br\/cursos\/pos-graduacao\/santa-maria\/ppgapublica\/wp-json\/wp\/v2\/categories?post=1379"},{"taxonomy":"post_tag","embeddable":true,"href":"https:\/\/www.ufsm.br\/cursos\/pos-graduacao\/santa-maria\/ppgapublica\/wp-json\/wp\/v2\/tags?post=1379"}],"curies":[{"name":"wp","href":"https:\/\/api.w.org\/{rel}","templated":true}]}}