{"id":199,"date":"2019-03-28T12:58:09","date_gmt":"2019-03-28T15:58:09","guid":{"rendered":"https:\/\/www.ufsm.br\/cursos\/pos-graduacao\/santa-maria\/ppgapublica\/?page_id=199"},"modified":"2022-07-26T08:23:19","modified_gmt":"2022-07-26T11:23:19","slug":"sobre-o-ppgap","status":"publish","type":"page","link":"https:\/\/www.ufsm.br\/cursos\/pos-graduacao\/santa-maria\/ppgapublica\/sobre-o-ppgap","title":{"rendered":"PPGAP"},"content":{"rendered":"\n<p><strong>Sobre o PPGAP<\/strong><\/p>\n<p style=\"text-align: justify\">\u00a0 \u00a0 \u00a0 \u00a0 \u00a0 \u00a0 \u00a0 \u00a0A cria\u00e7\u00e3o do Programa de P\u00f3s-Gradua\u00e7\u00e3o em Administra\u00e7\u00e3o P\u00fablica (PPGAP) responde ao desafio de contribuir para a redu\u00e7\u00e3o das assimetrias regionais, por meio da forma\u00e7\u00e3o de mestres na Regi\u00e3o Sul, da capacita\u00e7\u00e3o de docentes do ensino superior, da forma\u00e7\u00e3o e da consolida\u00e7\u00e3o de grupos de pesquisa, do fortalecimento das estruturas de p\u00f3s-gradua\u00e7\u00e3o e interc\u00e2mbio acad\u00eamico. Al\u00e9m disso, a regi\u00e3o concentra grande parte da demanda, pelo grande contingente de funcion\u00e1rios p\u00fablicos na regi\u00e3o de fronteira sul do Brasil. Proporcionalmente \u00e0s outras regi\u00f5es, a regi\u00e3o concentra um grande n\u00famero de funcion\u00e1rios p\u00fablicos, especialmente devido \u00e0s instala\u00e7\u00f5es a\u00e9reas e militares. Muitos desses servidores carecem de uma melhor qualifica\u00e7\u00e3o com vista a garantir um servi\u00e7o p\u00fablico de melhor qualidade. Em s\u00edntese, espera-se que o PPGAP contribua significativamente, para a redu\u00e7\u00e3o das assimetrias regionais em termos de forma\u00e7\u00e3o em administra\u00e7\u00e3o p\u00fablica e produza impactos acad\u00eamicos, sociais e econ\u00f4micos.<\/p>\n<p style=\"text-align: left\"><strong>Estrutura Curricular<\/strong><\/p>\n<p style=\"text-align: justify\">\u00a0 \u00a0 \u00a0 \u00a0 \u00a0 \u00a0 \u00a0 \u00a0A estrutura curricular do Programa de P\u00f3s-Gradua\u00e7\u00e3o em Administra\u00e7\u00e3o P\u00fablica \u00e9 composta de vinte e oito (28) cr\u00e9ditos sendo dezesseis (16) cr\u00e9ditos em disciplinas e atividades obrigat\u00f3rias e doze (12) cr\u00e9ditos em disciplinas em disciplinas optativas. Dessa forma o total m\u00ednimo de cr\u00e9ditos para integraliza\u00e7\u00e3o \u00e9 vinte e oito (28).<\/p>\n","protected":false},"excerpt":{"rendered":"<p>Sobre o PPGAP \u00a0 \u00a0 \u00a0 \u00a0 \u00a0 \u00a0 \u00a0 \u00a0A cria\u00e7\u00e3o do Programa de P\u00f3s-Gradua\u00e7\u00e3o em Administra\u00e7\u00e3o P\u00fablica (PPGAP) responde ao desafio de contribuir para a redu\u00e7\u00e3o das assimetrias regionais, por meio da forma\u00e7\u00e3o de mestres na Regi\u00e3o Sul, da capacita\u00e7\u00e3o de docentes do ensino superior, da forma\u00e7\u00e3o e da consolida\u00e7\u00e3o de grupos de [&hellip;]<\/p>\n","protected":false},"author":614,"featured_media":0,"parent":0,"menu_order":0,"comment_status":"closed","ping_status":"closed","template":"","meta":{"footnotes":""},"categories":[],"tags":[],"class_list":["post-199","page","type-page","status-publish","hentry"],"acf":[],"_links":{"self":[{"href":"https:\/\/www.ufsm.br\/cursos\/pos-graduacao\/santa-maria\/ppgapublica\/wp-json\/wp\/v2\/pages\/199","targetHints":{"allow":["GET"]}}],"collection":[{"href":"https:\/\/www.ufsm.br\/cursos\/pos-graduacao\/santa-maria\/ppgapublica\/wp-json\/wp\/v2\/pages"}],"about":[{"href":"https:\/\/www.ufsm.br\/cursos\/pos-graduacao\/santa-maria\/ppgapublica\/wp-json\/wp\/v2\/types\/page"}],"author":[{"embeddable":true,"href":"https:\/\/www.ufsm.br\/cursos\/pos-graduacao\/santa-maria\/ppgapublica\/wp-json\/wp\/v2\/users\/614"}],"replies":[{"embeddable":true,"href":"https:\/\/www.ufsm.br\/cursos\/pos-graduacao\/santa-maria\/ppgapublica\/wp-json\/wp\/v2\/comments?post=199"}],"version-history":[{"count":0,"href":"https:\/\/www.ufsm.br\/cursos\/pos-graduacao\/santa-maria\/ppgapublica\/wp-json\/wp\/v2\/pages\/199\/revisions"}],"wp:attachment":[{"href":"https:\/\/www.ufsm.br\/cursos\/pos-graduacao\/santa-maria\/ppgapublica\/wp-json\/wp\/v2\/media?parent=199"}],"wp:term":[{"taxonomy":"category","embeddable":true,"href":"https:\/\/www.ufsm.br\/cursos\/pos-graduacao\/santa-maria\/ppgapublica\/wp-json\/wp\/v2\/categories?post=199"},{"taxonomy":"post_tag","embeddable":true,"href":"https:\/\/www.ufsm.br\/cursos\/pos-graduacao\/santa-maria\/ppgapublica\/wp-json\/wp\/v2\/tags?post=199"}],"curies":[{"name":"wp","href":"https:\/\/api.w.org\/{rel}","templated":true}]}}