{"id":255,"date":"2019-05-30T20:38:50","date_gmt":"2019-05-30T23:38:50","guid":{"rendered":"https:\/\/www.ufsm.br\/cursos\/pos-graduacao\/santa-maria\/ppgapublica\/?page_id=255"},"modified":"2022-09-13T17:35:04","modified_gmt":"2022-09-13T20:35:04","slug":"estude-no-ppgap","status":"publish","type":"page","link":"https:\/\/www.ufsm.br\/cursos\/pos-graduacao\/santa-maria\/ppgapublica\/estude-no-ppgap","title":{"rendered":"Estude no PPGAP"},"content":{"rendered":"\n<p>As Coordena\u00e7\u00f5es dos Programas de P\u00f3s-Gradua\u00e7\u00e3o e a Pr\u00f3-Reitoria de P\u00f3s-gradua\u00e7\u00e3o e Pesquisa (PRPGP) tornam p\u00fablico o Edital 009\/2021\/PRPGP\/UFSM, com inscri\u00e7\u00f5es no per\u00edodo de 01 a 14 de abril para o processo seletivo da P\u00f3s-gradua\u00e7\u00e3o presencial, em n\u00edvel de Doutorado, Mestrado e Especializa\u00e7\u00e3o, para ingresso no 1\u00ba semestre de 2021.O Edital esta dispon\u00edvel na p\u00e1gina de editais da UFSM, filtrando por Editais da PRPGP ou clicando no endere\u00e7o eletr\u00f4nico: <a rel=\"noreferrer noopener\" href=\"https:\/\/www.ufsm.br\/pro-reitorias\/prpgp\/editais\/009-2021\/?fbclid=IwAR2GukczRBbcPy2BIGrBUORbxhbOcEvmGZuPShxxs2S8prS1U5HjgqwsQj4\" target=\"_blank\">https:\/\/www.ufsm.br\/pro-reitorias\/prpgp\/editais\/009-2021\/<\/a><\/p>\n\n\n\n<p>Para acessar o edital espec\u00edfico do PPGAP clique no endere\u00e7o eletr\u00f4nico: <a href=\"https:\/\/www.ufsm.br\/app\/uploads\/sites\/345\/2021\/03\/EdEsp-09.14-21-AdmPublica_Retificado.pdf\">https:\/\/www.ufsm.br\/app\/uploads\/sites\/345\/2021\/03\/EdEsp-09.14-21-AdmPublica_Retificado.pdf<\/a><\/p>\n\n\n\n<p>D\u00favidas referente ao Edital Geral de sele\u00e7\u00e3o podem ser encaminhadas \u00e0 Coordenadoria de P\u00f3s-Gradua\u00e7\u00e3o (CPG) da PRPGP, atrav\u00e9s do e-mail cpg.prpgp@ufsm.br.<\/p>\n\n\n\n<p>Para d\u00favidas e informa\u00e7\u00f5es referente ao Edital Espec\u00edfico do PPGAP podem ser encaminhadas atrav\u00e9s do e-mail: ppgap@ufsm.br<\/p>\n\n\n\n<p><a href=\"https:\/\/www.ufsm.br\/app\/uploads\/sites\/544\/2021\/04\/Lista-de-candidatos-aptos-e-inscricoes-nao-validas.-selecao-2021.1-PPGAP.pdf\">Lista de candidatos aptos a continuar no processo seletivo e inscri\u00e7\u00f5es n\u00e3o v\u00e1lidas<\/a><\/p>\n\n\n\n<p><a href=\"https:\/\/www.ufsm.br\/app\/uploads\/sites\/544\/2021\/04\/resultado_final_para_pagina2021-retificado_publicar-1.pdf\">RESULTADO DO EDITAL ESPEC\u00cdFICO 009.14\/2021\u2013 MESTRADO EM ADMINISTRA\u00c7\u00c3O P\u00daBLICA<\/a><\/p>\n\n\n\n<p><\/p>\n","protected":false},"excerpt":{"rendered":"<p>As Coordena\u00e7\u00f5es dos Programas de P\u00f3s-Gradua\u00e7\u00e3o e a Pr\u00f3-Reitoria de P\u00f3s-gradua\u00e7\u00e3o e Pesquisa (PRPGP) tornam p\u00fablico o Edital 009\/2021\/PRPGP\/UFSM, com inscri\u00e7\u00f5es no per\u00edodo de 01 a 14 de abril para o processo seletivo da P\u00f3s-gradua\u00e7\u00e3o presencial, em n\u00edvel de Doutorado, Mestrado e Especializa\u00e7\u00e3o, para ingresso no 1\u00ba semestre de 2021.O Edital esta dispon\u00edvel na p\u00e1gina [&hellip;]<\/p>\n","protected":false},"author":611,"featured_media":0,"parent":0,"menu_order":0,"comment_status":"closed","ping_status":"closed","template":"","meta":{"footnotes":""},"categories":[],"tags":[],"class_list":["post-255","page","type-page","status-publish","hentry"],"acf":[],"_links":{"self":[{"href":"https:\/\/www.ufsm.br\/cursos\/pos-graduacao\/santa-maria\/ppgapublica\/wp-json\/wp\/v2\/pages\/255","targetHints":{"allow":["GET"]}}],"collection":[{"href":"https:\/\/www.ufsm.br\/cursos\/pos-graduacao\/santa-maria\/ppgapublica\/wp-json\/wp\/v2\/pages"}],"about":[{"href":"https:\/\/www.ufsm.br\/cursos\/pos-graduacao\/santa-maria\/ppgapublica\/wp-json\/wp\/v2\/types\/page"}],"author":[{"embeddable":true,"href":"https:\/\/www.ufsm.br\/cursos\/pos-graduacao\/santa-maria\/ppgapublica\/wp-json\/wp\/v2\/users\/611"}],"replies":[{"embeddable":true,"href":"https:\/\/www.ufsm.br\/cursos\/pos-graduacao\/santa-maria\/ppgapublica\/wp-json\/wp\/v2\/comments?post=255"}],"version-history":[{"count":0,"href":"https:\/\/www.ufsm.br\/cursos\/pos-graduacao\/santa-maria\/ppgapublica\/wp-json\/wp\/v2\/pages\/255\/revisions"}],"wp:attachment":[{"href":"https:\/\/www.ufsm.br\/cursos\/pos-graduacao\/santa-maria\/ppgapublica\/wp-json\/wp\/v2\/media?parent=255"}],"wp:term":[{"taxonomy":"category","embeddable":true,"href":"https:\/\/www.ufsm.br\/cursos\/pos-graduacao\/santa-maria\/ppgapublica\/wp-json\/wp\/v2\/categories?post=255"},{"taxonomy":"post_tag","embeddable":true,"href":"https:\/\/www.ufsm.br\/cursos\/pos-graduacao\/santa-maria\/ppgapublica\/wp-json\/wp\/v2\/tags?post=255"}],"curies":[{"name":"wp","href":"https:\/\/api.w.org\/{rel}","templated":true}]}}