{"id":257,"date":"2019-05-30T20:41:42","date_gmt":"2019-05-30T23:41:42","guid":{"rendered":"https:\/\/www.ufsm.br\/cursos\/pos-graduacao\/santa-maria\/ppgapublica\/?page_id=257"},"modified":"2023-08-14T14:51:04","modified_gmt":"2023-08-14T17:51:04","slug":"calendario-qualificacao","status":"publish","type":"page","link":"https:\/\/www.ufsm.br\/cursos\/pos-graduacao\/santa-maria\/ppgapublica\/calendario-qualificacao","title":{"rendered":"Datas de Defesa de Projeto e Disserta\u00e7\u00e3o"},"content":{"rendered":"\n<p>Informamos que o colegiado do PPGAP aprovou as seguintes datas de defesa: <\/p>\n\n\n\n<p><strong>Turma de 2019<\/strong><\/p>\n\n\n\n<p>&nbsp;Defesa do projeto: at\u00e9 31 de agosto de 2020.<\/p>\n\n\n\n<p>Defesa da disserta\u00e7\u00e3o: at\u00e9 5 de agosto de 2021.<\/p>\n\n\n\n<p><strong>Turma de 2020-1<\/strong><\/p>\n\n\n\n<p>Defesa do projeto: at\u00e9 09 de mar\u00e7o de 2021.&nbsp;<\/p>\n\n\n\n<p>Defesa da disserta\u00e7\u00e3o: at\u00e9 09 de mar\u00e7o de 2022.<\/p>\n\n\n\n<p><strong>Turma de 2020-2<\/strong><\/p>\n\n\n\n<p>Defesa do projeto: at\u00e9 29 de outubro de 2021.&nbsp;<\/p>\n\n\n\n<p>Defesa da disserta\u00e7\u00e3o: at\u00e9 31 de outubro de 2022.<\/p>\n\n\n\n<p><strong>Turma de 2021-1<\/strong><\/p>\n\n\n\n<p> Defesa do projeto: at\u00e9 20 de maio de 2022.&nbsp; <\/p>\n\n\n\n<p> Defesa da disserta\u00e7\u00e3o: at\u00e9 31 de maio de 2023<\/p>\n\n\n\n<p><strong>Turma de 2022-1<\/strong><\/p>\n\n\n\n<p>Defesa do projeto: at\u00e9 31 de mar\u00e7o de 2023.<\/p>\n\n\n\n<p>Defesa da disserta\u00e7\u00e3o: at\u00e9 29 de mar\u00e7o de 2024.<\/p>\n\n\n\n<p><strong>Turma de 2022-2<\/strong><\/p>\n\n\n\n<p>Defesa do projeto: at\u00e9 08 de setembro de 2023.&nbsp;<\/p>\n\n\n\n<p>Defesa da disserta\u00e7\u00e3o: at\u00e9 06 de setembro de 2024.<\/p>\n\n\n\n<p><strong>Turma de 2023-1<\/strong><\/p>\n\n\n\n<p>Defesa do projeto: at\u00e9 29 de mar\u00e7o de 2024.<\/p>\n\n\n\n<p>Defesa da disserta\u00e7\u00e3o: at\u00e9 31 de mar\u00e7o de 2025. <\/p>\n\n\n\n<figure class=\"wp-block-gallery has-nested-images columns-default is-cropped wp-block-gallery-1 is-layout-flex wp-block-gallery-is-layout-flex\"><\/figure>\n","protected":false},"excerpt":{"rendered":"<p>Informamos que o colegiado do PPGAP aprovou as seguintes datas de defesa: Turma de 2019 &nbsp;Defesa do projeto: at\u00e9 31 de agosto de 2020. Defesa da disserta\u00e7\u00e3o: at\u00e9 5 de agosto de 2021. Turma de 2020-1 Defesa do projeto: at\u00e9 09 de mar\u00e7o de 2021.&nbsp; Defesa da disserta\u00e7\u00e3o: at\u00e9 09 de mar\u00e7o de 2022. Turma [&hellip;]<\/p>\n","protected":false},"author":611,"featured_media":0,"parent":0,"menu_order":0,"comment_status":"closed","ping_status":"closed","template":"","meta":{"footnotes":""},"categories":[],"tags":[],"class_list":["post-257","page","type-page","status-publish","hentry"],"acf":[],"_links":{"self":[{"href":"https:\/\/www.ufsm.br\/cursos\/pos-graduacao\/santa-maria\/ppgapublica\/wp-json\/wp\/v2\/pages\/257","targetHints":{"allow":["GET"]}}],"collection":[{"href":"https:\/\/www.ufsm.br\/cursos\/pos-graduacao\/santa-maria\/ppgapublica\/wp-json\/wp\/v2\/pages"}],"about":[{"href":"https:\/\/www.ufsm.br\/cursos\/pos-graduacao\/santa-maria\/ppgapublica\/wp-json\/wp\/v2\/types\/page"}],"author":[{"embeddable":true,"href":"https:\/\/www.ufsm.br\/cursos\/pos-graduacao\/santa-maria\/ppgapublica\/wp-json\/wp\/v2\/users\/611"}],"replies":[{"embeddable":true,"href":"https:\/\/www.ufsm.br\/cursos\/pos-graduacao\/santa-maria\/ppgapublica\/wp-json\/wp\/v2\/comments?post=257"}],"version-history":[{"count":0,"href":"https:\/\/www.ufsm.br\/cursos\/pos-graduacao\/santa-maria\/ppgapublica\/wp-json\/wp\/v2\/pages\/257\/revisions"}],"wp:attachment":[{"href":"https:\/\/www.ufsm.br\/cursos\/pos-graduacao\/santa-maria\/ppgapublica\/wp-json\/wp\/v2\/media?parent=257"}],"wp:term":[{"taxonomy":"category","embeddable":true,"href":"https:\/\/www.ufsm.br\/cursos\/pos-graduacao\/santa-maria\/ppgapublica\/wp-json\/wp\/v2\/categories?post=257"},{"taxonomy":"post_tag","embeddable":true,"href":"https:\/\/www.ufsm.br\/cursos\/pos-graduacao\/santa-maria\/ppgapublica\/wp-json\/wp\/v2\/tags?post=257"}],"curies":[{"name":"wp","href":"https:\/\/api.w.org\/{rel}","templated":true}]}}