{"id":261,"date":"2019-05-30T20:43:50","date_gmt":"2019-05-30T23:43:50","guid":{"rendered":"https:\/\/www.ufsm.br\/cursos\/pos-graduacao\/santa-maria\/ppgapublica\/?page_id=261"},"modified":"2020-04-08T09:35:10","modified_gmt":"2020-04-08T12:35:10","slug":"acompanhar-egresso","status":"publish","type":"page","link":"https:\/\/www.ufsm.br\/cursos\/pos-graduacao\/santa-maria\/ppgapublica\/acompanhar-egresso","title":{"rendered":"Egressos"},"content":{"rendered":"\n<p> O Volver \u00e9 um programa institucional da Universidade Federal de Santa Maria e tem como objetivo preservar o relacionamento entre a institui\u00e7\u00e3o e seus egressos! Podem participar do Programa Volver todos aqueles que conclu\u00edram algum curso na UFSM, seja em n\u00edvel de gradua\u00e7\u00e3o, p\u00f3s-gradua\u00e7\u00e3o, m\u00e9dio ou t\u00e9cnico. Se voc\u00ea cumpre esses requisitos, \u00e9 a sua hora de Volver! Reencontre colegas, divulgue seu trabalho, exercite a cidadania e compartilhe experi\u00eancias atrav\u00e9s do Programa. Mais informa\u00e7\u00f5es voc\u00ea pode acessar os links:<br><a href=\"https:\/\/www.ufsm.br\/pro-reitorias\/prograd\/egressos\/?fbclid=IwAR2yRXUJjtDQDgjSSUYiyrzd5ScaiwzEriQ8oZY9MVLnqshVOcHGwzpiJZI\">Volver UFSM<\/a><\/p>\n\n\n\n<p><a href=\"https:\/\/www.facebook.com\/projetovolver\">Facebook<\/a><\/p>\n\n\n\n\n\n<p><\/p>\n","protected":false},"excerpt":{"rendered":"<p>O Volver \u00e9 um programa institucional da Universidade Federal de Santa Maria e tem como objetivo preservar o relacionamento entre a institui\u00e7\u00e3o e seus egressos! Podem participar do Programa Volver todos aqueles que conclu\u00edram algum curso na UFSM, seja em n\u00edvel de gradua\u00e7\u00e3o, p\u00f3s-gradua\u00e7\u00e3o, m\u00e9dio ou t\u00e9cnico. Se voc\u00ea cumpre esses requisitos, \u00e9 a sua [&hellip;]<\/p>\n","protected":false},"author":611,"featured_media":0,"parent":0,"menu_order":0,"comment_status":"closed","ping_status":"closed","template":"","meta":{"footnotes":""},"categories":[],"tags":[],"class_list":["post-261","page","type-page","status-publish","hentry"],"acf":[],"_links":{"self":[{"href":"https:\/\/www.ufsm.br\/cursos\/pos-graduacao\/santa-maria\/ppgapublica\/wp-json\/wp\/v2\/pages\/261","targetHints":{"allow":["GET"]}}],"collection":[{"href":"https:\/\/www.ufsm.br\/cursos\/pos-graduacao\/santa-maria\/ppgapublica\/wp-json\/wp\/v2\/pages"}],"about":[{"href":"https:\/\/www.ufsm.br\/cursos\/pos-graduacao\/santa-maria\/ppgapublica\/wp-json\/wp\/v2\/types\/page"}],"author":[{"embeddable":true,"href":"https:\/\/www.ufsm.br\/cursos\/pos-graduacao\/santa-maria\/ppgapublica\/wp-json\/wp\/v2\/users\/611"}],"replies":[{"embeddable":true,"href":"https:\/\/www.ufsm.br\/cursos\/pos-graduacao\/santa-maria\/ppgapublica\/wp-json\/wp\/v2\/comments?post=261"}],"version-history":[{"count":0,"href":"https:\/\/www.ufsm.br\/cursos\/pos-graduacao\/santa-maria\/ppgapublica\/wp-json\/wp\/v2\/pages\/261\/revisions"}],"wp:attachment":[{"href":"https:\/\/www.ufsm.br\/cursos\/pos-graduacao\/santa-maria\/ppgapublica\/wp-json\/wp\/v2\/media?parent=261"}],"wp:term":[{"taxonomy":"category","embeddable":true,"href":"https:\/\/www.ufsm.br\/cursos\/pos-graduacao\/santa-maria\/ppgapublica\/wp-json\/wp\/v2\/categories?post=261"},{"taxonomy":"post_tag","embeddable":true,"href":"https:\/\/www.ufsm.br\/cursos\/pos-graduacao\/santa-maria\/ppgapublica\/wp-json\/wp\/v2\/tags?post=261"}],"curies":[{"name":"wp","href":"https:\/\/api.w.org\/{rel}","templated":true}]}}