{"id":286,"date":"2019-05-30T21:00:04","date_gmt":"2019-05-31T00:00:04","guid":{"rendered":"https:\/\/www.ufsm.br\/cursos\/pos-graduacao\/santa-maria\/ppgapublica\/?page_id=286"},"modified":"2022-08-25T10:01:33","modified_gmt":"2022-08-25T13:01:33","slug":"atendimento","status":"publish","type":"page","link":"https:\/\/www.ufsm.br\/cursos\/pos-graduacao\/santa-maria\/ppgapublica\/atendimento","title":{"rendered":"Atendimento"},"content":{"rendered":"\t\t<div data-elementor-type=\"wp-page\" data-elementor-id=\"286\" class=\"elementor elementor-286\">\n\t\t\t\t\t\t<section class=\"elementor-section elementor-top-section elementor-element elementor-element-300e396 elementor-section-boxed elementor-section-height-default elementor-section-height-default\" data-id=\"300e396\" data-element_type=\"section\">\n\t\t\t\t\t\t<div class=\"elementor-container elementor-column-gap-default\">\n\t\t\t\t\t<div class=\"elementor-column elementor-col-100 elementor-top-column elementor-element elementor-element-efeb6a3\" data-id=\"efeb6a3\" data-element_type=\"column\">\n\t\t\t<div class=\"elementor-widget-wrap elementor-element-populated\">\n\t\t\t\t\t\t<div class=\"elementor-element elementor-element-16ec9ba1 elementor-widget elementor-widget-text-editor\" data-id=\"16ec9ba1\" data-element_type=\"widget\" data-widget_type=\"text-editor.default\">\n\t\t\t\t<div class=\"elementor-widget-container\">\n\t\t\t\t\t\t\t<!-- wp:paragraph -->\n<p style=\"text-align: justify\">O Programa de P\u00f3s-Gradua\u00e7\u00e3o em Administra\u00e7\u00e3o P\u00fablica est\u00e1 localizado na Av. Roraima, 1000.<\/p>\n<!-- \/wp:paragraph --><!-- wp:paragraph -->\n<p>Secretaria Integrada das P\u00f3s-Gradua\u00e7\u00f5es do CCSH (SIPOS) &#8211; Pr\u00e9dio 74A sala 2314 \u2013 CEP 97015-372 \u2013 Santa Maria \u2013 RS.<\/p>\n<!-- \/wp:paragraph --><!-- wp:paragraph -->\n<p>Telefone SIPOS: 55 3220-9329<\/p>\n<!-- \/wp:paragraph --><!-- wp:paragraph -->\n<p>E-mail Secretaria Integrada: <a href=\"mailto:sipos.ccsh@ufsm.br\">sipos.ccsh@ufsm.br<\/a><\/p>\n<!-- \/wp:paragraph --><!-- wp:paragraph -->\n<p><strong>Coordena\u00e7\u00e3o PPGAP<\/strong><\/p>\n<!-- \/wp:paragraph --><!-- wp:paragraph -->\n<p>E-mail da coordena\u00e7\u00e3o:<a href=\"mailto:ppgap@ufsm.br\"> ppgap@ufsm.br<\/a><\/p>\n<!-- \/wp:paragraph --><!-- wp:paragraph -->\n<p><a href=\"https:\/\/www.facebook.com\/Programa-de-P%C3%B3s-gradua%C3%A7%C3%A3o-em-Administra%C3%A7%C3%A3o-P%C3%BAblica-UFSM-331325544139597\/\" target=\"_blank\" rel=\"noreferrer noopener\">Facebook<\/a><\/p>\n<!-- \/wp:paragraph --><!-- wp:paragraph -->\n<p>\u00a0<\/p>\n<!-- \/wp:paragraph -->\t\t\t\t\t\t<\/div>\n\t\t\t\t<\/div>\n\t\t\t\t\t<\/div>\n\t\t<\/div>\n\t\t\t\t\t<\/div>\n\t\t<\/section>\n\t\t\t\t<\/div>\n\t\t","protected":false},"excerpt":{"rendered":"<p>O Programa de P\u00f3s-Gradua\u00e7\u00e3o em Administra\u00e7\u00e3o P\u00fablica est\u00e1 localizado na Av. Roraima, 1000. Secretaria Integrada das P\u00f3s-Gradua\u00e7\u00f5es do CCSH (SIPOS) &#8211; Pr\u00e9dio 74A sala 2314 \u2013 CEP 97015-372 \u2013 Santa Maria \u2013 RS. Telefone SIPOS: 55 3220-9329 E-mail Secretaria Integrada: sipos.ccsh@ufsm.br Coordena\u00e7\u00e3o PPGAP E-mail da coordena\u00e7\u00e3o: ppgap@ufsm.br Facebook \u00a0<\/p>\n","protected":false},"author":611,"featured_media":0,"parent":0,"menu_order":0,"comment_status":"closed","ping_status":"closed","template":"","meta":{"footnotes":""},"categories":[],"tags":[],"class_list":["post-286","page","type-page","status-publish","hentry"],"acf":[],"_links":{"self":[{"href":"https:\/\/www.ufsm.br\/cursos\/pos-graduacao\/santa-maria\/ppgapublica\/wp-json\/wp\/v2\/pages\/286","targetHints":{"allow":["GET"]}}],"collection":[{"href":"https:\/\/www.ufsm.br\/cursos\/pos-graduacao\/santa-maria\/ppgapublica\/wp-json\/wp\/v2\/pages"}],"about":[{"href":"https:\/\/www.ufsm.br\/cursos\/pos-graduacao\/santa-maria\/ppgapublica\/wp-json\/wp\/v2\/types\/page"}],"author":[{"embeddable":true,"href":"https:\/\/www.ufsm.br\/cursos\/pos-graduacao\/santa-maria\/ppgapublica\/wp-json\/wp\/v2\/users\/611"}],"replies":[{"embeddable":true,"href":"https:\/\/www.ufsm.br\/cursos\/pos-graduacao\/santa-maria\/ppgapublica\/wp-json\/wp\/v2\/comments?post=286"}],"version-history":[{"count":0,"href":"https:\/\/www.ufsm.br\/cursos\/pos-graduacao\/santa-maria\/ppgapublica\/wp-json\/wp\/v2\/pages\/286\/revisions"}],"wp:attachment":[{"href":"https:\/\/www.ufsm.br\/cursos\/pos-graduacao\/santa-maria\/ppgapublica\/wp-json\/wp\/v2\/media?parent=286"}],"wp:term":[{"taxonomy":"category","embeddable":true,"href":"https:\/\/www.ufsm.br\/cursos\/pos-graduacao\/santa-maria\/ppgapublica\/wp-json\/wp\/v2\/categories?post=286"},{"taxonomy":"post_tag","embeddable":true,"href":"https:\/\/www.ufsm.br\/cursos\/pos-graduacao\/santa-maria\/ppgapublica\/wp-json\/wp\/v2\/tags?post=286"}],"curies":[{"name":"wp","href":"https:\/\/api.w.org\/{rel}","templated":true}]}}