{"id":290,"date":"2019-05-30T21:03:47","date_gmt":"2019-05-31T00:03:47","guid":{"rendered":"https:\/\/www.ufsm.br\/cursos\/pos-graduacao\/santa-maria\/ppgapublica\/?page_id=290"},"modified":"2022-07-26T08:33:13","modified_gmt":"2022-07-26T11:33:13","slug":"infraestrutura","status":"publish","type":"page","link":"https:\/\/www.ufsm.br\/cursos\/pos-graduacao\/santa-maria\/ppgapublica\/infraestrutura","title":{"rendered":"Infraestrutura"},"content":{"rendered":"\n<figure class=\"wp-block-gallery has-nested-images columns-default is-cropped wp-block-gallery-1 is-layout-flex wp-block-gallery-is-layout-flex\">\n<figure class=\"wp-block-image size-large\"><img fetchpriority=\"high\" decoding=\"async\" width=\"1024\" height=\"683\" data-id=\"408\" src=\"https:\/\/www.ufsm.br\/cursos\/pos-graduacao\/santa-maria\/ppgapublica\/wp-content\/uploads\/sites\/544\/2020\/04\/UFSM.2017.050.377.RA_-1024x683.jpg\" alt=\"\" class=\"wp-image-408\" srcset=\"https:\/\/www.ufsm.br\/app\/uploads\/sites\/544\/2020\/04\/UFSM.2017.050.377.RA_-1024x683.jpg 1024w, https:\/\/www.ufsm.br\/app\/uploads\/sites\/544\/2020\/04\/UFSM.2017.050.377.RA_-300x200.jpg 300w, https:\/\/www.ufsm.br\/app\/uploads\/sites\/544\/2020\/04\/UFSM.2017.050.377.RA_-768x512.jpg 768w, https:\/\/www.ufsm.br\/app\/uploads\/sites\/544\/2020\/04\/UFSM.2017.050.377.RA_-1536x1024.jpg 1536w, https:\/\/www.ufsm.br\/app\/uploads\/sites\/544\/2020\/04\/UFSM.2017.050.377.RA_-272x182.jpg 272w, https:\/\/www.ufsm.br\/app\/uploads\/sites\/544\/2020\/04\/UFSM.2017.050.377.RA_.jpg 1600w\" sizes=\"(max-width: 1024px) 100vw, 1024px\" \/><\/figure>\n\n\n\n<figure class=\"wp-block-image size-large\"><img decoding=\"async\" width=\"1024\" height=\"683\" data-id=\"407\" src=\"https:\/\/www.ufsm.br\/cursos\/pos-graduacao\/santa-maria\/ppgapublica\/wp-content\/uploads\/sites\/544\/2020\/04\/reduzidaUFSM.2017.050.009-1024x683.jpg\" alt=\"\" class=\"wp-image-407\" srcset=\"https:\/\/www.ufsm.br\/app\/uploads\/sites\/544\/2020\/04\/reduzidaUFSM.2017.050.009-1024x683.jpg 1024w, https:\/\/www.ufsm.br\/app\/uploads\/sites\/544\/2020\/04\/reduzidaUFSM.2017.050.009-300x200.jpg 300w, https:\/\/www.ufsm.br\/app\/uploads\/sites\/544\/2020\/04\/reduzidaUFSM.2017.050.009-768x513.jpg 768w, https:\/\/www.ufsm.br\/app\/uploads\/sites\/544\/2020\/04\/reduzidaUFSM.2017.050.009-272x182.jpg 272w, https:\/\/www.ufsm.br\/app\/uploads\/sites\/544\/2020\/04\/reduzidaUFSM.2017.050.009.jpg 1440w\" sizes=\"(max-width: 1024px) 100vw, 1024px\" \/><\/figure>\n\n\n\n<figure class=\"wp-block-image size-large\"><img decoding=\"async\" width=\"1024\" height=\"683\" data-id=\"406\" src=\"https:\/\/www.ufsm.br\/cursos\/pos-graduacao\/santa-maria\/ppgapublica\/wp-content\/uploads\/sites\/544\/2020\/04\/reduzidaUFSM.2017.050.141-1024x683.jpg\" alt=\"\" class=\"wp-image-406\" srcset=\"https:\/\/www.ufsm.br\/app\/uploads\/sites\/544\/2020\/04\/reduzidaUFSM.2017.050.141-1024x683.jpg 1024w, https:\/\/www.ufsm.br\/app\/uploads\/sites\/544\/2020\/04\/reduzidaUFSM.2017.050.141-300x200.jpg 300w, https:\/\/www.ufsm.br\/app\/uploads\/sites\/544\/2020\/04\/reduzidaUFSM.2017.050.141-768x513.jpg 768w, https:\/\/www.ufsm.br\/app\/uploads\/sites\/544\/2020\/04\/reduzidaUFSM.2017.050.141-272x182.jpg 272w, https:\/\/www.ufsm.br\/app\/uploads\/sites\/544\/2020\/04\/reduzidaUFSM.2017.050.141.jpg 1440w\" sizes=\"(max-width: 1024px) 100vw, 1024px\" \/><\/figure>\n\n\n\n<figure class=\"wp-block-image size-large\"><img loading=\"lazy\" decoding=\"async\" width=\"1024\" height=\"683\" data-id=\"405\" src=\"https:\/\/www.ufsm.br\/cursos\/pos-graduacao\/santa-maria\/ppgapublica\/wp-content\/uploads\/sites\/544\/2020\/04\/reduzidaUFSM.2017.050.204-1024x683.jpg\" alt=\"\" class=\"wp-image-405\" srcset=\"https:\/\/www.ufsm.br\/app\/uploads\/sites\/544\/2020\/04\/reduzidaUFSM.2017.050.204-1024x683.jpg 1024w, https:\/\/www.ufsm.br\/app\/uploads\/sites\/544\/2020\/04\/reduzidaUFSM.2017.050.204-300x200.jpg 300w, https:\/\/www.ufsm.br\/app\/uploads\/sites\/544\/2020\/04\/reduzidaUFSM.2017.050.204-768x513.jpg 768w, https:\/\/www.ufsm.br\/app\/uploads\/sites\/544\/2020\/04\/reduzidaUFSM.2017.050.204-272x182.jpg 272w, https:\/\/www.ufsm.br\/app\/uploads\/sites\/544\/2020\/04\/reduzidaUFSM.2017.050.204.jpg 1440w\" sizes=\"(max-width: 1024px) 100vw, 1024px\" \/><\/figure>\n\n\n\n<figure class=\"wp-block-image size-large\"><img loading=\"lazy\" decoding=\"async\" width=\"1024\" height=\"683\" data-id=\"404\" src=\"https:\/\/www.ufsm.br\/cursos\/pos-graduacao\/santa-maria\/ppgapublica\/wp-content\/uploads\/sites\/544\/2020\/04\/UFSM.2017.050.318.RA_-1024x683.jpg\" alt=\"\" class=\"wp-image-404\" srcset=\"https:\/\/www.ufsm.br\/app\/uploads\/sites\/544\/2020\/04\/UFSM.2017.050.318.RA_-1024x683.jpg 1024w, https:\/\/www.ufsm.br\/app\/uploads\/sites\/544\/2020\/04\/UFSM.2017.050.318.RA_-300x200.jpg 300w, https:\/\/www.ufsm.br\/app\/uploads\/sites\/544\/2020\/04\/UFSM.2017.050.318.RA_-768x512.jpg 768w, https:\/\/www.ufsm.br\/app\/uploads\/sites\/544\/2020\/04\/UFSM.2017.050.318.RA_-1536x1024.jpg 1536w, https:\/\/www.ufsm.br\/app\/uploads\/sites\/544\/2020\/04\/UFSM.2017.050.318.RA_-272x182.jpg 272w, https:\/\/www.ufsm.br\/app\/uploads\/sites\/544\/2020\/04\/UFSM.2017.050.318.RA_.jpg 1600w\" sizes=\"(max-width: 1024px) 100vw, 1024px\" \/><\/figure>\n<\/figure>\n\n\n\n<p style=\"text-align: justify\">O PPGAP da UFSM possui uma infraestrutura de salas, equipamentos e material bibliogr\u00e1fico compat\u00edvel com o n\u00edvel de qualidade esperado para o desenvolvimento de atividades acad\u00eamicas e cient\u00edficas de alto n\u00edvel.<\/p>\n<p style=\"text-align: justify\">O Programa de P\u00f3s-Gradua\u00e7\u00e3o em Administra\u00e7\u00e3o P\u00fablica conta com tr\u00eas laborat\u00f3rios (dois com vinte computadores cada e um com 50 computadores) com acesso a internet, rede wireless, aplicativos necess\u00e1rios para o desenvolvimento das atividades do corpo docente e discente (programas estat\u00edsticos como SPSS, Estat\u00edstica e Sphinx, AMOS, R e Outros) e datashows. Os laborat\u00f3rios s\u00e3o climatizados e ficam abertos das 08 \u00e0s 22 horas, de segunda a sexta-feira.<\/p>\n<p style=\"text-align: justify\">Destaca-se ainda que, al\u00e9m destes laborat\u00f3rios, a UFSM, possui uma grande infraestrutura de pesquisa distribu\u00edda em diferentes laborat\u00f3rios espalhados pelo campus e que contam com os chamados equipamentos multiusu\u00e1rios. Tais equipamentos s\u00e3o disponibilizados a toda a comunidade de pesquisa e podem ser\u00a0 \u00a0utilizados pelos docentes e discentes do programa. A listagem dos principais equipamentos multiusu\u00e1rios pode ser obtida nos links: <a href=\"http:\/\/prpgp.ufsm.br\/images\/fomularios-diversos\/2014\/Equipamentos_Multiusuarios\/Relacao_equipamentos_multiusurio_Proequipamentos_Capes.pdf\">pr\u00f3-equipamentos institucionais<\/a> e\u00a0 <a href=\"http:\/\/prpgp.ufsm.br\/images\/fomularios-diversos\/2014\/Equipamentos_Multiusuarios\/Relacao_equipamentos_multiusurioCTINFRA-FINEP.pdf\">equipamentos multiusu\u00e1rios<\/a>.<\/p>\n<p style=\"text-align: justify\">Al\u00e9m desses recursos, ressalta-se que cada professor possui, em sua sala de trabalho, computadores, impressoras, acesso \u00e0 internet e aos peri\u00f3dicos capes, e softwares estat\u00edsticos. Tais salas tamb\u00e9m poder\u00e3o ser utilizadas pelos discentes para realiza\u00e7\u00e3o de suas pesquisas, em especial, os orientandos de cada docente. \u00c9 pr\u00e1tica comum entre os docentes, autorizar que seus orientandos permane\u00e7am em suas salas para realiza\u00e7\u00e3o de pesquisas, artigos, etc.<\/p>\n\n\n\n<p><\/p>\n","protected":false},"excerpt":{"rendered":"<p>O PPGAP da UFSM possui uma infraestrutura de salas, equipamentos e material bibliogr\u00e1fico compat\u00edvel com o n\u00edvel de qualidade esperado para o desenvolvimento de atividades acad\u00eamicas e cient\u00edficas de alto n\u00edvel. O Programa de P\u00f3s-Gradua\u00e7\u00e3o em Administra\u00e7\u00e3o P\u00fablica conta com tr\u00eas laborat\u00f3rios (dois com vinte computadores cada e um com 50 computadores) com acesso a [&hellip;]<\/p>\n","protected":false},"author":611,"featured_media":0,"parent":0,"menu_order":0,"comment_status":"closed","ping_status":"closed","template":"","meta":{"footnotes":""},"categories":[],"tags":[],"class_list":["post-290","page","type-page","status-publish","hentry"],"acf":[],"_links":{"self":[{"href":"https:\/\/www.ufsm.br\/cursos\/pos-graduacao\/santa-maria\/ppgapublica\/wp-json\/wp\/v2\/pages\/290","targetHints":{"allow":["GET"]}}],"collection":[{"href":"https:\/\/www.ufsm.br\/cursos\/pos-graduacao\/santa-maria\/ppgapublica\/wp-json\/wp\/v2\/pages"}],"about":[{"href":"https:\/\/www.ufsm.br\/cursos\/pos-graduacao\/santa-maria\/ppgapublica\/wp-json\/wp\/v2\/types\/page"}],"author":[{"embeddable":true,"href":"https:\/\/www.ufsm.br\/cursos\/pos-graduacao\/santa-maria\/ppgapublica\/wp-json\/wp\/v2\/users\/611"}],"replies":[{"embeddable":true,"href":"https:\/\/www.ufsm.br\/cursos\/pos-graduacao\/santa-maria\/ppgapublica\/wp-json\/wp\/v2\/comments?post=290"}],"version-history":[{"count":0,"href":"https:\/\/www.ufsm.br\/cursos\/pos-graduacao\/santa-maria\/ppgapublica\/wp-json\/wp\/v2\/pages\/290\/revisions"}],"wp:attachment":[{"href":"https:\/\/www.ufsm.br\/cursos\/pos-graduacao\/santa-maria\/ppgapublica\/wp-json\/wp\/v2\/media?parent=290"}],"wp:term":[{"taxonomy":"category","embeddable":true,"href":"https:\/\/www.ufsm.br\/cursos\/pos-graduacao\/santa-maria\/ppgapublica\/wp-json\/wp\/v2\/categories?post=290"},{"taxonomy":"post_tag","embeddable":true,"href":"https:\/\/www.ufsm.br\/cursos\/pos-graduacao\/santa-maria\/ppgapublica\/wp-json\/wp\/v2\/tags?post=290"}],"curies":[{"name":"wp","href":"https:\/\/api.w.org\/{rel}","templated":true}]}}