{"id":292,"date":"2019-05-30T21:04:45","date_gmt":"2019-05-31T00:04:45","guid":{"rendered":"https:\/\/www.ufsm.br\/cursos\/pos-graduacao\/santa-maria\/ppgapublica\/?page_id=292"},"modified":"2025-03-19T15:42:22","modified_gmt":"2025-03-19T18:42:22","slug":"colegiados-e-comissoes","status":"publish","type":"page","link":"https:\/\/www.ufsm.br\/cursos\/pos-graduacao\/santa-maria\/ppgapublica\/colegiados-e-comissoes","title":{"rendered":"Colegiados e Comiss\u00f5es"},"content":{"rendered":"\t\t<div data-elementor-type=\"wp-page\" data-elementor-id=\"292\" class=\"elementor elementor-292\">\n\t\t\t\t\t\t<section class=\"elementor-section elementor-top-section elementor-element elementor-element-73640f09 elementor-section-boxed elementor-section-height-default elementor-section-height-default\" data-id=\"73640f09\" data-element_type=\"section\">\n\t\t\t\t\t\t<div class=\"elementor-container elementor-column-gap-default\">\n\t\t\t\t\t<div class=\"elementor-column elementor-col-100 elementor-top-column elementor-element elementor-element-2c40e803\" data-id=\"2c40e803\" data-element_type=\"column\">\n\t\t\t<div class=\"elementor-widget-wrap elementor-element-populated\">\n\t\t\t\t\t\t<div class=\"elementor-element elementor-element-754dd7e0 elementor-widget elementor-widget-text-editor\" data-id=\"754dd7e0\" data-element_type=\"widget\" data-widget_type=\"text-editor.default\">\n\t\t\t\t<div class=\"elementor-widget-container\">\n\t\t\t\t\t\t\t<h2 style=\"font-size: 2rem;color: #000000\">Colegiado do PPGAP:<\/h2>\n<p><!-- \/wp:heading --><!-- wp:list --><\/p>\n<ul>\n<li style=\"list-style-type: none\">\n<ul><!-- wp:list-item --><\/ul>\n<\/li>\n<\/ul>\n<ul>\n<li style=\"list-style-type: none\">\n<ul>\n<li><em>Kelmara Mendes Vieira<\/em> (coordenadora do Programa de P\u00f3s-Gradua\u00e7\u00e3o em Administra\u00e7\u00e3o P\u00fablica)<\/li>\n<li><em style=\"font-weight: var( --e-global-typography-text-font-weight );text-align: var(--bs-body-text-align)\">Luciana Flores Battistella<\/em><span style=\"font-weight: var( --e-global-typography-text-font-weight );text-align: var(--bs-body-text-align)\"> (coordenadora substituta do Programa de P\u00f3s-Gradua\u00e7\u00e3o em Administra\u00e7\u00e3o P\u00fablica)<\/span><\/li>\n<li><em style=\"font-weight: var( --e-global-typography-text-font-weight );text-align: var(--bs-body-text-align)\">Luis Carlos Zucatto<\/em><span style=\"font-weight: var( --e-global-typography-text-font-weight );text-align: var(--bs-body-text-align)\"> (l\u00edder da linha de pesquisa Gest\u00e3o de Institui\u00e7\u00f5es P\u00fablicas, Governan\u00e7a e Sociedade)<\/span><\/li>\n<li><em style=\"font-weight: var( --e-global-typography-text-font-weight );text-align: var(--bs-body-text-align)\">Kalinca Leia Becker<\/em><span style=\"font-weight: var( --e-global-typography-text-font-weight );text-align: var(--bs-body-text-align)\"> (l\u00edder da linha de pesquisa Economia, Pol\u00edticas e Finan\u00e7as P\u00fablicas)<\/span><\/li>\n<li><em style=\"font-weight: var( --e-global-typography-text-font-weight );text-align: var(--bs-body-text-align)\">Vanessa Marques Teles<\/em><span style=\"font-weight: var( --e-global-typography-text-font-weight );text-align: var(--bs-body-text-align)\"> (representante discente)<\/span><\/li>\n<li><i style=\"font-weight: var( --e-global-typography-text-font-weight );text-align: var(--bs-body-text-align)\">Renan da Mota Duarte (representante discente suplente)<\/i><\/li>\n<\/ul>\n<\/li>\n<\/ul>\n<div>\n<p>Base legal: Portaria CCSH &#8211;\u00a0<a style=\"font-size: 1rem;font-weight: var( --e-global-typography-text-font-weight );text-align: var(--bs-body-text-align)\" href=\"https:\/\/portal.ufsm.br\/documentos\/publico\/documento.html?id=15062707\" target=\"_blank\" rel=\"noopener\">PORT_CCSH_2024_113<\/a><br \/><span style=\"text-align: var(--bs-body-text-align)\"><br \/><\/span><\/p>\n<h2 style=\"font-size: 2rem;color: #000000\">Comiss\u00e3o de Bolsas do PPGAP:<\/h2>\n<\/div>\n<p><!-- \/wp:list-item --><!-- wp:list --><\/p>\n<ul>\n<li style=\"list-style-type: none\">\n<ul><!-- wp:list-item --><\/ul>\n<\/li>\n<\/ul>\n<ul>\n<li style=\"list-style-type: none\">\n<ul>\n<li><em>Kelmara Mendes Vieira<\/em> &#8211; presidente<\/li>\n<li><em style=\"font-weight: var( --e-global-typography-text-font-weight );text-align: var(--bs-body-text-align)\">Leander Luiz Klein<\/em><span style=\"font-weight: var( --e-global-typography-text-font-weight );text-align: var(--bs-body-text-align)\"> &#8211; docente<\/span><\/li>\n<li><em style=\"font-weight: var( --e-global-typography-text-font-weight );text-align: var(--bs-body-text-align)\">Breno Augusto Diniz Pereira<\/em><span style=\"font-weight: var( --e-global-typography-text-font-weight );text-align: var(--bs-body-text-align)\">&#8211; docente<\/span><\/li>\n<li><em style=\"font-weight: var( --e-global-typography-text-font-weight );text-align: var(--bs-body-text-align)\">Renan da Mota Duarte<\/em><span style=\"font-weight: var( --e-global-typography-text-font-weight );text-align: var(--bs-body-text-align)\"> &#8211; representante discente\u00a0<\/span><\/li>\n<\/ul>\n<\/li>\n<\/ul>\n<p><!-- \/wp:list-item --><\/p>\n<p>Base legal: Portaria CCSH &#8211; <a href=\"https:\/\/www.ufsm.br\/app\/uploads\/sites\/544\/2025\/03\/PORT_CCSH_2025_94-PPGAP.pdf\">PORT_CCSH_2025_94 PPGAP<\/a><\/p>\n<p><!-- \/wp:list --><!-- wp:paragraph --><\/p>\n<p><!-- \/wp:paragraph --><\/p>\n<!-- \/wp:list -->\t\t\t\t\t\t<\/div>\n\t\t\t\t<\/div>\n\t\t\t\t\t<\/div>\n\t\t<\/div>\n\t\t\t\t\t<\/div>\n\t\t<\/section>\n\t\t\t\t<\/div>\n\t\t","protected":false},"excerpt":{"rendered":"<p>Colegiado do PPGAP: Kelmara Mendes Vieira (coordenadora do Programa de P\u00f3s-Gradua\u00e7\u00e3o em Administra\u00e7\u00e3o P\u00fablica) Luciana Flores Battistella (coordenadora substituta do Programa de P\u00f3s-Gradua\u00e7\u00e3o em Administra\u00e7\u00e3o P\u00fablica) Luis Carlos Zucatto (l\u00edder da linha de pesquisa Gest\u00e3o de Institui\u00e7\u00f5es P\u00fablicas, Governan\u00e7a e Sociedade) Kalinca Leia Becker (l\u00edder da linha de pesquisa Economia, Pol\u00edticas e Finan\u00e7as P\u00fablicas) Vanessa [&hellip;]<\/p>\n","protected":false},"author":611,"featured_media":0,"parent":0,"menu_order":0,"comment_status":"closed","ping_status":"closed","template":"","meta":{"footnotes":""},"categories":[],"tags":[],"class_list":["post-292","page","type-page","status-publish","hentry"],"acf":[],"_links":{"self":[{"href":"https:\/\/www.ufsm.br\/cursos\/pos-graduacao\/santa-maria\/ppgapublica\/wp-json\/wp\/v2\/pages\/292","targetHints":{"allow":["GET"]}}],"collection":[{"href":"https:\/\/www.ufsm.br\/cursos\/pos-graduacao\/santa-maria\/ppgapublica\/wp-json\/wp\/v2\/pages"}],"about":[{"href":"https:\/\/www.ufsm.br\/cursos\/pos-graduacao\/santa-maria\/ppgapublica\/wp-json\/wp\/v2\/types\/page"}],"author":[{"embeddable":true,"href":"https:\/\/www.ufsm.br\/cursos\/pos-graduacao\/santa-maria\/ppgapublica\/wp-json\/wp\/v2\/users\/611"}],"replies":[{"embeddable":true,"href":"https:\/\/www.ufsm.br\/cursos\/pos-graduacao\/santa-maria\/ppgapublica\/wp-json\/wp\/v2\/comments?post=292"}],"version-history":[{"count":0,"href":"https:\/\/www.ufsm.br\/cursos\/pos-graduacao\/santa-maria\/ppgapublica\/wp-json\/wp\/v2\/pages\/292\/revisions"}],"wp:attachment":[{"href":"https:\/\/www.ufsm.br\/cursos\/pos-graduacao\/santa-maria\/ppgapublica\/wp-json\/wp\/v2\/media?parent=292"}],"wp:term":[{"taxonomy":"category","embeddable":true,"href":"https:\/\/www.ufsm.br\/cursos\/pos-graduacao\/santa-maria\/ppgapublica\/wp-json\/wp\/v2\/categories?post=292"},{"taxonomy":"post_tag","embeddable":true,"href":"https:\/\/www.ufsm.br\/cursos\/pos-graduacao\/santa-maria\/ppgapublica\/wp-json\/wp\/v2\/tags?post=292"}],"curies":[{"name":"wp","href":"https:\/\/api.w.org\/{rel}","templated":true}]}}