{"id":341,"date":"2023-04-13T16:41:09","date_gmt":"2023-04-13T19:41:09","guid":{"rendered":"https:\/\/www.ufsm.br\/cursos\/pos-graduacao\/santa-maria\/ppgapublica\/?page_id=341"},"modified":"2023-05-04T11:24:37","modified_gmt":"2023-05-04T14:24:37","slug":"instrucoes-aos-alunos","status":"publish","type":"page","link":"https:\/\/www.ufsm.br\/cursos\/pos-graduacao\/santa-maria\/ppgapublica\/instrucoes-aos-alunos","title":{"rendered":"Instru\u00e7\u00f5es para Estudantes"},"content":{"rendered":"\t\t<div data-elementor-type=\"wp-page\" data-elementor-id=\"341\" class=\"elementor elementor-341\">\n\t\t\t\t\t\t<section class=\"elementor-section elementor-top-section elementor-element elementor-element-5a794a02 elementor-section-boxed elementor-section-height-default elementor-section-height-default\" data-id=\"5a794a02\" data-element_type=\"section\">\n\t\t\t\t\t\t<div class=\"elementor-container elementor-column-gap-default\">\n\t\t\t\t\t<div class=\"elementor-column elementor-col-100 elementor-top-column elementor-element elementor-element-17cda727\" data-id=\"17cda727\" data-element_type=\"column\">\n\t\t\t<div class=\"elementor-widget-wrap elementor-element-populated\">\n\t\t\t\t\t\t<div class=\"elementor-element elementor-element-6cfab354 elementor-widget elementor-widget-text-editor\" data-id=\"6cfab354\" data-element_type=\"widget\" data-widget_type=\"text-editor.default\">\n\t\t\t\t<div class=\"elementor-widget-container\">\n\t\t\t\t\t\t\t<p><!-- wp:heading {\"level\":4} --><\/p>\n<p>\u00a0<\/p>\n<p style=\"text-align: center\"><strong>INSTRU\u00c7\u00d5ES PARA ESTUDANTES<\/strong><\/p>\n<p style=\"text-align: center\"><strong>Programa de P\u00f3s-Gradua\u00e7\u00e3o em Administra\u00e7\u00e3o P\u00fablica da UFSM<\/strong><\/p>\n<p style=\"text-align: center\">\u00a0<\/p>\n<p style=\"text-align: justify\">Nesta se\u00e7\u00e3o de instru\u00e7\u00f5es o(a) estudante de P\u00f3s-Gradua\u00e7\u00e3o em Administra\u00e7\u00e3o P\u00fablica ter\u00e1 acesso \u00e0s principais informa\u00e7\u00f5es e procedimentos necess\u00e1rios \u00e0 vida acad\u00eamica, do primeiro ao \u00faltimo semestre do curso de mestrado. Para tanto, encontram-se listadas abaixo (em formato de link) as situa\u00e7\u00f5es mais comuns que suscitam d\u00favidas entre o corpo discente. Para acessar o conte\u00fado, basta escolher o tema da d\u00favida na lista do quadro resumo.<\/p>\n<p>\u00a0<\/p>\n<table style=\"width: 97.3378%;border-collapse: collapse;border-style: ridge;border-color: #000000;background-color: #ebebeb;height: 532px\">\n<tbody>\n<tr style=\"height: 48px\">\n<td style=\"width: 55.6691%;background-color: #87dbff;text-align: center;border-style: double;border-color: #000000;height: 48px\"><strong>Procedimento \/ Solicita\u00e7\u00e3o<\/strong><\/td>\n<td style=\"width: 41.6688%;background-color: #87dbff;text-align: center;border-style: double;border-color: #000000;height: 48px\"><strong>Como inicia a solicita\u00e7\u00e3o ou o processo?<\/strong><\/td>\n<\/tr>\n<tr style=\"height: 50px\">\n<td style=\"width: 55.6691%;border-style: double;border-color: #000000;height: 24px\"><strong>\u00a0\u00a0 01. <a href=\"https:\/\/www.ufsm.br\/cursos\/pos-graduacao\/santa-maria\/ppgapublica\/instrucoes-sobre-plano-de-estudos\" target=\"_blank\" rel=\"noopener\">Elabora\u00e7\u00e3o do Plano de Estudos<\/a><\/strong><\/td>\n<td style=\"width: 41.6688%;border-style: double;border-color: #000000;height: 24px\">\u00a0Online, via <a href=\"https:\/\/portal.ufsm.br\/estudantil\/\" target=\"_blank\" rel=\"noopener\">Portal Estudantil<\/a><\/td>\n<\/tr>\n<tr style=\"height: 50px\">\n<td style=\"width: 55.6691%;border-style: double;border-color: #000000;height: 48px\"><strong>\u00a0\u00a0 02.\u00a0 <a href=\"https:\/\/www.ufsm.br\/cursos\/pos-graduacao\/santa-maria\/ppgapublica\/instrucoes-defesas-plano-de-estudos\" target=\"_blank\" rel=\"noopener\">Defesa do Projeto de Disserta\u00e7\u00e3o (Defesa da Qualifica\u00e7\u00e3o)<\/a><\/strong><\/td>\n<td style=\"width: 41.6688%;border-style: double;border-color: #000000;height: 48px\">\u00a0Envio de e-mails para: <a href=\"mailto:ppgap@ufsm.br\">ppgap@ufsm.br<\/a> e <a href=\"mailto:sipos.ccsh@ufsm.br\">sipos.ccsh@ufsm.br<\/a><\/td>\n<\/tr>\n<tr style=\"height: 50px\">\n<td style=\"width: 55.6691%;border-style: double;border-color: #000000;height: 24px\"><strong>\u00a0\u00a0 03.\u00a0 <a href=\"https:\/\/www.ufsm.br\/cursos\/pos-graduacao\/santa-maria\/ppgapublica\/defesa-da-dissertacao\" target=\"_blank\" rel=\"noopener\">Defesa Final da Disserta\u00e7\u00e3o<\/a><\/strong><\/td>\n<td style=\"width: 41.6688%;border-style: double;border-color: #000000;height: 24px\">\u00a0Online, via <a href=\"https:\/\/portal.ufsm.br\/estudantil\/\" target=\"_blank\" rel=\"noopener\">Portal Estudantil<\/a> (solicita\u00e7\u00e3o vira um PEN-SIE)<\/td>\n<\/tr>\n<tr style=\"height: 50px\">\n<td style=\"width: 55.6691%;border-style: double;border-color: #000000;height: 40px\"><strong>\u00a0\u00a0 04.\u00a0 <a href=\"https:\/\/www.ufsm.br\/cursos\/pos-graduacao\/santa-maria\/ppgapublica\/prorrogacao-de-prazos-de-defesa\" target=\"_blank\" rel=\"noopener\">Prorroga\u00e7\u00e3o do Prazo da Qualifica\u00e7\u00e3o do Projeto<\/a><\/strong><\/td>\n<td style=\"width: 41.6688%;border-style: double;border-color: #000000;height: 40px\">\u00a0Envio de e-mails para: <a href=\"mailto:ppgap@ufsm.br\">ppgap@ufsm.br<\/a> e <a href=\"mailto:sipos.ccsh@ufsm.br\">sipos.ccsh@ufsm.br<\/a><\/td>\n<\/tr>\n<tr style=\"height: 50px\">\n<td style=\"width: 55.6691%;border-style: double;border-color: #000000;height: 48px\"><strong>\u00a0\u00a0 05.\u00a0 <a href=\"https:\/\/www.ufsm.br\/cursos\/pos-graduacao\/santa-maria\/ppgapublica\/prorrogacao-de-prazos-de-defesa\" target=\"_blank\" rel=\"noopener\">Prorroga\u00e7\u00e3o do Prazo de Defesa da Disserta\u00e7\u00e3o<\/a><\/strong><\/td>\n<td style=\"width: 41.6688%;border-style: double;border-color: #000000;height: 48px\">\u00a0Processo Eletr\u00f4nico PEN-SIE, via <a href=\"https:\/\/portal.ufsm.br\/documentos\/mainMenu.html\" target=\"_blank\" rel=\"noopener\">Portal de Documentos<\/a><\/td>\n<\/tr>\n<tr style=\"height: 50px\">\n<td style=\"width: 55.6691%;border-style: double;border-color: #000000;height: 39px\"><strong>\u00a0\u00a0 06.\u00a0 <a href=\"https:\/\/www.ufsm.br\/cursos\/pos-graduacao\/santa-maria\/ppgapublica\/instrucoes-para-entrega-da-dissertacao\" target=\"_blank\" rel=\"noopener\">Entrega da Vers\u00e3o Final da Disserta\u00e7\u00e3o &#8211; Digital<\/a><\/strong><\/td>\n<td style=\"width: 41.6688%;border-style: double;border-color: #000000;height: 39px\">\u00a0Processo Eletr\u00f4nico PEN-SIE, via <a href=\"https:\/\/portal.ufsm.br\/documentos\/mainMenu.html\" target=\"_blank\" rel=\"noopener\">Portal de Documentos<\/a><\/td>\n<\/tr>\n<tr style=\"height: 50px\">\n<td style=\"width: 55.6691%;border-style: double;border-color: #000000;height: 24px\"><strong>\u00a0\u00a0 07.\u00a0 <a href=\"https:\/\/www.ufsm.br\/cursos\/pos-graduacao\/santa-maria\/ppgapublica\/instrucoes-docencia-orientada\" target=\"_blank\" rel=\"noopener\">Solicita\u00e7\u00e3o de Doc\u00eancia Orientada<\/a><\/strong><\/td>\n<td style=\"width: 41.6688%;border-style: double;border-color: #000000;height: 24px\">\u00a0Processo Eletr\u00f4nico PEN-SIE, via <a href=\"https:\/\/portal.ufsm.br\/documentos\/mainMenu.html\" target=\"_blank\" rel=\"noopener\">Portal de Documentos<\/a><\/td>\n<\/tr>\n<tr style=\"height: 50px\">\n<td style=\"width: 55.6691%;border-style: double;border-color: #000000;height: 48px\"><strong>\u00a0\u00a0 08.\u00a0 <a href=\"https:\/\/www.ufsm.br\/cursos\/pos-graduacao\/santa-maria\/ppgapublica\/aproveitamento-ou-dispensa-de-disciplina\" target=\"_blank\" rel=\"noopener\">Solicita\u00e7\u00e3o de Aproveitamento ou Dispensa de Disciplina<\/a><\/strong><\/td>\n<td style=\"width: 41.6688%;border-style: double;border-color: #000000;height: 48px\">\u00a0Processo Eletr\u00f4nico PEN-SIE, via <a href=\"https:\/\/portal.ufsm.br\/documentos\/mainMenu.html\" target=\"_blank\" rel=\"noopener\">Portal de Documentos<\/a><\/td>\n<\/tr>\n<tr style=\"height: 50px\">\n<td style=\"width: 55.6691%;border-style: double;border-color: #000000;height: 48px\"><strong>\u00a0\u00a0<span style=\"font-size: 12pt\"> 09.\u00a0 <a href=\"https:\/\/www.ufsm.br\/cursos\/pos-graduacao\/santa-maria\/ppgapublica\/aproveitamento-ou-dispensa-de-disciplina\" target=\"_blank\" rel=\"noopener\">Solicita\u00e7\u00e3o de Aproveitamento de Teste Sufici\u00eancia em L\u00edngua Estrangeira<\/a><\/span><\/strong><\/td>\n<td style=\"width: 41.6688%;border-style: double;border-color: #000000;height: 48px\">\u00a0Processo Eletr\u00f4nico PEN-SIE, via <a href=\"https:\/\/portal.ufsm.br\/documentos\/mainMenu.html\" target=\"_blank\" rel=\"noopener\">Portal de Documentos<\/a><\/td>\n<\/tr>\n<tr style=\"height: 50px\">\n<td style=\"width: 55.6691%;border-style: double;border-color: #000000;height: 45px\"><strong>\u00a0\u00a0 10.\u00a0 <a href=\"https:\/\/www.ufsm.br\/cursos\/pos-graduacao\/santa-maria\/ppgapublica\/matricula-extracurricular\" target=\"_blank\" rel=\"noopener\">Solicita\u00e7\u00e3o de Matr\u00edculas Extracurriculares (disciplinas em outros PPGs)<\/a><\/strong><\/td>\n<td style=\"width: 41.6688%;border-style: double;border-color: #000000;height: 45px\">\u00a0Envio de e-mail para <a href=\"mailto:ppgap@ufsm.br\">ppgap@ufsm.br<\/a> ou presencialmente<\/td>\n<\/tr>\n<tr style=\"height: 50px\">\n<td style=\"width: 55.6691%;border-style: double;border-color: #000000;height: 48px\"><strong>\u00a0\u00a0 11.\u00a0 <a href=\"https:\/\/www.ufsm.br\/cursos\/pos-graduacao\/santa-maria\/ppgapublica\/instrucoes-para-solicitacao-de-recursos-eventos-cientificos\" target=\"_blank\" rel=\"noopener\">Solicita\u00e7\u00e3o de Recursos Financeiros para Participa\u00e7\u00e3o em Eventos<\/a><\/strong><\/td>\n<td style=\"width: 41.6688%;border-style: double;border-color: #000000;height: 48px\">\n<p>\u00a0Envio de e-mails para: <a href=\"mailto:ppgap@ufsm.br\">ppgap@ufsm.br<\/a> e\u00a0<\/p>\n<p>\u00a0\u00a0\u00a0\u00a0\u00a0\u00a0\u00a0\u00a0\u00a0\u00a0\u00a0\u00a0\u00a0\u00a0\u00a0\u00a0\u00a0\u00a0\u00a0\u00a0\u00a0\u00a0\u00a0\u00a0\u00a0\u00a0\u00a0\u00a0\u00a0\u00a0\u00a0\u00a0\u00a0\u00a0\u00a0\u00a0\u00a0\u00a0\u00a0\u00a0\u00a0 <a href=\"mailto:financeiropos.ccsh@ufsm.br\">financeiropos.ccsh@ufsm.br<\/a><\/p>\n<\/td>\n<\/tr>\n<tr style=\"height: 50px\">\n<td style=\"width: 55.6691%;border-style: double;border-color: #000000;height: 48px\"><strong>\u00a0\u00a0 12.\u00a0 <a href=\"https:\/\/www.ufsm.br\/cursos\/pos-graduacao\/santa-maria\/ppgapublica\/tutorial-regime-especial\" target=\"_blank\" rel=\"noopener\">Solicita\u00e7\u00e3o de Afastamento por Motivos de Sa\u00fade &#8211; Regime Domiciliar<\/a><\/strong><\/td>\n<td style=\"width: 41.6688%;border-style: double;border-color: #000000;height: 48px\">\u00a0Processo Eletr\u00f4nico PEN-SIE, via <a href=\"https:\/\/portal.ufsm.br\/documentos\/mainMenu.html\" target=\"_blank\" rel=\"noopener\">Portal de Documentos<\/a><\/td>\n<\/tr>\n<\/tbody>\n<\/table>\n<p style=\"padding-left: 80px\"><strong><!-- \/wp:heading --><!-- wp:paragraph --><\/strong><\/p>\n<p style=\"padding-left: 80px\"><strong><!-- \/wp:paragraph --><!-- wp:heading {\"level\":4} --><\/strong><\/p>\n<p><!-- \/wp:heading --><!-- wp:paragraph --><\/p>\n<p style=\"text-align: justify\"><!-- \/wp:paragraph --><!-- wp:paragraph --><\/p>\n<p style=\"text-align: justify\"><!-- \/wp:paragraph --><!-- wp:heading {\"level\":4} --><\/p>\n<p style=\"text-align: justify\"><!-- \/wp:heading --><!-- wp:heading {\"level\":4} --><\/p>\n<p><!-- \/wp:heading --><\/p>\t\t\t\t\t\t<\/div>\n\t\t\t\t<\/div>\n\t\t\t\t\t<\/div>\n\t\t<\/div>\n\t\t\t\t\t<\/div>\n\t\t<\/section>\n\t\t\t\t<\/div>\n\t\t","protected":false},"excerpt":{"rendered":"<p>\u00a0 INSTRU\u00c7\u00d5ES PARA ESTUDANTES Programa de P\u00f3s-Gradua\u00e7\u00e3o em Administra\u00e7\u00e3o P\u00fablica da UFSM \u00a0 Nesta se\u00e7\u00e3o de instru\u00e7\u00f5es o(a) estudante de P\u00f3s-Gradua\u00e7\u00e3o em Administra\u00e7\u00e3o P\u00fablica ter\u00e1 acesso \u00e0s principais informa\u00e7\u00f5es e procedimentos necess\u00e1rios \u00e0 vida acad\u00eamica, do primeiro ao \u00faltimo semestre do curso de mestrado. Para tanto, encontram-se listadas abaixo (em formato de link) as situa\u00e7\u00f5es [&hellip;]<\/p>\n","protected":false},"author":614,"featured_media":0,"parent":0,"menu_order":0,"comment_status":"closed","ping_status":"closed","template":"","meta":{"footnotes":""},"categories":[],"tags":[],"class_list":["post-341","page","type-page","status-publish","hentry"],"acf":[],"_links":{"self":[{"href":"https:\/\/www.ufsm.br\/cursos\/pos-graduacao\/santa-maria\/ppgapublica\/wp-json\/wp\/v2\/pages\/341","targetHints":{"allow":["GET"]}}],"collection":[{"href":"https:\/\/www.ufsm.br\/cursos\/pos-graduacao\/santa-maria\/ppgapublica\/wp-json\/wp\/v2\/pages"}],"about":[{"href":"https:\/\/www.ufsm.br\/cursos\/pos-graduacao\/santa-maria\/ppgapublica\/wp-json\/wp\/v2\/types\/page"}],"author":[{"embeddable":true,"href":"https:\/\/www.ufsm.br\/cursos\/pos-graduacao\/santa-maria\/ppgapublica\/wp-json\/wp\/v2\/users\/614"}],"replies":[{"embeddable":true,"href":"https:\/\/www.ufsm.br\/cursos\/pos-graduacao\/santa-maria\/ppgapublica\/wp-json\/wp\/v2\/comments?post=341"}],"version-history":[{"count":0,"href":"https:\/\/www.ufsm.br\/cursos\/pos-graduacao\/santa-maria\/ppgapublica\/wp-json\/wp\/v2\/pages\/341\/revisions"}],"wp:attachment":[{"href":"https:\/\/www.ufsm.br\/cursos\/pos-graduacao\/santa-maria\/ppgapublica\/wp-json\/wp\/v2\/media?parent=341"}],"wp:term":[{"taxonomy":"category","embeddable":true,"href":"https:\/\/www.ufsm.br\/cursos\/pos-graduacao\/santa-maria\/ppgapublica\/wp-json\/wp\/v2\/categories?post=341"},{"taxonomy":"post_tag","embeddable":true,"href":"https:\/\/www.ufsm.br\/cursos\/pos-graduacao\/santa-maria\/ppgapublica\/wp-json\/wp\/v2\/tags?post=341"}],"curies":[{"name":"wp","href":"https:\/\/api.w.org\/{rel}","templated":true}]}}