{"id":411,"date":"2020-04-08T09:52:49","date_gmt":"2020-04-08T12:52:49","guid":{"rendered":"https:\/\/www.ufsm.br\/cursos\/pos-graduacao\/santa-maria\/ppgapublica\/?page_id=411"},"modified":"2022-07-26T08:30:43","modified_gmt":"2022-07-26T11:30:43","slug":"nossa-marca","status":"publish","type":"page","link":"https:\/\/www.ufsm.br\/cursos\/pos-graduacao\/santa-maria\/ppgapublica\/nossa-marca","title":{"rendered":"Nossa Marca"},"content":{"rendered":"\n<p><img fetchpriority=\"high\" decoding=\"async\" class=\"wp-image-413 aligncenter\" src=\"https:\/\/www.ufsm.br\/cursos\/pos-graduacao\/santa-maria\/ppgapublica\/wp-content\/uploads\/sites\/544\/2020\/04\/ppgap_sobre-atual.jpg\" alt=\"\" width=\"895\" height=\"233\" srcset=\"https:\/\/www.ufsm.br\/app\/uploads\/sites\/544\/2020\/04\/ppgap_sobre-atual.jpg 1920w, https:\/\/www.ufsm.br\/app\/uploads\/sites\/544\/2020\/04\/ppgap_sobre-atual-300x78.jpg 300w, https:\/\/www.ufsm.br\/app\/uploads\/sites\/544\/2020\/04\/ppgap_sobre-atual-1024x267.jpg 1024w, https:\/\/www.ufsm.br\/app\/uploads\/sites\/544\/2020\/04\/ppgap_sobre-atual-768x200.jpg 768w, https:\/\/www.ufsm.br\/app\/uploads\/sites\/544\/2020\/04\/ppgap_sobre-atual-1536x401.jpg 1536w\" sizes=\"(max-width: 895px) 100vw, 895px\" \/><\/p>\n<p style=\"text-align: justify\">A marca\u00a0 conta com s\u00edmbolo e logotipo. O s\u00edmbolo est\u00e1 posicionado de maneira centralizada, criando equil\u00edbrio e harmonia na composi\u00e7\u00e3o geral de marca. O s\u00edmbolo, principal elemento visual, foi constru\u00eddo de forma complexa, org\u00e2nica e com \u00eanfase no movimento. As pessoas, cujos corpos se entrela\u00e7am, fazem alus\u00e3o a ideia de sociedade e coletivo, transmitindo a mensagem que a sociedade \u00e9 composta de mistura das v\u00e1rias partes nela envolvidas. Da mesma forma, est\u00e3o ligadas ao s\u00edmbolo da Administra\u00e7\u00e3o, ao mesmo tempo em que fazem parte, tamb\u00e9m, t\u00eam o dever de guiar a sociedade.<\/p>\n<p style=\"text-align: justify\">A composi\u00e7\u00e3o circular implica que este \u00e9 um ciclo, ainda englobando as tr\u00eas esferas do governo, no qual atuam os profissionais. O s\u00edmbolo da Administra\u00e7\u00e3o, representado de forma org\u00e2nica e centralizado, lembra o formato de olhos, um olhar atento que remete a fun\u00e7\u00e3o de zelar pela sociedade. O logotipo foi escrito na tipografia institucional da UFSM, refor\u00e7ando o v\u00ednculo do programa com a institui\u00e7\u00e3o. As cores violeta, verde e azul representam, respectivamente 1) intui\u00e7\u00e3o, sabedoria e criatividade; 2) equil\u00edbrio e harmonia; e 3) seguran\u00e7a, poder confian\u00e7a, produtividade e sucesso. Suas mesclas implicam que s\u00e3o qualidades que devem ser intr\u00ednsecas aos profissionais da \u00e1rea de Administra\u00e7\u00e3o P\u00fablica.<\/p>\n\n\n\n<p><\/p>\n","protected":false},"excerpt":{"rendered":"<p>A marca\u00a0 conta com s\u00edmbolo e logotipo. O s\u00edmbolo est\u00e1 posicionado de maneira centralizada, criando equil\u00edbrio e harmonia na composi\u00e7\u00e3o geral de marca. O s\u00edmbolo, principal elemento visual, foi constru\u00eddo de forma complexa, org\u00e2nica e com \u00eanfase no movimento. As pessoas, cujos corpos se entrela\u00e7am, fazem alus\u00e3o a ideia de sociedade e coletivo, transmitindo a [&hellip;]<\/p>\n","protected":false},"author":614,"featured_media":0,"parent":0,"menu_order":0,"comment_status":"closed","ping_status":"closed","template":"","meta":{"footnotes":""},"categories":[],"tags":[],"class_list":["post-411","page","type-page","status-publish","hentry"],"acf":[],"_links":{"self":[{"href":"https:\/\/www.ufsm.br\/cursos\/pos-graduacao\/santa-maria\/ppgapublica\/wp-json\/wp\/v2\/pages\/411","targetHints":{"allow":["GET"]}}],"collection":[{"href":"https:\/\/www.ufsm.br\/cursos\/pos-graduacao\/santa-maria\/ppgapublica\/wp-json\/wp\/v2\/pages"}],"about":[{"href":"https:\/\/www.ufsm.br\/cursos\/pos-graduacao\/santa-maria\/ppgapublica\/wp-json\/wp\/v2\/types\/page"}],"author":[{"embeddable":true,"href":"https:\/\/www.ufsm.br\/cursos\/pos-graduacao\/santa-maria\/ppgapublica\/wp-json\/wp\/v2\/users\/614"}],"replies":[{"embeddable":true,"href":"https:\/\/www.ufsm.br\/cursos\/pos-graduacao\/santa-maria\/ppgapublica\/wp-json\/wp\/v2\/comments?post=411"}],"version-history":[{"count":0,"href":"https:\/\/www.ufsm.br\/cursos\/pos-graduacao\/santa-maria\/ppgapublica\/wp-json\/wp\/v2\/pages\/411\/revisions"}],"wp:attachment":[{"href":"https:\/\/www.ufsm.br\/cursos\/pos-graduacao\/santa-maria\/ppgapublica\/wp-json\/wp\/v2\/media?parent=411"}],"wp:term":[{"taxonomy":"category","embeddable":true,"href":"https:\/\/www.ufsm.br\/cursos\/pos-graduacao\/santa-maria\/ppgapublica\/wp-json\/wp\/v2\/categories?post=411"},{"taxonomy":"post_tag","embeddable":true,"href":"https:\/\/www.ufsm.br\/cursos\/pos-graduacao\/santa-maria\/ppgapublica\/wp-json\/wp\/v2\/tags?post=411"}],"curies":[{"name":"wp","href":"https:\/\/api.w.org\/{rel}","templated":true}]}}