{"id":960,"date":"2022-10-19T15:05:56","date_gmt":"2022-10-19T18:05:56","guid":{"rendered":"https:\/\/www.ufsm.br\/cursos\/pos-graduacao\/santa-maria\/ppgapublica\/?page_id=960"},"modified":"2024-08-12T09:10:50","modified_gmt":"2024-08-12T12:10:50","slug":"instrucoes-defesas-plano-de-estudos","status":"publish","type":"page","link":"https:\/\/www.ufsm.br\/cursos\/pos-graduacao\/santa-maria\/ppgapublica\/instrucoes-defesas-plano-de-estudos","title":{"rendered":"Qualifica\u00e7\u00e3o do Projeto"},"content":{"rendered":"\t\t<div data-elementor-type=\"wp-page\" data-elementor-id=\"960\" class=\"elementor elementor-960\">\n\t\t\t\t\t\t<section class=\"elementor-section elementor-top-section elementor-element elementor-element-7a02e98c elementor-section-boxed elementor-section-height-default elementor-section-height-default\" data-id=\"7a02e98c\" data-element_type=\"section\">\n\t\t\t\t\t\t<div class=\"elementor-container elementor-column-gap-default\">\n\t\t\t\t\t<div class=\"elementor-column elementor-col-100 elementor-top-column elementor-element elementor-element-3c704d0\" data-id=\"3c704d0\" data-element_type=\"column\">\n\t\t\t<div class=\"elementor-widget-wrap elementor-element-populated\">\n\t\t\t\t\t\t<div class=\"elementor-element elementor-element-660a1e4 elementor-widget elementor-widget-text-editor\" data-id=\"660a1e4\" data-element_type=\"widget\" data-widget_type=\"text-editor.default\">\n\t\t\t\t<div class=\"elementor-widget-container\">\n\t\t\t\t\t\t\t<p style=\"text-align: center\"><strong>INSTRU\u00c7\u00d5ES PARA QUALIFICA\u00c7\u00c3O DO PROJETO DE DISSERTA\u00c7\u00c3O<br \/><\/strong><\/p><p style=\"text-align: center\"><strong>Programa de P\u00f3s-Gradua\u00e7\u00e3o em Administra\u00e7\u00e3o P\u00fablica da UFSM<\/strong><\/p><p style=\"text-align: justify\">A Defesa de Qualifica\u00e7\u00e3o deve ocorrer ap\u00f3s o(a) aluno(a) completar 75% do total de cr\u00e9ditos requeridos no Regulamento do Programa, momento em que poder\u00e1 solicitar o Exame de Qualifica\u00e7\u00e3o. A defesa dever\u00e1 ocorrer em at\u00e9 12 meses. Casos especiais de solicita\u00e7\u00e3o de prorroga\u00e7\u00e3o dever\u00e3o ser encaminhados \u00e0 Coordena\u00e7\u00e3o.<\/p><p style=\"text-align: justify\">\u00a0<\/p>\t\t\t\t\t\t<\/div>\n\t\t\t\t<\/div>\n\t\t\t\t\t<\/div>\n\t\t<\/div>\n\t\t\t\t\t<\/div>\n\t\t<\/section>\n\t\t\t\t<section class=\"elementor-section elementor-top-section elementor-element elementor-element-92878ee elementor-section-boxed elementor-section-height-default elementor-section-height-default\" data-id=\"92878ee\" data-element_type=\"section\">\n\t\t\t\t\t\t<div class=\"elementor-container elementor-column-gap-default\">\n\t\t\t\t\t<div class=\"elementor-column elementor-col-100 elementor-top-column elementor-element elementor-element-d6bfedf\" data-id=\"d6bfedf\" data-element_type=\"column\">\n\t\t\t<div class=\"elementor-widget-wrap elementor-element-populated\">\n\t\t\t\t\t\t<div class=\"elementor-element elementor-element-d72d609 elementor-widget elementor-widget-text-editor\" data-id=\"d72d609\" data-element_type=\"widget\" data-widget_type=\"text-editor.default\">\n\t\t\t\t<div class=\"elementor-widget-container\">\n\t\t\t\t\t\t\t<h4><span style=\"color: #000080\">QUALIFICA\u00c7\u00c3O DE MESTRADO:<\/span><\/h4><h4><strong>Fluxo para o processo de qualifica\u00e7\u00e3o de mestrado &#8211; Estabelecido pela PRPGP\/UFSM:<\/strong><\/h4><h5 dir=\"ltr\" style=\"text-align: justify\"><span style=\"color: #ff0000\"><strong>[1]<\/strong><\/span>\u00a0discente (abertura do processo)\u00a0<span style=\"color: #ff0000\">\u2192<\/span>\u00a0<span style=\"color: #ff0000\"><strong>[2]<\/strong>\u00a0<\/span>orientador\/a\u00a0<span style=\"color: #ff0000\">\u2192\u00a0<strong>[3]<\/strong><\/span>\u00a0coordena\u00e7\u00e3o\/Colegiado do PPG\u00a0<span style=\"color: #ff0000\">\u2192\u00a0<strong>[4]<\/strong><\/span>\u00a0comiss\u00e3o examinadora\u00a0<span style=\"color: #ff0000\">\u2192<\/span>\u00a0<span style=\"color: #ff0000\"><strong>[5]<\/strong><\/span>\u00a0coordena\u00e7\u00e3o do PPG\u00a0<span style=\"color: #ff0000\">\u2192<\/span>\u00a0<span style=\"color: #ff0000\"><strong>[6]<\/strong>\u00a0<\/span>arquivo.<\/h5><p dir=\"ltr\" style=\"text-align: justify\"><a href=\"https:\/\/www.ufsm.br\/app\/uploads\/sites\/544\/2024\/07\/Fluxo-para-o-processo-de-qualificacao-de-mestrado-PRPGP-SIPOS.pdf\">Tutorial do processo de qualifica\u00e7\u00e3o de mestrado &#8211; PRPGP-SIPOS<\/a><\/p>\t\t\t\t\t\t<\/div>\n\t\t\t\t<\/div>\n\t\t\t\t\t<\/div>\n\t\t<\/div>\n\t\t\t\t\t<\/div>\n\t\t<\/section>\n\t\t\t\t<\/div>\n\t\t","protected":false},"excerpt":{"rendered":"<p>INSTRU\u00c7\u00d5ES PARA QUALIFICA\u00c7\u00c3O DO PROJETO DE DISSERTA\u00c7\u00c3O Programa de P\u00f3s-Gradua\u00e7\u00e3o em Administra\u00e7\u00e3o P\u00fablica da UFSM A Defesa de Qualifica\u00e7\u00e3o deve ocorrer ap\u00f3s o(a) aluno(a) completar 75% do total de cr\u00e9ditos requeridos no Regulamento do Programa, momento em que poder\u00e1 solicitar o Exame de Qualifica\u00e7\u00e3o. A defesa dever\u00e1 ocorrer em at\u00e9 12 meses. Casos especiais de [&hellip;]<\/p>\n","protected":false},"author":586,"featured_media":0,"parent":0,"menu_order":0,"comment_status":"closed","ping_status":"closed","template":"","meta":{"footnotes":""},"categories":[42],"tags":[],"class_list":["post-960","page","type-page","status-publish","hentry","category-defesa"],"acf":[],"_links":{"self":[{"href":"https:\/\/www.ufsm.br\/cursos\/pos-graduacao\/santa-maria\/ppgapublica\/wp-json\/wp\/v2\/pages\/960","targetHints":{"allow":["GET"]}}],"collection":[{"href":"https:\/\/www.ufsm.br\/cursos\/pos-graduacao\/santa-maria\/ppgapublica\/wp-json\/wp\/v2\/pages"}],"about":[{"href":"https:\/\/www.ufsm.br\/cursos\/pos-graduacao\/santa-maria\/ppgapublica\/wp-json\/wp\/v2\/types\/page"}],"author":[{"embeddable":true,"href":"https:\/\/www.ufsm.br\/cursos\/pos-graduacao\/santa-maria\/ppgapublica\/wp-json\/wp\/v2\/users\/586"}],"replies":[{"embeddable":true,"href":"https:\/\/www.ufsm.br\/cursos\/pos-graduacao\/santa-maria\/ppgapublica\/wp-json\/wp\/v2\/comments?post=960"}],"version-history":[{"count":0,"href":"https:\/\/www.ufsm.br\/cursos\/pos-graduacao\/santa-maria\/ppgapublica\/wp-json\/wp\/v2\/pages\/960\/revisions"}],"wp:attachment":[{"href":"https:\/\/www.ufsm.br\/cursos\/pos-graduacao\/santa-maria\/ppgapublica\/wp-json\/wp\/v2\/media?parent=960"}],"wp:term":[{"taxonomy":"category","embeddable":true,"href":"https:\/\/www.ufsm.br\/cursos\/pos-graduacao\/santa-maria\/ppgapublica\/wp-json\/wp\/v2\/categories?post=960"},{"taxonomy":"post_tag","embeddable":true,"href":"https:\/\/www.ufsm.br\/cursos\/pos-graduacao\/santa-maria\/ppgapublica\/wp-json\/wp\/v2\/tags?post=960"}],"curies":[{"name":"wp","href":"https:\/\/api.w.org\/{rel}","templated":true}]}}