{"id":1029,"date":"2020-03-02T14:41:40","date_gmt":"2020-03-02T17:41:40","guid":{"rendered":"https:\/\/www.ufsm.br\/cursos\/pos-graduacao\/santa-maria\/ppgart\/?page_id=1029"},"modified":"2024-10-02T11:02:05","modified_gmt":"2024-10-02T14:02:05","slug":"projeto-de-pesquisa-arte-e-transversalidade","status":"publish","type":"page","link":"https:\/\/www.ufsm.br\/cursos\/pos-graduacao\/santa-maria\/ppgart\/projeto-de-pesquisa-arte-e-transversalidade","title":{"rendered":"Projetos de Pesquisa: Arte e Transversalidade"},"content":{"rendered":"\t\t<div data-elementor-type=\"wp-page\" data-elementor-id=\"1029\" class=\"elementor elementor-1029\">\n\t\t\t\t\t\t<section class=\"elementor-section elementor-top-section elementor-element elementor-element-0622127 elementor-section-boxed elementor-section-height-default elementor-section-height-default\" data-id=\"0622127\" data-element_type=\"section\">\n\t\t\t\t\t\t<div class=\"elementor-container elementor-column-gap-default\">\n\t\t\t\t\t<div class=\"elementor-column elementor-col-100 elementor-top-column elementor-element elementor-element-a70b8fc\" data-id=\"a70b8fc\" data-element_type=\"column\">\n\t\t\t<div class=\"elementor-widget-wrap elementor-element-populated\">\n\t\t\t\t\t\t<div class=\"elementor-element elementor-element-282bce0 elementor-align-center elementor-icon-list--layout-traditional elementor-list-item-link-full_width elementor-widget elementor-widget-icon-list\" data-id=\"282bce0\" data-element_type=\"widget\" data-widget_type=\"icon-list.default\">\n\t\t\t\t<div class=\"elementor-widget-container\">\n\t\t\t\t\t<ul class=\"elementor-icon-list-items\">\n\t\t\t\t\t\t\t<li class=\"elementor-icon-list-item\">\n\t\t\t\t\t\t\t\t\t\t<span class=\"elementor-icon-list-text\">\u00canfase em  Po\u00e9ticas Visuais <\/span>\n\t\t\t\t\t\t\t\t\t<\/li>\n\t\t\t\t\t\t<\/ul>\n\t\t\t\t<\/div>\n\t\t\t\t<\/div>\n\t\t\t\t<div class=\"elementor-element elementor-element-2d95bf8 elementor-widget elementor-widget-wp-widget-text\" data-id=\"2d95bf8\" data-element_type=\"widget\" data-widget_type=\"wp-widget-text.default\">\n\t\t\t\t<div class=\"elementor-widget-container\">\n\t\t\t<h5>Arte e cultura: a transversalidade dos-nos-pelos corpos performativos<\/h5>\t\t\t<div class=\"textwidget\"><p>Assim, a presente investiga\u00e7\u00e3o pretende ser um projeto guarda-chuva que esteja imerso no tr\u00e2nsito, no di\u00e1logo, no amalgamar de saberes oriundo dos campos das Artes, dos saberes do-no-pelo e sobre o corpo em estado de arte, bem como articular proposi\u00e7\u00f5es transdisciplinares, pr\u00f3prias dos encaminhamentos fronteiri\u00e7os. Portanto, a proposta foi elaborada devido \u00e0 intens\u00e3o de produzir\/difundir conhecimentos instaurados e instauradores de experi\u00eancias performativas dos-nos-pelos-sobre os corpos-arte investigativos. As experi\u00eancias promovidas, aqui, s\u00e3o buscadas em processos culturais diversos que transitam desde movimentos sociais, interven\u00e7\u00f5es e ativismo pol\u00edtico at\u00e9 manifesta\u00e7\u00f5es oriundas de manifesta\u00e7\u00f5es religiosas, festivas, entre tantos. Estes estudos pr\u00e1tico-te\u00f3ricos em po\u00e9ticas visuais est\u00e3o concentrados nos pressupostos da arte contempor\u00e2nea.<\/p>\n<p><strong>Coordenadora:<\/strong> Gisela Reis Biancalana<\/p>\n<\/div>\n\t\t\t\t<\/div>\n\t\t\t\t<\/div>\n\t\t\t\t<div class=\"elementor-element elementor-element-1d417e0 elementor-widget elementor-widget-wp-widget-text\" data-id=\"1d417e0\" data-element_type=\"widget\" data-widget_type=\"wp-widget-text.default\">\n\t\t\t\t<div class=\"elementor-widget-container\">\n\t\t\t<h5>Imagem Multiplicada\u2013 Arte e Ecosofia<\/h5>\t\t\t<div class=\"textwidget\"><p>A Proposta de contribui\u00e7\u00e3o como professor na linha de pesquisa Arte e Visualidade do PPGART \/ Mestrado em Artes Visuais iniciou em 2014 com o projeto Imagem Multiplicada que em 2018 foi ampliada para Imagem Multiplicada: Arte e Ecosofia. O projeto tenciona contribuir na instaura\u00e7\u00e3o de um pensamento cr\u00edtico e de discuss\u00e3o em torno \u00e0s formas de produ\u00e7\u00e3o art\u00edsticas atuais que tenham como referente processos de obten\u00e7\u00e3o e impress\u00e3o de imagens e que discutam quest\u00f5es ambientais. A \u00eanfase est\u00e1 em investiga\u00e7\u00f5es operadas (ou que mantenham resqu\u00edcios) de processos de impress\u00e3o da imagem tradicionais, mec\u00e2nicos e foto mec\u00e2nicos. Essa caracter\u00edstica \u201clow-tech\u201d \u00e9 entendida como procedimento e proposi\u00e7\u00e3o, como potencializadora de modos de fazer arte que instiguem a consci\u00eancia art\u00edstica na produ\u00e7\u00e3o contempor\u00e2nea. Seja em circunstancias de atua\u00e7\u00e3o h\u00edbrida ou por permea\u00e7\u00e3o simples, pretende-se possibilitar um amplo espa\u00e7o no qual as investiga\u00e7\u00f5es possam reconhecer elementos significativos no campo da arte e ecologia, inter-relacionando aspectos econ\u00f4micos, sociais, culturais, tecnol\u00f3gicos, profissionais e pessoais que associados a processos de subjetiva\u00e7\u00e3o, repercutem na constitui\u00e7\u00e3o de diferentes po\u00e9ticas visuais.<\/p>\n<p><strong>Coordenadora:<\/strong> Helga Corr\u00eaa<\/p>\n<\/div>\n\t\t\t\t<\/div>\n\t\t\t\t<\/div>\n\t\t\t\t<div class=\"elementor-element elementor-element-648ac9c elementor-widget elementor-widget-wp-widget-text\" data-id=\"648ac9c\" data-element_type=\"widget\" data-widget_type=\"wp-widget-text.default\">\n\t\t\t\t<div class=\"elementor-widget-container\">\n\t\t\t<h5>Transversalidades em pintura: possibilidades po\u00e9tico-visuais na arte contempor\u00e2nea<\/h5>\t\t\t<div class=\"textwidget\"><p>Este projeto congrega investiga\u00e7\u00f5es pr\u00e1tico-te\u00f3ricas sobre processos art\u00edsticos de cria\u00e7\u00e3o em pintura, realizadas por membros do GPICTO \u2013 Grupo de Pesquisa Processos Pict\u00f3ricos \u2013 UFSM\/CNPQ, cujos encontros ocorrem no LAPICTO \u2013 Laborat\u00f3rio de Processos Pict\u00f3ricos, localizado no Pr\u00e9dio 40 \u2013 Centro de Artes e Letras \u2013 CAL, UFSM. Abrange pesquisas art\u00edsticas autorais dos participantes sobre pr\u00e1ticas, t\u00e9cnicas, materiais e processos pict\u00f3ricos tradicionais ou alternativos, com experimenta\u00e7\u00f5es e an\u00e1lises de suas possibilidades po\u00e9ticas, envolvendo, tamb\u00e9m, os atravessamentos entre a pintura e outras \u00e1reas do conhecimento ou outras linguagens art\u00edsticas. Isso aponta para o potencial transversal da pintura na arte contempor\u00e2nea, considerando a multiplicidade de processos e seus entrecruzamentos po\u00e9ticos, articulados a conceitos da hist\u00f3ria e teoria da arte e da pintura, bem como o seu potencial reflexivo e discursivo na contemporaneidade, podendo envolver atravessamentos entre a pintura contempor\u00e2nea e a hist\u00f3ria da arte, os g\u00eaneros pict\u00f3ricos tradicionais, problematizando temas transversais, que entrecruzam os processos criativos em pintura, sendo coerentes com a arte, o contexto e o sujeito contempor\u00e2neo. Assim, cabe indagar: como colocar em trabalho as possibilidades po\u00e9tico-visuais da pintura, na arte contempor\u00e2nea, focando nas transversalidades de pr\u00e1ticas e sentidos que a atravessam?<\/p>\n<p><strong>Coordenadora:<\/strong> Karine Gomes Perez Vieira<\/p>\n<\/div>\n\t\t\t\t<\/div>\n\t\t\t\t<\/div>\n\t\t\t\t<div class=\"elementor-element elementor-element-5c9ea08 elementor-align-center elementor-icon-list--layout-traditional elementor-list-item-link-full_width elementor-widget elementor-widget-icon-list\" data-id=\"5c9ea08\" data-element_type=\"widget\" data-widget_type=\"icon-list.default\">\n\t\t\t\t<div class=\"elementor-widget-container\">\n\t\t\t\t\t<ul class=\"elementor-icon-list-items\">\n\t\t\t\t\t\t\t<li class=\"elementor-icon-list-item\">\n\t\t\t\t\t\t\t\t\t\t<span class=\"elementor-icon-list-text\">\u00canfase em  Hist\u00f3ria, Teoria e Critica de Arte<\/span>\n\t\t\t\t\t\t\t\t\t<\/li>\n\t\t\t\t\t\t<\/ul>\n\t\t\t\t<\/div>\n\t\t\t\t<\/div>\n\t\t\t\t<div class=\"elementor-element elementor-element-40b7ddd elementor-widget elementor-widget-wp-widget-text\" data-id=\"40b7ddd\" data-element_type=\"widget\" data-widget_type=\"wp-widget-text.default\">\n\t\t\t\t<div class=\"elementor-widget-container\">\n\t\t\t<h5>Arte figurativa na contemporaneidade: entre processos e significados da imagem<\/h5>\t\t\t<div class=\"textwidget\"><p>Este projeto investiga a arte figurativa na contemporaneidade. Tem o objetivo de desenvolver e organizar estudos em po\u00e9ticas visuais; e estudos em hist\u00f3ria, teoria e cr\u00edtica da arte a partir de tem\u00e1ticas relacionadas a imagens com \u00eanfase na representa\u00e7\u00e3o naturalista. Utiliza, como m\u00e9todos preferenciais, abordagens anal\u00edticas derivadas da iconografia de Erwin Panofsky na \u00e1rea te\u00f3rica, e a poi\u00e9tica de Ren\u00e9 Passeron na \u00e1rea das pr\u00e1ticas. Almeja, entre os resultados esperados, orientar subprojetos pr\u00e1ticos, e te\u00f3ricos relacionados \u00e0s figura\u00e7\u00f5es art\u00edsticas buscando ampliar o conhecimento de aspectos relacionados aos processos e significados dessas imagens.<\/p>\n<p><strong>Coordenador:<\/strong> Altamir Moreira<\/p>\n<\/div>\n\t\t\t\t<\/div>\n\t\t\t\t<\/div>\n\t\t\t\t<div class=\"elementor-element elementor-element-913fee3 elementor-widget elementor-widget-wp-widget-text\" data-id=\"913fee3\" data-element_type=\"widget\" data-widget_type=\"wp-widget-text.default\">\n\t\t\t\t<div class=\"elementor-widget-container\">\n\t\t\t<h5>Arte nas margens: estrangeiridades e (des)localiza\u00e7\u00f5es<\/h5>\t\t\t<div class=\"textwidget\"><p><span id=\"OutFieldTag_85FNBU7hz4I1OpKH\" class=\"\" aria-labelledby=\"OutFieldTag_85FNBU7hz4I1OpKH_label\">A proposta do projeto \u00e9 pesquisar as distintas espacialidades, estrangeiriades e (des)localiza\u00e7\u00f5es que s\u00e3o produzidas na arte contempor\u00e2nea, tendo como resultado tens\u00f5es entre o local e o global e o individual e o social. Sugere-se que o imagin\u00e1rio e as subjetividades interferem na proje\u00e7\u00e3o art\u00edstica, tanto em artistas como em curadores(as). Nesse contexto, a arte (re)produz fronteiras e (in)defini\u00e7\u00f5es tanto territoriais quanto topogr\u00e1ficas, assim como incertezas conceituais. A estrangeiridade acontece tanto na perspectiva de quem observa a partir das margens, quanto naqueles indiv\u00edduos que n\u00e3o se reconhecem no espa\u00e7o, tendo que buscar ou inventar c\u00f3digos para determinar as suas a\u00e7\u00f5es (AMMANN, 1996-97). A percep\u00e7\u00e3o ou o questionamento em torno de si surge especificamente em uma situa\u00e7\u00e3o fronteiri\u00e7a, onde o(a) sujeito n\u00e3o se identifica ou conscientiza a sua estrangeiridade (ANZALD\u00daA, 1989). Esse estranhamento que permite olhar a partir das margens, criando um enquadramento privilegiado, pode ser categorizado tamb\u00e9m como uma condi\u00e7\u00e3o queer (BLANCA, 2011). Essa forma de (des)localiza\u00e7\u00e3o art\u00edstica interfere nas formas de produ\u00e7\u00e3o da arte contempor\u00e2nea (BLANCA, 1999). Os projetos curatoriais contribuem para a expans\u00e3o das estrangeiridades em contextos de mundializa\u00e7\u00e3o. Entendem-se as exposi\u00e7\u00f5es como dispositivos de produ\u00e7\u00e3o de conhecimento. As mostras de arte que surgem a partir dos margens, ou seja, que possuem como escopo a inter e transnacionaliza\u00e7\u00e3o, confrontam o nacional, levantando problemas de ordem identit\u00e1ria e de coexist\u00eancia. O espa\u00e7o museogr\u00e1fico, como um margem, permite que artistas ampliem as formas est\u00e9ticas regionais com a inten\u00e7\u00e3o de dialogar com os(as) Outros(as). O projeto de pesquisa contempla como objeto de estudo tanto projetos curatoriais, como pr\u00e1ticas art\u00edsticas que possuem como preocupa\u00e7\u00e3o o territ\u00f3rio, a estrangeirdade, a identidade e a intersubjetividade.<\/span><\/p>\n<p><strong>Coordenadora:<\/strong> Rosa Maia Blanca Cedillo<\/p>\n<\/div>\n\t\t\t\t<\/div>\n\t\t\t\t<\/div>\n\t\t\t\t<div class=\"elementor-element elementor-element-3cc9a3d elementor-widget elementor-widget-wp-widget-text\" data-id=\"3cc9a3d\" data-element_type=\"widget\" data-widget_type=\"wp-widget-text.default\">\n\t\t\t\t<div class=\"elementor-widget-container\">\n\t\t\t<h5>Teoria, Cr\u00edtica e Media\u00e7\u00e3o em Arte Contempor\u00e2nea: processos e produtos criativos<\/h5>\t\t\t<div class=\"textwidget\"><p>Este\u00a0<span class=\"il\">projeto<\/span>\u00a0de pesquisa tem como objetivo aprofundar o estudo e a investiga\u00e7\u00e3o qualitativa em e sobre teoria, cr\u00edtica e media\u00e7\u00e3o das Artes Visuais, num vi\u00e9s decolonial. Diante disso, se insere na mem\u00f3ria e na hist\u00f3ria da Arte e de seu ensino de modo a contribuir para o debate geopol\u00edtico de alteridade, da ancestralidade, identidade e apropria\u00e7\u00e3o. Neste sentido, intenta suscitar investiga\u00e7\u00f5es acerca de e na produ\u00e7\u00e3o de artistas e professores de Artes Visuais a partir de obras de Arte e visualidades na Am\u00e9rica Latina, especialmente os que n\u00e3o est\u00e3o em registro oficial. Como procedimento metodol\u00f3gico, busca a intera\u00e7\u00e3o entre os diferentes tipos de Pesquisa Baseada nas Artes Visuais, de modo contextual, cr\u00edtico e reflexivo, dando espa\u00e7os para autores e fronteiras, demonstrando discursos por interm\u00e9dio da an\u00e1lise e do registro, re(a)vendo os processos criativos, o ensino de Arte e a media\u00e7\u00e3o nos diferentes espa\u00e7os formais e n\u00e3o \u00a0formais, entre escola e museu, entre ateli\u00ea e oficina, revisitando as produ\u00e7\u00f5es e a\u00e7\u00f5es no desenvolvimento de percursos que colaboram para o campo da Teoria, Cr\u00edtica e Media\u00e7\u00e3o em Artes Visuais.<\/p>\n<p><strong>Coordenadora:<\/strong> Fl\u00e1via Maria de Brito Pedrosa Vasconcelos<\/p>\n<\/div>\n\t\t\t\t<\/div>\n\t\t\t\t<\/div>\n\t\t\t\t\t<\/div>\n\t\t<\/div>\n\t\t\t\t\t<\/div>\n\t\t<\/section>\n\t\t\t\t<\/div>\n\t\t","protected":false},"excerpt":{"rendered":"<p>\u00canfase em Po\u00e9ticas Visuais \u00canfase em Hist\u00f3ria, Teoria e Critica de Arte<\/p>\n","protected":false},"author":820,"featured_media":0,"parent":0,"menu_order":0,"comment_status":"closed","ping_status":"closed","template":"","meta":{"footnotes":""},"categories":[],"tags":[],"class_list":["post-1029","page","type-page","status-publish","hentry"],"acf":[],"_links":{"self":[{"href":"https:\/\/www.ufsm.br\/cursos\/pos-graduacao\/santa-maria\/ppgart\/wp-json\/wp\/v2\/pages\/1029","targetHints":{"allow":["GET"]}}],"collection":[{"href":"https:\/\/www.ufsm.br\/cursos\/pos-graduacao\/santa-maria\/ppgart\/wp-json\/wp\/v2\/pages"}],"about":[{"href":"https:\/\/www.ufsm.br\/cursos\/pos-graduacao\/santa-maria\/ppgart\/wp-json\/wp\/v2\/types\/page"}],"author":[{"embeddable":true,"href":"https:\/\/www.ufsm.br\/cursos\/pos-graduacao\/santa-maria\/ppgart\/wp-json\/wp\/v2\/users\/820"}],"replies":[{"embeddable":true,"href":"https:\/\/www.ufsm.br\/cursos\/pos-graduacao\/santa-maria\/ppgart\/wp-json\/wp\/v2\/comments?post=1029"}],"version-history":[{"count":0,"href":"https:\/\/www.ufsm.br\/cursos\/pos-graduacao\/santa-maria\/ppgart\/wp-json\/wp\/v2\/pages\/1029\/revisions"}],"wp:attachment":[{"href":"https:\/\/www.ufsm.br\/cursos\/pos-graduacao\/santa-maria\/ppgart\/wp-json\/wp\/v2\/media?parent=1029"}],"wp:term":[{"taxonomy":"category","embeddable":true,"href":"https:\/\/www.ufsm.br\/cursos\/pos-graduacao\/santa-maria\/ppgart\/wp-json\/wp\/v2\/categories?post=1029"},{"taxonomy":"post_tag","embeddable":true,"href":"https:\/\/www.ufsm.br\/cursos\/pos-graduacao\/santa-maria\/ppgart\/wp-json\/wp\/v2\/tags?post=1029"}],"curies":[{"name":"wp","href":"https:\/\/api.w.org\/{rel}","templated":true}]}}