{"id":1282,"date":"2021-03-31T15:49:54","date_gmt":"2021-03-31T18:49:54","guid":{"rendered":"https:\/\/www.ufsm.br\/cursos\/pos-graduacao\/santa-maria\/ppgart\/?page_id=1282"},"modified":"2025-09-06T05:31:06","modified_gmt":"2025-09-06T08:31:06","slug":"processoseletivo","status":"publish","type":"page","link":"https:\/\/www.ufsm.br\/cursos\/pos-graduacao\/santa-maria\/ppgart\/processoseletivo","title":{"rendered":"Processo Seletivo"},"content":{"rendered":"\t\t<div data-elementor-type=\"wp-page\" data-elementor-id=\"1282\" class=\"elementor elementor-1282\">\n\t\t\t\t\t\t<section class=\"elementor-section elementor-top-section elementor-element elementor-element-36ff40e elementor-section-boxed elementor-section-height-default elementor-section-height-default\" data-id=\"36ff40e\" data-element_type=\"section\">\n\t\t\t\t\t\t<div class=\"elementor-container elementor-column-gap-default\">\n\t\t\t\t\t<div class=\"elementor-column elementor-col-100 elementor-top-column elementor-element elementor-element-ff5463e\" data-id=\"ff5463e\" data-element_type=\"column\">\n\t\t\t<div class=\"elementor-widget-wrap elementor-element-populated\">\n\t\t\t\t\t\t<div class=\"elementor-element elementor-element-58087b8 elementor-widget elementor-widget-text-editor\" data-id=\"58087b8\" data-element_type=\"widget\" data-widget_type=\"text-editor.default\">\n\t\t\t\t<div class=\"elementor-widget-container\">\n\t\t\t\t\t\t\t<p>A sele\u00e7\u00e3o para os cursos de Mestrado e Doutorado do PPART ocorre atrav\u00e9s de edital p\u00fablico. A sele\u00e7\u00e3o \u00e9 ANUAL, sendo lan\u00e7ados dois editais por ano, geralmente no mese de\u00a0 OUTUBRO (para ingresso no 1\u00ba semestre do ano posterior).<\/p><p>O n\u00famero de vagas para cada orientador \u00e9 definido pelo Colegiado do Programa a cada semestre, de acordo com a disponibilidade de orienta\u00e7\u00e3o.<\/p><p>Podem se inscrever profissionais portadores do Diploma de Gradua\u00e7\u00e3o em Artes Visuais ou \u00e1reas afins. Al\u00e9m disso, para o Doutorado, tamb\u00e9m deve possuir o diploma de Mestrado em Artes Visuais ou \u00e1reas afins.<\/p><p>Os editais s\u00e3o publicados na p\u00e1gina do PPGART e na p\u00e1gina de Editais da UFSM (<a href=\"http:\/\/site.ufsm.br\/editais\/prpgp\">http:\/\/site.ufsm.br\/editais\/prpgp<\/a>).<\/p><p>O processo de avalia\u00e7\u00e3o ocorre em tr\u00eas etapas, cada uma delas eliminat\u00f3ria, considerando-se aprovado o candidato que atingir a nota m\u00ednima de 7,0 em cada etapa.\u00a0<\/p>\t\t\t\t\t\t<\/div>\n\t\t\t\t<\/div>\n\t\t\t\t\t<\/div>\n\t\t<\/div>\n\t\t\t\t\t<\/div>\n\t\t<\/section>\n\t\t\t\t<section class=\"elementor-section elementor-top-section elementor-element elementor-element-0b6ea75 elementor-section-boxed elementor-section-height-default elementor-section-height-default\" data-id=\"0b6ea75\" data-element_type=\"section\">\n\t\t\t\t\t\t<div class=\"elementor-container elementor-column-gap-default\">\n\t\t\t\t\t<div class=\"elementor-column elementor-col-50 elementor-top-column elementor-element elementor-element-a3b7e46\" data-id=\"a3b7e46\" data-element_type=\"column\">\n\t\t\t<div class=\"elementor-widget-wrap elementor-element-populated\">\n\t\t\t\t\t\t<div class=\"elementor-element elementor-element-017954b elementor-align-center elementor-widget elementor-widget-button\" data-id=\"017954b\" data-element_type=\"widget\" data-widget_type=\"button.default\">\n\t\t\t\t<div class=\"elementor-widget-container\">\n\t\t\t\t\t\t\t<div class=\"elementor-button-wrapper\">\n\t\t\t\t\t<a class=\"elementor-button elementor-button-link elementor-size-sm\" href=\"\">\n\t\t\t\t\t\t<span class=\"elementor-button-content-wrapper\">\n\t\t\t\t\t\t<span class=\"elementor-button-icon\">\n\t\t\t\t<i aria-hidden=\"true\" class=\"fas fa-file-import\"><\/i>\t\t\t<\/span>\n\t\t\t\t\t\t\t\t\t<span class=\"elementor-button-text\">Ingresso 1\u00aa janela de 2025<\/span>\n\t\t\t\t\t<\/span>\n\t\t\t\t\t<\/a>\n\t\t\t\t<\/div>\n\t\t\t\t\t\t<\/div>\n\t\t\t\t<\/div>\n\t\t\t\t\t<\/div>\n\t\t<\/div>\n\t\t\t\t<div class=\"elementor-column elementor-col-50 elementor-top-column elementor-element elementor-element-21ac997\" data-id=\"21ac997\" data-element_type=\"column\">\n\t\t\t<div class=\"elementor-widget-wrap elementor-element-populated\">\n\t\t\t\t\t\t<div class=\"elementor-element elementor-element-fffdc3d elementor-align-center elementor-widget elementor-widget-button\" data-id=\"fffdc3d\" data-element_type=\"widget\" data-widget_type=\"button.default\">\n\t\t\t\t<div class=\"elementor-widget-container\">\n\t\t\t\t\t\t\t<div class=\"elementor-button-wrapper\">\n\t\t\t\t\t<a class=\"elementor-button elementor-size-sm\" role=\"button\">\n\t\t\t\t\t\t<span class=\"elementor-button-content-wrapper\">\n\t\t\t\t\t\t<span class=\"elementor-button-icon\">\n\t\t\t\t<i aria-hidden=\"true\" class=\"fas fa-file-import\"><\/i>\t\t\t<\/span>\n\t\t\t\t\t\t\t\t\t<span class=\"elementor-button-text\">Ingresso 1\u00aa janela de 2026<\/span>\n\t\t\t\t\t<\/span>\n\t\t\t\t\t<\/a>\n\t\t\t\t<\/div>\n\t\t\t\t\t\t<\/div>\n\t\t\t\t<\/div>\n\t\t\t\t\t<\/div>\n\t\t<\/div>\n\t\t\t\t\t<\/div>\n\t\t<\/section>\n\t\t\t\t<\/div>\n\t\t","protected":false},"excerpt":{"rendered":"<p>A sele\u00e7\u00e3o para os cursos de Mestrado e Doutorado do PPART ocorre atrav\u00e9s de edital p\u00fablico. A sele\u00e7\u00e3o \u00e9 ANUAL, sendo lan\u00e7ados dois editais por ano, geralmente no mese de\u00a0 OUTUBRO (para ingresso no 1\u00ba semestre do ano posterior). O n\u00famero de vagas para cada orientador \u00e9 definido pelo Colegiado do Programa a cada semestre, [&hellip;]<\/p>\n","protected":false},"author":820,"featured_media":0,"parent":0,"menu_order":0,"comment_status":"closed","ping_status":"closed","template":"","meta":{"footnotes":""},"categories":[],"tags":[],"class_list":["post-1282","page","type-page","status-publish","hentry"],"acf":[],"_links":{"self":[{"href":"https:\/\/www.ufsm.br\/cursos\/pos-graduacao\/santa-maria\/ppgart\/wp-json\/wp\/v2\/pages\/1282","targetHints":{"allow":["GET"]}}],"collection":[{"href":"https:\/\/www.ufsm.br\/cursos\/pos-graduacao\/santa-maria\/ppgart\/wp-json\/wp\/v2\/pages"}],"about":[{"href":"https:\/\/www.ufsm.br\/cursos\/pos-graduacao\/santa-maria\/ppgart\/wp-json\/wp\/v2\/types\/page"}],"author":[{"embeddable":true,"href":"https:\/\/www.ufsm.br\/cursos\/pos-graduacao\/santa-maria\/ppgart\/wp-json\/wp\/v2\/users\/820"}],"replies":[{"embeddable":true,"href":"https:\/\/www.ufsm.br\/cursos\/pos-graduacao\/santa-maria\/ppgart\/wp-json\/wp\/v2\/comments?post=1282"}],"version-history":[{"count":0,"href":"https:\/\/www.ufsm.br\/cursos\/pos-graduacao\/santa-maria\/ppgart\/wp-json\/wp\/v2\/pages\/1282\/revisions"}],"wp:attachment":[{"href":"https:\/\/www.ufsm.br\/cursos\/pos-graduacao\/santa-maria\/ppgart\/wp-json\/wp\/v2\/media?parent=1282"}],"wp:term":[{"taxonomy":"category","embeddable":true,"href":"https:\/\/www.ufsm.br\/cursos\/pos-graduacao\/santa-maria\/ppgart\/wp-json\/wp\/v2\/categories?post=1282"},{"taxonomy":"post_tag","embeddable":true,"href":"https:\/\/www.ufsm.br\/cursos\/pos-graduacao\/santa-maria\/ppgart\/wp-json\/wp\/v2\/tags?post=1282"}],"curies":[{"name":"wp","href":"https:\/\/api.w.org\/{rel}","templated":true}]}}