{"id":1378,"date":"2021-05-22T09:46:32","date_gmt":"2021-05-22T12:46:32","guid":{"rendered":"https:\/\/www.ufsm.br\/cursos\/pos-graduacao\/santa-maria\/ppgart\/?page_id=1378"},"modified":"2025-12-18T09:13:48","modified_gmt":"2025-12-18T12:13:48","slug":"autoavaliacao-e-planejamento-estrategico","status":"publish","type":"page","link":"https:\/\/www.ufsm.br\/cursos\/pos-graduacao\/santa-maria\/ppgart\/autoavaliacao-e-planejamento-estrategico","title":{"rendered":"Autoavalia\u00e7\u00e3o e Planejamento Estrat\u00e9gico"},"content":{"rendered":"\t\t<div data-elementor-type=\"wp-page\" data-elementor-id=\"1378\" class=\"elementor elementor-1378\">\n\t\t\t\t\t\t<section class=\"elementor-section elementor-top-section elementor-element elementor-element-6d94f7c elementor-section-boxed elementor-section-height-default elementor-section-height-default\" data-id=\"6d94f7c\" data-element_type=\"section\">\n\t\t\t\t\t\t<div class=\"elementor-container elementor-column-gap-default\">\n\t\t\t\t\t<div class=\"elementor-column elementor-col-100 elementor-top-column elementor-element elementor-element-4710d94\" data-id=\"4710d94\" data-element_type=\"column\">\n\t\t\t<div class=\"elementor-widget-wrap\">\n\t\t\t\t\t\t\t<\/div>\n\t\t<\/div>\n\t\t\t\t\t<\/div>\n\t\t<\/section>\n\t\t\t\t<section class=\"elementor-section elementor-top-section elementor-element elementor-element-13835fb elementor-section-boxed elementor-section-height-default elementor-section-height-default\" data-id=\"13835fb\" data-element_type=\"section\">\n\t\t\t\t\t\t<div class=\"elementor-container elementor-column-gap-default\">\n\t\t\t\t\t<div class=\"elementor-column elementor-col-50 elementor-top-column elementor-element elementor-element-92b4134\" data-id=\"92b4134\" data-element_type=\"column\">\n\t\t\t<div class=\"elementor-widget-wrap elementor-element-populated\">\n\t\t\t\t\t\t<div class=\"elementor-element elementor-element-33bcea3 elementor-widget elementor-widget-heading\" data-id=\"33bcea3\" data-element_type=\"widget\" data-widget_type=\"heading.default\">\n\t\t\t\t<div class=\"elementor-widget-container\">\n\t\t\t<h2 class=\"elementor-heading-title elementor-size-default\">Autoavalia\u00e7\u00e3o<\/h2>\t\t<\/div>\n\t\t\t\t<\/div>\n\t\t\t\t<div class=\"elementor-element elementor-element-3d5a697 elementor-widget elementor-widget-text-editor\" data-id=\"3d5a697\" data-element_type=\"widget\" data-widget_type=\"text-editor.default\">\n\t\t\t\t<div class=\"elementor-widget-container\">\n\t\t\t\t\t\t\t<p>\u00a0<\/p><p style=\"text-align: justify\">A autoavalia\u00e7\u00e3o \u00e9 um processo importante e necess\u00e1rio, que vem sendo proposto e conduzido como um fator essencial no contexto da p\u00f3s-gradua\u00e7\u00e3o, de uma forma ampla e em todas as \u00e1reas. Assim, documentos e diretrizes de \u00f3rg\u00e3os como a CAPES (Coordena\u00e7\u00e3o de Aperfei\u00e7oamento de Pessoal de N\u00edvel Superior), bem como processos gestados internamente, seja em semin\u00e1rios pr\u00f3prios do PPGART ou conduzidos por setores respons\u00e1veis na UFSM, direcionam-se a gerar uma cultura positiva e construtiva para avaliar o percurso e propor a\u00e7\u00f5es futuras. Conhecer-se enquanto PPG, fazer o diagn\u00f3stico de sua realidade, apontando pontos fortes e fracos, para produzir uma an\u00e1lise eficiente que conduza a mudan\u00e7as e melhorias cont\u00ednuas.<\/p><p style=\"text-align: justify\">Imbu\u00eddo deste esp\u00edrito, o Programa de P\u00f3s-Gradua\u00e7\u00e3o em Artes Visuais PPGART-UFSM, atrav\u00e9s de seu GT Autoavalia\u00e7\u00e3o, estabelecido em reuni\u00e3o de Colegiado no in\u00edcio de 2020, apresenta as diretrizes de Planejamento Estrat\u00e9gico para o per\u00edodo de 2019-2022. O Plano proposto foi debatido em Semin\u00e1rio Espec\u00edfico de Autoavalia\u00e7\u00e3o interna e, posteriormente, homologado em reuni\u00e3o de Colegiado e divulgado para a comunidade em geral.<\/p><p style=\"text-align: justify\">As a\u00e7\u00f5es e iniciativas neste sentido ocorrem desde 2019, j\u00e1 que a autoavalia\u00e7\u00e3o do PPGART ocorre de forma cont\u00ednua e focada na an\u00e1lise e identifica\u00e7\u00e3o dos processos que podem fomentar a produ\u00e7\u00e3o intelectual e art\u00edstica como: pesquisas, produ\u00e7\u00f5es, exposi\u00e7\u00f5es, publica\u00e7\u00f5es, organiza\u00e7\u00e3o e participa\u00e7\u00e3o em eventos ou interc\u00e2mbios e parcerias.\u00a0 A autoavalia\u00e7\u00e3o tem se pautado na realiza\u00e7\u00e3o de atividades como: semin\u00e1rios internos com an\u00e1lise dos projetos de pesquisa dos docentes, verificando sua coer\u00eancia com as linhas de pesquisa e \u00e1rea de concentra\u00e7\u00e3o do PPG; semin\u00e1rios internos para an\u00e1lise dos resultados e requisitos das avalia\u00e7\u00f5es quadrienais da CAPES; semin\u00e1rios para desenvolvimento de planejamento estrat\u00e9gico; semin\u00e1rios internos sobre as metodologias de trabalho e pesquisa utilizadas no PPGART; workshops para preenchimento do Curr\u00edculo na Plataforma Lattes e verifica\u00e7\u00e3o de produ\u00e7\u00f5es individuais; reuni\u00f5es com os discentes, para an\u00e1lise conjunta da tabela de produ\u00e7\u00e3o intelectual e art\u00edstica para sele\u00e7\u00e3o e renova\u00e7\u00e3o de bolsas anualmente, entre outros.<\/p>\t\t\t\t\t\t<\/div>\n\t\t\t\t<\/div>\n\t\t\t\t<div class=\"elementor-element elementor-element-d0ce397 elementor-widget elementor-widget-wp-widget-text\" data-id=\"d0ce397\" data-element_type=\"widget\" data-widget_type=\"wp-widget-text.default\">\n\t\t\t\t<div class=\"elementor-widget-container\">\n\t\t\t<h5>GT de Autoavalia\u00e7\u00e3o<\/h5>\t\t\t<div class=\"textwidget\"><p><span style=\"font-weight: 400\"><strong>Representantes docentes:<br \/>\n<\/strong><\/span><span style=\"font-weight: 400\">Prof. Dr. Altamir Moreira &#8211; Presidente;<br \/>\n<\/span><span style=\"font-weight: 400\">Prof.\u00aa Dr.\u00aa Fl\u00e1via Maria De Brito Pedrosa Vasconcelos;<br \/>\n<\/span><span style=\"font-weight: 400\">Prof.\u00aa Dr.\u00aa Andr\u00e9ia Machado Oliveira;<\/span><\/p>\n<p><strong>Representantes Discentes:<br \/>\n<\/strong><strong>Doutorado<\/strong><br \/>\nVanessa Cristina Dias<\/p>\n<p><strong>Mestrado<\/strong><br \/>\nLeonardo Martins Penna<\/p>\n<p><strong>Representante Egresso:<br \/>\n<span style=\"font-weight: 400\">Cristina Landerdahl Dalla Costa<\/span><br \/>\n<\/strong><\/p>\n<p><strong>Representante da Comunidade:<\/strong><br \/>\nLuciano Silva dos Santos<\/p>\n<p><strong>T\u00e9cnico Administrativo em Educa\u00e7\u00e3o:<\/strong><br \/>\nAss. Adm. Camila Linhati Bitencourt<\/p>\n<p>&nbsp;<\/p>\n<\/div>\n\t\t\t\t<\/div>\n\t\t\t\t<\/div>\n\t\t\t\t\t<\/div>\n\t\t<\/div>\n\t\t\t\t<div class=\"elementor-column elementor-col-50 elementor-top-column elementor-element elementor-element-2c9db2f\" data-id=\"2c9db2f\" data-element_type=\"column\">\n\t\t\t<div class=\"elementor-widget-wrap elementor-element-populated\">\n\t\t\t\t\t\t<div class=\"elementor-element elementor-element-712253f elementor-widget elementor-widget-heading\" data-id=\"712253f\" data-element_type=\"widget\" data-widget_type=\"heading.default\">\n\t\t\t\t<div class=\"elementor-widget-container\">\n\t\t\t<h2 class=\"elementor-heading-title elementor-size-default\">Planejamento Estrat\u00e9gico<\/h2>\t\t<\/div>\n\t\t\t\t<\/div>\n\t\t\t\t<div class=\"elementor-element elementor-element-e15b7e4 elementor-widget elementor-widget-spacer\" data-id=\"e15b7e4\" data-element_type=\"widget\" data-widget_type=\"spacer.default\">\n\t\t\t\t<div class=\"elementor-widget-container\">\n\t\t\t\t\t<div class=\"elementor-spacer\">\n\t\t\t<div class=\"elementor-spacer-inner\"><\/div>\n\t\t<\/div>\n\t\t\t\t<\/div>\n\t\t\t\t<\/div>\n\t\t\t\t<div class=\"elementor-element elementor-element-0d3f74c elementor-view-stacked elementor-shape-circle elementor-position-top elementor-mobile-position-top elementor-widget elementor-widget-icon-box\" data-id=\"0d3f74c\" data-element_type=\"widget\" data-widget_type=\"icon-box.default\">\n\t\t\t\t<div class=\"elementor-widget-container\">\n\t\t\t\t\t<div class=\"elementor-icon-box-wrapper\">\n\n\t\t\t\t\t\t<div class=\"elementor-icon-box-icon\">\n\t\t\t\t<a href=\"https:\/\/www.ufsm.br\/app\/uploads\/sites\/529\/2025\/12\/PLANEJAMENTO-ESTRATEGICO-PPGART-2025-2028.pdf\" class=\"elementor-icon elementor-animation-\" tabindex=\"-1\">\n\t\t\t\t<i aria-hidden=\"true\" class=\"far fa-file-pdf\"><\/i>\t\t\t\t<\/a>\n\t\t\t<\/div>\n\t\t\t\n\t\t\t\t\t\t<div class=\"elementor-icon-box-content\">\n\n\t\t\t\t\t\t\t\t\t<h3 class=\"elementor-icon-box-title\">\n\t\t\t\t\t\t<a href=\"https:\/\/www.ufsm.br\/app\/uploads\/sites\/529\/2025\/12\/PLANEJAMENTO-ESTRATEGICO-PPGART-2025-2028.pdf\" >\n\t\t\t\t\t\t\tPlanejamento Estrat\u00e9gico PPGART\t\t\t\t\t\t<\/a>\n\t\t\t\t\t<\/h3>\n\t\t\t\t\n\t\t\t\t\t\t\t\t\t<p class=\"elementor-icon-box-description\">\n\t\t\t\t\t\t2025 - 2028\t\t\t\t\t<\/p>\n\t\t\t\t\n\t\t\t<\/div>\n\t\t\t\n\t\t<\/div>\n\t\t\t\t<\/div>\n\t\t\t\t<\/div>\n\t\t\t\t<div class=\"elementor-element elementor-element-3784c95 elementor-view-stacked elementor-shape-circle elementor-position-top elementor-mobile-position-top elementor-widget elementor-widget-icon-box\" data-id=\"3784c95\" data-element_type=\"widget\" data-widget_type=\"icon-box.default\">\n\t\t\t\t<div class=\"elementor-widget-container\">\n\t\t\t\t\t<div class=\"elementor-icon-box-wrapper\">\n\n\t\t\t\t\t\t<div class=\"elementor-icon-box-icon\">\n\t\t\t\t<a href=\"https:\/\/www.ufsm.br\/app\/uploads\/sites\/529\/2021\/08\/Planejamento-Estrategico-PPGART-2019_2022.pdf\" class=\"elementor-icon elementor-animation-pulse\" tabindex=\"-1\">\n\t\t\t\t<i aria-hidden=\"true\" class=\"far fa-file-pdf\"><\/i>\t\t\t\t<\/a>\n\t\t\t<\/div>\n\t\t\t\n\t\t\t\t\t\t<div class=\"elementor-icon-box-content\">\n\n\t\t\t\t\t\t\t\t\t<h3 class=\"elementor-icon-box-title\">\n\t\t\t\t\t\t<a href=\"https:\/\/www.ufsm.br\/app\/uploads\/sites\/529\/2021\/08\/Planejamento-Estrategico-PPGART-2019_2022.pdf\" >\n\t\t\t\t\t\t\tPlanejamento Estrat\u00e9gico PPGART\t\t\t\t\t\t<\/a>\n\t\t\t\t\t<\/h3>\n\t\t\t\t\n\t\t\t\t\t\t\t\t\t<p class=\"elementor-icon-box-description\">\n\t\t\t\t\t\t2019 - 2023\t\t\t\t\t<\/p>\n\t\t\t\t\n\t\t\t<\/div>\n\t\t\t\n\t\t<\/div>\n\t\t\t\t<\/div>\n\t\t\t\t<\/div>\n\t\t\t\t\t<\/div>\n\t\t<\/div>\n\t\t\t\t\t<\/div>\n\t\t<\/section>\n\t\t\t\t<\/div>\n\t\t","protected":false},"excerpt":{"rendered":"<p>Autoavalia\u00e7\u00e3o \u00a0 A autoavalia\u00e7\u00e3o \u00e9 um processo importante e necess\u00e1rio, que vem sendo proposto e conduzido como um fator essencial no contexto da p\u00f3s-gradua\u00e7\u00e3o, de uma forma ampla e em todas as \u00e1reas. Assim, documentos e diretrizes de \u00f3rg\u00e3os como a CAPES (Coordena\u00e7\u00e3o de Aperfei\u00e7oamento de Pessoal de N\u00edvel Superior), bem como processos gestados internamente, [&hellip;]<\/p>\n","protected":false},"author":820,"featured_media":0,"parent":0,"menu_order":0,"comment_status":"closed","ping_status":"closed","template":"","meta":{"footnotes":""},"categories":[],"tags":[],"class_list":["post-1378","page","type-page","status-publish","hentry"],"acf":[],"_links":{"self":[{"href":"https:\/\/www.ufsm.br\/cursos\/pos-graduacao\/santa-maria\/ppgart\/wp-json\/wp\/v2\/pages\/1378","targetHints":{"allow":["GET"]}}],"collection":[{"href":"https:\/\/www.ufsm.br\/cursos\/pos-graduacao\/santa-maria\/ppgart\/wp-json\/wp\/v2\/pages"}],"about":[{"href":"https:\/\/www.ufsm.br\/cursos\/pos-graduacao\/santa-maria\/ppgart\/wp-json\/wp\/v2\/types\/page"}],"author":[{"embeddable":true,"href":"https:\/\/www.ufsm.br\/cursos\/pos-graduacao\/santa-maria\/ppgart\/wp-json\/wp\/v2\/users\/820"}],"replies":[{"embeddable":true,"href":"https:\/\/www.ufsm.br\/cursos\/pos-graduacao\/santa-maria\/ppgart\/wp-json\/wp\/v2\/comments?post=1378"}],"version-history":[{"count":0,"href":"https:\/\/www.ufsm.br\/cursos\/pos-graduacao\/santa-maria\/ppgart\/wp-json\/wp\/v2\/pages\/1378\/revisions"}],"wp:attachment":[{"href":"https:\/\/www.ufsm.br\/cursos\/pos-graduacao\/santa-maria\/ppgart\/wp-json\/wp\/v2\/media?parent=1378"}],"wp:term":[{"taxonomy":"category","embeddable":true,"href":"https:\/\/www.ufsm.br\/cursos\/pos-graduacao\/santa-maria\/ppgart\/wp-json\/wp\/v2\/categories?post=1378"},{"taxonomy":"post_tag","embeddable":true,"href":"https:\/\/www.ufsm.br\/cursos\/pos-graduacao\/santa-maria\/ppgart\/wp-json\/wp\/v2\/tags?post=1378"}],"curies":[{"name":"wp","href":"https:\/\/api.w.org\/{rel}","templated":true}]}}