{"id":1397,"date":"2021-05-29T08:54:47","date_gmt":"2021-05-29T11:54:47","guid":{"rendered":"https:\/\/www.ufsm.br\/cursos\/pos-graduacao\/santa-maria\/ppgart\/?page_id=1397"},"modified":"2021-06-22T17:03:08","modified_gmt":"2021-06-22T20:03:08","slug":"dissertacoes-a-partir-de-2020","status":"publish","type":"page","link":"https:\/\/www.ufsm.br\/cursos\/pos-graduacao\/santa-maria\/ppgart\/dissertacoes-a-partir-de-2020","title":{"rendered":"Disserta\u00e7\u00f5es (a partir de 2020)"},"content":{"rendered":"\t\t<div data-elementor-type=\"wp-page\" data-elementor-id=\"1397\" class=\"elementor elementor-1397\">\n\t\t\t\t\t\t<section class=\"elementor-section elementor-top-section elementor-element elementor-element-42503ca elementor-section-boxed elementor-section-height-default elementor-section-height-default\" data-id=\"42503ca\" data-element_type=\"section\">\n\t\t\t\t\t\t<div class=\"elementor-container elementor-column-gap-default\">\n\t\t\t\t\t<div class=\"elementor-column elementor-col-100 elementor-top-column elementor-element elementor-element-14ab3697\" data-id=\"14ab3697\" data-element_type=\"column\">\n\t\t\t<div class=\"elementor-widget-wrap elementor-element-populated\">\n\t\t\t\t\t\t<div class=\"elementor-element elementor-element-1ecfaf3d elementor-widget elementor-widget-text-editor\" data-id=\"1ecfaf3d\" data-element_type=\"widget\" data-widget_type=\"text-editor.default\">\n\t\t\t\t<div class=\"elementor-widget-container\">\n\t\t\t\t\t\t\t<p><b><a href=\"https:\/\/www.ufsm.br\/app\/uploads\/sites\/529\/2021\/06\/Dissertacao-Milena.pdf\">&#8220;A presen\u00e7a da natureza-morta na arte contempor\u00e2nea&#8221;<\/a><br \/><\/b><\/p><p><b>Autoria:<\/b> Milena Regina Duarte Corr\u00eaa<\/p><p><b>Banca:<\/b> Prof. Dr. Lutiere Dalla Valle \u2013 UFSM (orientador) ; Prof. Dr. Altamir Moreira &#8211; UFSM (coorientador); Prof.\u00aa Ana Albani de Carvalho &#8211; UFRGS, Prof.\u00aa Reinilda de F\u00e1tima Berguenmayer &#8211; UFSM e Prof.\u00ba Dr.\u00aa Nara Cristina Santos &#8211; UFSM (suplente).<\/p><p><b>Data: <\/b>28\/01\/2020<\/p><p>_____________________________________________________<\/p><p><b><a href=\"https:\/\/www.ufsm.br\/app\/uploads\/sites\/529\/2021\/06\/Dissertacao-Marcella-Rodrigues.pdf\">&#8220;Uma po\u00e9tica em performance arte: as rela\u00e7\u00f5es afetivas atravessadas pela cibercultura&#8221;<\/a><br \/><\/b><\/p><p><b>Autoria:<\/b> Marcella Nunes Rodrigues<\/p><p><b>Banca:\u00a0<\/b>Prof.\u00aa Dr.\u00aa Gisela Reis Biancalana &#8211; UFSM (orientadora); Prof.\u00aa Dra.\u00aa Luciana Hartmann &#8211; UNB, Prof.\u00aa Dr.\u00aa Rosa Maria Blanca Cedillo &#8211; UFSM e Prof. Dr. Lutiere Dalla Valle &#8211; UFSM (suplente).<\/p><p><b>Data: <\/b>03\/02\/2020<\/p><p>_____________________________________________________<\/p><p><b><a href=\"https:\/\/www.ufsm.br\/app\/uploads\/sites\/529\/2021\/06\/Dissertacao-Natascha.pdf\">&#8220;Projetos curatoriais na Arte Contempor\u00e2nea: um estudo sobre a BIENALSUR e suas estrat\u00e9gias em Arte e Tecnologia&#8221;<\/a><br \/><\/b><\/p><p><b>Autoria:<\/b> Natascha Rosa de Carvalho<\/p><p><b>Banca: <\/b>Prof.\u00aa Dr.\u00aa Nara Cristina Santos &#8211; UFSM (orientadora); Prof.\u00aa Dr.\u00aa Maria Graciela Yeregui &#8211; UNTREF, Prof.\u00aa Dr.\u00aa Sandra Terezinha Rey &#8211; UFSM e Prof.\u00aa Dr.\u00aa Rosa Maria Blanca Cedillo &#8211; UFSM (suplente).<\/p><p><b>Data: <\/b>18\/03\/2020<\/p><p>_____________________________________________________<\/p><p><b><a href=\"https:\/\/www.ufsm.br\/app\/uploads\/sites\/529\/2021\/06\/Dissertacao-Vanessa.pdf\">&#8220;Proposi\u00e7\u00f5es [ir]regulares de imagemcorpo em instala\u00e7\u00f5es interativas&#8221;<\/a><br \/><\/b><\/p><p><b>Autoria:<\/b> Vanessa Elicker Fredrich<\/p><p><b>Banca: <\/b>Prof.\u00aa Dr.\u00aa Andreia Machado Oliveira &#8211; UFSM (orientadora); Prof.\u00aa Dr.\u00aa Bianca Scliar Mancini &#8211; UDESC, Prof.\u00aa Dr.\u00aa Gisela Reis Biancalana &#8211; UFSM e Prof.\u00aa Dr.\u00aa Reinilda de F\u00e1tima Berguenmayer Minuzzi &#8211; UFSM\u00a0 (suplente).<\/p><p><b>Data:<\/b> 20\/03\/2020<\/p><p>_____________________________________________________<\/p><p><b><a href=\"https:\/\/www.ufsm.br\/app\/uploads\/sites\/529\/2021\/06\/Dissertacao-Bruna.pdf\">&#8220;Inventariando mem\u00f3rias pela arte: entre afetos, objetos e fotografias&#8221;<\/a><br \/><\/b><\/p><p><b>Autoria:<\/b> Bruna Kuhn<\/p><p><b>Banca: <\/b>Prof.\u00aa Dr.\u00aa Reinilda de F\u00e1tima Berguenmayer Minuzzi &#8211; UFSM (orientadora); Prof.\u00aa Dr.\u00aa Helene Gomes Sacco Carbone &#8211; UFPEL, Prof.\u00aaDr.\u00aa Sandra Terezinha Rey &#8211; UFSM e Prof.\u00aa Dr.\u00aa Karine Gomes Perez Vieira &#8211; UFSM (suplente).<\/p><p><b>Data:<\/b> 24\/03\/2020<\/p><p>_____________________________________________________<\/p><p><b><a href=\"https:\/\/www.ufsm.br\/app\/uploads\/sites\/529\/2021\/06\/dissertacao-Jane.pdf\">&#8220;Po\u00e9tica do desc-arte: fotografia e meio ambiente em Santa Maria&#8221;<\/a><br \/><\/b><\/p><p><b>Autoria:<\/b> Jane Andiara Soares Zofoli<\/p><p><b>Banca: <\/b>Prof.\u00aa Dr.\u00aa Darci Raquel Fonseca &#8211; UFSM (orientadora); Prof.\u00aa Dr.\u00aa Niura Legramante Ribeiro &#8211; UFRGS, Prof.\u00aa Dr.\u00aa Nara Cristina Santos &#8211; UFSM e Prof.\u00aa Dr.\u00aa Reinilda de F\u00e1tima Berguenmayer Minuzzi &#8211; UFSM (suplente).<\/p><p><b>Data:<\/b> 25\/03\/2020<\/p><p>_____________________________________________________<\/p><p><b><a href=\"https:\/\/www.ufsm.br\/app\/uploads\/sites\/529\/2021\/06\/Dissertacao-Jaessica.pdf\">&#8220;Lugar afetivo: possibilidades de pensar a imagem na produ\u00e7\u00e3o art\u00edstica contempor\u00e2nea&#8221;<\/a><br \/><\/b><\/p><p><b>Autoria:<\/b> J\u00e9ssia Anibale Vesz<\/p><p><b>Banca: <\/b>Prof.\u00aa Dr.\u00aa Reinilda de F\u00e1tima Berguenmayer Minuzzi &#8211; UFSM (orientadora); Prof. Dr. Claudio Tarouco de Azevedo &#8211; UFPEL, Prof.\u00aa Dr.\u00aa Sandra Terezinha Rey &#8211; UFSM e Prof.\u00aa Dr.\u00aa Karine Gomes Perez Vieira &#8211; UFSM (suplente).<b><br \/><\/b><\/p><p><b>Data:<\/b> 27\/03\/2020<\/p><p>_____________________________________________________<\/p><p><b><a href=\"https:\/\/www.ufsm.br\/app\/uploads\/sites\/529\/2021\/06\/Dissertacao-Fernanda.pdf\">&#8220;Tamanho \u00fanico: o corpo da mulher gorda na arte contempor\u00e2nea&#8221;<\/a><br \/><\/b><\/p><p><b>Autoria:<\/b> Fernanda Pizzuti Codinotti<\/p><p><b>Banca: <\/b>Prof.\u00aa Dr.\u00aa Darci Raquel Fonseca &#8211; UFSM (orientadora); Prof.\u00aa Dr.\u00aa Elaine Tedesco &#8211; UFRGS, Prof.\u00aa Dr.\u00aa Sandra Terezinha Rey &#8211; UFSM e Prof.\u00aa Dr.\u00aa Reinilda de F\u00e1tima Berguenmayer Minuzzi &#8211; UFSM (suplente).<\/p><p><b>Data:<\/b> 30\/03\/2020<\/p><p>_____________________________________________________<\/p><p><a href=\"https:\/\/www.ufsm.br\/app\/uploads\/sites\/529\/2021\/06\/Dissertacao-Antonio.pdf\"><b>&#8220;Afetividades distantes, pinturas aproximativas&#8221;<\/b><\/a><\/p><p><b>Autoria:<\/b> Ant\u00f4nio Jos\u00e9 dos Santos Junior<\/p><p><b>Banca:<\/b> Prof.\u00aa Dr.\u00aa Helga Correa \u2013 UFSM (orientadora\/presidente); Prof.\u00aa Dr.\u00aa Jociele Lampert de Oliveira \u2013 UDESC,<\/p><p>Prof.\u00aa Dr.\u00aa Karine Gomes Perez Vieira \u2013 UFSM e Prof.\u00aa Dr.\u00aa Rebeca Lenize Stumm \u2013 UFSM (suplente).<\/p><p><b>Data: <\/b>31\/03\/2020<\/p>\t\t\t\t\t\t<\/div>\n\t\t\t\t<\/div>\n\t\t\t\t\t<\/div>\n\t\t<\/div>\n\t\t\t\t\t<\/div>\n\t\t<\/section>\n\t\t\t\t<\/div>\n\t\t","protected":false},"excerpt":{"rendered":"<p>&#8220;A presen\u00e7a da natureza-morta na arte contempor\u00e2nea&#8221; Autoria: Milena Regina Duarte Corr\u00eaa Banca: Prof. Dr. Lutiere Dalla Valle \u2013 UFSM (orientador) ; Prof. Dr. Altamir Moreira &#8211; UFSM (coorientador); Prof.\u00aa Ana Albani de Carvalho &#8211; UFRGS, Prof.\u00aa Reinilda de F\u00e1tima Berguenmayer &#8211; UFSM e Prof.\u00ba Dr.\u00aa Nara Cristina Santos &#8211; UFSM (suplente). Data: 28\/01\/2020 _____________________________________________________ [&hellip;]<\/p>\n","protected":false},"author":820,"featured_media":0,"parent":0,"menu_order":0,"comment_status":"closed","ping_status":"closed","template":"","meta":{"footnotes":""},"categories":[],"tags":[],"class_list":["post-1397","page","type-page","status-publish","hentry"],"acf":[],"_links":{"self":[{"href":"https:\/\/www.ufsm.br\/cursos\/pos-graduacao\/santa-maria\/ppgart\/wp-json\/wp\/v2\/pages\/1397","targetHints":{"allow":["GET"]}}],"collection":[{"href":"https:\/\/www.ufsm.br\/cursos\/pos-graduacao\/santa-maria\/ppgart\/wp-json\/wp\/v2\/pages"}],"about":[{"href":"https:\/\/www.ufsm.br\/cursos\/pos-graduacao\/santa-maria\/ppgart\/wp-json\/wp\/v2\/types\/page"}],"author":[{"embeddable":true,"href":"https:\/\/www.ufsm.br\/cursos\/pos-graduacao\/santa-maria\/ppgart\/wp-json\/wp\/v2\/users\/820"}],"replies":[{"embeddable":true,"href":"https:\/\/www.ufsm.br\/cursos\/pos-graduacao\/santa-maria\/ppgart\/wp-json\/wp\/v2\/comments?post=1397"}],"version-history":[{"count":0,"href":"https:\/\/www.ufsm.br\/cursos\/pos-graduacao\/santa-maria\/ppgart\/wp-json\/wp\/v2\/pages\/1397\/revisions"}],"wp:attachment":[{"href":"https:\/\/www.ufsm.br\/cursos\/pos-graduacao\/santa-maria\/ppgart\/wp-json\/wp\/v2\/media?parent=1397"}],"wp:term":[{"taxonomy":"category","embeddable":true,"href":"https:\/\/www.ufsm.br\/cursos\/pos-graduacao\/santa-maria\/ppgart\/wp-json\/wp\/v2\/categories?post=1397"},{"taxonomy":"post_tag","embeddable":true,"href":"https:\/\/www.ufsm.br\/cursos\/pos-graduacao\/santa-maria\/ppgart\/wp-json\/wp\/v2\/tags?post=1397"}],"curies":[{"name":"wp","href":"https:\/\/api.w.org\/{rel}","templated":true}]}}