{"id":1489,"date":"2021-08-04T16:39:58","date_gmt":"2021-08-04T19:39:58","guid":{"rendered":"https:\/\/www.ufsm.br\/cursos\/pos-graduacao\/santa-maria\/ppgart\/?page_id=1489"},"modified":"2025-11-08T11:59:29","modified_gmt":"2025-11-08T14:59:29","slug":"docencia-orientada","status":"publish","type":"page","link":"https:\/\/www.ufsm.br\/cursos\/pos-graduacao\/santa-maria\/ppgart\/docencia-orientada","title":{"rendered":"Doc\u00eancia Orientada"},"content":{"rendered":"\t\t<div data-elementor-type=\"wp-page\" data-elementor-id=\"1489\" class=\"elementor elementor-1489\">\n\t\t\t\t\t\t<section class=\"elementor-section elementor-top-section elementor-element elementor-element-8fea34a elementor-section-boxed elementor-section-height-default elementor-section-height-default\" data-id=\"8fea34a\" data-element_type=\"section\">\n\t\t\t\t\t\t<div class=\"elementor-container elementor-column-gap-default\">\n\t\t\t\t\t<div class=\"elementor-column elementor-col-100 elementor-top-column elementor-element elementor-element-800b288\" data-id=\"800b288\" data-element_type=\"column\">\n\t\t\t<div class=\"elementor-widget-wrap elementor-element-populated\">\n\t\t\t\t\t\t<div class=\"elementor-element elementor-element-62bf7cd elementor-widget elementor-widget-text-editor\" data-id=\"62bf7cd\" data-element_type=\"widget\" data-widget_type=\"text-editor.default\">\n\t\t\t\t<div class=\"elementor-widget-container\">\n\t\t\t\t\t\t\t<p><strong>Art. 31.<\/strong> O est\u00e1gio de doc\u00eancia \u00e9 uma atividade curricular para estudantes de P\u00f3s-gradua\u00e7\u00e3o que se apresenta como disciplina denominada &#8220;Doc\u00eancia Orientada&#8221;, definida como a participa\u00e7\u00e3o de discente de P\u00f3s-gradua\u00e7\u00e3o em atividades de ensino na educa\u00e7\u00e3o superior da UFSM, servindo para a complementa\u00e7\u00e3o da forma\u00e7\u00e3o pedag\u00f3gica dos p\u00f3s-graduandos.<\/p><p>\u00a71\u00ba Os discentes de cursos de mestrado poder\u00e3o totalizar at\u00e9 dois cr\u00e9ditos e os discentes de cursos de doutorado at\u00e9 quatro cr\u00e9ditos nessa disciplina, para integraliza\u00e7\u00e3o curricular.<\/p><p>\u00a72\u00ba S\u00e3o consideradas atividades de ensino:<\/p><p>I \u2013 Ministrar um conjunto pr\u00e9-determinado de aulas te\u00f3ricas e\/ou pr\u00e1ticas que n\u00e3o exceda a trinta por cento do total da carga hor\u00e1ria de aulas da disciplina;<\/p><p>II \u2013 Auxiliar na prepara\u00e7\u00e3o de planos de aula e\/ou atuar no atendimento extra-aula aos discentes;<\/p><p>III \u2013 Participar em avalia\u00e7\u00e3o parcial de conte\u00fados program\u00e1ticos, te\u00f3ricos e pr\u00e1ticos;<\/p><p>IV \u2013 Aplicar m\u00e9todos ou t\u00e9cnicas pedag\u00f3gicas, como estudo dirigido, semin\u00e1rios, etc.<\/p><p>\u00a73\u00ba Por se tratar de atividade curricular, a participa\u00e7\u00e3o dos estudantes de p\u00f3s-gradua\u00e7\u00e3o no est\u00e1gio de doc\u00eancia n\u00e3o criar\u00e1 v\u00ednculo empregat\u00edcio e nem ser\u00e1 remunerada.<\/p><p>\u00a74\u00ba As atividades de ensino desenvolvidas pelo discente de p\u00f3s-gradua\u00e7\u00e3o do curso de mestrado\/doutorado em Est\u00e1gio de Doc\u00eancia Orientada dever\u00e3o ser realizadas no curso de gradua\u00e7\u00e3o em\u00a0 Artes Visuais &#8211; Bacharelado ou Licenciatura, sob a supervis\u00e3o de um professor, docente do PPGART.<\/p><p><b style=\"font-size: 1rem;text-align: var(--bs-body-text-align)\">Como encaminhar?<\/b><\/p><p>O estudante deve enviar, via PEN-SIE*, um Plano de Doc\u00eancia Orientada para a Secretaria do PPGART, que ser\u00e1 apreciado pelo Colegiado do Programa e, posteriormente, pelo Colegiado do\u00a0 Departamento de Artes Visuais.\u00a0 O documento deve ser elaborado juntamente com o Orientador e o Professor respons\u00e1vel pela disciplina em que ser\u00e1 realizado o est\u00e1gio (caso n\u00e3o seja na disciplina do pr\u00f3prio orientador).<\/p><p>Ap\u00f3s a realiza\u00e7\u00e3o est\u00e1gio, deve ser elaborado o Relat\u00f3rio de D.O. para aprecia\u00e7\u00e3o do Orientador e do Professor respons\u00e1vel pela disciplina, que na sequ\u00eancia, enviar\u00e1 para a secretaria do PPGART para arquivamento.<\/p><p>*<strong><em><a href=\"https:\/\/www.ufsm.br\/app\/uploads\/sites\/529\/2023\/06\/ORIENTACOES-PARA-ABERTURA-DE-PROCESSO-DE-DOCENCIA-ORIENTADA.pdf\"> PASSO A PASSO DO PROCESSO DE DOC\u00caNCIA ORIENTADA \u2013 TRAMITA\u00c7\u00c3O DO PROCESSO<\/a><\/em><\/strong><\/p><p>A solicita\u00e7\u00e3o de doc\u00eancia orientada deve ser encaminhada como um processo PEN aberto pelo discente de PG no Portal Estudantil ou no Portal Documentos da UFSM, contendo o Plano de Doc\u00eancia que dever\u00e1 ser aprovado pelo orientador do aluno, pelo docente respons\u00e1vel pela disciplina de gradua\u00e7\u00e3o, pelo colegiado do curso de p\u00f3s-gradua\u00e7\u00e3o de v\u00ednculo do discente e pelo colegiado(s) do(s) curso(s) de gradua\u00e7\u00e3o para o(s) qual(ais) a disciplina \u00e9 ofertada, conforme a seguinte tramita\u00e7\u00e3o:<\/p><ol><li>Discente interessado: Abre o PEN no\u00a0<a href=\"http:\/\/portal.ufsm.br\/estudantil\" target=\"_blank\" rel=\"noopener\" data-saferedirecturl=\"https:\/\/www.google.com\/url?q=http:\/\/portal.ufsm.br\/estudantil&amp;source=gmail&amp;ust=1724843887424000&amp;usg=AOvVaw1fVV3omd0yGkGKrlv1XgKf\">Portal Estudantil<\/a>\u00a0ou no\u00a0<a href=\"https:\/\/portal.ufsm.br\/documentos\/index.html\" target=\"_blank\" rel=\"noopener\" data-saferedirecturl=\"https:\/\/www.google.com\/url?q=https:\/\/portal.ufsm.br\/documentos\/index.html&amp;source=gmail&amp;ust=1724843887424000&amp;usg=AOvVaw0hf_7oOGSymJrysVR5yiDm\">Portal Documentos da UFSM<\/a>, assina o plano de doc\u00eancia anexado e tramita o processo para o seu orientador.<ul><li>No Portal Documentos, na tela de \u201cNovo Processo\u201d, o primeiro campo a ser informado \u00e9 o de \u201cV\u00ednculo\u201d, que mostrar\u00e1 todos os tipos de v\u00ednculos que o(a) usu\u00e1rio(a) possui com a UFSM e cada\u00a0usu\u00e1rio deve selecionar o v\u00ednculo desejado.<\/li><li>No\u00a0<a href=\"https:\/\/portal.ufsm.br\/documentos\/mainMenu.html\" target=\"_blank\" rel=\"noopener\" data-saferedirecturl=\"https:\/\/www.google.com\/url?q=https:\/\/portal.ufsm.br\/documentos\/mainMenu.html&amp;source=gmail&amp;ust=1724843887424000&amp;usg=AOvVaw2fzHruhpzXmvFc9z4E_-gM\">Portal Documentos<\/a>: Clica em Novo &gt; Processo&gt; seleciona o V\u00cdNCULO DESEJADO e o PEN com tipo documental\u00a0\u201cProcesso de doc\u00eancia orientada\u201d.<\/li><\/ul><\/li><li>Orientador: Assina o plano de doc\u00eancia e tramita o processo para o docente respons\u00e1vel pela disciplina da gradua\u00e7\u00e3o.<\/li><li>Docente respons\u00e1vel pela disciplina da gradua\u00e7\u00e3o: Assina o plano de doc\u00eancia e tramita o processo para o curso de p\u00f3s-gradua\u00e7\u00e3o de v\u00ednculo do discente.<\/li><li>Curso de P\u00f3s-gradua\u00e7\u00e3o: aprecia o processo no colegiado, anexa ao processo a ata de aprova\u00e7\u00e3o do plano de doc\u00eancia e tramita para o curso de gradua\u00e7\u00e3o para o qual a disciplina ser\u00e1 ministrada.<\/li><li>Curso de gradua\u00e7\u00e3o: aprecia o processo no colegiado, anexa ao processo a ata de aprova\u00e7\u00e3o do plano de doc\u00eancia e retorna o processo ao curso de p\u00f3s-gradua\u00e7\u00e3o. Caso a disciplina atenda mais de um curso de gradua\u00e7\u00e3o, o processo dever\u00e1 ser apreciado nos dois colegiados antes de retornar ao curso de p\u00f3s-gradua\u00e7\u00e3o.<\/li><li>Curso de p\u00f3s-gradua\u00e7\u00e3o: Oferta a disciplina de doc\u00eancia orientada e retorna o processo ao discente para conhecimento e autoriza\u00e7\u00e3o da matr\u00edcula na disciplina de doc\u00eancia orientada.<\/li><li>Discente interessado: Ap\u00f3s ci\u00eancia, realiza matr\u00edcula na disciplina de doc\u00eancia orientada. Retorna o processo ao curso para arquivamento. No caso de cursos que exigem relat\u00f3rio de doc\u00eancia orientada, o processo permanece com o discente at\u00e9 a conclus\u00e3o da doc\u00eancia, quando ent\u00e3o, dever\u00e1 anexar o relat\u00f3rio de doc\u00eancia orientada e tramitar o processo ao curso para registro da nota e arquivamento.<\/li><\/ol><p><strong>Sobre o Est\u00e1gio de D. O.<\/strong><\/p><ul style=\"list-style-type: circle\"><li>As atividades de ensino, desenvolvidas pelo discente de p\u00f3s-gradua\u00e7\u00e3o dos cursos de mestrado e doutorado em Est\u00e1gio de\u00a0Doc\u00eancia\u00a0Orientada, dever\u00e3o ser realizadas no\u00a0curso de gradua\u00e7\u00e3o em\u00a0 Artes Visuais &#8211; Bacharelado ou Licenciatura da UFSM, sob a supervis\u00e3o de um professor, docente do PPGART.\u00a0<\/li><\/ul><ul style=\"list-style-type: circle\"><li>A atua\u00e7\u00e3o na doc\u00eancia orientada (frente ao aluno) n\u00e3o pode ultrapassar 30% da carga hor\u00e1ria total da disciplina.<\/li><\/ul><ul style=\"list-style-type: circle\"><li>Doutorandos bolsistas devem cursar no m\u00ednimo dois cr\u00e9ditos em Doc\u00eancia Orientada, conforme Portaria Capes N\u00ba 76, de 14 de abril de 2010, ou seja, APG303 &#8211; Doc\u00eancia Orientada I e APG304 &#8211; Doc\u00eancia Orientada II.<\/li><\/ul><p><strong>\u00a0Documentos:<\/strong><\/p><ul style=\"list-style-type: circle\"><li><a href=\"https:\/\/www.ufsm.br\/app\/uploads\/sites\/529\/2025\/11\/01-NOME-DO-DISCENTE-Plano-de-Docencia-Orientada.docx\">Modelo de Plano de Doce\u0302ncia Orientada<\/a><\/li><li><a href=\"https:\/\/www.ufsm.br\/app\/uploads\/sites\/529\/2024\/09\/02-FULANO-DE-TAL-Relatorio-de-Docencia-Orientada.docx\">Modelo Relat\u00f3rio de doc\u00eancia orientada<\/a><\/li><\/ul>\t\t\t\t\t\t<\/div>\n\t\t\t\t<\/div>\n\t\t\t\t\t<\/div>\n\t\t<\/div>\n\t\t\t\t\t<\/div>\n\t\t<\/section>\n\t\t\t\t<section class=\"elementor-section elementor-top-section elementor-element elementor-element-2953759 elementor-section-boxed elementor-section-height-default elementor-section-height-default\" data-id=\"2953759\" data-element_type=\"section\">\n\t\t\t\t\t\t<div class=\"elementor-container elementor-column-gap-default\">\n\t\t\t\t\t<div class=\"elementor-column elementor-col-100 elementor-top-column elementor-element elementor-element-baab99e\" data-id=\"baab99e\" data-element_type=\"column\">\n\t\t\t<div class=\"elementor-widget-wrap\">\n\t\t\t\t\t\t\t<\/div>\n\t\t<\/div>\n\t\t\t\t\t<\/div>\n\t\t<\/section>\n\t\t\t\t<\/div>\n\t\t","protected":false},"excerpt":{"rendered":"<p>Art. 31. O est\u00e1gio de doc\u00eancia \u00e9 uma atividade curricular para estudantes de P\u00f3s-gradua\u00e7\u00e3o que se apresenta como disciplina denominada &#8220;Doc\u00eancia Orientada&#8221;, definida como a participa\u00e7\u00e3o de discente de P\u00f3s-gradua\u00e7\u00e3o em atividades de ensino na educa\u00e7\u00e3o superior da UFSM, servindo para a complementa\u00e7\u00e3o da forma\u00e7\u00e3o pedag\u00f3gica dos p\u00f3s-graduandos. \u00a71\u00ba Os discentes de cursos de mestrado [&hellip;]<\/p>\n","protected":false},"author":820,"featured_media":0,"parent":0,"menu_order":0,"comment_status":"closed","ping_status":"closed","template":"","meta":{"footnotes":""},"categories":[],"tags":[],"class_list":["post-1489","page","type-page","status-publish","hentry"],"acf":[],"_links":{"self":[{"href":"https:\/\/www.ufsm.br\/cursos\/pos-graduacao\/santa-maria\/ppgart\/wp-json\/wp\/v2\/pages\/1489","targetHints":{"allow":["GET"]}}],"collection":[{"href":"https:\/\/www.ufsm.br\/cursos\/pos-graduacao\/santa-maria\/ppgart\/wp-json\/wp\/v2\/pages"}],"about":[{"href":"https:\/\/www.ufsm.br\/cursos\/pos-graduacao\/santa-maria\/ppgart\/wp-json\/wp\/v2\/types\/page"}],"author":[{"embeddable":true,"href":"https:\/\/www.ufsm.br\/cursos\/pos-graduacao\/santa-maria\/ppgart\/wp-json\/wp\/v2\/users\/820"}],"replies":[{"embeddable":true,"href":"https:\/\/www.ufsm.br\/cursos\/pos-graduacao\/santa-maria\/ppgart\/wp-json\/wp\/v2\/comments?post=1489"}],"version-history":[{"count":0,"href":"https:\/\/www.ufsm.br\/cursos\/pos-graduacao\/santa-maria\/ppgart\/wp-json\/wp\/v2\/pages\/1489\/revisions"}],"wp:attachment":[{"href":"https:\/\/www.ufsm.br\/cursos\/pos-graduacao\/santa-maria\/ppgart\/wp-json\/wp\/v2\/media?parent=1489"}],"wp:term":[{"taxonomy":"category","embeddable":true,"href":"https:\/\/www.ufsm.br\/cursos\/pos-graduacao\/santa-maria\/ppgart\/wp-json\/wp\/v2\/categories?post=1489"},{"taxonomy":"post_tag","embeddable":true,"href":"https:\/\/www.ufsm.br\/cursos\/pos-graduacao\/santa-maria\/ppgart\/wp-json\/wp\/v2\/tags?post=1489"}],"curies":[{"name":"wp","href":"https:\/\/api.w.org\/{rel}","templated":true}]}}