{"id":159,"date":"2019-02-14T11:08:12","date_gmt":"2019-02-14T13:08:12","guid":{"rendered":"https:\/\/www.ufsm.br\/cursos\/pos-graduacao\/santa-maria\/ppgart\/?page_id=159"},"modified":"2026-03-20T19:07:44","modified_gmt":"2026-03-20T22:07:44","slug":"regulamentos","status":"publish","type":"page","link":"https:\/\/www.ufsm.br\/cursos\/pos-graduacao\/santa-maria\/ppgart\/regulamentos","title":{"rendered":"Legisla\u00e7\u00e3o"},"content":{"rendered":"\t\t<div data-elementor-type=\"wp-page\" data-elementor-id=\"159\" class=\"elementor elementor-159\">\n\t\t\t\t\t\t<section class=\"elementor-section elementor-top-section elementor-element elementor-element-d59c3e2 elementor-section-boxed elementor-section-height-default elementor-section-height-default\" data-id=\"d59c3e2\" data-element_type=\"section\">\n\t\t\t\t\t\t<div class=\"elementor-container elementor-column-gap-default\">\n\t\t\t\t\t<div class=\"elementor-column elementor-col-100 elementor-top-column elementor-element elementor-element-4514685\" data-id=\"4514685\" data-element_type=\"column\">\n\t\t\t<div class=\"elementor-widget-wrap elementor-element-populated\">\n\t\t\t\t\t\t<div class=\"elementor-element elementor-element-ba21ba0 elementor-widget elementor-widget-text-editor\" data-id=\"ba21ba0\" data-element_type=\"widget\" data-widget_type=\"text-editor.default\">\n\t\t\t\t<div class=\"elementor-widget-container\">\n\t\t\t\t\t\t\t<ul><li><a href=\"https:\/\/www.capes.gov.br\/images\/Documento_de_%C3%A1rea_2019\/Artes.pdf\">Documento de \u00c1rea 2019<\/a><\/li><li><a href=\"https:\/\/www.ufsm.br\/cursos\/pos-graduacao\/santa-maria\/ppgart\/regulamentos\/\" target=\"_blank\" rel=\"noopener\"> Documento de \u00c1rea (2017 &#8211; 2020)<\/a><\/li><li><a href=\"https:\/\/www.ufsm.br\/cursos\/pos-graduacao\/santa-maria\/ppgart\/wp-content\/uploads\/sites\/529\/2019\/02\/015-2014_-_Regimento_da_Ps_Graduao.pdf\" target=\"_blank\" rel=\"noopener\">Regimento Geral da P\u00f3s-Gradua\u00e7\u00e3o Stricto Sensu e Lato Sensu da Universidade Federal de Santa Maria.<\/a><\/li><li><a href=\"https:\/\/www.ufsm.br\/cursos\/pos-graduacao\/santa-maria\/ppgart\/wp-content\/uploads\/sites\/529\/2019\/04\/REGULAMENTO-PPGART-2017.pdf\" target=\"_blank\" rel=\"noopener\"> Regulamento PPGART <\/a><\/li><li><a href=\"https:\/\/www.ufsm.br\/app\/uploads\/sites\/529\/2026\/03\/Politica_de_Bolsas_PPGART.pdf\">Pol\u00edtica de Bolsas do PPGART<\/a><\/li><li><a href=\"https:\/\/www.capes.gov.br\/images\/Semin%C3%A1rio_de_meio_2019\/ARTES.pdf\">Relat\u00f3rio do Semin\u00e1rio de Meio Termo\/Capes &#8211; 2019<\/a><\/li><\/ul>\t\t\t\t\t\t<\/div>\n\t\t\t\t<\/div>\n\t\t\t\t\t<\/div>\n\t\t<\/div>\n\t\t\t\t\t<\/div>\n\t\t<\/section>\n\t\t\t\t<\/div>\n\t\t","protected":false},"excerpt":{"rendered":"<p>Documento de \u00c1rea 2019 Documento de \u00c1rea (2017 &#8211; 2020) Regimento Geral da P\u00f3s-Gradua\u00e7\u00e3o Stricto Sensu e Lato Sensu da Universidade Federal de Santa Maria. Regulamento PPGART Pol\u00edtica de Bolsas do PPGART Relat\u00f3rio do Semin\u00e1rio de Meio Termo\/Capes &#8211; 2019<\/p>\n","protected":false},"author":117,"featured_media":0,"parent":0,"menu_order":0,"comment_status":"closed","ping_status":"closed","template":"","meta":{"footnotes":""},"categories":[],"tags":[],"class_list":["post-159","page","type-page","status-publish","hentry"],"acf":[],"_links":{"self":[{"href":"https:\/\/www.ufsm.br\/cursos\/pos-graduacao\/santa-maria\/ppgart\/wp-json\/wp\/v2\/pages\/159","targetHints":{"allow":["GET"]}}],"collection":[{"href":"https:\/\/www.ufsm.br\/cursos\/pos-graduacao\/santa-maria\/ppgart\/wp-json\/wp\/v2\/pages"}],"about":[{"href":"https:\/\/www.ufsm.br\/cursos\/pos-graduacao\/santa-maria\/ppgart\/wp-json\/wp\/v2\/types\/page"}],"author":[{"embeddable":true,"href":"https:\/\/www.ufsm.br\/cursos\/pos-graduacao\/santa-maria\/ppgart\/wp-json\/wp\/v2\/users\/117"}],"replies":[{"embeddable":true,"href":"https:\/\/www.ufsm.br\/cursos\/pos-graduacao\/santa-maria\/ppgart\/wp-json\/wp\/v2\/comments?post=159"}],"version-history":[{"count":0,"href":"https:\/\/www.ufsm.br\/cursos\/pos-graduacao\/santa-maria\/ppgart\/wp-json\/wp\/v2\/pages\/159\/revisions"}],"wp:attachment":[{"href":"https:\/\/www.ufsm.br\/cursos\/pos-graduacao\/santa-maria\/ppgart\/wp-json\/wp\/v2\/media?parent=159"}],"wp:term":[{"taxonomy":"category","embeddable":true,"href":"https:\/\/www.ufsm.br\/cursos\/pos-graduacao\/santa-maria\/ppgart\/wp-json\/wp\/v2\/categories?post=159"},{"taxonomy":"post_tag","embeddable":true,"href":"https:\/\/www.ufsm.br\/cursos\/pos-graduacao\/santa-maria\/ppgart\/wp-json\/wp\/v2\/tags?post=159"}],"curies":[{"name":"wp","href":"https:\/\/api.w.org\/{rel}","templated":true}]}}