{"id":1600,"date":"2022-02-23T15:48:16","date_gmt":"2022-02-23T18:48:16","guid":{"rendered":"https:\/\/www.ufsm.br\/cursos\/pos-graduacao\/santa-maria\/ppgart\/?page_id=1600"},"modified":"2022-04-05T19:53:55","modified_gmt":"2022-04-05T22:53:55","slug":"edital-004-2022","status":"publish","type":"page","link":"https:\/\/www.ufsm.br\/cursos\/pos-graduacao\/santa-maria\/ppgart\/edital-004-2022","title":{"rendered":"Edital 004\/2022"},"content":{"rendered":"\t\t<div data-elementor-type=\"wp-page\" data-elementor-id=\"1600\" class=\"elementor elementor-1600\">\n\t\t\t\t\t\t<section class=\"elementor-section elementor-top-section elementor-element elementor-element-e79cab4 elementor-section-boxed elementor-section-height-default elementor-section-height-default\" data-id=\"e79cab4\" data-element_type=\"section\">\n\t\t\t\t\t\t<div class=\"elementor-container elementor-column-gap-default\">\n\t\t\t\t\t<div class=\"elementor-column elementor-col-100 elementor-top-column elementor-element elementor-element-d2a032a\" data-id=\"d2a032a\" data-element_type=\"column\">\n\t\t\t<div class=\"elementor-widget-wrap elementor-element-populated\">\n\t\t\t\t\t\t<div class=\"elementor-element elementor-element-d0188dc elementor-widget elementor-widget-text-editor\" data-id=\"d0188dc\" data-element_type=\"widget\" data-widget_type=\"text-editor.default\">\n\t\t\t\t<div class=\"elementor-widget-container\">\n\t\t\t\t\t\t\t<div class=\"elementor-element elementor-element-f297ec9 elementor-widget elementor-widget-wp-widget-text\" data-id=\"f297ec9\" data-element_type=\"widget\" data-widget_type=\"wp-widget-text.default\"><div class=\"elementor-widget-container\"><p><span style=\"color: #000000;font-size: 1rem;background-color: var(--bs-body-bg);text-align: var(--bs-body-text-align)\">Processo seletivo para\u00a0 ingresso no curso de mestrado em Artes Visuais \u00e9 realizado em tr\u00eas etapas, sendo cada etapa eliminat\u00f3ria. A nota m\u00ednima \u00a0para classifica\u00e7\u00e3o em cada prova \u00e9 sete (7,0).<\/span><\/p><p><strong>Primeira etapa:<\/strong><\/p><ul><li>Prova 1: Projeto de Pesquisa, com peso tr\u00eas (3,0).<\/li><li>Prova 2: Curr\u00edculo; Portf\u00f3lio Art\u00edstico ou Portf\u00f3lio Textos, com peso tr\u00eas (3,0).<\/li><\/ul><p><a href=\"https:\/\/www.ufsm.br\/app\/uploads\/sites\/529\/2022\/03\/PLANILHA-CURRICULO-MESTRADO.docx\">PLANILHA DE AVALIA\u00c7\u00c3O DO CURR\u00cdCULO \u2013 mestrado<\/a><\/p><p><strong>\u00a0<\/strong><strong>Segunda etapa:<\/strong><\/p><ul><li>Prova 3: Prova Escrita, peso tr\u00eas (3,0).<\/li><li>Bibliografia indicada:<\/li><\/ul><p>ARCHER, Michael.\u00a0<em>Arte Contempor\u00e2nea: uma hist\u00f3ria concisa.<\/em> S\u00e3o Paulo: Martins Fontes, 2001.\u00a0<b><span style=\"color: #000080\"><a style=\"font-size: 1rem;background-color: var(--bs-body-bg);text-align: var(--bs-body-text-align);color: #000080\" href=\"https:\/\/www.ufsm.br\/app\/uploads\/sites\/529\/2022\/03\/ARCHER-Michael-Arte-contemporanea-O-campo-expandido.pdf\" target=\"_blank\" rel=\"noopener\">PARTE 1<\/a><\/span>\u00a0<\/b>|\u00a0<span style=\"color: #000080\"><strong><a style=\"font-size: 1rem;background-color: var(--bs-body-bg);text-align: var(--bs-body-text-align);color: #000080\" href=\"https:\/\/www.ufsm.br\/app\/uploads\/sites\/529\/2022\/03\/ARCHER-Michael-Arte-contemporanea-O-real-e-seus-objetos.pdf\" target=\"_blank\" rel=\"noopener\">PARTE 2<\/a><\/strong><\/span><\/p><p>BAUMAN, Zygmunt.\u00a0<em>Ensaios sobre o conceito de cultura.<\/em> Rio de Janeiro: Zahar, 2012.\u00a0<span style=\"color: #000080\"><strong><a style=\"font-size: 1rem;background-color: var(--bs-body-bg);text-align: var(--bs-body-text-align);color: #000080\" href=\"https:\/\/www.ufsm.br\/app\/uploads\/sites\/529\/2022\/03\/BAUMAN-Zygmunt-Ensaios-sobre-o-conceito-de-cultura-Cultura-como-conceito.pdf\" target=\"_blank\" rel=\"noopener\">PARTE 1<\/a><\/strong><\/span>\u00a0|\u00a0<span style=\"color: #000080\"><strong><a style=\"font-size: 1rem;background-color: var(--bs-body-bg);text-align: var(--bs-body-text-align);color: #000080\" href=\"https:\/\/www.ufsm.br\/app\/uploads\/sites\/529\/2022\/03\/BAUMAN-Zygmunt-Ensaios-sobre-o-conceito-de-cultura-Introducao.pdf\" target=\"_blank\" rel=\"noopener\">PARTE 2<\/a><\/strong><\/span><\/p><p>BELTING, Hans.\u00a0<em>O fim da hist\u00f3ria da arte: uma revis\u00e3o dez anos depois.<\/em>\u00a0S\u00e3o Paulo: Cosac &amp; Naify,<br \/>2006.\u00a0<span style=\"color: #000080\"><strong><span style=\"color: #000080\"><a style=\"color: #000080\" href=\"https:\/\/www.ufsm.br\/app\/uploads\/sites\/529\/2022\/03\/BELTING-Hans-O-fim-da-historia-da-arte-Experiencia-artistica-atual-e-pesquisa-historica-da-arte.pdf\" target=\"_blank\" rel=\"noopener\">PARTE 1<\/a><\/span>\u00a0<\/strong><\/span>|\u00a0<span style=\"color: #000080\"><strong><a style=\"font-size: 1rem;background-color: var(--bs-body-bg);text-align: var(--bs-body-text-align);color: #000080\" href=\"https:\/\/www.ufsm.br\/app\/uploads\/sites\/529\/2022\/03\/BELTING-Hans-O-fim-da-historia-da-arte-O-fim-da-historia-da-arte-e-a-cultura-atual.pdf\" target=\"_blank\" rel=\"noopener\">PARTE 2<\/a><\/strong><\/span><\/p><p>BRITES, Blanca; TESSLER, Elida (org.).\u00a0<em>O meio como ponto zero: Metodologia da pesquisa em Artes<\/em><br \/><em>Pl\u00e1sticas.<\/em> Porto Alegre: Editora da Universidade\/UFRGS, 2002.\u00a0<span style=\"color: #000080\"><strong><a style=\"font-size: 1rem;background-color: var(--bs-body-bg);text-align: var(--bs-body-text-align);color: #000080\" href=\"https:\/\/www.ufsm.br\/app\/uploads\/sites\/529\/2022\/03\/BRITES-Blanca_-TESSLER-Elida-org-O-meio-como-ponto-zero-Coloquio-sobre-a-metodologia-da-pesquisa-em-artes-plasticas-na-universidade.pdf\" target=\"_blank\" rel=\"noopener\">PARTE 1<\/a><\/strong><\/span>\u00a0|\u00a0<span style=\"color: #000080\"><strong><a style=\"font-size: 1rem;background-color: var(--bs-body-bg);text-align: var(--bs-body-text-align);color: #000080\" href=\"https:\/\/www.ufsm.br\/app\/uploads\/sites\/529\/2022\/03\/BRITES-Blanca_-TESSLER-Elida-org-O-meio-como-ponto-zero-Por-uma-abordagem-metodologica-da-pesquisa-em-artes-visuais.pdf\" target=\"_blank\" rel=\"noopener\">PARTE 2<\/a><\/strong><\/span><\/p><p>CAUQUELIN, Anne.\u00a0<em>Arte Contempor\u00e2nea: uma Introdu\u00e7\u00e3o.<\/em> S\u00e3o Paulo: Martins Fontes, 2005.\u00a0<span style=\"color: #000080\"><strong><a style=\"font-size: 1rem;background-color: var(--bs-body-bg);text-align: var(--bs-body-text-align);color: #000080\" href=\"https:\/\/www.ufsm.br\/app\/uploads\/sites\/529\/2022\/03\/CAUQUELIN-Anne-Arte-contemporanea-uma-Introducao-A-atualidade.pdf\" target=\"_blank\" rel=\"noopener\">PARTE \u00daNICA<\/a><\/strong><\/span><\/p><p>DANTO, Arthur C.\u00a0<em>Ap\u00f3s o fim da arte.<\/em>\u00a0S\u00e3o Paulo: Edusp, 2006.<\/p><p>DIDI-HUBERMANN, Georges.\u00a0<em>O que vemos, o que nos olha.<\/em> S\u00e3o Paulo: Editora 34, 1998.\u00a0<span style=\"color: #000080\"><strong><a style=\"color: #000080\" href=\"https:\/\/www.ufsm.br\/app\/uploads\/sites\/529\/2022\/03\/DIDI-HUBERMANN-Georges-O-que-vemos-o-que-nos-olha-A-dupla-distancia.pdf\" target=\"_blank\" rel=\"noopener\">PARTE 1<\/a><\/strong><\/span>\u00a0|\u00a0<span style=\"color: #000080\"><strong><a style=\"color: #000080\" href=\"https:\/\/www.ufsm.br\/app\/uploads\/sites\/529\/2022\/03\/DIDI-HUBERMANN-Georges-O-que-vemos-o-que-nos-olha-A-inelutavel-cisao-do-ver.pdf\" target=\"_blank\" rel=\"noopener\">PARTE 2<\/a>\u00a0<\/strong><\/span><\/p><p>FERREIRA, Gl\u00f3ria. COTRIM, Cecilia (org.).\u00a0<em>Escritos de artistas \u2013 anos 60\/70.<\/em> Rio de Janeiro: ZAHAR, 2006.<strong><span style=\"color: #000080\">\u00a0<a style=\"font-size: 1rem;background-color: var(--bs-body-bg);text-align: var(--bs-body-text-align);color: #000080\" href=\"https:\/\/www.ufsm.br\/app\/uploads\/sites\/529\/2022\/03\/FERREIRA-Gloria_-COTRIM-Cecilia-Escritos-de-artistas-Anos-6070-A-arte-depois-da-filosofia.pdf\" target=\"_blank\" rel=\"noopener\">PARTE 1<\/a><\/span><\/strong><span style=\"color: #000080\">\u00a0<\/span>|\u00a0<span style=\"color: #000080\"><strong><a style=\"font-size: 1rem;background-color: var(--bs-body-bg);text-align: var(--bs-body-text-align);color: #000080\" href=\"https:\/\/www.ufsm.br\/app\/uploads\/sites\/529\/2022\/03\/FERREIRA-Gloria_-COTRIM-Cecilia-Escritos-de-artistas-Anos-6070-Joseph-Beuys-Conversa-entre-Joseph-Beuys-e-o-Hagen-Lieberknecht.pdf\" target=\"_blank\" rel=\"noopener\">PARTE 2<\/a><\/strong><\/span><\/p><p>GRAU, Oliver.\u00a0<em>Arte virtual: Da ilus\u00e3o \u00e0 imers\u00e3o.<\/em> S\u00e3o Paulo: UNESP, 2007.\u00a0<span style=\"color: #000080\"><strong><a style=\"font-size: 1rem;background-color: var(--bs-body-bg);text-align: var(--bs-body-text-align);color: #000080\" href=\"https:\/\/www.ufsm.br\/app\/uploads\/sites\/529\/2022\/03\/GRAU-Oliver-Arte-virtual-da-ilusao-a-imersao-Conectada-com-o-corpo-humano.pdf\" target=\"_blank\" rel=\"noopener\">PARTE 1<\/a><\/strong><\/span>\u00a0|\u00a0<span style=\"color: #000080\"><strong><a style=\"font-size: 1rem;background-color: var(--bs-body-bg);text-align: var(--bs-body-text-align);color: #000080\" href=\"https:\/\/www.ufsm.br\/app\/uploads\/sites\/529\/2022\/03\/GRAU-Oliver-Arte-virtual-da-ilusao-a-imersao-Perspectivas.pdf\" target=\"_blank\" rel=\"noopener\">PARTE 2<\/a><\/strong><\/span>\u00a0|\u00a0<span style=\"color: #000080\"><strong><a style=\"font-size: 1rem;background-color: var(--bs-body-bg);text-align: var(--bs-body-text-align);color: #000080\" href=\"https:\/\/www.ufsm.br\/app\/uploads\/sites\/529\/2022\/03\/GRAU-Oliver-Arte-virtual-da-ilusao-a-imersao-Telepresenca-Arte-e-historia-de-uma-ideia.pdf\" target=\"_blank\" rel=\"noopener\">PARTE 3<\/a><\/strong><\/span><\/p><p>RUSH,\u00a0Michael.\u00a0<em>Novas m\u00eddias na arte contempor\u00e2nea<\/em>. S\u00e3o. Paulo: Martins Fontes, 2006.\u00a0<span style=\"color: #000080\"><strong><a style=\"font-size: 1rem;background-color: var(--bs-body-bg);text-align: var(--bs-body-text-align);color: #000080\" href=\"https:\/\/www.ufsm.br\/app\/uploads\/sites\/529\/2022\/03\/RUSH-Michael-Novas-midias-na-arte-contemporanea-Videoarte.pdf\" target=\"_blank\" rel=\"noopener\">PARTE 1<\/a><\/strong>\u00a0<\/span>|\u00a0<span style=\"color: #000080\"><strong><a style=\"font-size: 1rem;background-color: var(--bs-body-bg);text-align: var(--bs-body-text-align);color: #000080\" href=\"https:\/\/www.ufsm.br\/app\/uploads\/sites\/529\/2022\/03\/RUSH-Michael-Novas-midias-na-arte-contemporanea-Videoinstalacao.pdf\" target=\"_blank\" rel=\"noopener\">PARTE 2<\/a><\/strong><\/span><\/p><p>THORNTON, Sarah.\u00a0<em>Sete Dias no mundo da arte.<\/em> Lisboa: BABEL, 2010.\u00a0<span style=\"color: #000080\"><strong><a style=\"font-size: 1rem;background-color: var(--bs-body-bg);text-align: var(--bs-body-text-align);color: #000080\" href=\"https:\/\/www.ufsm.br\/app\/uploads\/sites\/529\/2021\/01\/11-TRORNTON-Sarah.-Sete-dias-no-mundo-da-arte.151-184.pdf\" target=\"_blank\" rel=\"noopener\">PARTE \u00daNICA<\/a><\/strong><\/span><\/p><p><strong>Terceira etapa:<\/strong><\/p><ul><li>Prova 4: Prova Oral (Defesa do Projeto de Pesquisa), com peso um (1,0).<\/li><li>Cronograma Prova 4<\/li><\/ul><\/div><\/div><div class=\"elementor-element elementor-element-e56704e elementor-widget elementor-widget-wp-widget-text\" data-id=\"e56704e\" data-element_type=\"widget\" data-widget_type=\"wp-widget-text.default\"><div class=\"elementor-widget-container\"><h5>Inscri\u00e7\u00f5es\u00a0<\/h5><ul style=\"list-style-type: disc\"><li><a href=\"https:\/\/www.ufsm.br\/app\/uploads\/sites\/529\/2022\/03\/LISTA-CANDITOS-INSCRITOS-MESTRADO.pdf\">Rela\u00e7\u00e3o dos candidatos com inscri\u00e7\u00e3o deferida<\/a><\/li><\/ul><h5>Resultado<\/h5><div class=\"textwidget\"><ul><li><strong>Primeira Etapa\u00a0<\/strong><\/li><\/ul><p><a href=\"https:\/\/www.ufsm.br\/app\/uploads\/sites\/529\/2022\/03\/RESULTADO-PROVISORIO-PRIMEIRA-ETAPA-mestrado-2.pdf\">Resultado Provis\u00f3rio<\/a><\/p><p><a href=\"https:\/\/www.ufsm.br\/app\/uploads\/sites\/529\/2022\/03\/RESULTADO-FINAL-PRIMEIRA-ETAPA.pdf\">Resultado Final\u00a0<\/a><\/p><ul><li><strong>Segunda Etapa\u00a0<\/strong><\/li><\/ul><p><a href=\"https:\/\/www.ufsm.br\/app\/uploads\/sites\/529\/2022\/04\/RESULTADO-PROVISORIO-SEGUNTA-ETAPA-MESTRADO.pdf\">Resultado Provis\u00f3rio<\/a><\/p><p><a href=\"https:\/\/www.ufsm.br\/app\/uploads\/sites\/529\/2022\/04\/RESULTADO-FINAL-SEGUNTA-ETAPA-MESTRADO.pdf\">Resultado Final<\/a><\/p><ul><li><strong>Terceira Etapa<\/strong><\/li><\/ul><p><a href=\"https:\/\/www.ufsm.br\/app\/uploads\/sites\/529\/2022\/04\/Enviando-por-email-CRONOGRAMA-PROVA-ORAL-MESTRADO-1.pdf\">Cronograma Prova 4<\/a><\/p><p><a href=\"https:\/\/www.ufsm.br\/app\/uploads\/sites\/529\/2022\/04\/RESULTADO-PROVISORIO-TERCEIRA-ETAPA.pdf\">Resultado Provis\u00f3rio\u00a0<\/a><\/p><p><a href=\"https:\/\/www.ufsm.br\/app\/uploads\/sites\/529\/2022\/04\/RESULTADO-FINAL-TERCEIRA-ETAPA.pdf\">Resultado Final<\/a><\/p><\/div><\/div><\/div>\t\t\t\t\t\t<\/div>\n\t\t\t\t<\/div>\n\t\t\t\t\t<\/div>\n\t\t<\/div>\n\t\t\t\t\t<\/div>\n\t\t<\/section>\n\t\t\t\t<section class=\"elementor-section elementor-top-section elementor-element elementor-element-72ec8fa elementor-section-boxed elementor-section-height-default elementor-section-height-default\" data-id=\"72ec8fa\" data-element_type=\"section\">\n\t\t\t\t\t\t<div class=\"elementor-container elementor-column-gap-default\">\n\t\t\t\t\t<div class=\"elementor-column elementor-col-50 elementor-top-column elementor-element elementor-element-d5ddb46\" data-id=\"d5ddb46\" data-element_type=\"column\">\n\t\t\t<div class=\"elementor-widget-wrap elementor-element-populated\">\n\t\t\t\t\t\t<div class=\"elementor-element elementor-element-2abf7a1 elementor-widget elementor-widget-wp-widget-text\" data-id=\"2abf7a1\" data-element_type=\"widget\" data-widget_type=\"wp-widget-text.default\">\n\t\t\t\t<div class=\"elementor-widget-container\">\n\t\t\t<h5>Edital Geral<\/h5>\t\t\t<div class=\"textwidget\"><\/div>\n\t\t\t\t<\/div>\n\t\t\t\t<\/div>\n\t\t\t\t<div class=\"elementor-element elementor-element-27c5edc elementor-view-default elementor-position-top elementor-mobile-position-top elementor-widget elementor-widget-icon-box\" data-id=\"27c5edc\" data-element_type=\"widget\" data-widget_type=\"icon-box.default\">\n\t\t\t\t<div class=\"elementor-widget-container\">\n\t\t\t\t\t<div class=\"elementor-icon-box-wrapper\">\n\n\t\t\t\t\t\t<div class=\"elementor-icon-box-icon\">\n\t\t\t\t<a href=\"https:\/\/www.ufsm.br\/pro-reitorias\/prpgp\/editais\/004-2022\/\" class=\"elementor-icon elementor-animation-\" tabindex=\"-1\">\n\t\t\t\t<i aria-hidden=\"true\" class=\"fas fa-file\"><\/i>\t\t\t\t<\/a>\n\t\t\t<\/div>\n\t\t\t\n\t\t\t\t\t\t<div class=\"elementor-icon-box-content\">\n\n\t\t\t\t\t\t\t\t\t<h3 class=\"elementor-icon-box-title\">\n\t\t\t\t\t\t<a href=\"https:\/\/www.ufsm.br\/pro-reitorias\/prpgp\/editais\/004-2022\/\" >\n\t\t\t\t\t\t\t Mais Informa\u00e7\u00f5es Edital Geral N. 004 \/2022, DE 09\/03\/2022\t\t\t\t\t\t<\/a>\n\t\t\t\t\t<\/h3>\n\t\t\t\t\n\t\t\t\t\n\t\t\t<\/div>\n\t\t\t\n\t\t<\/div>\n\t\t\t\t<\/div>\n\t\t\t\t<\/div>\n\t\t\t\t\t<\/div>\n\t\t<\/div>\n\t\t\t\t<div class=\"elementor-column elementor-col-50 elementor-top-column elementor-element elementor-element-b7250c2\" data-id=\"b7250c2\" data-element_type=\"column\">\n\t\t\t<div class=\"elementor-widget-wrap elementor-element-populated\">\n\t\t\t\t\t\t<div class=\"elementor-element elementor-element-f10cdc0 elementor-widget elementor-widget-wp-widget-text\" data-id=\"f10cdc0\" data-element_type=\"widget\" data-widget_type=\"wp-widget-text.default\">\n\t\t\t\t<div class=\"elementor-widget-container\">\n\t\t\t<h5>Editais Espec\u00edficos<\/h5>\t\t\t<div class=\"textwidget\"><\/div>\n\t\t\t\t<\/div>\n\t\t\t\t<\/div>\n\t\t\t\t<div class=\"elementor-element elementor-element-806d04e elementor-view-default elementor-position-top elementor-mobile-position-top elementor-widget elementor-widget-icon-box\" data-id=\"806d04e\" data-element_type=\"widget\" data-widget_type=\"icon-box.default\">\n\t\t\t\t<div class=\"elementor-widget-container\">\n\t\t\t\t\t<div class=\"elementor-icon-box-wrapper\">\n\n\t\t\t\t\t\t<div class=\"elementor-icon-box-icon\">\n\t\t\t\t<a href=\"https:\/\/www.ufsm.br\/app\/uploads\/sites\/345\/2022\/03\/12EDIT_INGRE_ARTVIS_MEST_004_2022.pdf\" class=\"elementor-icon elementor-animation-\" tabindex=\"-1\">\n\t\t\t\t<i aria-hidden=\"true\" class=\"fas fa-file\"><\/i>\t\t\t\t<\/a>\n\t\t\t<\/div>\n\t\t\t\n\t\t\t\t\t\t<div class=\"elementor-icon-box-content\">\n\n\t\t\t\t\t\t\t\t\t<h3 class=\"elementor-icon-box-title\">\n\t\t\t\t\t\t<a href=\"https:\/\/www.ufsm.br\/app\/uploads\/sites\/345\/2022\/03\/12EDIT_INGRE_ARTVIS_MEST_004_2022.pdf\" >\n\t\t\t\t\t\t\tEdital Espec\u00edfico Curso de Mestrado \t\t\t\t\t\t<\/a>\n\t\t\t\t\t<\/h3>\n\t\t\t\t\n\t\t\t\t\n\t\t\t<\/div>\n\t\t\t\n\t\t<\/div>\n\t\t\t\t<\/div>\n\t\t\t\t<\/div>\n\t\t\t\t\t<\/div>\n\t\t<\/div>\n\t\t\t\t\t<\/div>\n\t\t<\/section>\n\t\t\t\t<\/div>\n\t\t","protected":false},"excerpt":{"rendered":"<p>Processo seletivo para&nbsp; ingresso no curso de mestrado em Artes Visuais \u00e9 realizado em tr\u00eas etapas, sendo cada etapa eliminat\u00f3ria. A nota m\u00ednima &nbsp;para classifica\u00e7\u00e3o em cada prova \u00e9 sete (7,0). Primeira etapa: Prova 1: Projeto de Pesquisa, com peso tr\u00eas (3,0). Prova 2: Curr\u00edculo; Portf\u00f3lio Art\u00edstico ou Portf\u00f3lio Textos, com peso tr\u00eas (3,0). PLANILHA [&hellip;]<\/p>\n","protected":false},"author":820,"featured_media":0,"parent":0,"menu_order":0,"comment_status":"closed","ping_status":"closed","template":"","meta":{"footnotes":""},"categories":[],"tags":[],"class_list":["post-1600","page","type-page","status-publish","hentry"],"acf":[],"_links":{"self":[{"href":"https:\/\/www.ufsm.br\/cursos\/pos-graduacao\/santa-maria\/ppgart\/wp-json\/wp\/v2\/pages\/1600","targetHints":{"allow":["GET"]}}],"collection":[{"href":"https:\/\/www.ufsm.br\/cursos\/pos-graduacao\/santa-maria\/ppgart\/wp-json\/wp\/v2\/pages"}],"about":[{"href":"https:\/\/www.ufsm.br\/cursos\/pos-graduacao\/santa-maria\/ppgart\/wp-json\/wp\/v2\/types\/page"}],"author":[{"embeddable":true,"href":"https:\/\/www.ufsm.br\/cursos\/pos-graduacao\/santa-maria\/ppgart\/wp-json\/wp\/v2\/users\/820"}],"replies":[{"embeddable":true,"href":"https:\/\/www.ufsm.br\/cursos\/pos-graduacao\/santa-maria\/ppgart\/wp-json\/wp\/v2\/comments?post=1600"}],"version-history":[{"count":0,"href":"https:\/\/www.ufsm.br\/cursos\/pos-graduacao\/santa-maria\/ppgart\/wp-json\/wp\/v2\/pages\/1600\/revisions"}],"wp:attachment":[{"href":"https:\/\/www.ufsm.br\/cursos\/pos-graduacao\/santa-maria\/ppgart\/wp-json\/wp\/v2\/media?parent=1600"}],"wp:term":[{"taxonomy":"category","embeddable":true,"href":"https:\/\/www.ufsm.br\/cursos\/pos-graduacao\/santa-maria\/ppgart\/wp-json\/wp\/v2\/categories?post=1600"},{"taxonomy":"post_tag","embeddable":true,"href":"https:\/\/www.ufsm.br\/cursos\/pos-graduacao\/santa-maria\/ppgart\/wp-json\/wp\/v2\/tags?post=1600"}],"curies":[{"name":"wp","href":"https:\/\/api.w.org\/{rel}","templated":true}]}}