{"id":178,"date":"2019-02-14T11:18:46","date_gmt":"2019-02-14T13:18:46","guid":{"rendered":"https:\/\/www.ufsm.br\/cursos\/pos-graduacao\/santa-maria\/ppgart\/?page_id=178"},"modified":"2025-04-04T21:52:18","modified_gmt":"2025-04-05T00:52:18","slug":"area-de-concentracao-e-linhas-de-pesquisa","status":"publish","type":"page","link":"https:\/\/www.ufsm.br\/cursos\/pos-graduacao\/santa-maria\/ppgart\/area-de-concentracao-e-linhas-de-pesquisa","title":{"rendered":"\u00c1rea de Concentra\u00e7\u00e3o e Linhas de pesquisa"},"content":{"rendered":"\t\t<div data-elementor-type=\"wp-post\" data-elementor-id=\"178\" class=\"elementor elementor-178\">\n\t\t\t\t\t\t<section class=\"elementor-section elementor-top-section elementor-element elementor-element-324a2d9 elementor-section-boxed elementor-section-height-default elementor-section-height-default\" data-id=\"324a2d9\" data-element_type=\"section\">\n\t\t\t\t\t\t<div class=\"elementor-container elementor-column-gap-default\">\n\t\t\t\t\t<div class=\"elementor-column elementor-col-100 elementor-top-column elementor-element elementor-element-40690e1\" data-id=\"40690e1\" data-element_type=\"column\">\n\t\t\t<div class=\"elementor-widget-wrap elementor-element-populated\">\n\t\t\t\t\t\t<div class=\"elementor-element elementor-element-2957eb4 elementor-widget elementor-widget-text-editor\" data-id=\"2957eb4\" data-element_type=\"widget\" data-widget_type=\"text-editor.default\">\n\t\t\t\t<div class=\"elementor-widget-container\">\n\t\t\t\t\t\t\t<p>O Programa de P\u00f3s-Gradua\u00e7\u00e3o em Artes Visuais da Universidade Federal de Santa Maria oferece cursos em n\u00edvel de Mestrado e Doutorado, conferindo o t\u00edtulo de Mestre ou Doutor em Artes Visuais, na \u00e1rea de concentra\u00e7\u00e3o de Arte Contempor\u00e2nea.<\/p><p>\u00a0A \u00e1rea de concentra\u00e7\u00e3o Arte Contempor\u00e2nea abrange a pesquisa pr\u00e1tica e te\u00f3rica no campo da arte contempor\u00e2nea, com aprofundamento conceitual e operat\u00f3rio, considerando a diversidade, a transversalidade e a transdisciplinaridade, na emerg\u00eancia de processos e concep\u00e7\u00f5es que propiciem conex\u00f5es locais e globais para produ\u00e7\u00e3o e\/ou a reflex\u00e3o cr\u00edtica de artistas e\/ou te\u00f3ricos na \u00e1rea das Artes Visuais e suas interrela\u00e7\u00f5es com outras \u00e1reas de conhecimento.<\/p><p>Neste sentido o candidato desenvolve suas atividades curriculares dentre duas linhas de pesquisas:<\/p>\t\t\t\t\t\t<\/div>\n\t\t\t\t<\/div>\n\t\t\t\t<div class=\"elementor-element elementor-element-f1420a5 elementor-widget__width-initial elementor-widget elementor-widget-toggle\" data-id=\"f1420a5\" data-element_type=\"widget\" data-widget_type=\"toggle.default\">\n\t\t\t\t<div class=\"elementor-widget-container\">\n\t\t\t\t\t<div class=\"elementor-toggle\">\n\t\t\t\t\t\t\t<div class=\"elementor-toggle-item\">\n\t\t\t\t\t<div id=\"elementor-tab-title-2521\" class=\"elementor-tab-title\" data-tab=\"1\" role=\"button\" aria-controls=\"elementor-tab-content-2521\" aria-expanded=\"false\">\n\t\t\t\t\t\t\t\t\t\t\t\t<span class=\"elementor-toggle-icon elementor-toggle-icon-left\" aria-hidden=\"true\">\n\t\t\t\t\t\t\t\t\t\t\t\t\t\t\t<span class=\"elementor-toggle-icon-closed\"><i class=\"fas fa-caret-right\"><\/i><\/span>\n\t\t\t\t\t\t\t\t<span class=\"elementor-toggle-icon-opened\"><i class=\"elementor-toggle-icon-opened fas fa-caret-up\"><\/i><\/span>\n\t\t\t\t\t\t\t\t\t\t\t\t\t<\/span>\n\t\t\t\t\t\t\t\t\t\t\t\t<a class=\"elementor-toggle-title\" tabindex=\"0\"> Arte e Tecnologia<\/a>\n\t\t\t\t\t<\/div>\n\n\t\t\t\t\t<div id=\"elementor-tab-content-2521\" class=\"elementor-tab-content elementor-clearfix\" data-tab=\"1\" role=\"region\" aria-labelledby=\"elementor-tab-title-2521\"><p>Consiste na pesquisa em Arte Contempor\u00e2nea vinculada \u00e0s diferentes tecnologias anal\u00f3gicas e digitais, suas possibilidades de hibrida\u00e7\u00e3o e cruzamentos transdisciplinares, como tamb\u00e9m na investiga\u00e7\u00e3o de paradigmas perceptivos a partir da interatividade e simula\u00e7\u00e3o propiciadas pelas tecnologias emergentes, atrav\u00e9s do processo e\/ou da reflex\u00e3o com \u00eanfase cr\u00edtica, visando \u00e0 atua\u00e7\u00e3o de artistas e te\u00f3ricos no contexto atual.<\/p><p><strong>Palavras Chave:<\/strong><\/p><p>Arte contempor\u00e2nea, artes e tecnologia, m\u00eddias digitais, e processos hibridos e interatividade.<\/p><p><strong>Professores:<\/strong><\/p><p>Prof.\u00aa Dr.\u00aa Andr\u00e9ia Machado Oliveira<br \/>Prof.\u00aa Dr.\u00aa Darci Raquel Fonseca<br \/>Prof. Dr. Fernando Franco Codevilla<br \/>Prof.\u00aa Dr.\u00aa Rebeca Lenize Stumm<br \/>Prof.\u00aa Dr.\u00aa Reinilda de F\u00e1tima Berguenmayer Minuzzi<\/p><\/div>\n\t\t\t\t<\/div>\n\t\t\t\t\t\t\t<div class=\"elementor-toggle-item\">\n\t\t\t\t\t<div id=\"elementor-tab-title-2522\" class=\"elementor-tab-title\" data-tab=\"2\" role=\"button\" aria-controls=\"elementor-tab-content-2522\" aria-expanded=\"false\">\n\t\t\t\t\t\t\t\t\t\t\t\t<span class=\"elementor-toggle-icon elementor-toggle-icon-left\" aria-hidden=\"true\">\n\t\t\t\t\t\t\t\t\t\t\t\t\t\t\t<span class=\"elementor-toggle-icon-closed\"><i class=\"fas fa-caret-right\"><\/i><\/span>\n\t\t\t\t\t\t\t\t<span class=\"elementor-toggle-icon-opened\"><i class=\"elementor-toggle-icon-opened fas fa-caret-up\"><\/i><\/span>\n\t\t\t\t\t\t\t\t\t\t\t\t\t<\/span>\n\t\t\t\t\t\t\t\t\t\t\t\t<a class=\"elementor-toggle-title\" tabindex=\"0\">Arte e Transversalidade<\/a>\n\t\t\t\t\t<\/div>\n\n\t\t\t\t\t<div id=\"elementor-tab-content-2522\" class=\"elementor-tab-content elementor-clearfix\" data-tab=\"2\" role=\"region\" aria-labelledby=\"elementor-tab-title-2522\"><div class=\"item-page\"><p>Consiste em investiga\u00e7\u00f5es conduzidas pelo artista ou te\u00f3rico, a partir de articula\u00e7\u00f5es e tr\u00e2nsitos com outras \u00e1reas do conhecimento, considerando a diversidade de processos e linguagens em po\u00e9ticas visuais, bem como da hist\u00f3ria e teoria fundada na reflex\u00e3o e pensamento cr\u00edtico, a fim de contribuir para a forma\u00e7\u00e3o de pesquisadores atuantes na arte contempor\u00e2nea.<\/p><p><strong>Palavras Chave:<\/strong><\/p><p>Arte contempor\u00e2nea, artes e transversalidade, arte e cultura, arte e visualidade e diversidade.<\/p><p><strong>Professores:<\/strong><\/p><p>Prof. Dr. Altamir Moreira<br \/>Prof.\u00aa Dr.\u00aa Gisela Biancalana Reis<br \/>Prof.\u00aa Dr.\u00aa Fl\u00e1via Maria de Brito Pedrosa Vasconcelos<br \/>Prof.\u00aa Dr.\u00aa Helga Corr\u00eaa<br \/>Prof.\u00aa Dr.\u00aa Rosa Maria Blanca Cedillo<br \/>Prof.\u00aa Dr.\u00aa Talita Gabriela Robles Esquivel<br \/>Prof.\u00aa Dr.\u00aa Thays Tonin<\/p><\/div><\/div>\n\t\t\t\t<\/div>\n\t\t\t\t\t\t\t\t<\/div>\n\t\t\t\t<\/div>\n\t\t\t\t<\/div>\n\t\t\t\t\t<\/div>\n\t\t<\/div>\n\t\t\t\t\t<\/div>\n\t\t<\/section>\n\t\t\t\t<\/div>\n\t\t","protected":false},"excerpt":{"rendered":"<p>O Programa de P\u00f3s-Gradua\u00e7\u00e3o em Artes Visuais da Universidade Federal de Santa Maria oferece cursos em n\u00edvel de Mestrado e Doutorado, conferindo o t\u00edtulo de Mestre ou Doutor em Artes Visuais, na \u00e1rea de concentra\u00e7\u00e3o de Arte Contempor\u00e2nea. \u00a0A \u00e1rea de concentra\u00e7\u00e3o Arte Contempor\u00e2nea abrange a pesquisa pr\u00e1tica e te\u00f3rica no campo da arte contempor\u00e2nea, [&hellip;]<\/p>\n","protected":false},"author":117,"featured_media":0,"parent":0,"menu_order":0,"comment_status":"closed","ping_status":"closed","template":"","meta":{"footnotes":""},"categories":[],"tags":[],"class_list":["post-178","page","type-page","status-publish","hentry"],"acf":[],"_links":{"self":[{"href":"https:\/\/www.ufsm.br\/cursos\/pos-graduacao\/santa-maria\/ppgart\/wp-json\/wp\/v2\/pages\/178","targetHints":{"allow":["GET"]}}],"collection":[{"href":"https:\/\/www.ufsm.br\/cursos\/pos-graduacao\/santa-maria\/ppgart\/wp-json\/wp\/v2\/pages"}],"about":[{"href":"https:\/\/www.ufsm.br\/cursos\/pos-graduacao\/santa-maria\/ppgart\/wp-json\/wp\/v2\/types\/page"}],"author":[{"embeddable":true,"href":"https:\/\/www.ufsm.br\/cursos\/pos-graduacao\/santa-maria\/ppgart\/wp-json\/wp\/v2\/users\/117"}],"replies":[{"embeddable":true,"href":"https:\/\/www.ufsm.br\/cursos\/pos-graduacao\/santa-maria\/ppgart\/wp-json\/wp\/v2\/comments?post=178"}],"version-history":[{"count":0,"href":"https:\/\/www.ufsm.br\/cursos\/pos-graduacao\/santa-maria\/ppgart\/wp-json\/wp\/v2\/pages\/178\/revisions"}],"wp:attachment":[{"href":"https:\/\/www.ufsm.br\/cursos\/pos-graduacao\/santa-maria\/ppgart\/wp-json\/wp\/v2\/media?parent=178"}],"wp:term":[{"taxonomy":"category","embeddable":true,"href":"https:\/\/www.ufsm.br\/cursos\/pos-graduacao\/santa-maria\/ppgart\/wp-json\/wp\/v2\/categories?post=178"},{"taxonomy":"post_tag","embeddable":true,"href":"https:\/\/www.ufsm.br\/cursos\/pos-graduacao\/santa-maria\/ppgart\/wp-json\/wp\/v2\/tags?post=178"}],"curies":[{"name":"wp","href":"https:\/\/api.w.org\/{rel}","templated":true}]}}